{"id":24265,"date":"2018-03-05T15:30:13","date_gmt":"2018-03-05T14:30:13","guid":{"rendered":"https:\/\/rentaload.com\/heer\/"},"modified":"2022-04-05T03:48:24","modified_gmt":"2022-04-05T01:48:24","slug":"heer","status":"publish","type":"page","link":"https:\/\/rentaload.com\/de\/lastbankanwendungen\/heer\/","title":{"rendered":"Heer"},"content":{"rendered":"<div class=\"fusion-fullwidth fullwidth-box fusion-builder-row-1 fusion-flex-container nonhundred-percent-fullwidth non-hundred-percent-height-scrolling ctnr-top-h1\" style=\"--awb-border-radius-top-left:0px;--awb-border-radius-top-right:0px;--awb-border-radius-bottom-right:0px;--awb-border-radius-bottom-left:0px;--awb-flex-wrap:wrap;\" ><div class=\"fusion-builder-row fusion-row fusion-flex-align-items-flex-start fusion-flex-justify-content-center fusion-flex-content-wrap\" style=\"max-width:1144px;margin-left: calc(-4% \/ 2 );margin-right: calc(-4% \/ 2 );\"><div class=\"fusion-layout-column fusion_builder_column fusion-builder-column-0 fusion_builder_column_1_2 1_2 fusion-flex-column col-inside\" style=\"--awb-bg-size:cover;--awb-width-large:50%;--awb-margin-top-large:0px;--awb-spacing-right-large:3.84%;--awb-margin-bottom-large:20px;--awb-spacing-left-large:3.84%;--awb-width-medium:100%;--awb-order-medium:0;--awb-spacing-right-medium:1.92%;--awb-spacing-left-medium:1.92%;--awb-width-small:100%;--awb-order-small:0;--awb-spacing-right-small:1.92%;--awb-spacing-left-small:1.92%;\"><div class=\"fusion-column-wrapper fusion-column-has-shadow fusion-flex-justify-content-flex-start fusion-content-layout-column\"><div class=\"fusion-title title fusion-title-1 fusion-sep-none fusion-title-text fusion-title-size-one\" style=\"--awb-margin-top-small:0px;--awb-margin-right-small:0px;--awb-margin-bottom-small:20px;--awb-margin-left-small:0px;\"><h1 class=\"fusion-title-heading title-heading-left\" style=\"margin:0;\">Heer<\/h1><\/div><div class=\"fusion-text fusion-text-1\"><h3>Prinzip der Ger\u00e4tesicherheit und Aufrechterhaltung der Bedingungen<\/h3>\n<p>W\u00e4hrend milit\u00e4rischer Kampagnen oder \u00dcbungen kann es erforderlich sein, dass Armeen und ihre strategische Ausr\u00fcstung in Operationsgebieten in ihrem Heimatland oder im Ausland eingesetzt werden: Stromaggregate sind kritische Ausr\u00fcstungen, die Energie f\u00fcr Basislager liefern k\u00f6nnen. Diese Gruppen m\u00fcssen regelm\u00e4\u00dfig getestet werden, wenn sie gelagert werden oder bevor sie ins Feld geschickt werden. Es ist wichtig, sie unter Betriebsbedingungen zu testen. Die Lastbank ist die sicherste Art, diese Art von Test durchzuf\u00fchren.<\/p>\n<h3>Anwendungsarten der verst\u00e4rkten Lastbank<\/h3>\n<ul>\n<li>Pr\u00fcfung der ordnungsgem\u00e4\u00dfen Funktion eines Generators<\/li>\n<li>Motorpr\u00fcfung in der Luft- und Raumfahrt (Frequenz 400 Hz)<\/li>\n<li>Diverse Ger\u00e4tetests<\/li>\n<\/ul>\n<\/div><div ><a class=\"fusion-button button-flat fusion-button-default-size button-default fusion-button-default button-1 fusion-button-default-span fusion-button-default-type\" target=\"_self\" href=\"https:\/\/rentaload.com\/fr\/contact\/\"><span class=\"fusion-button-text awb-button__text awb-button__text--default\">KONTAKTIERE UNS<\/span><\/a><\/div><\/div><\/div><div class=\"fusion-layout-column fusion_builder_column fusion-builder-column-1 fusion_builder_column_1_2 1_2 fusion-flex-column col-img\" style=\"--awb-bg-size:cover;--awb-width-large:50%;--awb-margin-top-large:0px;--awb-spacing-right-large:3.84%;--awb-margin-bottom-large:20px;--awb-spacing-left-large:3.84%;--awb-width-medium:100%;--awb-order-medium:0;--awb-spacing-right-medium:1.92%;--awb-spacing-left-medium:1.92%;--awb-width-small:100%;--awb-order-small:0;--awb-spacing-right-small:1.92%;--awb-spacing-left-small:1.92%;\"><div class=\"fusion-column-wrapper fusion-column-has-shadow fusion-flex-justify-content-flex-start fusion-content-layout-column\"><div class=\"fusion-image-element \" style=\"text-align:center;--awb-caption-title-font-family:var(--h2_typography-font-family);--awb-caption-title-font-weight:var(--h2_typography-font-weight);--awb-caption-title-font-style:var(--h2_typography-font-style);--awb-caption-title-size:var(--h2_typography-font-size);--awb-caption-title-transform:var(--h2_typography-text-transform);--awb-caption-title-line-height:var(--h2_typography-line-height);--awb-caption-title-letter-spacing:var(--h2_typography-letter-spacing);\"><span class=\" fusion-imageframe imageframe-none imageframe-1 hover-type-none\"><img decoding=\"async\" width=\"600\" height=\"500\" title=\"Army_loadbank_generators-genset_heater_test_commissioning\" src=\"https:\/\/rentaload.com\/wp-content\/uploads\/2018\/03\/Army_loadbank_generators-genset_heater_test_commissioning-600x500.png\" alt class=\"img-responsive wp-image-15085\" srcset=\"https:\/\/rentaload.com\/wp-content\/uploads\/2018\/03\/Army_loadbank_generators-genset_heater_test_commissioning-200x167.png 200w, https:\/\/rentaload.com\/wp-content\/uploads\/2018\/03\/Army_loadbank_generators-genset_heater_test_commissioning-400x333.png 400w, https:\/\/rentaload.com\/wp-content\/uploads\/2018\/03\/Army_loadbank_generators-genset_heater_test_commissioning-600x500.png 600w, https:\/\/rentaload.com\/wp-content\/uploads\/2018\/03\/Army_loadbank_generators-genset_heater_test_commissioning.png 603w\" sizes=\"(max-width: 1024px) 100vw, (max-width: 640px) 100vw, 600px\" \/><\/span><\/div><\/div><\/div><\/div><\/div>\n","protected":false},"excerpt":{"rendered":"","protected":false},"author":3,"featured_media":0,"parent":24276,"menu_order":0,"comment_status":"closed","ping_status":"closed","template":"","meta":{"footnotes":""},"class_list":["post-24265","page","type-page","status-publish","hentry"],"yoast_head":"<!-- This site is optimized with the Yoast SEO plugin v27.4 - https:\/\/yoast.com\/product\/yoast-seo-wordpress\/ -->\n<title>Rentaload: Unsere Anwendungen: Lastb\u00e4nke f\u00fcr die Armee<\/title>\n<meta name=\"description\" content=\"Dank Lastb\u00e4nken m\u00fcssen Generatoren w\u00e4hrend der Lagerung oder vor dem Versand ins Feld regelm\u00e4\u00dfig getestet werden\" \/>\n<meta name=\"robots\" content=\"index, follow, max-snippet:-1, max-image-preview:large, max-video-preview:-1\" \/>\n<link rel=\"canonical\" href=\"https:\/\/rentaload.com\/de\/lastbankanwendungen\/heer\/\" \/>\n<meta property=\"og:locale\" content=\"de_DE\" \/>\n<meta property=\"og:type\" content=\"article\" \/>\n<meta property=\"og:title\" content=\"Rentaload: Unsere Anwendungen: Lastb\u00e4nke f\u00fcr die Armee\" \/>\n<meta property=\"og:description\" content=\"Dank Lastb\u00e4nken m\u00fcssen Generatoren w\u00e4hrend der Lagerung oder vor dem Versand ins Feld regelm\u00e4\u00dfig getestet werden\" \/>\n<meta property=\"og:url\" content=\"https:\/\/rentaload.com\/de\/lastbankanwendungen\/heer\/\" \/>\n<meta property=\"og:site_name\" content=\"Rentaload\" \/>\n<meta property=\"article:modified_time\" content=\"2022-04-05T01:48:24+00:00\" \/>\n<meta name=\"twitter:card\" content=\"summary_large_image\" \/>\n<meta name=\"twitter:label1\" content=\"Gesch\u00e4tzte Lesezeit\" \/>\n\t<meta name=\"twitter:data1\" content=\"8\u00a0Minuten\" \/>\n<script type=\"application\/ld+json\" class=\"yoast-schema-graph\">{\"@context\":\"https:\\\/\\\/schema.org\",\"@graph\":[{\"@type\":\"WebPage\",\"@id\":\"https:\\\/\\\/rentaload.com\\\/de\\\/lastbankanwendungen\\\/heer\\\/\",\"url\":\"https:\\\/\\\/rentaload.com\\\/de\\\/lastbankanwendungen\\\/heer\\\/\",\"name\":\"Rentaload: Unsere Anwendungen: Lastb\u00e4nke f\u00fcr die Armee\",\"isPartOf\":{\"@id\":\"https:\\\/\\\/rentaload.com\\\/de\\\/#website\"},\"datePublished\":\"2018-03-05T14:30:13+00:00\",\"dateModified\":\"2022-04-05T01:48:24+00:00\",\"description\":\"Dank Lastb\u00e4nken m\u00fcssen Generatoren w\u00e4hrend der Lagerung oder vor dem Versand ins Feld regelm\u00e4\u00dfig getestet werden\",\"breadcrumb\":{\"@id\":\"https:\\\/\\\/rentaload.com\\\/de\\\/lastbankanwendungen\\\/heer\\\/#breadcrumb\"},\"inLanguage\":\"de\",\"potentialAction\":[{\"@type\":\"ReadAction\",\"target\":[\"https:\\\/\\\/rentaload.com\\\/de\\\/lastbankanwendungen\\\/heer\\\/\"]}]},{\"@type\":\"BreadcrumbList\",\"@id\":\"https:\\\/\\\/rentaload.com\\\/de\\\/lastbankanwendungen\\\/heer\\\/#breadcrumb\",\"itemListElement\":[{\"@type\":\"ListItem\",\"position\":1,\"name\":\"Sektoren\",\"item\":\"https:\\\/\\\/rentaload.com\\\/de\\\/lastbankanwendungen\\\/\"},{\"@type\":\"ListItem\",\"position\":2,\"name\":\"Heer\"}]},{\"@type\":\"WebSite\",\"@id\":\"https:\\\/\\\/rentaload.com\\\/de\\\/#website\",\"url\":\"https:\\\/\\\/rentaload.com\\\/de\\\/\",\"name\":\"Rentaload\",\"description\":\"Load bank hire - location banc de charge - Lastbank vermietung\",\"publisher\":{\"@id\":\"https:\\\/\\\/rentaload.com\\\/de\\\/#organization\"},\"potentialAction\":[{\"@type\":\"SearchAction\",\"target\":{\"@type\":\"EntryPoint\",\"urlTemplate\":\"https:\\\/\\\/rentaload.com\\\/de\\\/?s={search_term_string}\"},\"query-input\":{\"@type\":\"PropertyValueSpecification\",\"valueRequired\":true,\"valueName\":\"search_term_string\"}}],\"inLanguage\":\"de\"},{\"@type\":\"Organization\",\"@id\":\"https:\\\/\\\/rentaload.com\\\/de\\\/#organization\",\"name\":\"Rentaload\",\"url\":\"https:\\\/\\\/rentaload.com\\\/de\\\/\",\"logo\":{\"@type\":\"ImageObject\",\"inLanguage\":\"de\",\"@id\":\"https:\\\/\\\/rentaload.com\\\/de\\\/#\\\/schema\\\/logo\\\/image\\\/\",\"url\":\"https:\\\/\\\/rentaload.com\\\/wp-content\\\/uploads\\\/2018\\\/03\\\/rentaload-logo-location-banc-de-charge-test-louer-1.png\",\"contentUrl\":\"https:\\\/\\\/rentaload.com\\\/wp-content\\\/uploads\\\/2018\\\/03\\\/rentaload-logo-location-banc-de-charge-test-louer-1.png\",\"width\":470,\"height\":100,\"caption\":\"Rentaload\"},\"image\":{\"@id\":\"https:\\\/\\\/rentaload.com\\\/de\\\/#\\\/schema\\\/logo\\\/image\\\/\"}}]}<\/script>\n<!-- \/ Yoast SEO plugin. -->","yoast_head_json":{"title":"Rentaload: Unsere Anwendungen: Lastb\u00e4nke f\u00fcr die Armee","description":"Dank Lastb\u00e4nken m\u00fcssen Generatoren w\u00e4hrend der Lagerung oder vor dem Versand ins Feld regelm\u00e4\u00dfig getestet werden","robots":{"index":"index","follow":"follow","max-snippet":"max-snippet:-1","max-image-preview":"max-image-preview:large","max-video-preview":"max-video-preview:-1"},"canonical":"https:\/\/rentaload.com\/de\/lastbankanwendungen\/heer\/","og_locale":"de_DE","og_type":"article","og_title":"Rentaload: Unsere Anwendungen: Lastb\u00e4nke f\u00fcr die Armee","og_description":"Dank Lastb\u00e4nken m\u00fcssen Generatoren w\u00e4hrend der Lagerung oder vor dem Versand ins Feld regelm\u00e4\u00dfig getestet werden","og_url":"https:\/\/rentaload.com\/de\/lastbankanwendungen\/heer\/","og_site_name":"Rentaload","article_modified_time":"2022-04-05T01:48:24+00:00","twitter_card":"summary_large_image","twitter_misc":{"Gesch\u00e4tzte Lesezeit":"8\u00a0Minuten"},"schema":{"@context":"https:\/\/schema.org","@graph":[{"@type":"WebPage","@id":"https:\/\/rentaload.com\/de\/lastbankanwendungen\/heer\/","url":"https:\/\/rentaload.com\/de\/lastbankanwendungen\/heer\/","name":"Rentaload: Unsere Anwendungen: Lastb\u00e4nke f\u00fcr die Armee","isPartOf":{"@id":"https:\/\/rentaload.com\/de\/#website"},"datePublished":"2018-03-05T14:30:13+00:00","dateModified":"2022-04-05T01:48:24+00:00","description":"Dank Lastb\u00e4nken m\u00fcssen Generatoren w\u00e4hrend der Lagerung oder vor dem Versand ins Feld regelm\u00e4\u00dfig getestet werden","breadcrumb":{"@id":"https:\/\/rentaload.com\/de\/lastbankanwendungen\/heer\/#breadcrumb"},"inLanguage":"de","potentialAction":[{"@type":"ReadAction","target":["https:\/\/rentaload.com\/de\/lastbankanwendungen\/heer\/"]}]},{"@type":"BreadcrumbList","@id":"https:\/\/rentaload.com\/de\/lastbankanwendungen\/heer\/#breadcrumb","itemListElement":[{"@type":"ListItem","position":1,"name":"Sektoren","item":"https:\/\/rentaload.com\/de\/lastbankanwendungen\/"},{"@type":"ListItem","position":2,"name":"Heer"}]},{"@type":"WebSite","@id":"https:\/\/rentaload.com\/de\/#website","url":"https:\/\/rentaload.com\/de\/","name":"Rentaload","description":"Load bank hire - location banc de charge - Lastbank vermietung","publisher":{"@id":"https:\/\/rentaload.com\/de\/#organization"},"potentialAction":[{"@type":"SearchAction","target":{"@type":"EntryPoint","urlTemplate":"https:\/\/rentaload.com\/de\/?s={search_term_string}"},"query-input":{"@type":"PropertyValueSpecification","valueRequired":true,"valueName":"search_term_string"}}],"inLanguage":"de"},{"@type":"Organization","@id":"https:\/\/rentaload.com\/de\/#organization","name":"Rentaload","url":"https:\/\/rentaload.com\/de\/","logo":{"@type":"ImageObject","inLanguage":"de","@id":"https:\/\/rentaload.com\/de\/#\/schema\/logo\/image\/","url":"https:\/\/rentaload.com\/wp-content\/uploads\/2018\/03\/rentaload-logo-location-banc-de-charge-test-louer-1.png","contentUrl":"https:\/\/rentaload.com\/wp-content\/uploads\/2018\/03\/rentaload-logo-location-banc-de-charge-test-louer-1.png","width":470,"height":100,"caption":"Rentaload"},"image":{"@id":"https:\/\/rentaload.com\/de\/#\/schema\/logo\/image\/"}}]}},"_links":{"self":[{"href":"https:\/\/rentaload.com\/de\/wp-json\/wp\/v2\/pages\/24265","targetHints":{"allow":["GET"]}}],"collection":[{"href":"https:\/\/rentaload.com\/de\/wp-json\/wp\/v2\/pages"}],"about":[{"href":"https:\/\/rentaload.com\/de\/wp-json\/wp\/v2\/types\/page"}],"author":[{"embeddable":true,"href":"https:\/\/rentaload.com\/de\/wp-json\/wp\/v2\/users\/3"}],"replies":[{"embeddable":true,"href":"https:\/\/rentaload.com\/de\/wp-json\/wp\/v2\/comments?post=24265"}],"version-history":[{"count":2,"href":"https:\/\/rentaload.com\/de\/wp-json\/wp\/v2\/pages\/24265\/revisions"}],"predecessor-version":[{"id":24269,"href":"https:\/\/rentaload.com\/de\/wp-json\/wp\/v2\/pages\/24265\/revisions\/24269"}],"up":[{"embeddable":true,"href":"https:\/\/rentaload.com\/de\/wp-json\/wp\/v2\/pages\/24276"}],"wp:attachment":[{"href":"https:\/\/rentaload.com\/de\/wp-json\/wp\/v2\/media?parent=24265"}],"curies":[{"name":"wp","href":"https:\/\/api.w.org\/{rel}","templated":true}]}}