{"id":24266,"date":"2018-03-05T15:22:54","date_gmt":"2018-03-05T14:22:54","guid":{"rendered":"https:\/\/rentaload.com\/wind-solar\/"},"modified":"2022-04-05T04:38:34","modified_gmt":"2022-04-05T02:38:34","slug":"wind-solar","status":"publish","type":"page","link":"https:\/\/rentaload.com\/de\/lastbankanwendungen\/wind-solar\/","title":{"rendered":"Wind und alternative Energie"},"content":{"rendered":"<p><div class=\"fusion-fullwidth fullwidth-box fusion-builder-row-1 fusion-flex-container nonhundred-percent-fullwidth non-hundred-percent-height-scrolling ctnr-top-h1\" style=\"--awb-border-radius-top-left:0px;--awb-border-radius-top-right:0px;--awb-border-radius-bottom-right:0px;--awb-border-radius-bottom-left:0px;--awb-flex-wrap:wrap;\" ><div class=\"fusion-builder-row fusion-row fusion-flex-align-items-flex-start fusion-flex-justify-content-center fusion-flex-content-wrap\" style=\"max-width:1144px;margin-left: calc(-4% \/ 2 );margin-right: calc(-4% \/ 2 );\"><div class=\"fusion-layout-column fusion_builder_column fusion-builder-column-0 fusion_builder_column_1_2 1_2 fusion-flex-column col-inside\" style=\"--awb-bg-size:cover;--awb-width-large:50%;--awb-margin-top-large:0px;--awb-spacing-right-large:3.84%;--awb-margin-bottom-large:20px;--awb-spacing-left-large:3.84%;--awb-width-medium:100%;--awb-order-medium:0;--awb-spacing-right-medium:1.92%;--awb-spacing-left-medium:1.92%;--awb-width-small:100%;--awb-order-small:0;--awb-spacing-right-small:1.92%;--awb-spacing-left-small:1.92%;\"><div class=\"fusion-column-wrapper fusion-column-has-shadow fusion-flex-justify-content-flex-start fusion-content-layout-column\"><div class=\"fusion-title title fusion-title-1 fusion-sep-none fusion-title-text fusion-title-size-one\" style=\"--awb-margin-top-small:0px;--awb-margin-right-small:0px;--awb-margin-bottom-small:20px;--awb-margin-left-small:0px;\"><h1 class=\"fusion-title-heading title-heading-left\" style=\"margin:0;\">Windmarkt und alternative Energie<\/h1><\/div><div class=\"fusion-text fusion-text-1\" style=\"--awb-text-transform:none;\"><p>Beim Bau eines Windparks ist die Frage der Netzanschlusszeiten ein kritischer Punkt. Tats\u00e4chlich erfolgt die Erstellung einer \u00dcbergabestation durch den Hersteller nicht immer gleichzeitig mit dem Anschluss an die Quellstation des Netzes oder sogar mit ihrem Bau. Daher kann das Versetzen einer Windkraftanlage in den \u201eWinterschlaf\u201c ein Risiko f\u00fcr die Ausr\u00fcstung darstellen. Ohne Spannung oder W\u00e4rme bildet sich Kondenswasser im Mast und kann die ordnungsgem\u00e4\u00dfe Funktion elektrischer Ger\u00e4te beeintr\u00e4chtigen. Daher ist es zweckm\u00e4\u00dfig, die Windkraftanlage mit einem Generator zu koppeln, um die Nebenaggregate hochzufahren. Es ist dann m\u00f6glich, diese Hilfsmittel (siehe obligatorisch in Spanien, Deutschland und in den L\u00e4ndern Nordeuropas) vor dem Anschluss zu testen. Die Belastungsbank erm\u00f6glicht einerseits die Simulation einer Belastung (mindestens 30 % der Kapazit\u00e4t der Turbine) und die Vermeidung der Probleme des vorzeitigen Verschlei\u00dfes und andererseits das Testen der verschiedenen Ger\u00e4te.<\/p>\n<\/div><div ><a class=\"fusion-button button-flat fusion-button-default-size button-default fusion-button-default button-1 fusion-button-default-span fusion-button-default-type\" target=\"_self\" href=\"#\" data-toggle=\"modal\" data-target=\".fusion-modal.contact\"><span class=\"fusion-button-text awb-button__text awb-button__text--default\">Fordern Sie ein Angebot an<\/span><\/a><\/div><\/div><\/div><div class=\"fusion-layout-column fusion_builder_column fusion-builder-column-1 fusion_builder_column_1_2 1_2 fusion-flex-column col-img\" style=\"--awb-bg-size:cover;--awb-width-large:50%;--awb-margin-top-large:0px;--awb-spacing-right-large:3.84%;--awb-margin-bottom-large:20px;--awb-spacing-left-large:3.84%;--awb-width-medium:100%;--awb-order-medium:0;--awb-spacing-right-medium:1.92%;--awb-spacing-left-medium:1.92%;--awb-width-small:100%;--awb-order-small:0;--awb-spacing-right-small:1.92%;--awb-spacing-left-small:1.92%;\"><div class=\"fusion-column-wrapper fusion-column-has-shadow fusion-flex-justify-content-flex-start fusion-content-layout-column\"><div class=\"fusion-image-element \" style=\"--awb-caption-title-font-family:var(--h2_typography-font-family);--awb-caption-title-font-weight:var(--h2_typography-font-weight);--awb-caption-title-font-style:var(--h2_typography-font-style);--awb-caption-title-size:var(--h2_typography-font-size);--awb-caption-title-transform:var(--h2_typography-text-transform);--awb-caption-title-line-height:var(--h2_typography-line-height);--awb-caption-title-letter-spacing:var(--h2_typography-letter-spacing);\"><span class=\" fusion-imageframe imageframe-none imageframe-1 hover-type-none\"><img decoding=\"async\" width=\"800\" height=\"600\" title=\"eolienne-min\" src=\"https:\/\/rentaload.com\/wp-content\/uploads\/2022\/02\/eolienne-min.jpg\" alt class=\"img-responsive wp-image-23504\" srcset=\"https:\/\/rentaload.com\/wp-content\/uploads\/2022\/02\/eolienne-min-200x150.jpg 200w, https:\/\/rentaload.com\/wp-content\/uploads\/2022\/02\/eolienne-min-400x300.jpg 400w, https:\/\/rentaload.com\/wp-content\/uploads\/2022\/02\/eolienne-min-600x450.jpg 600w, https:\/\/rentaload.com\/wp-content\/uploads\/2022\/02\/eolienne-min.jpg 800w\" sizes=\"(max-width: 1024px) 100vw, (max-width: 640px) 100vw, 600px\" \/><\/span><\/div><\/div><\/div><\/div><\/div><div class=\"fusion-fullwidth fullwidth-box fusion-builder-row-2 fusion-flex-container nonhundred-percent-fullwidth non-hundred-percent-height-scrolling ctnr-simple\" style=\"--awb-border-radius-top-left:0px;--awb-border-radius-top-right:0px;--awb-border-radius-bottom-right:0px;--awb-border-radius-bottom-left:0px;--awb-flex-wrap:wrap;\" ><div class=\"fusion-builder-row fusion-row fusion-flex-align-items-flex-start fusion-flex-justify-content-center fusion-flex-content-wrap\" style=\"max-width:1144px;margin-left: calc(-4% \/ 2 );margin-right: calc(-4% \/ 2 );\"><div class=\"fusion-layout-column fusion_builder_column fusion-builder-column-2 fusion_builder_column_1_1 1_1 fusion-flex-column col-titre\" style=\"--awb-bg-size:cover;--awb-width-large:100%;--awb-margin-top-large:0px;--awb-spacing-right-large:1.92%;--awb-margin-bottom-large:20px;--awb-spacing-left-large:1.92%;--awb-width-medium:100%;--awb-order-medium:0;--awb-spacing-right-medium:1.92%;--awb-spacing-left-medium:1.92%;--awb-width-small:100%;--awb-order-small:0;--awb-spacing-right-small:1.92%;--awb-spacing-left-small:1.92%;\"><div class=\"fusion-column-wrapper fusion-column-has-shadow fusion-flex-justify-content-flex-start fusion-content-layout-column\"><div class=\"fusion-title title fusion-title-2 fusion-sep-none fusion-title-text fusion-title-size-two\" style=\"--awb-margin-top-small:0px;--awb-margin-right-small:0px;--awb-margin-bottom-small:20px;--awb-margin-left-small:0px;\"><h2 class=\"fusion-title-heading title-heading-left\" style=\"margin:0;\">Arten von Anwendungen f\u00fcr Windlastb\u00e4nke<\/h2><\/div><div class=\"fusion-text fusion-text-2\" style=\"--awb-text-transform:none;\"><ul>\n<li>Lastbank, um die Windkraftanlage unter Last zu testen und das Protokoll vor dem Anschluss zu validieren (Not-Aus, etc.)<\/li>\n<li>Lastbank zur Simulation des Windkraftgenerators<\/li>\n<li>\u201ePr\u00fcfstand\u201c zum Testen neuer Windkraftanlagenmodelle im Werk<\/li>\n<\/ul>\n<\/div><\/div><\/div><\/div><\/div><div class=\"fusion-fullwidth fullwidth-box fusion-builder-row-3 fusion-flex-container nonhundred-percent-fullwidth non-hundred-percent-height-scrolling ctnr-img-gauche\" style=\"--awb-border-radius-top-left:0px;--awb-border-radius-top-right:0px;--awb-border-radius-bottom-right:0px;--awb-border-radius-bottom-left:0px;--awb-flex-wrap:wrap;\" ><div class=\"fusion-builder-row fusion-row fusion-flex-align-items-flex-start fusion-flex-justify-content-center fusion-flex-content-wrap\" style=\"max-width:1144px;margin-left: calc(-4% \/ 2 );margin-right: calc(-4% \/ 2 );\"><div class=\"fusion-layout-column fusion_builder_column fusion-builder-column-3 fusion_builder_column_1_2 1_2 fusion-flex-column col-img\" style=\"--awb-bg-size:cover;--awb-width-large:50%;--awb-margin-top-large:0px;--awb-spacing-right-large:3.84%;--awb-margin-bottom-large:20px;--awb-spacing-left-large:3.84%;--awb-width-medium:100%;--awb-order-medium:0;--awb-spacing-right-medium:1.92%;--awb-spacing-left-medium:1.92%;--awb-width-small:100%;--awb-order-small:0;--awb-spacing-right-small:1.92%;--awb-spacing-left-small:1.92%;\"><div class=\"fusion-column-wrapper fusion-column-has-shadow fusion-flex-justify-content-flex-start fusion-content-layout-column\"><div class=\"fusion-image-element \" style=\"--awb-caption-title-font-family:var(--h2_typography-font-family);--awb-caption-title-font-weight:var(--h2_typography-font-weight);--awb-caption-title-font-style:var(--h2_typography-font-style);--awb-caption-title-size:var(--h2_typography-font-size);--awb-caption-title-transform:var(--h2_typography-text-transform);--awb-caption-title-line-height:var(--h2_typography-line-height);--awb-caption-title-letter-spacing:var(--h2_typography-letter-spacing);\"><span class=\" fusion-imageframe imageframe-none imageframe-2 hover-type-none\"><img decoding=\"async\" width=\"800\" height=\"600\" title=\"img-6kw-min\" src=\"https:\/\/rentaload.com\/wp-content\/uploads\/2021\/10\/img-6kw-min.jpg\" alt class=\"img-responsive wp-image-22571\" srcset=\"https:\/\/rentaload.com\/wp-content\/uploads\/2021\/10\/img-6kw-min-200x150.jpg 200w, https:\/\/rentaload.com\/wp-content\/uploads\/2021\/10\/img-6kw-min-400x300.jpg 400w, https:\/\/rentaload.com\/wp-content\/uploads\/2021\/10\/img-6kw-min-600x450.jpg 600w, https:\/\/rentaload.com\/wp-content\/uploads\/2021\/10\/img-6kw-min.jpg 800w\" sizes=\"(max-width: 1024px) 100vw, (max-width: 640px) 100vw, 600px\" \/><\/span><\/div><\/div><\/div><div class=\"fusion-layout-column fusion_builder_column fusion-builder-column-4 fusion_builder_column_1_2 1_2 fusion-flex-column fusion-flex-align-self-center col-inside\" style=\"--awb-bg-size:cover;--awb-width-large:50%;--awb-margin-top-large:0px;--awb-spacing-right-large:3.84%;--awb-margin-bottom-large:20px;--awb-spacing-left-large:3.84%;--awb-width-medium:100%;--awb-order-medium:0;--awb-spacing-right-medium:1.92%;--awb-spacing-left-medium:1.92%;--awb-width-small:100%;--awb-order-small:0;--awb-spacing-right-small:1.92%;--awb-spacing-left-small:1.92%;\"><div class=\"fusion-column-wrapper fusion-column-has-shadow fusion-flex-justify-content-flex-start fusion-content-layout-column\"><div class=\"fusion-title title fusion-title-3 fusion-sep-none fusion-title-text fusion-title-size-two\" style=\"--awb-margin-top-small:0px;--awb-margin-right-small:0px;--awb-margin-bottom-small:20px;--awb-margin-left-small:0px;\"><h2 class=\"fusion-title-heading title-heading-left\" style=\"margin:0;\">Die vernetzte Lastbank, die Ihre Tests intelligent macht<\/h2><\/div><div class=\"fusion-text fusion-text-3\"><p style=\"text-align: center;\">Die angeschlossene Rack-Lastbank mit einer Leistung von 7kW verf\u00fcgt \u00fcber eine doppelte Stromversorgung und hat ein Delta T\u00b0, das Computerservern entspricht.<\/p>\n<\/div><div style=\"text-align:center;\"><a class=\"fusion-button button-flat fusion-button-default-size button-default fusion-button-default button-2 fusion-button-default-span fusion-button-default-type\" target=\"_self\" href=\"https:\/\/rentaload.com\/de\/produkte-lastbank\/rack-bank-verbindet-7kw\/\"><i class=\" fa fa-file-text-o awb-button__icon awb-button__icon--default button-icon-left\" aria-hidden=\"true\"><\/i><span class=\"fusion-button-text awb-button__text awb-button__text--default\">Rack-Lastbank<\/span><\/a><\/div><\/div><\/div><\/div><\/div><div class=\"fusion-fullwidth fullwidth-box fusion-builder-row-4 fusion-flex-container nonhundred-percent-fullwidth non-hundred-percent-height-scrolling ctnr-img-droite\" style=\"--awb-border-radius-top-left:0px;--awb-border-radius-top-right:0px;--awb-border-radius-bottom-right:0px;--awb-border-radius-bottom-left:0px;--awb-flex-wrap:wrap;\" ><div class=\"fusion-builder-row fusion-row fusion-flex-align-items-flex-start fusion-flex-justify-content-center fusion-flex-content-wrap\" style=\"max-width:1144px;margin-left: calc(-4% \/ 2 );margin-right: calc(-4% \/ 2 );\"><div class=\"fusion-layout-column fusion_builder_column fusion-builder-column-5 fusion_builder_column_1_2 1_2 fusion-flex-column fusion-flex-align-self-center col-inside\" style=\"--awb-bg-size:cover;--awb-width-large:50%;--awb-margin-top-large:0px;--awb-spacing-right-large:3.84%;--awb-margin-bottom-large:20px;--awb-spacing-left-large:3.84%;--awb-width-medium:100%;--awb-order-medium:0;--awb-spacing-right-medium:1.92%;--awb-spacing-left-medium:1.92%;--awb-width-small:100%;--awb-order-small:0;--awb-spacing-right-small:1.92%;--awb-spacing-left-small:1.92%;\"><div class=\"fusion-column-wrapper fusion-column-has-shadow fusion-flex-justify-content-flex-start fusion-content-layout-column\"><div class=\"fusion-title title fusion-title-4 fusion-sep-none fusion-title-text fusion-title-size-two\" style=\"--awb-margin-top-small:0px;--awb-margin-right-small:0px;--awb-margin-bottom-small:20px;--awb-margin-left-small:0px;\"><h2 class=\"fusion-title-heading title-heading-left\" style=\"margin:0;\">Rentalab, die Test\u00fcberwachungssoftware f\u00fcr Rechenzentren<\/h2><\/div><div class=\"fusion-text fusion-text-4\"><p style=\"text-align: center;\">Mit dem Rentalab-Tool k\u00f6nnen Sie bis zu 200 Lastb\u00e4nke gleichzeitig steuern, elektrische und thermische Informationen aus Ihrem Raum abrufen und Testberichte erstellen.<\/p>\n<\/div><div style=\"text-align:center;\"><a class=\"fusion-button button-flat fusion-button-default-size button-default fusion-button-default button-3 fusion-button-default-span fusion-button-default-type\" target=\"_self\" href=\"https:\/\/rentaload.com\/supervision-banc-de-charge\/\"><i class=\" fa fa-desktop awb-button__icon awb-button__icon--default button-icon-left\" aria-hidden=\"true\"><\/i><span class=\"fusion-button-text awb-button__text awb-button__text--default\">Unser \u00dcberwachungstool<\/span><\/a><\/div><\/div><\/div><div class=\"fusion-layout-column fusion_builder_column fusion-builder-column-6 fusion_builder_column_1_2 1_2 fusion-flex-column col-img\" style=\"--awb-bg-size:cover;--awb-width-large:50%;--awb-margin-top-large:0px;--awb-spacing-right-large:3.84%;--awb-margin-bottom-large:20px;--awb-spacing-left-large:3.84%;--awb-width-medium:100%;--awb-order-medium:0;--awb-spacing-right-medium:1.92%;--awb-spacing-left-medium:1.92%;--awb-width-small:100%;--awb-order-small:0;--awb-spacing-right-small:1.92%;--awb-spacing-left-small:1.92%;\"><div class=\"fusion-column-wrapper fusion-column-has-shadow fusion-flex-justify-content-flex-start fusion-content-layout-column\"><div class=\"fusion-image-element \" style=\"--awb-caption-title-font-family:var(--h2_typography-font-family);--awb-caption-title-font-weight:var(--h2_typography-font-weight);--awb-caption-title-font-style:var(--h2_typography-font-style);--awb-caption-title-size:var(--h2_typography-font-size);--awb-caption-title-transform:var(--h2_typography-text-transform);--awb-caption-title-line-height:var(--h2_typography-line-height);--awb-caption-title-letter-spacing:var(--h2_typography-letter-spacing);\"><span class=\" fusion-imageframe imageframe-none imageframe-3 hover-type-none\"><img decoding=\"async\" width=\"800\" height=\"600\" title=\"image logiciel supervision-min\" src=\"https:\/\/rentaload.com\/wp-content\/uploads\/2022\/02\/image-logiciel-supervision-min.jpg\" alt class=\"img-responsive wp-image-23103\" srcset=\"https:\/\/rentaload.com\/wp-content\/uploads\/2022\/02\/image-logiciel-supervision-min-200x150.jpg 200w, https:\/\/rentaload.com\/wp-content\/uploads\/2022\/02\/image-logiciel-supervision-min-400x300.jpg 400w, https:\/\/rentaload.com\/wp-content\/uploads\/2022\/02\/image-logiciel-supervision-min-600x450.jpg 600w, https:\/\/rentaload.com\/wp-content\/uploads\/2022\/02\/image-logiciel-supervision-min.jpg 800w\" sizes=\"(max-width: 1024px) 100vw, (max-width: 640px) 100vw, 600px\" \/><\/span><\/div><\/div><\/div><\/div><\/div><\/p>\n","protected":false},"excerpt":{"rendered":"","protected":false},"author":3,"featured_media":0,"parent":24276,"menu_order":0,"comment_status":"closed","ping_status":"closed","template":"100-width.php","meta":{"footnotes":""},"class_list":["post-24266","page","type-page","status-publish","hentry"],"yoast_head":"<!-- This site is optimized with the Yoast SEO plugin v27.3 - https:\/\/yoast.com\/product\/yoast-seo-wordpress\/ -->\n<title>Rentaload: Lastb\u00e4nke f\u00fcr den Windmarkt<\/title>\n<meta name=\"description\" content=\"Die Belastungsbank erm\u00f6glicht es einerseits, eine Belastung zu simulieren und Probleme mit vorzeitigem Verschlei\u00df zu vermeiden und andererseits die verschiedenen Ger\u00e4te zu testen.\" \/>\n<meta name=\"robots\" content=\"index, follow, max-snippet:-1, max-image-preview:large, max-video-preview:-1\" \/>\n<link rel=\"canonical\" href=\"https:\/\/rentaload.com\/de\/lastbankanwendungen\/wind-solar\/\" \/>\n<meta property=\"og:locale\" content=\"de_DE\" \/>\n<meta property=\"og:type\" content=\"article\" \/>\n<meta property=\"og:title\" content=\"Rentaload: Lastb\u00e4nke f\u00fcr den Windmarkt\" \/>\n<meta property=\"og:description\" content=\"Die Belastungsbank erm\u00f6glicht es einerseits, eine Belastung zu simulieren und Probleme mit vorzeitigem Verschlei\u00df zu vermeiden und andererseits die verschiedenen Ger\u00e4te zu testen.\" \/>\n<meta property=\"og:url\" content=\"https:\/\/rentaload.com\/de\/lastbankanwendungen\/wind-solar\/\" \/>\n<meta property=\"og:site_name\" content=\"Rentaload\" \/>\n<meta property=\"article:modified_time\" content=\"2022-04-05T02:38:34+00:00\" \/>\n<meta name=\"twitter:card\" content=\"summary_large_image\" \/>\n<meta name=\"twitter:label1\" content=\"Gesch\u00e4tzte Lesezeit\" \/>\n\t<meta name=\"twitter:data1\" content=\"27\u00a0Minuten\" \/>\n<script type=\"application\/ld+json\" class=\"yoast-schema-graph\">{\"@context\":\"https:\\\/\\\/schema.org\",\"@graph\":[{\"@type\":\"WebPage\",\"@id\":\"https:\\\/\\\/rentaload.com\\\/de\\\/lastbankanwendungen\\\/wind-solar\\\/\",\"url\":\"https:\\\/\\\/rentaload.com\\\/de\\\/lastbankanwendungen\\\/wind-solar\\\/\",\"name\":\"Rentaload: Lastb\u00e4nke f\u00fcr den Windmarkt\",\"isPartOf\":{\"@id\":\"https:\\\/\\\/rentaload.com\\\/de\\\/#website\"},\"datePublished\":\"2018-03-05T14:22:54+00:00\",\"dateModified\":\"2022-04-05T02:38:34+00:00\",\"description\":\"Die Belastungsbank erm\u00f6glicht es einerseits, eine Belastung zu simulieren und Probleme mit vorzeitigem Verschlei\u00df zu vermeiden und andererseits die verschiedenen Ger\u00e4te zu testen.\",\"breadcrumb\":{\"@id\":\"https:\\\/\\\/rentaload.com\\\/de\\\/lastbankanwendungen\\\/wind-solar\\\/#breadcrumb\"},\"inLanguage\":\"de\",\"potentialAction\":[{\"@type\":\"ReadAction\",\"target\":[\"https:\\\/\\\/rentaload.com\\\/de\\\/lastbankanwendungen\\\/wind-solar\\\/\"]}]},{\"@type\":\"BreadcrumbList\",\"@id\":\"https:\\\/\\\/rentaload.com\\\/de\\\/lastbankanwendungen\\\/wind-solar\\\/#breadcrumb\",\"itemListElement\":[{\"@type\":\"ListItem\",\"position\":1,\"name\":\"Sektoren\",\"item\":\"https:\\\/\\\/rentaload.com\\\/de\\\/lastbankanwendungen\\\/\"},{\"@type\":\"ListItem\",\"position\":2,\"name\":\"Wind und alternative Energie\"}]},{\"@type\":\"WebSite\",\"@id\":\"https:\\\/\\\/rentaload.com\\\/de\\\/#website\",\"url\":\"https:\\\/\\\/rentaload.com\\\/de\\\/\",\"name\":\"Rentaload\",\"description\":\"Load bank hire - location banc de charge - Lastbank vermietung\",\"publisher\":{\"@id\":\"https:\\\/\\\/rentaload.com\\\/de\\\/#organization\"},\"potentialAction\":[{\"@type\":\"SearchAction\",\"target\":{\"@type\":\"EntryPoint\",\"urlTemplate\":\"https:\\\/\\\/rentaload.com\\\/de\\\/?s={search_term_string}\"},\"query-input\":{\"@type\":\"PropertyValueSpecification\",\"valueRequired\":true,\"valueName\":\"search_term_string\"}}],\"inLanguage\":\"de\"},{\"@type\":\"Organization\",\"@id\":\"https:\\\/\\\/rentaload.com\\\/de\\\/#organization\",\"name\":\"Rentaload\",\"url\":\"https:\\\/\\\/rentaload.com\\\/de\\\/\",\"logo\":{\"@type\":\"ImageObject\",\"inLanguage\":\"de\",\"@id\":\"https:\\\/\\\/rentaload.com\\\/de\\\/#\\\/schema\\\/logo\\\/image\\\/\",\"url\":\"https:\\\/\\\/rentaload.com\\\/wp-content\\\/uploads\\\/2018\\\/03\\\/rentaload-logo-location-banc-de-charge-test-louer-1.png\",\"contentUrl\":\"https:\\\/\\\/rentaload.com\\\/wp-content\\\/uploads\\\/2018\\\/03\\\/rentaload-logo-location-banc-de-charge-test-louer-1.png\",\"width\":470,\"height\":100,\"caption\":\"Rentaload\"},\"image\":{\"@id\":\"https:\\\/\\\/rentaload.com\\\/de\\\/#\\\/schema\\\/logo\\\/image\\\/\"}}]}<\/script>\n<!-- \/ Yoast SEO plugin. -->","yoast_head_json":{"title":"Rentaload: Lastb\u00e4nke f\u00fcr den Windmarkt","description":"Die Belastungsbank erm\u00f6glicht es einerseits, eine Belastung zu simulieren und Probleme mit vorzeitigem Verschlei\u00df zu vermeiden und andererseits die verschiedenen Ger\u00e4te zu testen.","robots":{"index":"index","follow":"follow","max-snippet":"max-snippet:-1","max-image-preview":"max-image-preview:large","max-video-preview":"max-video-preview:-1"},"canonical":"https:\/\/rentaload.com\/de\/lastbankanwendungen\/wind-solar\/","og_locale":"de_DE","og_type":"article","og_title":"Rentaload: Lastb\u00e4nke f\u00fcr den Windmarkt","og_description":"Die Belastungsbank erm\u00f6glicht es einerseits, eine Belastung zu simulieren und Probleme mit vorzeitigem Verschlei\u00df zu vermeiden und andererseits die verschiedenen Ger\u00e4te zu testen.","og_url":"https:\/\/rentaload.com\/de\/lastbankanwendungen\/wind-solar\/","og_site_name":"Rentaload","article_modified_time":"2022-04-05T02:38:34+00:00","twitter_card":"summary_large_image","twitter_misc":{"Gesch\u00e4tzte Lesezeit":"27\u00a0Minuten"},"schema":{"@context":"https:\/\/schema.org","@graph":[{"@type":"WebPage","@id":"https:\/\/rentaload.com\/de\/lastbankanwendungen\/wind-solar\/","url":"https:\/\/rentaload.com\/de\/lastbankanwendungen\/wind-solar\/","name":"Rentaload: Lastb\u00e4nke f\u00fcr den Windmarkt","isPartOf":{"@id":"https:\/\/rentaload.com\/de\/#website"},"datePublished":"2018-03-05T14:22:54+00:00","dateModified":"2022-04-05T02:38:34+00:00","description":"Die Belastungsbank erm\u00f6glicht es einerseits, eine Belastung zu simulieren und Probleme mit vorzeitigem Verschlei\u00df zu vermeiden und andererseits die verschiedenen Ger\u00e4te zu testen.","breadcrumb":{"@id":"https:\/\/rentaload.com\/de\/lastbankanwendungen\/wind-solar\/#breadcrumb"},"inLanguage":"de","potentialAction":[{"@type":"ReadAction","target":["https:\/\/rentaload.com\/de\/lastbankanwendungen\/wind-solar\/"]}]},{"@type":"BreadcrumbList","@id":"https:\/\/rentaload.com\/de\/lastbankanwendungen\/wind-solar\/#breadcrumb","itemListElement":[{"@type":"ListItem","position":1,"name":"Sektoren","item":"https:\/\/rentaload.com\/de\/lastbankanwendungen\/"},{"@type":"ListItem","position":2,"name":"Wind und alternative Energie"}]},{"@type":"WebSite","@id":"https:\/\/rentaload.com\/de\/#website","url":"https:\/\/rentaload.com\/de\/","name":"Rentaload","description":"Load bank hire - location banc de charge - Lastbank vermietung","publisher":{"@id":"https:\/\/rentaload.com\/de\/#organization"},"potentialAction":[{"@type":"SearchAction","target":{"@type":"EntryPoint","urlTemplate":"https:\/\/rentaload.com\/de\/?s={search_term_string}"},"query-input":{"@type":"PropertyValueSpecification","valueRequired":true,"valueName":"search_term_string"}}],"inLanguage":"de"},{"@type":"Organization","@id":"https:\/\/rentaload.com\/de\/#organization","name":"Rentaload","url":"https:\/\/rentaload.com\/de\/","logo":{"@type":"ImageObject","inLanguage":"de","@id":"https:\/\/rentaload.com\/de\/#\/schema\/logo\/image\/","url":"https:\/\/rentaload.com\/wp-content\/uploads\/2018\/03\/rentaload-logo-location-banc-de-charge-test-louer-1.png","contentUrl":"https:\/\/rentaload.com\/wp-content\/uploads\/2018\/03\/rentaload-logo-location-banc-de-charge-test-louer-1.png","width":470,"height":100,"caption":"Rentaload"},"image":{"@id":"https:\/\/rentaload.com\/de\/#\/schema\/logo\/image\/"}}]}},"_links":{"self":[{"href":"https:\/\/rentaload.com\/de\/wp-json\/wp\/v2\/pages\/24266","targetHints":{"allow":["GET"]}}],"collection":[{"href":"https:\/\/rentaload.com\/de\/wp-json\/wp\/v2\/pages"}],"about":[{"href":"https:\/\/rentaload.com\/de\/wp-json\/wp\/v2\/types\/page"}],"author":[{"embeddable":true,"href":"https:\/\/rentaload.com\/de\/wp-json\/wp\/v2\/users\/3"}],"replies":[{"embeddable":true,"href":"https:\/\/rentaload.com\/de\/wp-json\/wp\/v2\/comments?post=24266"}],"version-history":[{"count":4,"href":"https:\/\/rentaload.com\/de\/wp-json\/wp\/v2\/pages\/24266\/revisions"}],"predecessor-version":[{"id":25802,"href":"https:\/\/rentaload.com\/de\/wp-json\/wp\/v2\/pages\/24266\/revisions\/25802"}],"up":[{"embeddable":true,"href":"https:\/\/rentaload.com\/de\/wp-json\/wp\/v2\/pages\/24276"}],"wp:attachment":[{"href":"https:\/\/rentaload.com\/de\/wp-json\/wp\/v2\/media?parent=24266"}],"curies":[{"name":"wp","href":"https:\/\/api.w.org\/{rel}","templated":true}]}}