{"id":24275,"date":"2018-03-05T15:29:17","date_gmt":"2018-03-05T14:29:17","guid":{"rendered":"https:\/\/rentaload.com\/luft\/"},"modified":"2022-04-05T03:48:28","modified_gmt":"2022-04-05T01:48:28","slug":"luft","status":"publish","type":"page","link":"https:\/\/rentaload.com\/de\/lastbankanwendungen\/luft\/","title":{"rendered":"Luft"},"content":{"rendered":"<div class=\"fusion-fullwidth fullwidth-box fusion-builder-row-1 fusion-flex-container nonhundred-percent-fullwidth non-hundred-percent-height-scrolling ctnr-top-h1\" style=\"--awb-border-radius-top-left:0px;--awb-border-radius-top-right:0px;--awb-border-radius-bottom-right:0px;--awb-border-radius-bottom-left:0px;--awb-flex-wrap:wrap;\" ><div class=\"fusion-builder-row fusion-row fusion-flex-align-items-flex-start fusion-flex-justify-content-center fusion-flex-content-wrap\" style=\"max-width:1144px;margin-left: calc(-4% \/ 2 );margin-right: calc(-4% \/ 2 );\"><div class=\"fusion-layout-column fusion_builder_column fusion-builder-column-0 fusion_builder_column_1_2 1_2 fusion-flex-column col-inside\" style=\"--awb-bg-size:cover;--awb-width-large:50%;--awb-margin-top-large:0px;--awb-spacing-right-large:3.84%;--awb-margin-bottom-large:20px;--awb-spacing-left-large:3.84%;--awb-width-medium:100%;--awb-order-medium:0;--awb-spacing-right-medium:1.92%;--awb-spacing-left-medium:1.92%;--awb-width-small:100%;--awb-order-small:0;--awb-spacing-right-small:1.92%;--awb-spacing-left-small:1.92%;\"><div class=\"fusion-column-wrapper fusion-column-has-shadow fusion-flex-justify-content-flex-start fusion-content-layout-column\"><div class=\"fusion-title title fusion-title-1 fusion-sep-none fusion-title-text fusion-title-size-one\" style=\"--awb-margin-top-small:0px;--awb-margin-right-small:0px;--awb-margin-bottom-small:20px;--awb-margin-left-small:0px;\"><h1 class=\"fusion-title-heading title-heading-left\" style=\"margin:0;\">Luft<\/h1><\/div><div class=\"fusion-text fusion-text-1\" style=\"--awb-text-transform:none;\"><p><strong>Verl\u00e4ngern Sie die Batterielebensdauer und unterst\u00fctzen Sie die Produktion<\/strong><br \/>\nDas systematische Vorhandensein von Batterien in Flugzeugen oder Schiffen, die strategische und manchmal gef\u00e4hrliche Missionen ausf\u00fchren, erfordert, dass diese Ausr\u00fcstung zuverl\u00e4ssig und einsatzbereit ist. Die Wartung dieser Ger\u00e4te ist daher ein Schl\u00fcsselfaktor f\u00fcr den Erfolg. Eine Batterie muss je nach Technologie entladen und regeneriert oder einfach auf ihre Funktionsf\u00e4higkeit getestet werden. Die Verwendung einer Entladebank ist daher f\u00fcr diese Art der Wartung die Regel. Die Einschr\u00e4nkungen in der Luftfahrt (400-Hz-Frequenz) bedeuten, dass die Hersteller spezielle Sortimente von Entladungsb\u00e4nken entwickelt haben.<\/p>\n<p>Au\u00dferdem erfordert der Einbau eines Verbrennungsmotors in der Marine und der Luftfahrt umfangreiche Montagearbeiten, die manchmal irreversibel sind (z. B. im Fall von U-Booten oder Schiffen). Es muss sichergestellt werden, dass der Motor ordnungsgem\u00e4\u00df funktioniert und dass er vor dem Start oder Flugtests fein eingestellt wurde. Die Lastbank erf\u00fcllt diese Rolle voll und ganz.<\/p>\n<p><strong>Banktypen laden<\/strong><\/p>\n<ul>\n<li>Entladebank f\u00fcr Gleichstrombatterien<\/li>\n<li>Wechselstromentladungsbank<\/li>\n<li>Lastbank f\u00fcr Generator- oder Turbinentest<\/li>\n<\/ul>\n<\/div><div ><a class=\"fusion-button button-flat fusion-button-default-size button-default fusion-button-default button-1 fusion-button-default-span fusion-button-default-type\" target=\"_self\" href=\"https:\/\/rentaload.com\/fr\/contact\/\"><span class=\"fusion-button-text awb-button__text awb-button__text--default\">KONTAKTIERE UNS<\/span><\/a><\/div><\/div><\/div><div class=\"fusion-layout-column fusion_builder_column fusion-builder-column-1 fusion_builder_column_1_2 1_2 fusion-flex-column col-img\" style=\"--awb-bg-size:cover;--awb-width-large:50%;--awb-margin-top-large:0px;--awb-spacing-right-large:3.84%;--awb-margin-bottom-large:20px;--awb-spacing-left-large:3.84%;--awb-width-medium:100%;--awb-order-medium:0;--awb-spacing-right-medium:1.92%;--awb-spacing-left-medium:1.92%;--awb-width-small:100%;--awb-order-small:0;--awb-spacing-right-small:1.92%;--awb-spacing-left-small:1.92%;\"><div class=\"fusion-column-wrapper fusion-column-has-shadow fusion-flex-justify-content-flex-start fusion-content-layout-column\"><div class=\"fusion-image-element \" style=\"--awb-caption-title-font-family:var(--h2_typography-font-family);--awb-caption-title-font-weight:var(--h2_typography-font-weight);--awb-caption-title-font-style:var(--h2_typography-font-style);--awb-caption-title-size:var(--h2_typography-font-size);--awb-caption-title-transform:var(--h2_typography-text-transform);--awb-caption-title-line-height:var(--h2_typography-line-height);--awb-caption-title-letter-spacing:var(--h2_typography-letter-spacing);\"><span class=\" fusion-imageframe imageframe-none imageframe-1 hover-type-none\"><img decoding=\"async\" width=\"453\" height=\"372\" title=\"test_moteur_400hz_banc_de_charge_load-bank-avion_turbine\" src=\"https:\/\/rentaload.com\/wp-content\/uploads\/2018\/03\/test_moteur_400hz_banc_de_charge_load-bank-avion_turbine.jpg\" alt class=\"img-responsive wp-image-15035\" srcset=\"https:\/\/rentaload.com\/wp-content\/uploads\/2018\/03\/test_moteur_400hz_banc_de_charge_load-bank-avion_turbine-200x164.jpg 200w, https:\/\/rentaload.com\/wp-content\/uploads\/2018\/03\/test_moteur_400hz_banc_de_charge_load-bank-avion_turbine-400x328.jpg 400w, https:\/\/rentaload.com\/wp-content\/uploads\/2018\/03\/test_moteur_400hz_banc_de_charge_load-bank-avion_turbine.jpg 453w\" sizes=\"(max-width: 1024px) 100vw, (max-width: 640px) 100vw, 453px\" \/><\/span><\/div><\/div><\/div><\/div><\/div>\n","protected":false},"excerpt":{"rendered":"","protected":false},"author":3,"featured_media":0,"parent":24276,"menu_order":0,"comment_status":"closed","ping_status":"closed","template":"100-width.php","meta":{"footnotes":""},"class_list":["post-24275","page","type-page","status-publish","hentry"],"yoast_head":"<!-- This site is optimized with the Yoast SEO plugin v27.3 - https:\/\/yoast.com\/product\/yoast-seo-wordpress\/ -->\n<title>Rentaload: Lastbankanwendungen: Airline-Markt<\/title>\n<meta name=\"robots\" content=\"index, follow, max-snippet:-1, max-image-preview:large, max-video-preview:-1\" \/>\n<link rel=\"canonical\" href=\"https:\/\/rentaload.com\/de\/lastbankanwendungen\/luft\/\" \/>\n<meta property=\"og:locale\" content=\"de_DE\" \/>\n<meta property=\"og:type\" content=\"article\" \/>\n<meta property=\"og:title\" content=\"Rentaload: Lastbankanwendungen: Airline-Markt\" \/>\n<meta property=\"og:url\" content=\"https:\/\/rentaload.com\/de\/lastbankanwendungen\/luft\/\" \/>\n<meta property=\"og:site_name\" content=\"Rentaload\" \/>\n<meta property=\"article:modified_time\" content=\"2022-04-05T01:48:28+00:00\" \/>\n<meta name=\"twitter:card\" content=\"summary_large_image\" \/>\n<meta name=\"twitter:label1\" content=\"Gesch\u00e4tzte Lesezeit\" \/>\n\t<meta name=\"twitter:data1\" content=\"8\u00a0Minuten\" \/>\n<script type=\"application\/ld+json\" class=\"yoast-schema-graph\">{\"@context\":\"https:\\\/\\\/schema.org\",\"@graph\":[{\"@type\":\"WebPage\",\"@id\":\"https:\\\/\\\/rentaload.com\\\/de\\\/lastbankanwendungen\\\/luft\\\/\",\"url\":\"https:\\\/\\\/rentaload.com\\\/de\\\/lastbankanwendungen\\\/luft\\\/\",\"name\":\"Rentaload: Lastbankanwendungen: Airline-Markt\",\"isPartOf\":{\"@id\":\"https:\\\/\\\/rentaload.com\\\/de\\\/#website\"},\"datePublished\":\"2018-03-05T14:29:17+00:00\",\"dateModified\":\"2022-04-05T01:48:28+00:00\",\"breadcrumb\":{\"@id\":\"https:\\\/\\\/rentaload.com\\\/de\\\/lastbankanwendungen\\\/luft\\\/#breadcrumb\"},\"inLanguage\":\"de\",\"potentialAction\":[{\"@type\":\"ReadAction\",\"target\":[\"https:\\\/\\\/rentaload.com\\\/de\\\/lastbankanwendungen\\\/luft\\\/\"]}]},{\"@type\":\"BreadcrumbList\",\"@id\":\"https:\\\/\\\/rentaload.com\\\/de\\\/lastbankanwendungen\\\/luft\\\/#breadcrumb\",\"itemListElement\":[{\"@type\":\"ListItem\",\"position\":1,\"name\":\"Sektoren\",\"item\":\"https:\\\/\\\/rentaload.com\\\/de\\\/lastbankanwendungen\\\/\"},{\"@type\":\"ListItem\",\"position\":2,\"name\":\"Luft\"}]},{\"@type\":\"WebSite\",\"@id\":\"https:\\\/\\\/rentaload.com\\\/de\\\/#website\",\"url\":\"https:\\\/\\\/rentaload.com\\\/de\\\/\",\"name\":\"Rentaload\",\"description\":\"Load bank hire - location banc de charge - Lastbank vermietung\",\"publisher\":{\"@id\":\"https:\\\/\\\/rentaload.com\\\/de\\\/#organization\"},\"potentialAction\":[{\"@type\":\"SearchAction\",\"target\":{\"@type\":\"EntryPoint\",\"urlTemplate\":\"https:\\\/\\\/rentaload.com\\\/de\\\/?s={search_term_string}\"},\"query-input\":{\"@type\":\"PropertyValueSpecification\",\"valueRequired\":true,\"valueName\":\"search_term_string\"}}],\"inLanguage\":\"de\"},{\"@type\":\"Organization\",\"@id\":\"https:\\\/\\\/rentaload.com\\\/de\\\/#organization\",\"name\":\"Rentaload\",\"url\":\"https:\\\/\\\/rentaload.com\\\/de\\\/\",\"logo\":{\"@type\":\"ImageObject\",\"inLanguage\":\"de\",\"@id\":\"https:\\\/\\\/rentaload.com\\\/de\\\/#\\\/schema\\\/logo\\\/image\\\/\",\"url\":\"https:\\\/\\\/rentaload.com\\\/wp-content\\\/uploads\\\/2018\\\/03\\\/rentaload-logo-location-banc-de-charge-test-louer-1.png\",\"contentUrl\":\"https:\\\/\\\/rentaload.com\\\/wp-content\\\/uploads\\\/2018\\\/03\\\/rentaload-logo-location-banc-de-charge-test-louer-1.png\",\"width\":470,\"height\":100,\"caption\":\"Rentaload\"},\"image\":{\"@id\":\"https:\\\/\\\/rentaload.com\\\/de\\\/#\\\/schema\\\/logo\\\/image\\\/\"}}]}<\/script>\n<!-- \/ Yoast SEO plugin. -->","yoast_head_json":{"title":"Rentaload: Lastbankanwendungen: Airline-Markt","robots":{"index":"index","follow":"follow","max-snippet":"max-snippet:-1","max-image-preview":"max-image-preview:large","max-video-preview":"max-video-preview:-1"},"canonical":"https:\/\/rentaload.com\/de\/lastbankanwendungen\/luft\/","og_locale":"de_DE","og_type":"article","og_title":"Rentaload: Lastbankanwendungen: Airline-Markt","og_url":"https:\/\/rentaload.com\/de\/lastbankanwendungen\/luft\/","og_site_name":"Rentaload","article_modified_time":"2022-04-05T01:48:28+00:00","twitter_card":"summary_large_image","twitter_misc":{"Gesch\u00e4tzte Lesezeit":"8\u00a0Minuten"},"schema":{"@context":"https:\/\/schema.org","@graph":[{"@type":"WebPage","@id":"https:\/\/rentaload.com\/de\/lastbankanwendungen\/luft\/","url":"https:\/\/rentaload.com\/de\/lastbankanwendungen\/luft\/","name":"Rentaload: Lastbankanwendungen: Airline-Markt","isPartOf":{"@id":"https:\/\/rentaload.com\/de\/#website"},"datePublished":"2018-03-05T14:29:17+00:00","dateModified":"2022-04-05T01:48:28+00:00","breadcrumb":{"@id":"https:\/\/rentaload.com\/de\/lastbankanwendungen\/luft\/#breadcrumb"},"inLanguage":"de","potentialAction":[{"@type":"ReadAction","target":["https:\/\/rentaload.com\/de\/lastbankanwendungen\/luft\/"]}]},{"@type":"BreadcrumbList","@id":"https:\/\/rentaload.com\/de\/lastbankanwendungen\/luft\/#breadcrumb","itemListElement":[{"@type":"ListItem","position":1,"name":"Sektoren","item":"https:\/\/rentaload.com\/de\/lastbankanwendungen\/"},{"@type":"ListItem","position":2,"name":"Luft"}]},{"@type":"WebSite","@id":"https:\/\/rentaload.com\/de\/#website","url":"https:\/\/rentaload.com\/de\/","name":"Rentaload","description":"Load bank hire - location banc de charge - Lastbank vermietung","publisher":{"@id":"https:\/\/rentaload.com\/de\/#organization"},"potentialAction":[{"@type":"SearchAction","target":{"@type":"EntryPoint","urlTemplate":"https:\/\/rentaload.com\/de\/?s={search_term_string}"},"query-input":{"@type":"PropertyValueSpecification","valueRequired":true,"valueName":"search_term_string"}}],"inLanguage":"de"},{"@type":"Organization","@id":"https:\/\/rentaload.com\/de\/#organization","name":"Rentaload","url":"https:\/\/rentaload.com\/de\/","logo":{"@type":"ImageObject","inLanguage":"de","@id":"https:\/\/rentaload.com\/de\/#\/schema\/logo\/image\/","url":"https:\/\/rentaload.com\/wp-content\/uploads\/2018\/03\/rentaload-logo-location-banc-de-charge-test-louer-1.png","contentUrl":"https:\/\/rentaload.com\/wp-content\/uploads\/2018\/03\/rentaload-logo-location-banc-de-charge-test-louer-1.png","width":470,"height":100,"caption":"Rentaload"},"image":{"@id":"https:\/\/rentaload.com\/de\/#\/schema\/logo\/image\/"}}]}},"_links":{"self":[{"href":"https:\/\/rentaload.com\/de\/wp-json\/wp\/v2\/pages\/24275","targetHints":{"allow":["GET"]}}],"collection":[{"href":"https:\/\/rentaload.com\/de\/wp-json\/wp\/v2\/pages"}],"about":[{"href":"https:\/\/rentaload.com\/de\/wp-json\/wp\/v2\/types\/page"}],"author":[{"embeddable":true,"href":"https:\/\/rentaload.com\/de\/wp-json\/wp\/v2\/users\/3"}],"replies":[{"embeddable":true,"href":"https:\/\/rentaload.com\/de\/wp-json\/wp\/v2\/comments?post=24275"}],"version-history":[{"count":2,"href":"https:\/\/rentaload.com\/de\/wp-json\/wp\/v2\/pages\/24275\/revisions"}],"predecessor-version":[{"id":24280,"href":"https:\/\/rentaload.com\/de\/wp-json\/wp\/v2\/pages\/24275\/revisions\/24280"}],"up":[{"embeddable":true,"href":"https:\/\/rentaload.com\/de\/wp-json\/wp\/v2\/pages\/24276"}],"wp:attachment":[{"href":"https:\/\/rentaload.com\/de\/wp-json\/wp\/v2\/media?parent=24275"}],"curies":[{"name":"wp","href":"https:\/\/api.w.org\/{rel}","templated":true}]}}