{"id":24315,"date":"2018-03-14T09:29:58","date_gmt":"2018-03-14T08:29:58","guid":{"rendered":"https:\/\/rentaload.com\/pruefstandsanwendungen\/nuklear\/"},"modified":"2022-04-05T03:48:37","modified_gmt":"2022-04-05T01:48:37","slug":"nuklear","status":"publish","type":"page","link":"https:\/\/rentaload.com\/de\/lastbankanwendungen\/nuklear\/","title":{"rendered":"Nuklear"},"content":{"rendered":"<div class=\"fusion-fullwidth fullwidth-box fusion-builder-row-1 fusion-flex-container nonhundred-percent-fullwidth non-hundred-percent-height-scrolling ctnr-top-h1\" style=\"--awb-border-radius-top-left:0px;--awb-border-radius-top-right:0px;--awb-border-radius-bottom-right:0px;--awb-border-radius-bottom-left:0px;--awb-flex-wrap:wrap;\" ><div class=\"fusion-builder-row fusion-row fusion-flex-align-items-flex-start fusion-flex-justify-content-center fusion-flex-content-wrap\" style=\"max-width:1144px;margin-left: calc(-4% \/ 2 );margin-right: calc(-4% \/ 2 );\"><div class=\"fusion-layout-column fusion_builder_column fusion-builder-column-0 fusion_builder_column_1_2 1_2 fusion-flex-column col-inside\" style=\"--awb-bg-size:cover;--awb-width-large:50%;--awb-margin-top-large:0px;--awb-spacing-right-large:3.84%;--awb-margin-bottom-large:20px;--awb-spacing-left-large:3.84%;--awb-width-medium:100%;--awb-order-medium:0;--awb-spacing-right-medium:1.92%;--awb-spacing-left-medium:1.92%;--awb-width-small:100%;--awb-order-small:0;--awb-spacing-right-small:1.92%;--awb-spacing-left-small:1.92%;\"><div class=\"fusion-column-wrapper fusion-column-has-shadow fusion-flex-justify-content-flex-start fusion-content-layout-column\"><div class=\"fusion-title title fusion-title-1 fusion-sep-none fusion-title-text fusion-title-size-one\" style=\"--awb-margin-top-small:0px;--awb-margin-right-small:0px;--awb-margin-bottom-small:20px;--awb-margin-left-small:0px;\"><h1 class=\"fusion-title-heading title-heading-left\" style=\"margin:0;\">Nuklear<\/h1><\/div><div class=\"fusion-text fusion-text-1\"><h2 class=\"entry-title\">Nuklear<\/h2>\n<div class=\"entry-content\">\n<h3>Prinzip der Lastbank in einem Kernkraftwerk<\/h3>\n<div dir=\"ltr\" data-font-name=\"g_font_p0_6\" data-canvas-width=\"518.8560154631139\">Der Betrieb eines Kernkraftwerks erfordert ein elektrisches Energieversorgungssystem, um den Betrieb und die Sicherheit der Anlage zu gew\u00e4hrleisten. Das elektrische Verteilungssystem ist so ausgelegt, dass es die Anforderungen des normalen Betriebs der Einheit erf\u00fcllt, wenn es Strom erzeugt oder w\u00e4hrend einer Abschaltzeit (laufende Hilfsger\u00e4te und permanente Hilfsger\u00e4te), aber auch die Versorgung mit Ger\u00e4ten gew\u00e4hrleistet, die die erforderlichen Sicherheitsfunktionen im Falle eines Fehlers bereitstellen Zwischenfall oder Unfall auf der Anlage (gerettete Hilfskr\u00e4fte). Dieselmotor-Notstromaggregate dienen zur Versorgung der Reaktorsicherheitssysteme im Falle eines Stromausfalls aus dem \u00f6ffentlichen Netz. Jeder Kernreaktor ist mit zwei Notstromaggregaten ausgestattet. Au\u00dferdem steht f\u00fcr alle Reaktoren am selben Standort ein zus\u00e4tzlicher Generator zur Verf\u00fcgung. Jede dieser Gruppen reicht aus, um die Systeme zu versorgen, die erforderlich sind, um die Sicherheit des Reaktors w\u00e4hrend des Abschaltens zu gew\u00e4hrleisten.<\/div>\n<div dir=\"ltr\" data-font-name=\"g_font_p0_6\" data-canvas-width=\"518.8560154631139\"><\/div>\n<div dir=\"ltr\" data-font-name=\"g_font_p0_6\" data-canvas-width=\"518.8560154631139\">Die Zuverl\u00e4ssigkeit dieser Stromaggregate ist entscheidend. Eine regelm\u00e4\u00dfige Pr\u00fcfung der ordnungsgem\u00e4\u00dfen Funktion der Generatoren wird daher regelm\u00e4\u00dfig durchgef\u00fchrt. Daf\u00fcr fordern die Kernkraftwerksbetreiber Hersteller an, die in der Lage sind, Lastb\u00e4nke mit einer Leistung von mehreren Megawatt sowie die zugeh\u00f6rige Steuerung (Messsystem, automatische Zyklen) herzustellen. Diese Lastb\u00e4nke sind oft Mittelspannungslasten.<\/div>\n<\/div>\n<\/div><div ><a class=\"fusion-button button-flat fusion-button-default-size button-default fusion-button-default button-1 fusion-button-default-span fusion-button-default-type\" target=\"_self\" href=\"https:\/\/rentaload.com\/fr\/contact\/\"><span class=\"fusion-button-text awb-button__text awb-button__text--default\">KONTAKTIERE UNS<\/span><\/a><\/div><\/div><\/div><div class=\"fusion-layout-column fusion_builder_column fusion-builder-column-1 fusion_builder_column_1_2 1_2 fusion-flex-column col-img\" style=\"--awb-bg-size:cover;--awb-width-large:50%;--awb-margin-top-large:0px;--awb-spacing-right-large:3.84%;--awb-margin-bottom-large:20px;--awb-spacing-left-large:3.84%;--awb-width-medium:100%;--awb-order-medium:0;--awb-spacing-right-medium:1.92%;--awb-spacing-left-medium:1.92%;--awb-width-small:100%;--awb-order-small:0;--awb-spacing-right-small:1.92%;--awb-spacing-left-small:1.92%;\"><div class=\"fusion-column-wrapper fusion-column-has-shadow fusion-flex-justify-content-flex-start fusion-content-layout-column\"><div class=\"fusion-image-element \" style=\"text-align:center;--awb-caption-title-font-family:var(--h2_typography-font-family);--awb-caption-title-font-weight:var(--h2_typography-font-weight);--awb-caption-title-font-style:var(--h2_typography-font-style);--awb-caption-title-size:var(--h2_typography-font-size);--awb-caption-title-transform:var(--h2_typography-text-transform);--awb-caption-title-line-height:var(--h2_typography-line-height);--awb-caption-title-letter-spacing:var(--h2_typography-letter-spacing);\"><span class=\" fusion-imageframe imageframe-none imageframe-1 hover-type-none\"><img decoding=\"async\" width=\"600\" height=\"492\" title=\"nuclear-power-plant\" src=\"https:\/\/rentaload.com\/wp-content\/uploads\/2020\/09\/nuclear-power-plant-2-600x492.jpg\" alt class=\"img-responsive wp-image-20930\" srcset=\"https:\/\/rentaload.com\/wp-content\/uploads\/2020\/09\/nuclear-power-plant-2-200x164.jpg 200w, https:\/\/rentaload.com\/wp-content\/uploads\/2020\/09\/nuclear-power-plant-2-400x328.jpg 400w, https:\/\/rentaload.com\/wp-content\/uploads\/2020\/09\/nuclear-power-plant-2-600x492.jpg 600w, https:\/\/rentaload.com\/wp-content\/uploads\/2020\/09\/nuclear-power-plant-2.jpg 604w\" sizes=\"(max-width: 1024px) 100vw, (max-width: 640px) 100vw, 600px\" \/><\/span><\/div><\/div><\/div><\/div><\/div>\n","protected":false},"excerpt":{"rendered":"","protected":false},"author":3,"featured_media":0,"parent":24276,"menu_order":0,"comment_status":"closed","ping_status":"closed","template":"100-width.php","meta":{"footnotes":""},"class_list":["post-24315","page","type-page","status-publish","hentry"],"yoast_head":"<!-- This site is optimized with the Yoast SEO plugin v27.4 - https:\/\/yoast.com\/product\/yoast-seo-wordpress\/ -->\n<title>Rentaload: Lastbankanwendungen: Nuklearmarkt<\/title>\n<meta name=\"description\" content=\"Eine regelm\u00e4\u00dfige Pr\u00fcfung der ordnungsgem\u00e4\u00dfen Funktion der Notstromaggregate wird regelm\u00e4\u00dfig durchgef\u00fchrt. Unsere Lastb\u00e4nke k\u00f6nnen mehrere Megawatt testen\" \/>\n<meta name=\"robots\" content=\"index, follow, max-snippet:-1, max-image-preview:large, max-video-preview:-1\" \/>\n<link rel=\"canonical\" href=\"https:\/\/rentaload.com\/de\/lastbankanwendungen\/nuklear\/\" \/>\n<meta property=\"og:locale\" content=\"de_DE\" \/>\n<meta property=\"og:type\" content=\"article\" \/>\n<meta property=\"og:title\" content=\"Rentaload: Lastbankanwendungen: Nuklearmarkt\" \/>\n<meta property=\"og:description\" content=\"Eine regelm\u00e4\u00dfige Pr\u00fcfung der ordnungsgem\u00e4\u00dfen Funktion der Notstromaggregate wird regelm\u00e4\u00dfig durchgef\u00fchrt. Unsere Lastb\u00e4nke k\u00f6nnen mehrere Megawatt testen\" \/>\n<meta property=\"og:url\" content=\"https:\/\/rentaload.com\/de\/lastbankanwendungen\/nuklear\/\" \/>\n<meta property=\"og:site_name\" content=\"Rentaload\" \/>\n<meta property=\"article:modified_time\" content=\"2022-04-05T01:48:37+00:00\" \/>\n<meta name=\"twitter:card\" content=\"summary_large_image\" \/>\n<meta name=\"twitter:label1\" content=\"Gesch\u00e4tzte Lesezeit\" \/>\n\t<meta name=\"twitter:data1\" content=\"9\u00a0Minuten\" \/>\n<script type=\"application\/ld+json\" class=\"yoast-schema-graph\">{\"@context\":\"https:\\\/\\\/schema.org\",\"@graph\":[{\"@type\":\"WebPage\",\"@id\":\"https:\\\/\\\/rentaload.com\\\/de\\\/lastbankanwendungen\\\/nuklear\\\/\",\"url\":\"https:\\\/\\\/rentaload.com\\\/de\\\/lastbankanwendungen\\\/nuklear\\\/\",\"name\":\"Rentaload: Lastbankanwendungen: Nuklearmarkt\",\"isPartOf\":{\"@id\":\"https:\\\/\\\/rentaload.com\\\/de\\\/#website\"},\"datePublished\":\"2018-03-14T08:29:58+00:00\",\"dateModified\":\"2022-04-05T01:48:37+00:00\",\"description\":\"Eine regelm\u00e4\u00dfige Pr\u00fcfung der ordnungsgem\u00e4\u00dfen Funktion der Notstromaggregate wird regelm\u00e4\u00dfig durchgef\u00fchrt. Unsere Lastb\u00e4nke k\u00f6nnen mehrere Megawatt testen\",\"breadcrumb\":{\"@id\":\"https:\\\/\\\/rentaload.com\\\/de\\\/lastbankanwendungen\\\/nuklear\\\/#breadcrumb\"},\"inLanguage\":\"de\",\"potentialAction\":[{\"@type\":\"ReadAction\",\"target\":[\"https:\\\/\\\/rentaload.com\\\/de\\\/lastbankanwendungen\\\/nuklear\\\/\"]}]},{\"@type\":\"BreadcrumbList\",\"@id\":\"https:\\\/\\\/rentaload.com\\\/de\\\/lastbankanwendungen\\\/nuklear\\\/#breadcrumb\",\"itemListElement\":[{\"@type\":\"ListItem\",\"position\":1,\"name\":\"Sektoren\",\"item\":\"https:\\\/\\\/rentaload.com\\\/de\\\/lastbankanwendungen\\\/\"},{\"@type\":\"ListItem\",\"position\":2,\"name\":\"Nuklear\"}]},{\"@type\":\"WebSite\",\"@id\":\"https:\\\/\\\/rentaload.com\\\/de\\\/#website\",\"url\":\"https:\\\/\\\/rentaload.com\\\/de\\\/\",\"name\":\"Rentaload\",\"description\":\"Load bank hire - location banc de charge - Lastbank vermietung\",\"publisher\":{\"@id\":\"https:\\\/\\\/rentaload.com\\\/de\\\/#organization\"},\"potentialAction\":[{\"@type\":\"SearchAction\",\"target\":{\"@type\":\"EntryPoint\",\"urlTemplate\":\"https:\\\/\\\/rentaload.com\\\/de\\\/?s={search_term_string}\"},\"query-input\":{\"@type\":\"PropertyValueSpecification\",\"valueRequired\":true,\"valueName\":\"search_term_string\"}}],\"inLanguage\":\"de\"},{\"@type\":\"Organization\",\"@id\":\"https:\\\/\\\/rentaload.com\\\/de\\\/#organization\",\"name\":\"Rentaload\",\"url\":\"https:\\\/\\\/rentaload.com\\\/de\\\/\",\"logo\":{\"@type\":\"ImageObject\",\"inLanguage\":\"de\",\"@id\":\"https:\\\/\\\/rentaload.com\\\/de\\\/#\\\/schema\\\/logo\\\/image\\\/\",\"url\":\"https:\\\/\\\/rentaload.com\\\/wp-content\\\/uploads\\\/2018\\\/03\\\/rentaload-logo-location-banc-de-charge-test-louer-1.png\",\"contentUrl\":\"https:\\\/\\\/rentaload.com\\\/wp-content\\\/uploads\\\/2018\\\/03\\\/rentaload-logo-location-banc-de-charge-test-louer-1.png\",\"width\":470,\"height\":100,\"caption\":\"Rentaload\"},\"image\":{\"@id\":\"https:\\\/\\\/rentaload.com\\\/de\\\/#\\\/schema\\\/logo\\\/image\\\/\"}}]}<\/script>\n<!-- \/ Yoast SEO plugin. -->","yoast_head_json":{"title":"Rentaload: Lastbankanwendungen: Nuklearmarkt","description":"Eine regelm\u00e4\u00dfige Pr\u00fcfung der ordnungsgem\u00e4\u00dfen Funktion der Notstromaggregate wird regelm\u00e4\u00dfig durchgef\u00fchrt. Unsere Lastb\u00e4nke k\u00f6nnen mehrere Megawatt testen","robots":{"index":"index","follow":"follow","max-snippet":"max-snippet:-1","max-image-preview":"max-image-preview:large","max-video-preview":"max-video-preview:-1"},"canonical":"https:\/\/rentaload.com\/de\/lastbankanwendungen\/nuklear\/","og_locale":"de_DE","og_type":"article","og_title":"Rentaload: Lastbankanwendungen: Nuklearmarkt","og_description":"Eine regelm\u00e4\u00dfige Pr\u00fcfung der ordnungsgem\u00e4\u00dfen Funktion der Notstromaggregate wird regelm\u00e4\u00dfig durchgef\u00fchrt. Unsere Lastb\u00e4nke k\u00f6nnen mehrere Megawatt testen","og_url":"https:\/\/rentaload.com\/de\/lastbankanwendungen\/nuklear\/","og_site_name":"Rentaload","article_modified_time":"2022-04-05T01:48:37+00:00","twitter_card":"summary_large_image","twitter_misc":{"Gesch\u00e4tzte Lesezeit":"9\u00a0Minuten"},"schema":{"@context":"https:\/\/schema.org","@graph":[{"@type":"WebPage","@id":"https:\/\/rentaload.com\/de\/lastbankanwendungen\/nuklear\/","url":"https:\/\/rentaload.com\/de\/lastbankanwendungen\/nuklear\/","name":"Rentaload: Lastbankanwendungen: Nuklearmarkt","isPartOf":{"@id":"https:\/\/rentaload.com\/de\/#website"},"datePublished":"2018-03-14T08:29:58+00:00","dateModified":"2022-04-05T01:48:37+00:00","description":"Eine regelm\u00e4\u00dfige Pr\u00fcfung der ordnungsgem\u00e4\u00dfen Funktion der Notstromaggregate wird regelm\u00e4\u00dfig durchgef\u00fchrt. Unsere Lastb\u00e4nke k\u00f6nnen mehrere Megawatt testen","breadcrumb":{"@id":"https:\/\/rentaload.com\/de\/lastbankanwendungen\/nuklear\/#breadcrumb"},"inLanguage":"de","potentialAction":[{"@type":"ReadAction","target":["https:\/\/rentaload.com\/de\/lastbankanwendungen\/nuklear\/"]}]},{"@type":"BreadcrumbList","@id":"https:\/\/rentaload.com\/de\/lastbankanwendungen\/nuklear\/#breadcrumb","itemListElement":[{"@type":"ListItem","position":1,"name":"Sektoren","item":"https:\/\/rentaload.com\/de\/lastbankanwendungen\/"},{"@type":"ListItem","position":2,"name":"Nuklear"}]},{"@type":"WebSite","@id":"https:\/\/rentaload.com\/de\/#website","url":"https:\/\/rentaload.com\/de\/","name":"Rentaload","description":"Load bank hire - location banc de charge - Lastbank vermietung","publisher":{"@id":"https:\/\/rentaload.com\/de\/#organization"},"potentialAction":[{"@type":"SearchAction","target":{"@type":"EntryPoint","urlTemplate":"https:\/\/rentaload.com\/de\/?s={search_term_string}"},"query-input":{"@type":"PropertyValueSpecification","valueRequired":true,"valueName":"search_term_string"}}],"inLanguage":"de"},{"@type":"Organization","@id":"https:\/\/rentaload.com\/de\/#organization","name":"Rentaload","url":"https:\/\/rentaload.com\/de\/","logo":{"@type":"ImageObject","inLanguage":"de","@id":"https:\/\/rentaload.com\/de\/#\/schema\/logo\/image\/","url":"https:\/\/rentaload.com\/wp-content\/uploads\/2018\/03\/rentaload-logo-location-banc-de-charge-test-louer-1.png","contentUrl":"https:\/\/rentaload.com\/wp-content\/uploads\/2018\/03\/rentaload-logo-location-banc-de-charge-test-louer-1.png","width":470,"height":100,"caption":"Rentaload"},"image":{"@id":"https:\/\/rentaload.com\/de\/#\/schema\/logo\/image\/"}}]}},"_links":{"self":[{"href":"https:\/\/rentaload.com\/de\/wp-json\/wp\/v2\/pages\/24315","targetHints":{"allow":["GET"]}}],"collection":[{"href":"https:\/\/rentaload.com\/de\/wp-json\/wp\/v2\/pages"}],"about":[{"href":"https:\/\/rentaload.com\/de\/wp-json\/wp\/v2\/types\/page"}],"author":[{"embeddable":true,"href":"https:\/\/rentaload.com\/de\/wp-json\/wp\/v2\/users\/3"}],"replies":[{"embeddable":true,"href":"https:\/\/rentaload.com\/de\/wp-json\/wp\/v2\/comments?post=24315"}],"version-history":[{"count":2,"href":"https:\/\/rentaload.com\/de\/wp-json\/wp\/v2\/pages\/24315\/revisions"}],"predecessor-version":[{"id":24320,"href":"https:\/\/rentaload.com\/de\/wp-json\/wp\/v2\/pages\/24315\/revisions\/24320"}],"up":[{"embeddable":true,"href":"https:\/\/rentaload.com\/de\/wp-json\/wp\/v2\/pages\/24276"}],"wp:attachment":[{"href":"https:\/\/rentaload.com\/de\/wp-json\/wp\/v2\/media?parent=24315"}],"curies":[{"name":"wp","href":"https:\/\/api.w.org\/{rel}","templated":true}]}}