{"id":24322,"date":"2018-03-06T14:58:01","date_gmt":"2018-03-06T13:58:01","guid":{"rendered":"https:\/\/rentaload.com\/impressum\/"},"modified":"2022-07-22T12:08:48","modified_gmt":"2022-07-22T10:08:48","slug":"impressum","status":"publish","type":"page","link":"https:\/\/rentaload.com\/de\/impressum\/","title":{"rendered":"Impressum"},"content":{"rendered":"<div class=\"fusion-fullwidth fullwidth-box fusion-builder-row-1 fusion-flex-container nonhundred-percent-fullwidth non-hundred-percent-height-scrolling\" style=\"--awb-border-radius-top-left:0px;--awb-border-radius-top-right:0px;--awb-border-radius-bottom-right:0px;--awb-border-radius-bottom-left:0px;--awb-flex-wrap:wrap;\" ><div class=\"fusion-builder-row fusion-row fusion-flex-align-items-stretch fusion-flex-content-wrap\" style=\"max-width:1144px;margin-left: calc(-4% \/ 2 );margin-right: calc(-4% \/ 2 );\"><div class=\"fusion-layout-column fusion_builder_column fusion-builder-column-0 fusion_builder_column_1_1 1_1 fusion-flex-column\" style=\"--awb-bg-size:cover;--awb-width-large:100%;--awb-margin-top-large:0px;--awb-spacing-right-large:1.92%;--awb-margin-bottom-large:20px;--awb-spacing-left-large:1.92%;--awb-width-medium:100%;--awb-spacing-right-medium:1.92%;--awb-spacing-left-medium:1.92%;--awb-width-small:100%;--awb-spacing-right-small:1.92%;--awb-spacing-left-small:1.92%;\"><div class=\"fusion-column-wrapper fusion-flex-justify-content-flex-start fusion-content-layout-column\"><div class=\"fusion-text fusion-text-1\" style=\"--awb-text-transform:none;\"><h2>1. Pr\u00e4sentation der Website:<\/h2>\n<p>Gem\u00e4\u00df den Bestimmungen der Artikel 6-III und 19 des Gesetzes Nr. 2004-575 vom 21. Juni 2004 \u00fcber das Vertrauen in die digitale Wirtschaft, bekannt als LCEN, stellen wir Benutzern und Besuchern der Website die folgenden Informationen zur Verf\u00fcgung:<br \/>\nRechtsinformation :<br \/>\nFirmenname: RENTALOAD<br \/>\nRentaload-Marke, eingetragen bei INPI, Eigentum der Firma Rentaload<br \/>\nAdresse: 353 rue de la Chapelle, 69400 GLEIZE \u2013 Frankreich<br \/>\nSIREN: 818 118 358<br \/>\nE-Mail-Adresse: contact@rentaload.com<\/p>\n<p>Der Publikationsmanager ist: Pierre-Luc BARBE<\/p>\n<p>Urheber der Seite ist <a href=\"https:\/\/adesio.co\/\" rel=\"nofollow\">die Webagentur Adesio<\/a><br \/>\nDer Webmaster ist: Adesio<br \/>\nWenden Sie sich an den Webmaster: info@adesio.co<br \/>\nDer Website-Host ist: Kinsta<\/p>\n<h2>2. Leistungsbeschreibung:<\/h2>\n<p>Der Zweck der Website rentaload.com besteht darin, Informationen \u00fcber alle Aktivit\u00e4ten des Unternehmens bereitzustellen.<br \/>\nDer Eigent\u00fcmer der Website ist bestrebt, die Website rentaload.com mit m\u00f6glichst genauen Informationen zu versorgen. Er kann jedoch nicht f\u00fcr Auslassungen, Ungenauigkeiten und M\u00e4ngel in der Aktualisierung verantwortlich gemacht werden, weder f\u00fcr eigene Informationen noch solche, die ihm von Drittanbietern zur Verf\u00fcgung gestellt werden.<br \/>\nAlle auf der Website rentaload.com angebotenen Informationen dienen nur zu Informationszwecken, sind nicht ersch\u00f6pfend und k\u00f6nnen sich \u00e4ndern. Sie werden vorbehaltlich von \u00c4nderungen gegeben, die seit ihrer Online-Stellung vorgenommen wurden.<\/p>\n<h2>3. Geistiges Eigentum und F\u00e4lschungen:<\/h2>\n<p>Der Eigent\u00fcmer der Website ist Eigent\u00fcmer der geistigen Eigentumsrechte oder Inhaber der Nutzungsrechte an allen auf der Website zug\u00e4nglichen Elementen, insbesondere an Texten, Bildern, Grafiken, Logos, Symbolen, T\u00f6nen, Software&#8230;<br \/>\nJegliche Vervielf\u00e4ltigung, Darstellung, \u00c4nderung, Ver\u00f6ffentlichung, vollst\u00e4ndige oder teilweise Anpassung der Elemente der Website, unabh\u00e4ngig von den verwendeten Mitteln oder Verfahren, ist verboten, au\u00dfer mit vorheriger schriftlicher Genehmigung per E-Mail: contact@rentaload.com.<br \/>\nJede unbefugte Nutzung der Website oder eines dieser Elemente, die sie enth\u00e4lt, wird als Versto\u00df angesehen und gem\u00e4\u00df den Bestimmungen der Artikel L.335-2 und folgende des Gesetzes \u00fcber geistiges Eigentum strafrechtlich verfolgt.<\/p>\n<h2>4. Hypertext-Links und Cookies:<\/h2>\n<p>Die Website rentaload.com enth\u00e4lt eine bestimmte Anzahl von Hypertext-Links zu anderen Websites (Partner, Informationen usw.), die mit Genehmigung des Eigent\u00fcmers der Website eingerichtet wurden. Der Eigent\u00fcmer der Website hat jedoch keine M\u00f6glichkeit, den Inhalt der so besuchten Websites zu \u00fcberpr\u00fcfen, und lehnt daher jede Verantwortung f\u00fcr diese Tatsache sowie f\u00fcr m\u00f6gliche Risiken illegaler Inhalte ab.<br \/>\nDer Benutzer wird dar\u00fcber informiert, dass w\u00e4hrend seiner Besuche auf der Website rentaload.com automatisch ein oder mehrere Cookies auf seinem Computer installiert werden k\u00f6nnen. Ein Cookie ist eine kleine Datei, die keine Identifizierung des Benutzers erm\u00f6glicht, aber Informationen \u00fcber die Navigation eines Computers auf einer Website aufzeichnet. Die so erhaltenen Daten sollen die sp\u00e4tere Navigation auf der Website erleichtern und auch verschiedene Ma\u00dfnahmen zur Anwesenheit erm\u00f6glichen.<br \/>\nDie Konfiguration der Navigationssoftware erm\u00f6glicht es, \u00fcber das Vorhandensein von Cookies zu informieren und m\u00f6glicherweise auf die unter der folgenden Adresse beschriebene Weise abzulehnen: www.cnil.fr<br \/>\nDie Weigerung, ein Cookie zu installieren, kann den Zugriff auf bestimmte Dienste unm\u00f6glich machen. Der Benutzer kann seinen Computer jedoch wie folgt konfigurieren, um die Installation von Cookies abzulehnen.<\/p>\n<h2>5. Schutz von Eigentum und Personen \u2013 Verwaltung personenbezogener Daten:<\/h2>\n<p>Benutzer: Internetbenutzer, der sich \u00fcber die oben genannte Website anmeldet: rentaload.com<br \/>\nIn Frankreich sind personenbezogene Daten insbesondere durch das Gesetz Nr. 78-87 vom 6. Januar 1978, das Gesetz Nr. 2004-801 vom 6. August 2004, Artikel L. 226-13 des Strafgesetzbuches und die Europ\u00e4ische Richtlinie vom 24. Oktober 1995 gesch\u00fctzt.<br \/>\nAuf der Website rentaload.com sammelt der Eigent\u00fcmer der Website personenbezogene Daten des Benutzers nur in Bezug auf die Erbringung bestimmter Dienste, die von der Website rentaload.com angeboten werden. Der Nutzer stellt diese Informationen in voller Kenntnis der Sachlage zur Verf\u00fcgung, insbesondere wenn er sie selbst eingibt. Es wird dann dem Benutzer der website rentaload.com die Wahl \u00fcberlassen, diese Informationen bereitzustellen oder nicht.<br \/>\nGem\u00e4\u00df den Bestimmungen der Artikel 38 und folgende des Gesetzes 78-17 vom 6. Januar 1978 \u00fcber die Datenverarbeitung, Dateien und Freiheiten hat jeder Benutzer ein Recht auf Zugang, Berichtigung, L\u00f6schung und Widerspruch zu ihn betreffenden personenbezogenen Daten. Um dieses Recht auszu\u00fcben, senden Sie Ihre Anfrage per E-Mail an rentaload.com oder stellen Sie eine schriftliche und unterschriebene Anfrage zusammen mit einer Kopie des Ausweisdokuments mit Unterschrift des Inhabers des Dokuments und geben Sie die Adresse an, an die die Antwort gesendet werden muss .<br \/>\nKeine pers\u00f6nlichen Informationen des Benutzers der Website rentaload.com werden ohne Wissen des Benutzers ver\u00f6ffentlicht, ausgetauscht, \u00fcbertragen, abgetreten oder auf irgendeinem Medium an Dritte verkauft. Nur der hypothetische Verkauf der Website rentaload.com vom aktuellen Eigent\u00fcmer der Website und ihrer Rechte w\u00fcrde die \u00dcbermittlung dieser Informationen an den potenziellen K\u00e4ufer erm\u00f6glichen, der wiederum an die gleiche Verpflichtung zur Speicherung und \u00c4nderung von Daten gegen\u00fcber dem Benutzer der Website rentaload.com gebunden w\u00e4re.<\/p>\n<\/div><\/div><\/div><\/div><\/div>\n","protected":false},"excerpt":{"rendered":"","protected":false},"author":3,"featured_media":0,"parent":0,"menu_order":0,"comment_status":"closed","ping_status":"closed","template":"100-width.php","meta":{"footnotes":""},"class_list":["post-24322","page","type-page","status-publish","hentry"],"yoast_head":"<!-- This site is optimized with the Yoast SEO plugin v27.4 - https:\/\/yoast.com\/product\/yoast-seo-wordpress\/ -->\n<title>Rentaload: Impressum<\/title>\n<meta name=\"robots\" content=\"index, follow, max-snippet:-1, max-image-preview:large, max-video-preview:-1\" \/>\n<link rel=\"canonical\" href=\"https:\/\/rentaload.com\/de\/impressum\/\" \/>\n<meta property=\"og:locale\" content=\"de_DE\" \/>\n<meta property=\"og:type\" content=\"article\" \/>\n<meta property=\"og:title\" content=\"Rentaload: Impressum\" \/>\n<meta property=\"og:url\" content=\"https:\/\/rentaload.com\/de\/impressum\/\" \/>\n<meta property=\"og:site_name\" content=\"Rentaload\" \/>\n<meta property=\"article:modified_time\" content=\"2022-07-22T10:08:48+00:00\" \/>\n<meta name=\"twitter:card\" content=\"summary_large_image\" \/>\n<meta name=\"twitter:label1\" content=\"Gesch\u00e4tzte Lesezeit\" \/>\n\t<meta name=\"twitter:data1\" content=\"5\u00a0Minuten\" \/>\n<script type=\"application\/ld+json\" class=\"yoast-schema-graph\">{\"@context\":\"https:\\\/\\\/schema.org\",\"@graph\":[{\"@type\":\"WebPage\",\"@id\":\"https:\\\/\\\/rentaload.com\\\/de\\\/impressum\\\/\",\"url\":\"https:\\\/\\\/rentaload.com\\\/de\\\/impressum\\\/\",\"name\":\"Rentaload: Impressum\",\"isPartOf\":{\"@id\":\"https:\\\/\\\/rentaload.com\\\/de\\\/#website\"},\"datePublished\":\"2018-03-06T13:58:01+00:00\",\"dateModified\":\"2022-07-22T10:08:48+00:00\",\"inLanguage\":\"de\",\"potentialAction\":[{\"@type\":\"ReadAction\",\"target\":[\"https:\\\/\\\/rentaload.com\\\/de\\\/impressum\\\/\"]}]},{\"@type\":\"WebSite\",\"@id\":\"https:\\\/\\\/rentaload.com\\\/de\\\/#website\",\"url\":\"https:\\\/\\\/rentaload.com\\\/de\\\/\",\"name\":\"Rentaload\",\"description\":\"Load bank hire - location banc de charge - Lastbank vermietung\",\"publisher\":{\"@id\":\"https:\\\/\\\/rentaload.com\\\/de\\\/#organization\"},\"potentialAction\":[{\"@type\":\"SearchAction\",\"target\":{\"@type\":\"EntryPoint\",\"urlTemplate\":\"https:\\\/\\\/rentaload.com\\\/de\\\/?s={search_term_string}\"},\"query-input\":{\"@type\":\"PropertyValueSpecification\",\"valueRequired\":true,\"valueName\":\"search_term_string\"}}],\"inLanguage\":\"de\"},{\"@type\":\"Organization\",\"@id\":\"https:\\\/\\\/rentaload.com\\\/de\\\/#organization\",\"name\":\"Rentaload\",\"url\":\"https:\\\/\\\/rentaload.com\\\/de\\\/\",\"logo\":{\"@type\":\"ImageObject\",\"inLanguage\":\"de\",\"@id\":\"https:\\\/\\\/rentaload.com\\\/de\\\/#\\\/schema\\\/logo\\\/image\\\/\",\"url\":\"https:\\\/\\\/rentaload.com\\\/wp-content\\\/uploads\\\/2018\\\/03\\\/rentaload-logo-location-banc-de-charge-test-louer-1.png\",\"contentUrl\":\"https:\\\/\\\/rentaload.com\\\/wp-content\\\/uploads\\\/2018\\\/03\\\/rentaload-logo-location-banc-de-charge-test-louer-1.png\",\"width\":470,\"height\":100,\"caption\":\"Rentaload\"},\"image\":{\"@id\":\"https:\\\/\\\/rentaload.com\\\/de\\\/#\\\/schema\\\/logo\\\/image\\\/\"}}]}<\/script>\n<!-- \/ Yoast SEO plugin. -->","yoast_head_json":{"title":"Rentaload: Impressum","robots":{"index":"index","follow":"follow","max-snippet":"max-snippet:-1","max-image-preview":"max-image-preview:large","max-video-preview":"max-video-preview:-1"},"canonical":"https:\/\/rentaload.com\/de\/impressum\/","og_locale":"de_DE","og_type":"article","og_title":"Rentaload: Impressum","og_url":"https:\/\/rentaload.com\/de\/impressum\/","og_site_name":"Rentaload","article_modified_time":"2022-07-22T10:08:48+00:00","twitter_card":"summary_large_image","twitter_misc":{"Gesch\u00e4tzte Lesezeit":"5\u00a0Minuten"},"schema":{"@context":"https:\/\/schema.org","@graph":[{"@type":"WebPage","@id":"https:\/\/rentaload.com\/de\/impressum\/","url":"https:\/\/rentaload.com\/de\/impressum\/","name":"Rentaload: Impressum","isPartOf":{"@id":"https:\/\/rentaload.com\/de\/#website"},"datePublished":"2018-03-06T13:58:01+00:00","dateModified":"2022-07-22T10:08:48+00:00","inLanguage":"de","potentialAction":[{"@type":"ReadAction","target":["https:\/\/rentaload.com\/de\/impressum\/"]}]},{"@type":"WebSite","@id":"https:\/\/rentaload.com\/de\/#website","url":"https:\/\/rentaload.com\/de\/","name":"Rentaload","description":"Load bank hire - location banc de charge - Lastbank vermietung","publisher":{"@id":"https:\/\/rentaload.com\/de\/#organization"},"potentialAction":[{"@type":"SearchAction","target":{"@type":"EntryPoint","urlTemplate":"https:\/\/rentaload.com\/de\/?s={search_term_string}"},"query-input":{"@type":"PropertyValueSpecification","valueRequired":true,"valueName":"search_term_string"}}],"inLanguage":"de"},{"@type":"Organization","@id":"https:\/\/rentaload.com\/de\/#organization","name":"Rentaload","url":"https:\/\/rentaload.com\/de\/","logo":{"@type":"ImageObject","inLanguage":"de","@id":"https:\/\/rentaload.com\/de\/#\/schema\/logo\/image\/","url":"https:\/\/rentaload.com\/wp-content\/uploads\/2018\/03\/rentaload-logo-location-banc-de-charge-test-louer-1.png","contentUrl":"https:\/\/rentaload.com\/wp-content\/uploads\/2018\/03\/rentaload-logo-location-banc-de-charge-test-louer-1.png","width":470,"height":100,"caption":"Rentaload"},"image":{"@id":"https:\/\/rentaload.com\/de\/#\/schema\/logo\/image\/"}}]}},"_links":{"self":[{"href":"https:\/\/rentaload.com\/de\/wp-json\/wp\/v2\/pages\/24322","targetHints":{"allow":["GET"]}}],"collection":[{"href":"https:\/\/rentaload.com\/de\/wp-json\/wp\/v2\/pages"}],"about":[{"href":"https:\/\/rentaload.com\/de\/wp-json\/wp\/v2\/types\/page"}],"author":[{"embeddable":true,"href":"https:\/\/rentaload.com\/de\/wp-json\/wp\/v2\/users\/3"}],"replies":[{"embeddable":true,"href":"https:\/\/rentaload.com\/de\/wp-json\/wp\/v2\/comments?post=24322"}],"version-history":[{"count":5,"href":"https:\/\/rentaload.com\/de\/wp-json\/wp\/v2\/pages\/24322\/revisions"}],"predecessor-version":[{"id":32000,"href":"https:\/\/rentaload.com\/de\/wp-json\/wp\/v2\/pages\/24322\/revisions\/32000"}],"wp:attachment":[{"href":"https:\/\/rentaload.com\/de\/wp-json\/wp\/v2\/media?parent=24322"}],"curies":[{"name":"wp","href":"https:\/\/api.w.org\/{rel}","templated":true}]}}