{"id":28074,"date":"2018-03-05T15:29:17","date_gmt":"2018-03-05T14:29:17","guid":{"rendered":"https:\/\/rentaload.com\/aire\/"},"modified":"2022-06-01T04:18:53","modified_gmt":"2022-06-01T02:18:53","slug":"aire","status":"publish","type":"page","link":"https:\/\/rentaload.com\/es\/aplicaciones-de-banco-de-pruebas\/aire\/","title":{"rendered":"Aire"},"content":{"rendered":"<div class=\"fusion-fullwidth fullwidth-box fusion-builder-row-1 fusion-flex-container nonhundred-percent-fullwidth non-hundred-percent-height-scrolling ctnr-top-h1\" style=\"--awb-border-radius-top-left:0px;--awb-border-radius-top-right:0px;--awb-border-radius-bottom-right:0px;--awb-border-radius-bottom-left:0px;--awb-flex-wrap:wrap;\" ><div class=\"fusion-builder-row fusion-row fusion-flex-align-items-flex-start fusion-flex-justify-content-center fusion-flex-content-wrap\" style=\"max-width:1144px;margin-left: calc(-4% \/ 2 );margin-right: calc(-4% \/ 2 );\"><div class=\"fusion-layout-column fusion_builder_column fusion-builder-column-0 fusion_builder_column_1_2 1_2 fusion-flex-column col-inside\" style=\"--awb-bg-size:cover;--awb-width-large:50%;--awb-margin-top-large:0px;--awb-spacing-right-large:3.84%;--awb-margin-bottom-large:20px;--awb-spacing-left-large:3.84%;--awb-width-medium:100%;--awb-order-medium:0;--awb-spacing-right-medium:1.92%;--awb-spacing-left-medium:1.92%;--awb-width-small:100%;--awb-order-small:0;--awb-spacing-right-small:1.92%;--awb-spacing-left-small:1.92%;\"><div class=\"fusion-column-wrapper fusion-column-has-shadow fusion-flex-justify-content-flex-start fusion-content-layout-column\"><div class=\"fusion-title title fusion-title-1 fusion-sep-none fusion-title-text fusion-title-size-one\" style=\"--awb-margin-top-small:0px;--awb-margin-right-small:0px;--awb-margin-bottom-small:20px;--awb-margin-left-small:0px;\"><h1 class=\"fusion-title-heading title-heading-left\" style=\"margin:0;\">Aire<\/h1><\/div><div class=\"fusion-text fusion-text-1\" style=\"--awb-text-transform:none;\"><p><strong>Prolongue la vida \u00fatil de la bater\u00eda y apoye la producci\u00f3n<\/strong><br \/>\nLa presencia sistem\u00e1tica de bater\u00edas en aeronaves o barcos que realizan misiones estrat\u00e9gicas ya veces peligrosas exige que estos equipos sean fiables y operativos. El mantenimiento de estos equipos es, por tanto, un punto clave de \u00e9xito. Una bater\u00eda necesita, seg\u00fan su tecnolog\u00eda, ser descargada y regenerada o simplemente probada para asegurar su correcto funcionamiento. Por lo tanto, el uso de un banco de descarga es la regla para este tipo de mantenimiento. Las limitaciones en aeron\u00e1utica (frecuencia de 400 Hz) hacen que los fabricantes hayan desarrollado gamas espec\u00edficas de bancos de descarga.<\/p>\n<p>Adem\u00e1s, en naval y aeron\u00e1utica, la instalaci\u00f3n de un motor t\u00e9rmico requiere importantes operaciones de montaje, en ocasiones irreversibles (ej: caso de submarinos o barcos). Es necesario asegurarse de que el motor funcione correctamente y que se haya ajustado antes del lanzamiento o la prueba de vuelo. El banco de carga cumple plenamente este papel.<\/p>\n<p><strong>Tipos de bancos de carga<\/strong><\/p>\n<ul>\n<li>Banco de descarga de bater\u00eda de CC<\/li>\n<li>Banco de descarga de corriente alterna<\/li>\n<li>Banco de carga para prueba de generador o turbina<\/li>\n<\/ul>\n<\/div><div ><a class=\"fusion-button button-flat fusion-button-default-size button-default fusion-button-default button-1 fusion-button-default-span fusion-button-default-type\" target=\"_self\" href=\"https:\/\/rentaload.com\/fr\/contact\/\"><span class=\"fusion-button-text awb-button__text awb-button__text--default\">CONT\u00c1CTENOS<\/span><\/a><\/div><\/div><\/div><div class=\"fusion-layout-column fusion_builder_column fusion-builder-column-1 fusion_builder_column_1_2 1_2 fusion-flex-column col-img\" style=\"--awb-bg-size:cover;--awb-width-large:50%;--awb-margin-top-large:0px;--awb-spacing-right-large:3.84%;--awb-margin-bottom-large:20px;--awb-spacing-left-large:3.84%;--awb-width-medium:100%;--awb-order-medium:0;--awb-spacing-right-medium:1.92%;--awb-spacing-left-medium:1.92%;--awb-width-small:100%;--awb-order-small:0;--awb-spacing-right-small:1.92%;--awb-spacing-left-small:1.92%;\"><div class=\"fusion-column-wrapper fusion-column-has-shadow fusion-flex-justify-content-flex-start fusion-content-layout-column\"><div class=\"fusion-image-element \" style=\"--awb-caption-title-font-family:var(--h2_typography-font-family);--awb-caption-title-font-weight:var(--h2_typography-font-weight);--awb-caption-title-font-style:var(--h2_typography-font-style);--awb-caption-title-size:var(--h2_typography-font-size);--awb-caption-title-transform:var(--h2_typography-text-transform);--awb-caption-title-line-height:var(--h2_typography-line-height);--awb-caption-title-letter-spacing:var(--h2_typography-letter-spacing);\"><span class=\" fusion-imageframe imageframe-none imageframe-1 hover-type-none\"><img decoding=\"async\" width=\"453\" height=\"372\" title=\"test_moteur_400hz_banc_de_charge_load-bank-avion_turbine\" src=\"https:\/\/rentaload.com\/wp-content\/uploads\/2018\/03\/test_moteur_400hz_banc_de_charge_load-bank-avion_turbine.jpg\" alt class=\"img-responsive wp-image-15350\" srcset=\"https:\/\/rentaload.com\/wp-content\/uploads\/2018\/03\/test_moteur_400hz_banc_de_charge_load-bank-avion_turbine-200x164.jpg 200w, https:\/\/rentaload.com\/wp-content\/uploads\/2018\/03\/test_moteur_400hz_banc_de_charge_load-bank-avion_turbine-400x328.jpg 400w, https:\/\/rentaload.com\/wp-content\/uploads\/2018\/03\/test_moteur_400hz_banc_de_charge_load-bank-avion_turbine.jpg 453w\" sizes=\"(max-width: 1024px) 100vw, (max-width: 640px) 100vw, 453px\" \/><\/span><\/div><\/div><\/div><\/div><\/div>\n","protected":false},"excerpt":{"rendered":"","protected":false},"author":3,"featured_media":0,"parent":28078,"menu_order":0,"comment_status":"closed","ping_status":"closed","template":"100-width.php","meta":{"footnotes":""},"class_list":["post-28074","page","type-page","status-publish","hentry"],"yoast_head":"<!-- This site is optimized with the Yoast SEO plugin v27.4 - https:\/\/yoast.com\/product\/yoast-seo-wordpress\/ -->\n<title>Rentaload: Aplicaciones de banco de carga: Mercado a\u00e9reo<\/title>\n<meta name=\"robots\" content=\"index, follow, max-snippet:-1, max-image-preview:large, max-video-preview:-1\" \/>\n<link rel=\"canonical\" href=\"https:\/\/rentaload.com\/es\/aplicaciones-de-banco-de-pruebas\/aire\/\" \/>\n<meta property=\"og:locale\" content=\"es_ES\" \/>\n<meta property=\"og:type\" content=\"article\" \/>\n<meta property=\"og:title\" content=\"Rentaload: Aplicaciones de banco de carga: Mercado a\u00e9reo\" \/>\n<meta property=\"og:url\" content=\"https:\/\/rentaload.com\/es\/aplicaciones-de-banco-de-pruebas\/aire\/\" \/>\n<meta property=\"og:site_name\" content=\"Rentaload\" \/>\n<meta property=\"article:modified_time\" content=\"2022-06-01T02:18:53+00:00\" \/>\n<meta name=\"twitter:card\" content=\"summary_large_image\" \/>\n<meta name=\"twitter:label1\" content=\"Tiempo de lectura\" \/>\n\t<meta name=\"twitter:data1\" content=\"8 minutos\" \/>\n<script type=\"application\/ld+json\" class=\"yoast-schema-graph\">{\"@context\":\"https:\\\/\\\/schema.org\",\"@graph\":[{\"@type\":\"WebPage\",\"@id\":\"https:\\\/\\\/rentaload.com\\\/es\\\/aplicaciones-de-banco-de-pruebas\\\/aire\\\/\",\"url\":\"https:\\\/\\\/rentaload.com\\\/es\\\/aplicaciones-de-banco-de-pruebas\\\/aire\\\/\",\"name\":\"Rentaload: Aplicaciones de banco de carga: Mercado a\u00e9reo\",\"isPartOf\":{\"@id\":\"https:\\\/\\\/rentaload.com\\\/es\\\/#website\"},\"datePublished\":\"2018-03-05T14:29:17+00:00\",\"dateModified\":\"2022-06-01T02:18:53+00:00\",\"inLanguage\":\"es\",\"potentialAction\":[{\"@type\":\"ReadAction\",\"target\":[\"https:\\\/\\\/rentaload.com\\\/es\\\/aplicaciones-de-banco-de-pruebas\\\/aire\\\/\"]}]},{\"@type\":\"WebSite\",\"@id\":\"https:\\\/\\\/rentaload.com\\\/es\\\/#website\",\"url\":\"https:\\\/\\\/rentaload.com\\\/es\\\/\",\"name\":\"Rentaload\",\"description\":\"Load bank hire - location banc de charge - Lastbank vermietung\",\"publisher\":{\"@id\":\"https:\\\/\\\/rentaload.com\\\/es\\\/#organization\"},\"potentialAction\":[{\"@type\":\"SearchAction\",\"target\":{\"@type\":\"EntryPoint\",\"urlTemplate\":\"https:\\\/\\\/rentaload.com\\\/es\\\/?s={search_term_string}\"},\"query-input\":{\"@type\":\"PropertyValueSpecification\",\"valueRequired\":true,\"valueName\":\"search_term_string\"}}],\"inLanguage\":\"es\"},{\"@type\":\"Organization\",\"@id\":\"https:\\\/\\\/rentaload.com\\\/es\\\/#organization\",\"name\":\"Rentaload\",\"url\":\"https:\\\/\\\/rentaload.com\\\/es\\\/\",\"logo\":{\"@type\":\"ImageObject\",\"inLanguage\":\"es\",\"@id\":\"https:\\\/\\\/rentaload.com\\\/es\\\/#\\\/schema\\\/logo\\\/image\\\/\",\"url\":\"https:\\\/\\\/rentaload.com\\\/wp-content\\\/uploads\\\/2018\\\/03\\\/rentaload-logo-location-banc-de-charge-test-louer-1.png\",\"contentUrl\":\"https:\\\/\\\/rentaload.com\\\/wp-content\\\/uploads\\\/2018\\\/03\\\/rentaload-logo-location-banc-de-charge-test-louer-1.png\",\"width\":470,\"height\":100,\"caption\":\"Rentaload\"},\"image\":{\"@id\":\"https:\\\/\\\/rentaload.com\\\/es\\\/#\\\/schema\\\/logo\\\/image\\\/\"}}]}<\/script>\n<!-- \/ Yoast SEO plugin. -->","yoast_head_json":{"title":"Rentaload: Aplicaciones de banco de carga: Mercado a\u00e9reo","robots":{"index":"index","follow":"follow","max-snippet":"max-snippet:-1","max-image-preview":"max-image-preview:large","max-video-preview":"max-video-preview:-1"},"canonical":"https:\/\/rentaload.com\/es\/aplicaciones-de-banco-de-pruebas\/aire\/","og_locale":"es_ES","og_type":"article","og_title":"Rentaload: Aplicaciones de banco de carga: Mercado a\u00e9reo","og_url":"https:\/\/rentaload.com\/es\/aplicaciones-de-banco-de-pruebas\/aire\/","og_site_name":"Rentaload","article_modified_time":"2022-06-01T02:18:53+00:00","twitter_card":"summary_large_image","twitter_misc":{"Tiempo de lectura":"8 minutos"},"schema":{"@context":"https:\/\/schema.org","@graph":[{"@type":"WebPage","@id":"https:\/\/rentaload.com\/es\/aplicaciones-de-banco-de-pruebas\/aire\/","url":"https:\/\/rentaload.com\/es\/aplicaciones-de-banco-de-pruebas\/aire\/","name":"Rentaload: Aplicaciones de banco de carga: Mercado a\u00e9reo","isPartOf":{"@id":"https:\/\/rentaload.com\/es\/#website"},"datePublished":"2018-03-05T14:29:17+00:00","dateModified":"2022-06-01T02:18:53+00:00","inLanguage":"es","potentialAction":[{"@type":"ReadAction","target":["https:\/\/rentaload.com\/es\/aplicaciones-de-banco-de-pruebas\/aire\/"]}]},{"@type":"WebSite","@id":"https:\/\/rentaload.com\/es\/#website","url":"https:\/\/rentaload.com\/es\/","name":"Rentaload","description":"Load bank hire - location banc de charge - Lastbank vermietung","publisher":{"@id":"https:\/\/rentaload.com\/es\/#organization"},"potentialAction":[{"@type":"SearchAction","target":{"@type":"EntryPoint","urlTemplate":"https:\/\/rentaload.com\/es\/?s={search_term_string}"},"query-input":{"@type":"PropertyValueSpecification","valueRequired":true,"valueName":"search_term_string"}}],"inLanguage":"es"},{"@type":"Organization","@id":"https:\/\/rentaload.com\/es\/#organization","name":"Rentaload","url":"https:\/\/rentaload.com\/es\/","logo":{"@type":"ImageObject","inLanguage":"es","@id":"https:\/\/rentaload.com\/es\/#\/schema\/logo\/image\/","url":"https:\/\/rentaload.com\/wp-content\/uploads\/2018\/03\/rentaload-logo-location-banc-de-charge-test-louer-1.png","contentUrl":"https:\/\/rentaload.com\/wp-content\/uploads\/2018\/03\/rentaload-logo-location-banc-de-charge-test-louer-1.png","width":470,"height":100,"caption":"Rentaload"},"image":{"@id":"https:\/\/rentaload.com\/es\/#\/schema\/logo\/image\/"}}]}},"_links":{"self":[{"href":"https:\/\/rentaload.com\/es\/wp-json\/wp\/v2\/pages\/28074","targetHints":{"allow":["GET"]}}],"collection":[{"href":"https:\/\/rentaload.com\/es\/wp-json\/wp\/v2\/pages"}],"about":[{"href":"https:\/\/rentaload.com\/es\/wp-json\/wp\/v2\/types\/page"}],"author":[{"embeddable":true,"href":"https:\/\/rentaload.com\/es\/wp-json\/wp\/v2\/users\/3"}],"replies":[{"embeddable":true,"href":"https:\/\/rentaload.com\/es\/wp-json\/wp\/v2\/comments?post=28074"}],"version-history":[{"count":2,"href":"https:\/\/rentaload.com\/es\/wp-json\/wp\/v2\/pages\/28074\/revisions"}],"predecessor-version":[{"id":28082,"href":"https:\/\/rentaload.com\/es\/wp-json\/wp\/v2\/pages\/28074\/revisions\/28082"}],"up":[{"embeddable":true,"href":"https:\/\/rentaload.com\/es\/wp-json\/wp\/v2\/pages\/28078"}],"wp:attachment":[{"href":"https:\/\/rentaload.com\/es\/wp-json\/wp\/v2\/media?parent=28074"}],"curies":[{"name":"wp","href":"https:\/\/api.w.org\/{rel}","templated":true}]}}