{"id":28075,"date":"2018-03-05T15:30:13","date_gmt":"2018-03-05T14:30:13","guid":{"rendered":"https:\/\/rentaload.com\/ejercito\/"},"modified":"2022-06-01T04:18:54","modified_gmt":"2022-06-01T02:18:54","slug":"ejercito","status":"publish","type":"page","link":"https:\/\/rentaload.com\/es\/aplicaciones-de-banco-de-pruebas\/ejercito\/","title":{"rendered":"Ej\u00e9rcito"},"content":{"rendered":"<div class=\"fusion-fullwidth fullwidth-box fusion-builder-row-1 fusion-flex-container nonhundred-percent-fullwidth non-hundred-percent-height-scrolling ctnr-top-h1\" style=\"--awb-border-radius-top-left:0px;--awb-border-radius-top-right:0px;--awb-border-radius-bottom-right:0px;--awb-border-radius-bottom-left:0px;--awb-flex-wrap:wrap;\" ><div class=\"fusion-builder-row fusion-row fusion-flex-align-items-flex-start fusion-flex-justify-content-center fusion-flex-content-wrap\" style=\"max-width:1144px;margin-left: calc(-4% \/ 2 );margin-right: calc(-4% \/ 2 );\"><div class=\"fusion-layout-column fusion_builder_column fusion-builder-column-0 fusion_builder_column_1_2 1_2 fusion-flex-column col-inside\" style=\"--awb-bg-size:cover;--awb-width-large:50%;--awb-margin-top-large:0px;--awb-spacing-right-large:3.84%;--awb-margin-bottom-large:20px;--awb-spacing-left-large:3.84%;--awb-width-medium:100%;--awb-order-medium:0;--awb-spacing-right-medium:1.92%;--awb-spacing-left-medium:1.92%;--awb-width-small:100%;--awb-order-small:0;--awb-spacing-right-small:1.92%;--awb-spacing-left-small:1.92%;\"><div class=\"fusion-column-wrapper fusion-column-has-shadow fusion-flex-justify-content-flex-start fusion-content-layout-column\"><div class=\"fusion-title title fusion-title-1 fusion-sep-none fusion-title-text fusion-title-size-one\" style=\"--awb-margin-top-small:0px;--awb-margin-right-small:0px;--awb-margin-bottom-small:20px;--awb-margin-left-small:0px;\"><h1 class=\"fusion-title-heading title-heading-left\" style=\"margin:0;\">Ej\u00e9rcito<\/h1><\/div><div class=\"fusion-text fusion-text-1\"><h3>Principio de seguridad de los equipos y mantenimiento de las condiciones<\/h3>\n<p>Durante las campa\u00f1as o ejercicios militares, es posible que se requiera que los ej\u00e9rcitos y su equipo estrat\u00e9gico se desplieguen en teatros de operaciones en su pa\u00eds de origen o en el extranjero: Los grupos electr\u00f3genos son equipos cr\u00edticos que pueden proporcionar energ\u00eda para los campamentos base. Estos grupos deben probarse regularmente cuando est\u00e1n almacenados o antes de enviarlos al campo. Es importante probarlos en condiciones operativas. El banco de carga es la forma m\u00e1s segura de realizar este tipo de prueba.<\/p>\n<h3>Tipos de aplicaci\u00f3n del banco de carga reforzado<\/h3>\n<ul>\n<li>Probar el buen funcionamiento de un generador<\/li>\n<li>Pruebas de motores en aviaci\u00f3n y aeron\u00e1utica (frecuencia 400 Hz)<\/li>\n<li>Varias pruebas de equipos.<\/li>\n<\/ul>\n<\/div><div ><a class=\"fusion-button button-flat fusion-button-default-size button-default fusion-button-default button-1 fusion-button-default-span fusion-button-default-type\" target=\"_self\" href=\"https:\/\/rentaload.com\/fr\/contact\/\"><span class=\"fusion-button-text awb-button__text awb-button__text--default\">CONT\u00c1CTENOS<\/span><\/a><\/div><\/div><\/div><div class=\"fusion-layout-column fusion_builder_column fusion-builder-column-1 fusion_builder_column_1_2 1_2 fusion-flex-column col-img\" style=\"--awb-bg-size:cover;--awb-width-large:50%;--awb-margin-top-large:0px;--awb-spacing-right-large:3.84%;--awb-margin-bottom-large:20px;--awb-spacing-left-large:3.84%;--awb-width-medium:100%;--awb-order-medium:0;--awb-spacing-right-medium:1.92%;--awb-spacing-left-medium:1.92%;--awb-width-small:100%;--awb-order-small:0;--awb-spacing-right-small:1.92%;--awb-spacing-left-small:1.92%;\"><div class=\"fusion-column-wrapper fusion-column-has-shadow fusion-flex-justify-content-flex-start fusion-content-layout-column\"><div class=\"fusion-image-element \" style=\"text-align:center;--awb-caption-title-font-family:var(--h2_typography-font-family);--awb-caption-title-font-weight:var(--h2_typography-font-weight);--awb-caption-title-font-style:var(--h2_typography-font-style);--awb-caption-title-size:var(--h2_typography-font-size);--awb-caption-title-transform:var(--h2_typography-text-transform);--awb-caption-title-line-height:var(--h2_typography-line-height);--awb-caption-title-letter-spacing:var(--h2_typography-letter-spacing);\"><span class=\" fusion-imageframe imageframe-none imageframe-1 hover-type-none\"><img decoding=\"async\" width=\"600\" height=\"500\" title=\"Army_loadbank_generators-genset_heater_test_commissioning\" src=\"https:\/\/rentaload.com\/wp-content\/uploads\/2018\/03\/Army_loadbank_generators-genset_heater_test_commissioning-600x500.png\" alt class=\"img-responsive wp-image-15550\" srcset=\"https:\/\/rentaload.com\/wp-content\/uploads\/2018\/03\/Army_loadbank_generators-genset_heater_test_commissioning-200x167.png 200w, https:\/\/rentaload.com\/wp-content\/uploads\/2018\/03\/Army_loadbank_generators-genset_heater_test_commissioning-400x333.png 400w, https:\/\/rentaload.com\/wp-content\/uploads\/2018\/03\/Army_loadbank_generators-genset_heater_test_commissioning-600x500.png 600w, https:\/\/rentaload.com\/wp-content\/uploads\/2018\/03\/Army_loadbank_generators-genset_heater_test_commissioning.png 603w\" sizes=\"(max-width: 1024px) 100vw, (max-width: 640px) 100vw, 600px\" \/><\/span><\/div><\/div><\/div><\/div><\/div>\n","protected":false},"excerpt":{"rendered":"","protected":false},"author":3,"featured_media":0,"parent":28078,"menu_order":0,"comment_status":"closed","ping_status":"closed","template":"","meta":{"footnotes":""},"class_list":["post-28075","page","type-page","status-publish","hentry"],"yoast_head":"<!-- This site is optimized with the Yoast SEO plugin v27.4 - https:\/\/yoast.com\/product\/yoast-seo-wordpress\/ -->\n<title>Rentaload: Nuestras aplicaciones: Bancos de carga para el ej\u00e9rcito<\/title>\n<meta name=\"description\" content=\"Los generadores deben probarse regularmente durante el almacenamiento o antes de enviarse al campo, gracias a los bancos de carga\" \/>\n<meta name=\"robots\" content=\"index, follow, max-snippet:-1, max-image-preview:large, max-video-preview:-1\" \/>\n<link rel=\"canonical\" href=\"https:\/\/rentaload.com\/es\/aplicaciones-de-banco-de-pruebas\/ejercito\/\" \/>\n<meta property=\"og:locale\" content=\"es_ES\" \/>\n<meta property=\"og:type\" content=\"article\" \/>\n<meta property=\"og:title\" content=\"Rentaload: Nuestras aplicaciones: Bancos de carga para el ej\u00e9rcito\" \/>\n<meta property=\"og:description\" content=\"Los generadores deben probarse regularmente durante el almacenamiento o antes de enviarse al campo, gracias a los bancos de carga\" \/>\n<meta property=\"og:url\" content=\"https:\/\/rentaload.com\/es\/aplicaciones-de-banco-de-pruebas\/ejercito\/\" \/>\n<meta property=\"og:site_name\" content=\"Rentaload\" \/>\n<meta property=\"article:modified_time\" content=\"2022-06-01T02:18:54+00:00\" \/>\n<meta name=\"twitter:card\" content=\"summary_large_image\" \/>\n<meta name=\"twitter:label1\" content=\"Tiempo de lectura\" \/>\n\t<meta name=\"twitter:data1\" content=\"8 minutos\" \/>\n<script type=\"application\/ld+json\" class=\"yoast-schema-graph\">{\"@context\":\"https:\\\/\\\/schema.org\",\"@graph\":[{\"@type\":\"WebPage\",\"@id\":\"https:\\\/\\\/rentaload.com\\\/es\\\/aplicaciones-de-banco-de-pruebas\\\/ejercito\\\/\",\"url\":\"https:\\\/\\\/rentaload.com\\\/es\\\/aplicaciones-de-banco-de-pruebas\\\/ejercito\\\/\",\"name\":\"Rentaload: Nuestras aplicaciones: Bancos de carga para el ej\u00e9rcito\",\"isPartOf\":{\"@id\":\"https:\\\/\\\/rentaload.com\\\/es\\\/#website\"},\"datePublished\":\"2018-03-05T14:30:13+00:00\",\"dateModified\":\"2022-06-01T02:18:54+00:00\",\"description\":\"Los generadores deben probarse regularmente durante el almacenamiento o antes de enviarse al campo, gracias a los bancos de carga\",\"inLanguage\":\"es\",\"potentialAction\":[{\"@type\":\"ReadAction\",\"target\":[\"https:\\\/\\\/rentaload.com\\\/es\\\/aplicaciones-de-banco-de-pruebas\\\/ejercito\\\/\"]}]},{\"@type\":\"WebSite\",\"@id\":\"https:\\\/\\\/rentaload.com\\\/es\\\/#website\",\"url\":\"https:\\\/\\\/rentaload.com\\\/es\\\/\",\"name\":\"Rentaload\",\"description\":\"Load bank hire - location banc de charge - Lastbank vermietung\",\"publisher\":{\"@id\":\"https:\\\/\\\/rentaload.com\\\/es\\\/#organization\"},\"potentialAction\":[{\"@type\":\"SearchAction\",\"target\":{\"@type\":\"EntryPoint\",\"urlTemplate\":\"https:\\\/\\\/rentaload.com\\\/es\\\/?s={search_term_string}\"},\"query-input\":{\"@type\":\"PropertyValueSpecification\",\"valueRequired\":true,\"valueName\":\"search_term_string\"}}],\"inLanguage\":\"es\"},{\"@type\":\"Organization\",\"@id\":\"https:\\\/\\\/rentaload.com\\\/es\\\/#organization\",\"name\":\"Rentaload\",\"url\":\"https:\\\/\\\/rentaload.com\\\/es\\\/\",\"logo\":{\"@type\":\"ImageObject\",\"inLanguage\":\"es\",\"@id\":\"https:\\\/\\\/rentaload.com\\\/es\\\/#\\\/schema\\\/logo\\\/image\\\/\",\"url\":\"https:\\\/\\\/rentaload.com\\\/wp-content\\\/uploads\\\/2018\\\/03\\\/rentaload-logo-location-banc-de-charge-test-louer-1.png\",\"contentUrl\":\"https:\\\/\\\/rentaload.com\\\/wp-content\\\/uploads\\\/2018\\\/03\\\/rentaload-logo-location-banc-de-charge-test-louer-1.png\",\"width\":470,\"height\":100,\"caption\":\"Rentaload\"},\"image\":{\"@id\":\"https:\\\/\\\/rentaload.com\\\/es\\\/#\\\/schema\\\/logo\\\/image\\\/\"}}]}<\/script>\n<!-- \/ Yoast SEO plugin. -->","yoast_head_json":{"title":"Rentaload: Nuestras aplicaciones: Bancos de carga para el ej\u00e9rcito","description":"Los generadores deben probarse regularmente durante el almacenamiento o antes de enviarse al campo, gracias a los bancos de carga","robots":{"index":"index","follow":"follow","max-snippet":"max-snippet:-1","max-image-preview":"max-image-preview:large","max-video-preview":"max-video-preview:-1"},"canonical":"https:\/\/rentaload.com\/es\/aplicaciones-de-banco-de-pruebas\/ejercito\/","og_locale":"es_ES","og_type":"article","og_title":"Rentaload: Nuestras aplicaciones: Bancos de carga para el ej\u00e9rcito","og_description":"Los generadores deben probarse regularmente durante el almacenamiento o antes de enviarse al campo, gracias a los bancos de carga","og_url":"https:\/\/rentaload.com\/es\/aplicaciones-de-banco-de-pruebas\/ejercito\/","og_site_name":"Rentaload","article_modified_time":"2022-06-01T02:18:54+00:00","twitter_card":"summary_large_image","twitter_misc":{"Tiempo de lectura":"8 minutos"},"schema":{"@context":"https:\/\/schema.org","@graph":[{"@type":"WebPage","@id":"https:\/\/rentaload.com\/es\/aplicaciones-de-banco-de-pruebas\/ejercito\/","url":"https:\/\/rentaload.com\/es\/aplicaciones-de-banco-de-pruebas\/ejercito\/","name":"Rentaload: Nuestras aplicaciones: Bancos de carga para el ej\u00e9rcito","isPartOf":{"@id":"https:\/\/rentaload.com\/es\/#website"},"datePublished":"2018-03-05T14:30:13+00:00","dateModified":"2022-06-01T02:18:54+00:00","description":"Los generadores deben probarse regularmente durante el almacenamiento o antes de enviarse al campo, gracias a los bancos de carga","inLanguage":"es","potentialAction":[{"@type":"ReadAction","target":["https:\/\/rentaload.com\/es\/aplicaciones-de-banco-de-pruebas\/ejercito\/"]}]},{"@type":"WebSite","@id":"https:\/\/rentaload.com\/es\/#website","url":"https:\/\/rentaload.com\/es\/","name":"Rentaload","description":"Load bank hire - location banc de charge - Lastbank vermietung","publisher":{"@id":"https:\/\/rentaload.com\/es\/#organization"},"potentialAction":[{"@type":"SearchAction","target":{"@type":"EntryPoint","urlTemplate":"https:\/\/rentaload.com\/es\/?s={search_term_string}"},"query-input":{"@type":"PropertyValueSpecification","valueRequired":true,"valueName":"search_term_string"}}],"inLanguage":"es"},{"@type":"Organization","@id":"https:\/\/rentaload.com\/es\/#organization","name":"Rentaload","url":"https:\/\/rentaload.com\/es\/","logo":{"@type":"ImageObject","inLanguage":"es","@id":"https:\/\/rentaload.com\/es\/#\/schema\/logo\/image\/","url":"https:\/\/rentaload.com\/wp-content\/uploads\/2018\/03\/rentaload-logo-location-banc-de-charge-test-louer-1.png","contentUrl":"https:\/\/rentaload.com\/wp-content\/uploads\/2018\/03\/rentaload-logo-location-banc-de-charge-test-louer-1.png","width":470,"height":100,"caption":"Rentaload"},"image":{"@id":"https:\/\/rentaload.com\/es\/#\/schema\/logo\/image\/"}}]}},"_links":{"self":[{"href":"https:\/\/rentaload.com\/es\/wp-json\/wp\/v2\/pages\/28075","targetHints":{"allow":["GET"]}}],"collection":[{"href":"https:\/\/rentaload.com\/es\/wp-json\/wp\/v2\/pages"}],"about":[{"href":"https:\/\/rentaload.com\/es\/wp-json\/wp\/v2\/types\/page"}],"author":[{"embeddable":true,"href":"https:\/\/rentaload.com\/es\/wp-json\/wp\/v2\/users\/3"}],"replies":[{"embeddable":true,"href":"https:\/\/rentaload.com\/es\/wp-json\/wp\/v2\/comments?post=28075"}],"version-history":[{"count":2,"href":"https:\/\/rentaload.com\/es\/wp-json\/wp\/v2\/pages\/28075\/revisions"}],"predecessor-version":[{"id":28084,"href":"https:\/\/rentaload.com\/es\/wp-json\/wp\/v2\/pages\/28075\/revisions\/28084"}],"up":[{"embeddable":true,"href":"https:\/\/rentaload.com\/es\/wp-json\/wp\/v2\/pages\/28078"}],"wp:attachment":[{"href":"https:\/\/rentaload.com\/es\/wp-json\/wp\/v2\/media?parent=28075"}],"curies":[{"name":"wp","href":"https:\/\/api.w.org\/{rel}","templated":true}]}}