{"id":28079,"date":"2018-03-05T15:22:54","date_gmt":"2018-03-05T14:22:54","guid":{"rendered":"https:\/\/rentaload.com\/eolica-solar\/"},"modified":"2022-06-01T04:18:55","modified_gmt":"2022-06-01T02:18:55","slug":"eolica-solar","status":"publish","type":"page","link":"https:\/\/rentaload.com\/es\/aplicaciones-de-banco-de-pruebas\/eolica-solar\/","title":{"rendered":"E\u00f3lica y energ\u00edas alternativas"},"content":{"rendered":"<p><div class=\"fusion-fullwidth fullwidth-box fusion-builder-row-1 fusion-flex-container nonhundred-percent-fullwidth non-hundred-percent-height-scrolling ctnr-top-h1\" style=\"--awb-border-radius-top-left:0px;--awb-border-radius-top-right:0px;--awb-border-radius-bottom-right:0px;--awb-border-radius-bottom-left:0px;--awb-flex-wrap:wrap;\" ><div class=\"fusion-builder-row fusion-row fusion-flex-align-items-flex-start fusion-flex-justify-content-center fusion-flex-content-wrap\" style=\"max-width:1144px;margin-left: calc(-4% \/ 2 );margin-right: calc(-4% \/ 2 );\"><div class=\"fusion-layout-column fusion_builder_column fusion-builder-column-0 fusion_builder_column_1_2 1_2 fusion-flex-column col-inside\" style=\"--awb-bg-size:cover;--awb-width-large:50%;--awb-margin-top-large:0px;--awb-spacing-right-large:3.84%;--awb-margin-bottom-large:20px;--awb-spacing-left-large:3.84%;--awb-width-medium:100%;--awb-order-medium:0;--awb-spacing-right-medium:1.92%;--awb-spacing-left-medium:1.92%;--awb-width-small:100%;--awb-order-small:0;--awb-spacing-right-small:1.92%;--awb-spacing-left-small:1.92%;\"><div class=\"fusion-column-wrapper fusion-column-has-shadow fusion-flex-justify-content-flex-start fusion-content-layout-column\"><div class=\"fusion-title title fusion-title-1 fusion-sep-none fusion-title-text fusion-title-size-one\" style=\"--awb-margin-top-small:0px;--awb-margin-right-small:0px;--awb-margin-bottom-small:20px;--awb-margin-left-small:0px;\"><h1 class=\"fusion-title-heading title-heading-left\" style=\"margin:0;\">Mercado e\u00f3lico y energ\u00edas alternativas<\/h1><\/div><div class=\"fusion-text fusion-text-1\" style=\"--awb-text-transform:none;\"><p>Durante la construcci\u00f3n de un parque e\u00f3lico, el tema de los tiempos de conexi\u00f3n a la red es un punto cr\u00edtico. De hecho, la creaci\u00f3n de una subestaci\u00f3n de entrega por parte del fabricante no siempre es simult\u00e1nea con la conexi\u00f3n a la subestaci\u00f3n de origen de la red o incluso con su construcci\u00f3n. Por lo tanto, poner un aerogenerador en \u00abhibernaci\u00f3n\u00bb puede suponer un riesgo para el equipo. Sin voltaje ni calor, la condensaci\u00f3n se desarrolla en el m\u00e1stil y puede afectar el correcto funcionamiento de los equipos el\u00e9ctricos. Por tanto, conviene acoplar el aerogenerador a un generador para alimentar los auxiliares. Entonces es posible probar estos auxiliares (ver obligatorio en Espa\u00f1a, Alemania y en los pa\u00edses del norte de Europa) antes de la conexi\u00f3n. El banco de carga permite simular una carga (al menos el 30% de la capacidad de la turbina) y evitar los problemas de desgaste prematuro por un lado y por otro probar los distintos equipos.<\/p>\n<\/div><div ><a class=\"fusion-button button-flat fusion-button-default-size button-default fusion-button-default button-1 fusion-button-default-span fusion-button-default-type\" target=\"_self\" href=\"#\" data-toggle=\"modal\" data-target=\".fusion-modal.contact\"><span class=\"fusion-button-text awb-button__text awb-button__text--default\">Solicite una cotizaci\u00f3n<\/span><\/a><\/div><\/div><\/div><div class=\"fusion-layout-column fusion_builder_column fusion-builder-column-1 fusion_builder_column_1_2 1_2 fusion-flex-column col-img\" style=\"--awb-bg-size:cover;--awb-width-large:50%;--awb-margin-top-large:0px;--awb-spacing-right-large:3.84%;--awb-margin-bottom-large:20px;--awb-spacing-left-large:3.84%;--awb-width-medium:100%;--awb-order-medium:0;--awb-spacing-right-medium:1.92%;--awb-spacing-left-medium:1.92%;--awb-width-small:100%;--awb-order-small:0;--awb-spacing-right-small:1.92%;--awb-spacing-left-small:1.92%;\"><div class=\"fusion-column-wrapper fusion-column-has-shadow fusion-flex-justify-content-flex-start fusion-content-layout-column\"><div class=\"fusion-image-element \" style=\"--awb-caption-title-font-family:var(--h2_typography-font-family);--awb-caption-title-font-weight:var(--h2_typography-font-weight);--awb-caption-title-font-style:var(--h2_typography-font-style);--awb-caption-title-size:var(--h2_typography-font-size);--awb-caption-title-transform:var(--h2_typography-text-transform);--awb-caption-title-line-height:var(--h2_typography-line-height);--awb-caption-title-letter-spacing:var(--h2_typography-letter-spacing);\"><span class=\" fusion-imageframe imageframe-none imageframe-1 hover-type-none\"><img decoding=\"async\" width=\"800\" height=\"600\" title=\"eolienne-min\" src=\"https:\/\/rentaload.com\/wp-content\/uploads\/2022\/02\/eolienne-min.jpg\" alt class=\"img-responsive wp-image-23512\" srcset=\"https:\/\/rentaload.com\/wp-content\/uploads\/2022\/02\/eolienne-min-200x150.jpg 200w, https:\/\/rentaload.com\/wp-content\/uploads\/2022\/02\/eolienne-min-400x300.jpg 400w, https:\/\/rentaload.com\/wp-content\/uploads\/2022\/02\/eolienne-min-600x450.jpg 600w, https:\/\/rentaload.com\/wp-content\/uploads\/2022\/02\/eolienne-min.jpg 800w\" sizes=\"(max-width: 1024px) 100vw, (max-width: 640px) 100vw, 600px\" \/><\/span><\/div><\/div><\/div><\/div><\/div><div class=\"fusion-fullwidth fullwidth-box fusion-builder-row-2 fusion-flex-container nonhundred-percent-fullwidth non-hundred-percent-height-scrolling ctnr-simple\" style=\"--awb-border-radius-top-left:0px;--awb-border-radius-top-right:0px;--awb-border-radius-bottom-right:0px;--awb-border-radius-bottom-left:0px;--awb-flex-wrap:wrap;\" ><div class=\"fusion-builder-row fusion-row fusion-flex-align-items-flex-start fusion-flex-justify-content-center fusion-flex-content-wrap\" style=\"max-width:1144px;margin-left: calc(-4% \/ 2 );margin-right: calc(-4% \/ 2 );\"><div class=\"fusion-layout-column fusion_builder_column fusion-builder-column-2 fusion_builder_column_1_1 1_1 fusion-flex-column col-titre\" style=\"--awb-bg-size:cover;--awb-width-large:100%;--awb-margin-top-large:0px;--awb-spacing-right-large:1.92%;--awb-margin-bottom-large:20px;--awb-spacing-left-large:1.92%;--awb-width-medium:100%;--awb-order-medium:0;--awb-spacing-right-medium:1.92%;--awb-spacing-left-medium:1.92%;--awb-width-small:100%;--awb-order-small:0;--awb-spacing-right-small:1.92%;--awb-spacing-left-small:1.92%;\"><div class=\"fusion-column-wrapper fusion-column-has-shadow fusion-flex-justify-content-flex-start fusion-content-layout-column\"><div class=\"fusion-title title fusion-title-2 fusion-sep-none fusion-title-text fusion-title-size-two\" style=\"--awb-margin-top-small:0px;--awb-margin-right-small:0px;--awb-margin-bottom-small:20px;--awb-margin-left-small:0px;\"><h2 class=\"fusion-title-heading title-heading-left\" style=\"margin:0;\">Tipos de aplicaciones de bancos de carga de viento<\/h2><\/div><div class=\"fusion-text fusion-text-2\" style=\"--awb-text-transform:none;\"><ul>\n<li>Banco de carga para probar el aerogenerador en carga y validar el protocolo antes de la conexi\u00f3n (parada de emergencia, etc.)<\/li>\n<li>Banco de carga para simular el aerogenerador<\/li>\n<li>Banco \u201cTest type\u201d para probar nuevos modelos de aerogeneradores en f\u00e1brica<\/li>\n<\/ul>\n<\/div><\/div><\/div><\/div><\/div><div class=\"fusion-fullwidth fullwidth-box fusion-builder-row-3 fusion-flex-container nonhundred-percent-fullwidth non-hundred-percent-height-scrolling ctnr-img-gauche\" style=\"--awb-border-radius-top-left:0px;--awb-border-radius-top-right:0px;--awb-border-radius-bottom-right:0px;--awb-border-radius-bottom-left:0px;--awb-flex-wrap:wrap;\" ><div class=\"fusion-builder-row fusion-row fusion-flex-align-items-flex-start fusion-flex-justify-content-center fusion-flex-content-wrap\" style=\"max-width:1144px;margin-left: calc(-4% \/ 2 );margin-right: calc(-4% \/ 2 );\"><div class=\"fusion-layout-column fusion_builder_column fusion-builder-column-3 fusion_builder_column_1_2 1_2 fusion-flex-column col-img\" style=\"--awb-bg-size:cover;--awb-width-large:50%;--awb-margin-top-large:0px;--awb-spacing-right-large:3.84%;--awb-margin-bottom-large:20px;--awb-spacing-left-large:3.84%;--awb-width-medium:100%;--awb-order-medium:0;--awb-spacing-right-medium:1.92%;--awb-spacing-left-medium:1.92%;--awb-width-small:100%;--awb-order-small:0;--awb-spacing-right-small:1.92%;--awb-spacing-left-small:1.92%;\"><div class=\"fusion-column-wrapper fusion-column-has-shadow fusion-flex-justify-content-flex-start fusion-content-layout-column\"><div class=\"fusion-image-element \" style=\"--awb-caption-title-font-family:var(--h2_typography-font-family);--awb-caption-title-font-weight:var(--h2_typography-font-weight);--awb-caption-title-font-style:var(--h2_typography-font-style);--awb-caption-title-size:var(--h2_typography-font-size);--awb-caption-title-transform:var(--h2_typography-text-transform);--awb-caption-title-line-height:var(--h2_typography-line-height);--awb-caption-title-letter-spacing:var(--h2_typography-letter-spacing);\"><span class=\" fusion-imageframe imageframe-none imageframe-2 hover-type-none\"><img decoding=\"async\" width=\"800\" height=\"600\" title=\"img-6kw-min\" src=\"https:\/\/rentaload.com\/wp-content\/uploads\/2021\/10\/img-6kw-min.jpg\" alt class=\"img-responsive wp-image-22576\" srcset=\"https:\/\/rentaload.com\/wp-content\/uploads\/2021\/10\/img-6kw-min-200x150.jpg 200w, https:\/\/rentaload.com\/wp-content\/uploads\/2021\/10\/img-6kw-min-400x300.jpg 400w, https:\/\/rentaload.com\/wp-content\/uploads\/2021\/10\/img-6kw-min-600x450.jpg 600w, https:\/\/rentaload.com\/wp-content\/uploads\/2021\/10\/img-6kw-min.jpg 800w\" sizes=\"(max-width: 1024px) 100vw, (max-width: 640px) 100vw, 600px\" \/><\/span><\/div><\/div><\/div><div class=\"fusion-layout-column fusion_builder_column fusion-builder-column-4 fusion_builder_column_1_2 1_2 fusion-flex-column fusion-flex-align-self-center col-inside\" style=\"--awb-bg-size:cover;--awb-width-large:50%;--awb-margin-top-large:0px;--awb-spacing-right-large:3.84%;--awb-margin-bottom-large:20px;--awb-spacing-left-large:3.84%;--awb-width-medium:100%;--awb-order-medium:0;--awb-spacing-right-medium:1.92%;--awb-spacing-left-medium:1.92%;--awb-width-small:100%;--awb-order-small:0;--awb-spacing-right-small:1.92%;--awb-spacing-left-small:1.92%;\"><div class=\"fusion-column-wrapper fusion-column-has-shadow fusion-flex-justify-content-flex-start fusion-content-layout-column\"><div class=\"fusion-title title fusion-title-3 fusion-sep-none fusion-title-text fusion-title-size-two\" style=\"--awb-margin-top-small:0px;--awb-margin-right-small:0px;--awb-margin-bottom-small:20px;--awb-margin-left-small:0px;\"><h2 class=\"fusion-title-heading title-heading-left\" style=\"margin:0;\">El banco de carga conectado que hace que sus pruebas sean inteligentes<\/h2><\/div><div class=\"fusion-text fusion-text-3\"><p style=\"text-align: center;\">El banco de carga en rack conectado con una potencia de 7kW tiene doble fuente de alimentaci\u00f3n y tiene un delta T\u00b0 equivalente a servidores inform\u00e1ticos.<\/p>\n<\/div><div style=\"text-align:center;\"><a class=\"fusion-button button-flat fusion-button-default-size button-default fusion-button-default button-2 fusion-button-default-span fusion-button-default-type\" target=\"_self\" href=\"https:\/\/rentaload.com\/fr\/produits-banc-de-charge\/banc-rackable-connecte-7kw\/\"><i class=\" fa fa-file-text-o awb-button__icon awb-button__icon--default button-icon-left\" aria-hidden=\"true\"><\/i><span class=\"fusion-button-text awb-button__text awb-button__text--default\">Banco de carga en rack<\/span><\/a><\/div><\/div><\/div><\/div><\/div><div class=\"fusion-fullwidth fullwidth-box fusion-builder-row-4 fusion-flex-container nonhundred-percent-fullwidth non-hundred-percent-height-scrolling ctnr-img-droite\" style=\"--awb-border-radius-top-left:0px;--awb-border-radius-top-right:0px;--awb-border-radius-bottom-right:0px;--awb-border-radius-bottom-left:0px;--awb-flex-wrap:wrap;\" ><div class=\"fusion-builder-row fusion-row fusion-flex-align-items-flex-start fusion-flex-justify-content-center fusion-flex-content-wrap\" style=\"max-width:1144px;margin-left: calc(-4% \/ 2 );margin-right: calc(-4% \/ 2 );\"><div class=\"fusion-layout-column fusion_builder_column fusion-builder-column-5 fusion_builder_column_1_2 1_2 fusion-flex-column fusion-flex-align-self-center col-inside\" style=\"--awb-bg-size:cover;--awb-width-large:50%;--awb-margin-top-large:0px;--awb-spacing-right-large:3.84%;--awb-margin-bottom-large:20px;--awb-spacing-left-large:3.84%;--awb-width-medium:100%;--awb-order-medium:0;--awb-spacing-right-medium:1.92%;--awb-spacing-left-medium:1.92%;--awb-width-small:100%;--awb-order-small:0;--awb-spacing-right-small:1.92%;--awb-spacing-left-small:1.92%;\"><div class=\"fusion-column-wrapper fusion-column-has-shadow fusion-flex-justify-content-flex-start fusion-content-layout-column\"><div class=\"fusion-title title fusion-title-4 fusion-sep-none fusion-title-text fusion-title-size-two\" style=\"--awb-margin-top-small:0px;--awb-margin-right-small:0px;--awb-margin-bottom-small:20px;--awb-margin-left-small:0px;\"><h2 class=\"fusion-title-heading title-heading-left\" style=\"margin:0;\">Rentalab, el software de supervisi\u00f3n de pruebas de centros de datos<\/h2><\/div><div class=\"fusion-text fusion-text-4\"><p style=\"text-align: center;\">La herramienta Rentalab le permite controlar hasta 200 bancos de carga al mismo tiempo, recuperar informaci\u00f3n el\u00e9ctrica y t\u00e9rmica de su habitaci\u00f3n y generar informes de prueba.<\/p>\n<\/div><div style=\"text-align:center;\"><a class=\"fusion-button button-flat fusion-button-default-size button-default fusion-button-default button-3 fusion-button-default-span fusion-button-default-type\" target=\"_self\" href=\"https:\/\/rentaload.com\/supervision-banc-de-charge\/\"><i class=\" fa fa-desktop awb-button__icon awb-button__icon--default button-icon-left\" aria-hidden=\"true\"><\/i><span class=\"fusion-button-text awb-button__text awb-button__text--default\">Nuestra herramienta de seguimiento<\/span><\/a><\/div><\/div><\/div><div class=\"fusion-layout-column fusion_builder_column fusion-builder-column-6 fusion_builder_column_1_2 1_2 fusion-flex-column col-img\" style=\"--awb-bg-size:cover;--awb-width-large:50%;--awb-margin-top-large:0px;--awb-spacing-right-large:3.84%;--awb-margin-bottom-large:20px;--awb-spacing-left-large:3.84%;--awb-width-medium:100%;--awb-order-medium:0;--awb-spacing-right-medium:1.92%;--awb-spacing-left-medium:1.92%;--awb-width-small:100%;--awb-order-small:0;--awb-spacing-right-small:1.92%;--awb-spacing-left-small:1.92%;\"><div class=\"fusion-column-wrapper fusion-column-has-shadow fusion-flex-justify-content-flex-start fusion-content-layout-column\"><div class=\"fusion-image-element \" style=\"--awb-caption-title-font-family:var(--h2_typography-font-family);--awb-caption-title-font-weight:var(--h2_typography-font-weight);--awb-caption-title-font-style:var(--h2_typography-font-style);--awb-caption-title-size:var(--h2_typography-font-size);--awb-caption-title-transform:var(--h2_typography-text-transform);--awb-caption-title-line-height:var(--h2_typography-line-height);--awb-caption-title-letter-spacing:var(--h2_typography-letter-spacing);\"><span class=\" fusion-imageframe imageframe-none imageframe-3 hover-type-none\"><img decoding=\"async\" width=\"800\" height=\"600\" title=\"image logiciel supervision-min\" src=\"https:\/\/rentaload.com\/wp-content\/uploads\/2022\/02\/image-logiciel-supervision-min.jpg\" alt class=\"img-responsive wp-image-23112\" srcset=\"https:\/\/rentaload.com\/wp-content\/uploads\/2022\/02\/image-logiciel-supervision-min-200x150.jpg 200w, https:\/\/rentaload.com\/wp-content\/uploads\/2022\/02\/image-logiciel-supervision-min-400x300.jpg 400w, https:\/\/rentaload.com\/wp-content\/uploads\/2022\/02\/image-logiciel-supervision-min-600x450.jpg 600w, https:\/\/rentaload.com\/wp-content\/uploads\/2022\/02\/image-logiciel-supervision-min.jpg 800w\" sizes=\"(max-width: 1024px) 100vw, (max-width: 640px) 100vw, 600px\" \/><\/span><\/div><\/div><\/div><\/div><\/div><\/p>\n","protected":false},"excerpt":{"rendered":"","protected":false},"author":3,"featured_media":0,"parent":28078,"menu_order":0,"comment_status":"closed","ping_status":"closed","template":"100-width.php","meta":{"footnotes":""},"class_list":["post-28079","page","type-page","status-publish","hentry"],"yoast_head":"<!-- This site is optimized with the Yoast SEO plugin v27.3 - https:\/\/yoast.com\/product\/yoast-seo-wordpress\/ -->\n<title>Rentaload: Bancos de carga para el mercado e\u00f3lico<\/title>\n<meta name=\"description\" content=\"El banco de carga permite simular una carga y evitar problemas de desgaste prematuro por un lado y por otro probar los distintos equipos.\" \/>\n<meta name=\"robots\" content=\"index, follow, max-snippet:-1, max-image-preview:large, max-video-preview:-1\" \/>\n<link rel=\"canonical\" href=\"https:\/\/rentaload.com\/es\/aplicaciones-de-banco-de-pruebas\/eolica-solar\/\" \/>\n<meta property=\"og:locale\" content=\"es_ES\" \/>\n<meta property=\"og:type\" content=\"article\" \/>\n<meta property=\"og:title\" content=\"Rentaload: Bancos de carga para el mercado e\u00f3lico\" \/>\n<meta property=\"og:description\" content=\"El banco de carga permite simular una carga y evitar problemas de desgaste prematuro por un lado y por otro probar los distintos equipos.\" \/>\n<meta property=\"og:url\" content=\"https:\/\/rentaload.com\/es\/aplicaciones-de-banco-de-pruebas\/eolica-solar\/\" \/>\n<meta property=\"og:site_name\" content=\"Rentaload\" \/>\n<meta property=\"article:modified_time\" content=\"2022-06-01T02:18:55+00:00\" \/>\n<meta name=\"twitter:card\" content=\"summary_large_image\" \/>\n<meta name=\"twitter:label1\" content=\"Tiempo de lectura\" \/>\n\t<meta name=\"twitter:data1\" content=\"27 minutos\" \/>\n<script type=\"application\/ld+json\" class=\"yoast-schema-graph\">{\"@context\":\"https:\\\/\\\/schema.org\",\"@graph\":[{\"@type\":\"WebPage\",\"@id\":\"https:\\\/\\\/rentaload.com\\\/es\\\/aplicaciones-de-banco-de-pruebas\\\/eolica-solar\\\/\",\"url\":\"https:\\\/\\\/rentaload.com\\\/es\\\/aplicaciones-de-banco-de-pruebas\\\/eolica-solar\\\/\",\"name\":\"Rentaload: Bancos de carga para el mercado e\u00f3lico\",\"isPartOf\":{\"@id\":\"https:\\\/\\\/rentaload.com\\\/es\\\/#website\"},\"datePublished\":\"2018-03-05T14:22:54+00:00\",\"dateModified\":\"2022-06-01T02:18:55+00:00\",\"description\":\"El banco de carga permite simular una carga y evitar problemas de desgaste prematuro por un lado y por otro probar los distintos equipos.\",\"inLanguage\":\"es\",\"potentialAction\":[{\"@type\":\"ReadAction\",\"target\":[\"https:\\\/\\\/rentaload.com\\\/es\\\/aplicaciones-de-banco-de-pruebas\\\/eolica-solar\\\/\"]}]},{\"@type\":\"WebSite\",\"@id\":\"https:\\\/\\\/rentaload.com\\\/es\\\/#website\",\"url\":\"https:\\\/\\\/rentaload.com\\\/es\\\/\",\"name\":\"Rentaload\",\"description\":\"Load bank hire - location banc de charge - Lastbank vermietung\",\"publisher\":{\"@id\":\"https:\\\/\\\/rentaload.com\\\/es\\\/#organization\"},\"potentialAction\":[{\"@type\":\"SearchAction\",\"target\":{\"@type\":\"EntryPoint\",\"urlTemplate\":\"https:\\\/\\\/rentaload.com\\\/es\\\/?s={search_term_string}\"},\"query-input\":{\"@type\":\"PropertyValueSpecification\",\"valueRequired\":true,\"valueName\":\"search_term_string\"}}],\"inLanguage\":\"es\"},{\"@type\":\"Organization\",\"@id\":\"https:\\\/\\\/rentaload.com\\\/es\\\/#organization\",\"name\":\"Rentaload\",\"url\":\"https:\\\/\\\/rentaload.com\\\/es\\\/\",\"logo\":{\"@type\":\"ImageObject\",\"inLanguage\":\"es\",\"@id\":\"https:\\\/\\\/rentaload.com\\\/es\\\/#\\\/schema\\\/logo\\\/image\\\/\",\"url\":\"https:\\\/\\\/rentaload.com\\\/wp-content\\\/uploads\\\/2018\\\/03\\\/rentaload-logo-location-banc-de-charge-test-louer-1.png\",\"contentUrl\":\"https:\\\/\\\/rentaload.com\\\/wp-content\\\/uploads\\\/2018\\\/03\\\/rentaload-logo-location-banc-de-charge-test-louer-1.png\",\"width\":470,\"height\":100,\"caption\":\"Rentaload\"},\"image\":{\"@id\":\"https:\\\/\\\/rentaload.com\\\/es\\\/#\\\/schema\\\/logo\\\/image\\\/\"}}]}<\/script>\n<!-- \/ Yoast SEO plugin. -->","yoast_head_json":{"title":"Rentaload: Bancos de carga para el mercado e\u00f3lico","description":"El banco de carga permite simular una carga y evitar problemas de desgaste prematuro por un lado y por otro probar los distintos equipos.","robots":{"index":"index","follow":"follow","max-snippet":"max-snippet:-1","max-image-preview":"max-image-preview:large","max-video-preview":"max-video-preview:-1"},"canonical":"https:\/\/rentaload.com\/es\/aplicaciones-de-banco-de-pruebas\/eolica-solar\/","og_locale":"es_ES","og_type":"article","og_title":"Rentaload: Bancos de carga para el mercado e\u00f3lico","og_description":"El banco de carga permite simular una carga y evitar problemas de desgaste prematuro por un lado y por otro probar los distintos equipos.","og_url":"https:\/\/rentaload.com\/es\/aplicaciones-de-banco-de-pruebas\/eolica-solar\/","og_site_name":"Rentaload","article_modified_time":"2022-06-01T02:18:55+00:00","twitter_card":"summary_large_image","twitter_misc":{"Tiempo de lectura":"27 minutos"},"schema":{"@context":"https:\/\/schema.org","@graph":[{"@type":"WebPage","@id":"https:\/\/rentaload.com\/es\/aplicaciones-de-banco-de-pruebas\/eolica-solar\/","url":"https:\/\/rentaload.com\/es\/aplicaciones-de-banco-de-pruebas\/eolica-solar\/","name":"Rentaload: Bancos de carga para el mercado e\u00f3lico","isPartOf":{"@id":"https:\/\/rentaload.com\/es\/#website"},"datePublished":"2018-03-05T14:22:54+00:00","dateModified":"2022-06-01T02:18:55+00:00","description":"El banco de carga permite simular una carga y evitar problemas de desgaste prematuro por un lado y por otro probar los distintos equipos.","inLanguage":"es","potentialAction":[{"@type":"ReadAction","target":["https:\/\/rentaload.com\/es\/aplicaciones-de-banco-de-pruebas\/eolica-solar\/"]}]},{"@type":"WebSite","@id":"https:\/\/rentaload.com\/es\/#website","url":"https:\/\/rentaload.com\/es\/","name":"Rentaload","description":"Load bank hire - location banc de charge - Lastbank vermietung","publisher":{"@id":"https:\/\/rentaload.com\/es\/#organization"},"potentialAction":[{"@type":"SearchAction","target":{"@type":"EntryPoint","urlTemplate":"https:\/\/rentaload.com\/es\/?s={search_term_string}"},"query-input":{"@type":"PropertyValueSpecification","valueRequired":true,"valueName":"search_term_string"}}],"inLanguage":"es"},{"@type":"Organization","@id":"https:\/\/rentaload.com\/es\/#organization","name":"Rentaload","url":"https:\/\/rentaload.com\/es\/","logo":{"@type":"ImageObject","inLanguage":"es","@id":"https:\/\/rentaload.com\/es\/#\/schema\/logo\/image\/","url":"https:\/\/rentaload.com\/wp-content\/uploads\/2018\/03\/rentaload-logo-location-banc-de-charge-test-louer-1.png","contentUrl":"https:\/\/rentaload.com\/wp-content\/uploads\/2018\/03\/rentaload-logo-location-banc-de-charge-test-louer-1.png","width":470,"height":100,"caption":"Rentaload"},"image":{"@id":"https:\/\/rentaload.com\/es\/#\/schema\/logo\/image\/"}}]}},"_links":{"self":[{"href":"https:\/\/rentaload.com\/es\/wp-json\/wp\/v2\/pages\/28079","targetHints":{"allow":["GET"]}}],"collection":[{"href":"https:\/\/rentaload.com\/es\/wp-json\/wp\/v2\/pages"}],"about":[{"href":"https:\/\/rentaload.com\/es\/wp-json\/wp\/v2\/types\/page"}],"author":[{"embeddable":true,"href":"https:\/\/rentaload.com\/es\/wp-json\/wp\/v2\/users\/3"}],"replies":[{"embeddable":true,"href":"https:\/\/rentaload.com\/es\/wp-json\/wp\/v2\/comments?post=28079"}],"version-history":[{"count":2,"href":"https:\/\/rentaload.com\/es\/wp-json\/wp\/v2\/pages\/28079\/revisions"}],"predecessor-version":[{"id":28091,"href":"https:\/\/rentaload.com\/es\/wp-json\/wp\/v2\/pages\/28079\/revisions\/28091"}],"up":[{"embeddable":true,"href":"https:\/\/rentaload.com\/es\/wp-json\/wp\/v2\/pages\/28078"}],"wp:attachment":[{"href":"https:\/\/rentaload.com\/es\/wp-json\/wp\/v2\/media?parent=28079"}],"curies":[{"name":"wp","href":"https:\/\/api.w.org\/{rel}","templated":true}]}}