{"id":28126,"date":"2018-03-06T14:30:24","date_gmt":"2018-03-06T13:30:24","guid":{"rendered":"https:\/\/rentaload.com\/usar-carga-banco\/prueba-prueba-panel-red-electrica\/"},"modified":"2022-07-26T04:04:38","modified_gmt":"2022-07-26T02:04:38","slug":"prueba-prueba-panel-red-electrica","status":"publish","type":"page","link":"https:\/\/rentaload.com\/es\/usar-carga-banco\/prueba-prueba-panel-red-electrica\/","title":{"rendered":"Prueba de panel de red el\u00e9ctrica"},"content":{"rendered":"<p><div class=\"fusion-fullwidth fullwidth-box fusion-builder-row-1 fusion-flex-container nonhundred-percent-fullwidth non-hundred-percent-height-scrolling\" style=\"--awb-border-radius-top-left:0px;--awb-border-radius-top-right:0px;--awb-border-radius-bottom-right:0px;--awb-border-radius-bottom-left:0px;--awb-flex-wrap:wrap;\" ><div class=\"fusion-builder-row fusion-row fusion-flex-align-items-flex-start fusion-flex-content-wrap\" style=\"max-width:1144px;margin-left: calc(-4% \/ 2 );margin-right: calc(-4% \/ 2 );\"><div class=\"fusion-layout-column fusion_builder_column fusion-builder-column-0 fusion_builder_column_1_2 1_2 fusion-flex-column\" style=\"--awb-bg-size:cover;--awb-width-large:50%;--awb-margin-top-large:0px;--awb-spacing-right-large:3.84%;--awb-margin-bottom-large:20px;--awb-spacing-left-large:3.84%;--awb-width-medium:100%;--awb-spacing-right-medium:1.92%;--awb-spacing-left-medium:1.92%;--awb-width-small:100%;--awb-spacing-right-small:1.92%;--awb-spacing-left-small:1.92%;\"><div class=\"fusion-column-wrapper fusion-flex-justify-content-flex-start fusion-content-layout-column\"><div class=\"fusion-text fusion-text-1\"><h2><span style=\"color: #ff6600;\">Banco de carga para test TGBT y TGHT<\/span><\/h2>\n<p>Rentaload ofrece alquiler de bancos de carga desde 0,5kW en 230V hasta varios MW en 400V y transformadores de potencia para ensayos TGBT (Panel General de Baja Tensi\u00f3n) y TGHT (Panel General de Alta Tensi\u00f3n). Estos bancos de carga se utilizan para validar el correcto funcionamiento de un armario el\u00e9ctrico, su control y su sistema de seguridad.<\/p>\n<p>Estas pruebas pueden realizarse en laboratorios, en plantas de producci\u00f3n de paneles el\u00e9ctricos, para pruebas de calificaci\u00f3n y certificaci\u00f3n, o incluso para mantenimiento preventivo.<\/p>\n<\/div><div ><a class=\"fusion-button button-flat fusion-button-default-size button-default fusion-button-default button-1 fusion-button-default-span fusion-button-default-type\" target=\"_self\" href=\"https:\/\/rentaload.com\/es\/banco-de-carga-productos\/resistador\/\"><span class=\"fusion-button-text awb-button__text awb-button__text--default\">Descubrir<\/span><\/a><\/div><\/div><\/div><div class=\"fusion-layout-column fusion_builder_column fusion-builder-column-1 fusion_builder_column_1_2 1_2 fusion-flex-column\" style=\"--awb-bg-size:cover;--awb-width-large:50%;--awb-margin-top-large:0px;--awb-spacing-right-large:3.84%;--awb-margin-bottom-large:20px;--awb-spacing-left-large:3.84%;--awb-width-medium:100%;--awb-spacing-right-medium:1.92%;--awb-spacing-left-medium:1.92%;--awb-width-small:100%;--awb-spacing-right-small:1.92%;--awb-spacing-left-small:1.92%;\"><div class=\"fusion-column-wrapper fusion-flex-justify-content-flex-start fusion-content-layout-column\"><div class=\"fusion-image-element \" style=\"--awb-caption-title-font-family:var(--h2_typography-font-family);--awb-caption-title-font-weight:var(--h2_typography-font-weight);--awb-caption-title-font-style:var(--h2_typography-font-style);--awb-caption-title-size:var(--h2_typography-font-size);--awb-caption-title-transform:var(--h2_typography-text-transform);--awb-caption-title-line-height:var(--h2_typography-line-height);--awb-caption-title-letter-spacing:var(--h2_typography-letter-spacing);\"><span class=\" fusion-imageframe imageframe-none imageframe-1 hover-type-none\"><img decoding=\"async\" width=\"601\" height=\"495\" title=\"connection_box_test_loadbank_electrical_load_hire-rental\" src=\"https:\/\/rentaload.com\/wp-content\/uploads\/2018\/03\/connection_box_test_loadbank_electrical_load_hire-rental.png\" alt class=\"img-responsive wp-image-15590\" srcset=\"https:\/\/rentaload.com\/wp-content\/uploads\/2018\/03\/connection_box_test_loadbank_electrical_load_hire-rental-200x165.png 200w, https:\/\/rentaload.com\/wp-content\/uploads\/2018\/03\/connection_box_test_loadbank_electrical_load_hire-rental-400x329.png 400w, https:\/\/rentaload.com\/wp-content\/uploads\/2018\/03\/connection_box_test_loadbank_electrical_load_hire-rental-600x494.png 600w, https:\/\/rentaload.com\/wp-content\/uploads\/2018\/03\/connection_box_test_loadbank_electrical_load_hire-rental.png 601w\" sizes=\"(max-width: 1024px) 100vw, (max-width: 640px) 100vw, 600px\" \/><\/span><\/div><\/div><\/div><\/div><\/div><div class=\"fusion-fullwidth fullwidth-box fusion-builder-row-2 fusion-flex-container nonhundred-percent-fullwidth non-hundred-percent-height-scrolling\" style=\"--awb-border-radius-top-left:0px;--awb-border-radius-top-right:0px;--awb-border-radius-bottom-right:0px;--awb-border-radius-bottom-left:0px;--awb-flex-wrap:wrap;\" ><div class=\"fusion-builder-row fusion-row fusion-flex-align-items-flex-start fusion-flex-content-wrap\" style=\"max-width:1144px;margin-left: calc(-4% \/ 2 );margin-right: calc(-4% \/ 2 );\"><div class=\"fusion-layout-column fusion_builder_column fusion-builder-column-2 fusion_builder_column_1_2 1_2 fusion-flex-column\" style=\"--awb-bg-size:cover;--awb-width-large:50%;--awb-margin-top-large:0px;--awb-spacing-right-large:3.84%;--awb-margin-bottom-large:20px;--awb-spacing-left-large:3.84%;--awb-width-medium:100%;--awb-spacing-right-medium:1.92%;--awb-spacing-left-medium:1.92%;--awb-width-small:100%;--awb-spacing-right-small:1.92%;--awb-spacing-left-small:1.92%;\"><div class=\"fusion-column-wrapper fusion-flex-justify-content-flex-start fusion-content-layout-column\"><div class=\"fusion-image-element \" style=\"--awb-caption-title-font-family:var(--h2_typography-font-family);--awb-caption-title-font-weight:var(--h2_typography-font-weight);--awb-caption-title-font-style:var(--h2_typography-font-style);--awb-caption-title-size:var(--h2_typography-font-size);--awb-caption-title-transform:var(--h2_typography-text-transform);--awb-caption-title-line-height:var(--h2_typography-line-height);--awb-caption-title-letter-spacing:var(--h2_typography-letter-spacing);\"><span class=\" fusion-imageframe imageframe-none imageframe-2 hover-type-none\"><img decoding=\"async\" width=\"597\" height=\"375\" title=\"banc de charge rackable connect\u00e9 delat t 10 recette data center\" src=\"https:\/\/rentaload.com\/wp-content\/uploads\/2018\/03\/banc-de-charge-rackable-connect\u00e9-delat-t-10-recette-data-center-1.jpg\" alt class=\"img-responsive wp-image-15322\" srcset=\"https:\/\/rentaload.com\/wp-content\/uploads\/2018\/03\/banc-de-charge-rackable-connect\u00e9-delat-t-10-recette-data-center-1-200x126.jpg 200w, https:\/\/rentaload.com\/wp-content\/uploads\/2018\/03\/banc-de-charge-rackable-connect\u00e9-delat-t-10-recette-data-center-1-400x251.jpg 400w, https:\/\/rentaload.com\/wp-content\/uploads\/2018\/03\/banc-de-charge-rackable-connect\u00e9-delat-t-10-recette-data-center-1.jpg 597w\" sizes=\"(max-width: 1024px) 100vw, (max-width: 640px) 100vw, 597px\" \/><\/span><\/div><div class=\"fusion-separator fusion-full-width-sep\" style=\"align-self: center;margin-left: auto;margin-right: auto;width:100%;\"><\/div><div class=\"fusion-text fusion-text-2\"><p style=\"text-align: center;\"><span style=\"color: #3366ff;\"><strong>El banco de carga conectado que hace que sus pruebas sean inteligentes<\/strong><\/span><\/p>\n<\/div><div class=\"fusion-separator fusion-full-width-sep\" style=\"align-self: center;margin-left: auto;margin-right: auto;width:100%;\"><\/div><div class=\"fusion-text fusion-text-3\"><p style=\"text-align: center;\">El banco de carga en rack conectado con una potencia de 7kW tiene doble fuente de alimentaci\u00f3n y tiene un delta T\u00b0 equivalente a servidores inform\u00e1ticos.<\/p>\n<\/div><div style=\"text-align:center;\"><a class=\"fusion-button button-flat fusion-button-default-size button-default fusion-button-default button-2 fusion-button-default-span fusion-button-default-type\" target=\"_self\" href=\"https:\/\/rentaload.com\/es\/banco-de-carga-productos\/rack-banco-conecta-7kw\/\"><i class=\"fa-file-text-o fas awb-button__icon awb-button__icon--default button-icon-left\" aria-hidden=\"true\"><\/i><span class=\"fusion-button-text awb-button__text awb-button__text--default\">Banco de carga en rack<\/span><\/a><\/div><\/div><\/div><div class=\"fusion-layout-column fusion_builder_column fusion-builder-column-3 fusion_builder_column_1_2 1_2 fusion-flex-column\" style=\"--awb-bg-size:cover;--awb-width-large:50%;--awb-margin-top-large:0px;--awb-spacing-right-large:3.84%;--awb-margin-bottom-large:20px;--awb-spacing-left-large:3.84%;--awb-width-medium:100%;--awb-spacing-right-medium:1.92%;--awb-spacing-left-medium:1.92%;--awb-width-small:100%;--awb-spacing-right-small:1.92%;--awb-spacing-left-small:1.92%;\"><div class=\"fusion-column-wrapper fusion-flex-justify-content-flex-start fusion-content-layout-column\"><div class=\"fusion-image-element \" style=\"--awb-caption-title-font-family:var(--h2_typography-font-family);--awb-caption-title-font-weight:var(--h2_typography-font-weight);--awb-caption-title-font-style:var(--h2_typography-font-style);--awb-caption-title-size:var(--h2_typography-font-size);--awb-caption-title-transform:var(--h2_typography-text-transform);--awb-caption-title-line-height:var(--h2_typography-line-height);--awb-caption-title-letter-spacing:var(--h2_typography-letter-spacing);\"><span class=\" fusion-imageframe imageframe-none imageframe-3 hover-type-none\"><img decoding=\"async\" width=\"1200\" height=\"753\" title=\"recette data center banc de charge connect\u00e9 location\" src=\"https:\/\/rentaload.com\/wp-content\/uploads\/2018\/03\/recette-data-center-banc-de-charge-connect\u00e9-location.png\" alt class=\"img-responsive wp-image-15314\" srcset=\"https:\/\/rentaload.com\/wp-content\/uploads\/2018\/03\/recette-data-center-banc-de-charge-connect\u00e9-location-200x126.png 200w, https:\/\/rentaload.com\/wp-content\/uploads\/2018\/03\/recette-data-center-banc-de-charge-connect\u00e9-location-400x251.png 400w, https:\/\/rentaload.com\/wp-content\/uploads\/2018\/03\/recette-data-center-banc-de-charge-connect\u00e9-location-600x377.png 600w, https:\/\/rentaload.com\/wp-content\/uploads\/2018\/03\/recette-data-center-banc-de-charge-connect\u00e9-location-800x502.png 800w, https:\/\/rentaload.com\/wp-content\/uploads\/2018\/03\/recette-data-center-banc-de-charge-connect\u00e9-location.png 1200w\" sizes=\"(max-width: 1024px) 100vw, (max-width: 640px) 100vw, 600px\" \/><\/span><\/div><div class=\"fusion-separator fusion-full-width-sep\" style=\"align-self: center;margin-left: auto;margin-right: auto;width:100%;\"><\/div><div class=\"fusion-text fusion-text-4\"><p style=\"text-align: center;\"><strong><span style=\"color: #3366ff;\">Rentalab, el software de supervisi\u00f3n de pruebas de centros de datos<\/span><\/strong><\/p>\n<\/div><div class=\"fusion-separator fusion-full-width-sep\" style=\"align-self: center;margin-left: auto;margin-right: auto;width:100%;\"><\/div><div class=\"fusion-text fusion-text-5\"><p style=\"text-align: center;\">La herramienta Rentalab le permite controlar hasta 200 bancos de carga al mismo tiempo, recuperar informaci\u00f3n el\u00e9ctrica y t\u00e9rmica de su habitaci\u00f3n y generar informes de prueba.<\/p>\n<\/div><div style=\"text-align:center;\"><a class=\"fusion-button button-flat fusion-button-default-size button-default fusion-button-default button-3 fusion-button-default-span fusion-button-default-type\" target=\"_self\" href=\"https:\/\/rentaload.com\/es\/servicio\/\"><i class=\"fa-desktop fas awb-button__icon awb-button__icon--default button-icon-left\" aria-hidden=\"true\"><\/i><span class=\"fusion-button-text awb-button__text awb-button__text--default\">Nuestra herramienta de seguimiento<\/span><\/a><\/div><\/div><\/div><\/div><\/div><\/p>\n","protected":false},"excerpt":{"rendered":"","protected":false},"author":3,"featured_media":0,"parent":28077,"menu_order":0,"comment_status":"closed","ping_status":"closed","template":"100-width.php","meta":{"footnotes":""},"class_list":["post-28126","page","type-page","status-publish","hentry"],"yoast_head":"<!-- This site is optimized with the Yoast SEO plugin v27.4 - https:\/\/yoast.com\/product\/yoast-seo-wordpress\/ -->\n<title>Rentaload : Aplicaciones de banco de carga: pruebas TGBT y TGHT<\/title>\n<meta name=\"description\" content=\"Alquiler de bancos de carga para validar el correcto funcionamiento de un armario el\u00e9ctrico (TGBT y TGHT), su control y su sistema de seguridad.\" \/>\n<meta name=\"robots\" content=\"index, follow, max-snippet:-1, max-image-preview:large, max-video-preview:-1\" \/>\n<link rel=\"canonical\" href=\"https:\/\/rentaload.com\/es\/usar-carga-banco\/prueba-prueba-panel-red-electrica\/\" \/>\n<meta property=\"og:locale\" content=\"es_ES\" \/>\n<meta property=\"og:type\" content=\"article\" \/>\n<meta property=\"og:title\" content=\"Rentaload : Aplicaciones de banco de carga: pruebas TGBT y TGHT\" \/>\n<meta property=\"og:description\" content=\"Alquiler de bancos de carga para validar el correcto funcionamiento de un armario el\u00e9ctrico (TGBT y TGHT), su control y su sistema de seguridad.\" \/>\n<meta property=\"og:url\" content=\"https:\/\/rentaload.com\/es\/usar-carga-banco\/prueba-prueba-panel-red-electrica\/\" \/>\n<meta property=\"og:site_name\" content=\"Rentaload\" \/>\n<meta property=\"article:modified_time\" content=\"2022-07-26T02:04:38+00:00\" \/>\n<meta name=\"twitter:card\" content=\"summary_large_image\" \/>\n<meta name=\"twitter:label1\" content=\"Tiempo de lectura\" \/>\n\t<meta name=\"twitter:data1\" content=\"8 minutos\" \/>\n<script type=\"application\/ld+json\" class=\"yoast-schema-graph\">{\"@context\":\"https:\\\/\\\/schema.org\",\"@graph\":[{\"@type\":\"WebPage\",\"@id\":\"https:\\\/\\\/rentaload.com\\\/es\\\/usar-carga-banco\\\/prueba-prueba-panel-red-electrica\\\/\",\"url\":\"https:\\\/\\\/rentaload.com\\\/es\\\/usar-carga-banco\\\/prueba-prueba-panel-red-electrica\\\/\",\"name\":\"Rentaload : Aplicaciones de banco de carga: pruebas TGBT y TGHT\",\"isPartOf\":{\"@id\":\"https:\\\/\\\/rentaload.com\\\/es\\\/#website\"},\"datePublished\":\"2018-03-06T13:30:24+00:00\",\"dateModified\":\"2022-07-26T02:04:38+00:00\",\"description\":\"Alquiler de bancos de carga para validar el correcto funcionamiento de un armario el\u00e9ctrico (TGBT y TGHT), su control y su sistema de seguridad.\",\"breadcrumb\":{\"@id\":\"https:\\\/\\\/rentaload.com\\\/es\\\/usar-carga-banco\\\/prueba-prueba-panel-red-electrica\\\/#breadcrumb\"},\"inLanguage\":\"es\",\"potentialAction\":[{\"@type\":\"ReadAction\",\"target\":[\"https:\\\/\\\/rentaload.com\\\/es\\\/usar-carga-banco\\\/prueba-prueba-panel-red-electrica\\\/\"]}]},{\"@type\":\"BreadcrumbList\",\"@id\":\"https:\\\/\\\/rentaload.com\\\/es\\\/usar-carga-banco\\\/prueba-prueba-panel-red-electrica\\\/#breadcrumb\",\"itemListElement\":[{\"@type\":\"ListItem\",\"position\":1,\"name\":\"Soluciones\",\"item\":\"https:\\\/\\\/rentaload.com\\\/es\\\/usar-carga-banco\\\/\"},{\"@type\":\"ListItem\",\"position\":2,\"name\":\"Prueba de panel de red el\u00e9ctrica\"}]},{\"@type\":\"WebSite\",\"@id\":\"https:\\\/\\\/rentaload.com\\\/es\\\/#website\",\"url\":\"https:\\\/\\\/rentaload.com\\\/es\\\/\",\"name\":\"Rentaload\",\"description\":\"Load bank hire - location banc de charge - Lastbank vermietung\",\"publisher\":{\"@id\":\"https:\\\/\\\/rentaload.com\\\/es\\\/#organization\"},\"potentialAction\":[{\"@type\":\"SearchAction\",\"target\":{\"@type\":\"EntryPoint\",\"urlTemplate\":\"https:\\\/\\\/rentaload.com\\\/es\\\/?s={search_term_string}\"},\"query-input\":{\"@type\":\"PropertyValueSpecification\",\"valueRequired\":true,\"valueName\":\"search_term_string\"}}],\"inLanguage\":\"es\"},{\"@type\":\"Organization\",\"@id\":\"https:\\\/\\\/rentaload.com\\\/es\\\/#organization\",\"name\":\"Rentaload\",\"url\":\"https:\\\/\\\/rentaload.com\\\/es\\\/\",\"logo\":{\"@type\":\"ImageObject\",\"inLanguage\":\"es\",\"@id\":\"https:\\\/\\\/rentaload.com\\\/es\\\/#\\\/schema\\\/logo\\\/image\\\/\",\"url\":\"https:\\\/\\\/rentaload.com\\\/wp-content\\\/uploads\\\/2018\\\/03\\\/rentaload-logo-location-banc-de-charge-test-louer-1.png\",\"contentUrl\":\"https:\\\/\\\/rentaload.com\\\/wp-content\\\/uploads\\\/2018\\\/03\\\/rentaload-logo-location-banc-de-charge-test-louer-1.png\",\"width\":470,\"height\":100,\"caption\":\"Rentaload\"},\"image\":{\"@id\":\"https:\\\/\\\/rentaload.com\\\/es\\\/#\\\/schema\\\/logo\\\/image\\\/\"}}]}<\/script>\n<!-- \/ Yoast SEO plugin. -->","yoast_head_json":{"title":"Rentaload : Aplicaciones de banco de carga: pruebas TGBT y TGHT","description":"Alquiler de bancos de carga para validar el correcto funcionamiento de un armario el\u00e9ctrico (TGBT y TGHT), su control y su sistema de seguridad.","robots":{"index":"index","follow":"follow","max-snippet":"max-snippet:-1","max-image-preview":"max-image-preview:large","max-video-preview":"max-video-preview:-1"},"canonical":"https:\/\/rentaload.com\/es\/usar-carga-banco\/prueba-prueba-panel-red-electrica\/","og_locale":"es_ES","og_type":"article","og_title":"Rentaload : Aplicaciones de banco de carga: pruebas TGBT y TGHT","og_description":"Alquiler de bancos de carga para validar el correcto funcionamiento de un armario el\u00e9ctrico (TGBT y TGHT), su control y su sistema de seguridad.","og_url":"https:\/\/rentaload.com\/es\/usar-carga-banco\/prueba-prueba-panel-red-electrica\/","og_site_name":"Rentaload","article_modified_time":"2022-07-26T02:04:38+00:00","twitter_card":"summary_large_image","twitter_misc":{"Tiempo de lectura":"8 minutos"},"schema":{"@context":"https:\/\/schema.org","@graph":[{"@type":"WebPage","@id":"https:\/\/rentaload.com\/es\/usar-carga-banco\/prueba-prueba-panel-red-electrica\/","url":"https:\/\/rentaload.com\/es\/usar-carga-banco\/prueba-prueba-panel-red-electrica\/","name":"Rentaload : Aplicaciones de banco de carga: pruebas TGBT y TGHT","isPartOf":{"@id":"https:\/\/rentaload.com\/es\/#website"},"datePublished":"2018-03-06T13:30:24+00:00","dateModified":"2022-07-26T02:04:38+00:00","description":"Alquiler de bancos de carga para validar el correcto funcionamiento de un armario el\u00e9ctrico (TGBT y TGHT), su control y su sistema de seguridad.","breadcrumb":{"@id":"https:\/\/rentaload.com\/es\/usar-carga-banco\/prueba-prueba-panel-red-electrica\/#breadcrumb"},"inLanguage":"es","potentialAction":[{"@type":"ReadAction","target":["https:\/\/rentaload.com\/es\/usar-carga-banco\/prueba-prueba-panel-red-electrica\/"]}]},{"@type":"BreadcrumbList","@id":"https:\/\/rentaload.com\/es\/usar-carga-banco\/prueba-prueba-panel-red-electrica\/#breadcrumb","itemListElement":[{"@type":"ListItem","position":1,"name":"Soluciones","item":"https:\/\/rentaload.com\/es\/usar-carga-banco\/"},{"@type":"ListItem","position":2,"name":"Prueba de panel de red el\u00e9ctrica"}]},{"@type":"WebSite","@id":"https:\/\/rentaload.com\/es\/#website","url":"https:\/\/rentaload.com\/es\/","name":"Rentaload","description":"Load bank hire - location banc de charge - Lastbank vermietung","publisher":{"@id":"https:\/\/rentaload.com\/es\/#organization"},"potentialAction":[{"@type":"SearchAction","target":{"@type":"EntryPoint","urlTemplate":"https:\/\/rentaload.com\/es\/?s={search_term_string}"},"query-input":{"@type":"PropertyValueSpecification","valueRequired":true,"valueName":"search_term_string"}}],"inLanguage":"es"},{"@type":"Organization","@id":"https:\/\/rentaload.com\/es\/#organization","name":"Rentaload","url":"https:\/\/rentaload.com\/es\/","logo":{"@type":"ImageObject","inLanguage":"es","@id":"https:\/\/rentaload.com\/es\/#\/schema\/logo\/image\/","url":"https:\/\/rentaload.com\/wp-content\/uploads\/2018\/03\/rentaload-logo-location-banc-de-charge-test-louer-1.png","contentUrl":"https:\/\/rentaload.com\/wp-content\/uploads\/2018\/03\/rentaload-logo-location-banc-de-charge-test-louer-1.png","width":470,"height":100,"caption":"Rentaload"},"image":{"@id":"https:\/\/rentaload.com\/es\/#\/schema\/logo\/image\/"}}]}},"_links":{"self":[{"href":"https:\/\/rentaload.com\/es\/wp-json\/wp\/v2\/pages\/28126","targetHints":{"allow":["GET"]}}],"collection":[{"href":"https:\/\/rentaload.com\/es\/wp-json\/wp\/v2\/pages"}],"about":[{"href":"https:\/\/rentaload.com\/es\/wp-json\/wp\/v2\/types\/page"}],"author":[{"embeddable":true,"href":"https:\/\/rentaload.com\/es\/wp-json\/wp\/v2\/users\/3"}],"replies":[{"embeddable":true,"href":"https:\/\/rentaload.com\/es\/wp-json\/wp\/v2\/comments?post=28126"}],"version-history":[{"count":5,"href":"https:\/\/rentaload.com\/es\/wp-json\/wp\/v2\/pages\/28126\/revisions"}],"predecessor-version":[{"id":35405,"href":"https:\/\/rentaload.com\/es\/wp-json\/wp\/v2\/pages\/28126\/revisions\/35405"}],"up":[{"embeddable":true,"href":"https:\/\/rentaload.com\/es\/wp-json\/wp\/v2\/pages\/28077"}],"wp:attachment":[{"href":"https:\/\/rentaload.com\/es\/wp-json\/wp\/v2\/media?parent=28126"}],"curies":[{"name":"wp","href":"https:\/\/api.w.org\/{rel}","templated":true}]}}