{"id":28127,"date":"2018-03-14T09:29:58","date_gmt":"2018-03-14T08:29:58","guid":{"rendered":"https:\/\/rentaload.com\/aplicaciones-de-banco-de-pruebas\/nuclear\/"},"modified":"2022-06-01T04:21:11","modified_gmt":"2022-06-01T02:21:11","slug":"nuclear","status":"publish","type":"page","link":"https:\/\/rentaload.com\/es\/aplicaciones-de-banco-de-pruebas\/nuclear\/","title":{"rendered":"Nuclear"},"content":{"rendered":"<div class=\"fusion-fullwidth fullwidth-box fusion-builder-row-1 fusion-flex-container nonhundred-percent-fullwidth non-hundred-percent-height-scrolling ctnr-top-h1\" style=\"--awb-border-radius-top-left:0px;--awb-border-radius-top-right:0px;--awb-border-radius-bottom-right:0px;--awb-border-radius-bottom-left:0px;--awb-flex-wrap:wrap;\" ><div class=\"fusion-builder-row fusion-row fusion-flex-align-items-flex-start fusion-flex-justify-content-center fusion-flex-content-wrap\" style=\"max-width:1144px;margin-left: calc(-4% \/ 2 );margin-right: calc(-4% \/ 2 );\"><div class=\"fusion-layout-column fusion_builder_column fusion-builder-column-0 fusion_builder_column_1_2 1_2 fusion-flex-column col-inside\" style=\"--awb-bg-size:cover;--awb-width-large:50%;--awb-margin-top-large:0px;--awb-spacing-right-large:3.84%;--awb-margin-bottom-large:20px;--awb-spacing-left-large:3.84%;--awb-width-medium:100%;--awb-order-medium:0;--awb-spacing-right-medium:1.92%;--awb-spacing-left-medium:1.92%;--awb-width-small:100%;--awb-order-small:0;--awb-spacing-right-small:1.92%;--awb-spacing-left-small:1.92%;\"><div class=\"fusion-column-wrapper fusion-column-has-shadow fusion-flex-justify-content-flex-start fusion-content-layout-column\"><div class=\"fusion-title title fusion-title-1 fusion-sep-none fusion-title-text fusion-title-size-one\" style=\"--awb-margin-top-small:0px;--awb-margin-right-small:0px;--awb-margin-bottom-small:20px;--awb-margin-left-small:0px;\"><h1 class=\"fusion-title-heading title-heading-left\" style=\"margin:0;\">Nuclear<\/h1><\/div><div class=\"fusion-text fusion-text-1\"><h2 class=\"entry-title\">Nuclear<\/h2>\n<div class=\"entry-content\">\n<h3>Principio del banco de carga en una central nuclear<\/h3>\n<div dir=\"ltr\" data-font-name=\"g_font_p0_6\" data-canvas-width=\"518.8560154631139\">El funcionamiento de una central nuclear requiere de un sistema de alimentaci\u00f3n el\u00e9ctrica que garantice el funcionamiento y la seguridad de la instalaci\u00f3n. El sistema de distribuci\u00f3n el\u00e9ctrica est\u00e1 dise\u00f1ado para satisfacer las necesidades del funcionamiento normal de la unidad cuando produce electricidad o durante un per\u00edodo de parada (auxiliares de funcionamiento y auxiliares permanentes), pero tambi\u00e9n para garantizar el suministro de equipos que proporcionan las funciones de seguridad requeridas en caso de un incidente o accidente en la instalaci\u00f3n (auxiliares rescatados). Los grupos electr\u00f3genos de emergencia con motor di\u00e9sel se utilizan para alimentar los sistemas de seguridad del reactor en caso de p\u00e9rdida del suministro el\u00e9ctrico de la red nacional. Cada reactor nuclear est\u00e1 equipado con dos generadores de emergencia. Adem\u00e1s, se dispone de un generador adicional para todos los reactores del mismo sitio. Cada uno de estos grupos es suficiente para alimentar los sistemas necesarios para garantizar la seguridad del reactor durante la parada.<\/div>\n<div dir=\"ltr\" data-font-name=\"g_font_p0_6\" data-canvas-width=\"518.8560154631139\"><\/div>\n<div dir=\"ltr\" data-font-name=\"g_font_p0_6\" data-canvas-width=\"518.8560154631139\">La fiabilidad de estos grupos electr\u00f3genos es crucial. Por lo tanto, se lleva a cabo regularmente una prueba peri\u00f3dica del correcto funcionamiento de los generadores. Para ello, los responsables de las centrales nucleares recurren a fabricantes capaces de fabricar bancos de carga capaces de suministrar varios megavatios as\u00ed como el sistema de control asociado (sistema de medida, ciclos autom\u00e1ticos). Estos bancos de carga suelen ser de media tensi\u00f3n.<\/div>\n<\/div>\n<\/div><div ><a class=\"fusion-button button-flat fusion-button-default-size button-default fusion-button-default button-1 fusion-button-default-span fusion-button-default-type\" target=\"_self\" href=\"https:\/\/rentaload.com\/fr\/contact\/\"><span class=\"fusion-button-text awb-button__text awb-button__text--default\">CONT\u00c1CTENOS<\/span><\/a><\/div><\/div><\/div><div class=\"fusion-layout-column fusion_builder_column fusion-builder-column-1 fusion_builder_column_1_2 1_2 fusion-flex-column col-img\" style=\"--awb-bg-size:cover;--awb-width-large:50%;--awb-margin-top-large:0px;--awb-spacing-right-large:3.84%;--awb-margin-bottom-large:20px;--awb-spacing-left-large:3.84%;--awb-width-medium:100%;--awb-order-medium:0;--awb-spacing-right-medium:1.92%;--awb-spacing-left-medium:1.92%;--awb-width-small:100%;--awb-order-small:0;--awb-spacing-right-small:1.92%;--awb-spacing-left-small:1.92%;\"><div class=\"fusion-column-wrapper fusion-column-has-shadow fusion-flex-justify-content-flex-start fusion-content-layout-column\"><div class=\"fusion-image-element \" style=\"text-align:center;--awb-caption-title-font-family:var(--h2_typography-font-family);--awb-caption-title-font-weight:var(--h2_typography-font-weight);--awb-caption-title-font-style:var(--h2_typography-font-style);--awb-caption-title-size:var(--h2_typography-font-size);--awb-caption-title-transform:var(--h2_typography-text-transform);--awb-caption-title-line-height:var(--h2_typography-line-height);--awb-caption-title-letter-spacing:var(--h2_typography-letter-spacing);\"><span class=\" fusion-imageframe imageframe-none imageframe-1 hover-type-none\"><img decoding=\"async\" width=\"600\" height=\"492\" title=\"nuclear-power-plant\" src=\"https:\/\/rentaload.com\/wp-content\/uploads\/2020\/09\/nuclear-power-plant-2-600x492.jpg\" alt class=\"img-responsive wp-image-20935\" srcset=\"https:\/\/rentaload.com\/wp-content\/uploads\/2020\/09\/nuclear-power-plant-2-200x164.jpg 200w, https:\/\/rentaload.com\/wp-content\/uploads\/2020\/09\/nuclear-power-plant-2-400x328.jpg 400w, https:\/\/rentaload.com\/wp-content\/uploads\/2020\/09\/nuclear-power-plant-2-600x492.jpg 600w, https:\/\/rentaload.com\/wp-content\/uploads\/2020\/09\/nuclear-power-plant-2.jpg 604w\" sizes=\"(max-width: 1024px) 100vw, (max-width: 640px) 100vw, 600px\" \/><\/span><\/div><\/div><\/div><\/div><\/div>\n","protected":false},"excerpt":{"rendered":"","protected":false},"author":3,"featured_media":0,"parent":28078,"menu_order":0,"comment_status":"closed","ping_status":"closed","template":"100-width.php","meta":{"footnotes":""},"class_list":["post-28127","page","type-page","status-publish","hentry"],"yoast_head":"<!-- This site is optimized with the Yoast SEO plugin v27.4 - https:\/\/yoast.com\/product\/yoast-seo-wordpress\/ -->\n<title>Rentaload: Aplicaciones de banco de carga: mercado nuclear<\/title>\n<meta name=\"description\" content=\"Peri\u00f3dicamente se lleva a cabo una prueba peri\u00f3dica del correcto funcionamiento de los generadores de emergencia. Nuestros bancos de carga pueden probar varios megavatios\" \/>\n<meta name=\"robots\" content=\"index, follow, max-snippet:-1, max-image-preview:large, max-video-preview:-1\" \/>\n<link rel=\"canonical\" href=\"https:\/\/rentaload.com\/es\/aplicaciones-de-banco-de-pruebas\/nuclear\/\" \/>\n<meta property=\"og:locale\" content=\"es_ES\" \/>\n<meta property=\"og:type\" content=\"article\" \/>\n<meta property=\"og:title\" content=\"Rentaload: Aplicaciones de banco de carga: mercado nuclear\" \/>\n<meta property=\"og:description\" content=\"Peri\u00f3dicamente se lleva a cabo una prueba peri\u00f3dica del correcto funcionamiento de los generadores de emergencia. Nuestros bancos de carga pueden probar varios megavatios\" \/>\n<meta property=\"og:url\" content=\"https:\/\/rentaload.com\/es\/aplicaciones-de-banco-de-pruebas\/nuclear\/\" \/>\n<meta property=\"og:site_name\" content=\"Rentaload\" \/>\n<meta property=\"article:modified_time\" content=\"2022-06-01T02:21:11+00:00\" \/>\n<meta name=\"twitter:card\" content=\"summary_large_image\" \/>\n<meta name=\"twitter:label1\" content=\"Tiempo de lectura\" \/>\n\t<meta name=\"twitter:data1\" content=\"9 minutos\" \/>\n<script type=\"application\/ld+json\" class=\"yoast-schema-graph\">{\"@context\":\"https:\\\/\\\/schema.org\",\"@graph\":[{\"@type\":\"WebPage\",\"@id\":\"https:\\\/\\\/rentaload.com\\\/es\\\/aplicaciones-de-banco-de-pruebas\\\/nuclear\\\/\",\"url\":\"https:\\\/\\\/rentaload.com\\\/es\\\/aplicaciones-de-banco-de-pruebas\\\/nuclear\\\/\",\"name\":\"Rentaload: Aplicaciones de banco de carga: mercado nuclear\",\"isPartOf\":{\"@id\":\"https:\\\/\\\/rentaload.com\\\/es\\\/#website\"},\"datePublished\":\"2018-03-14T08:29:58+00:00\",\"dateModified\":\"2022-06-01T02:21:11+00:00\",\"description\":\"Peri\u00f3dicamente se lleva a cabo una prueba peri\u00f3dica del correcto funcionamiento de los generadores de emergencia. Nuestros bancos de carga pueden probar varios megavatios\",\"breadcrumb\":{\"@id\":\"https:\\\/\\\/rentaload.com\\\/es\\\/aplicaciones-de-banco-de-pruebas\\\/nuclear\\\/#breadcrumb\"},\"inLanguage\":\"es\",\"potentialAction\":[{\"@type\":\"ReadAction\",\"target\":[\"https:\\\/\\\/rentaload.com\\\/es\\\/aplicaciones-de-banco-de-pruebas\\\/nuclear\\\/\"]}]},{\"@type\":\"BreadcrumbList\",\"@id\":\"https:\\\/\\\/rentaload.com\\\/es\\\/aplicaciones-de-banco-de-pruebas\\\/nuclear\\\/#breadcrumb\",\"itemListElement\":[{\"@type\":\"ListItem\",\"position\":1,\"name\":\"Sectores\",\"item\":\"https:\\\/\\\/rentaload.com\\\/es\\\/aplicaciones-de-banco-de-pruebas\\\/\"},{\"@type\":\"ListItem\",\"position\":2,\"name\":\"Nuclear\"}]},{\"@type\":\"WebSite\",\"@id\":\"https:\\\/\\\/rentaload.com\\\/es\\\/#website\",\"url\":\"https:\\\/\\\/rentaload.com\\\/es\\\/\",\"name\":\"Rentaload\",\"description\":\"Load bank hire - location banc de charge - Lastbank vermietung\",\"publisher\":{\"@id\":\"https:\\\/\\\/rentaload.com\\\/es\\\/#organization\"},\"potentialAction\":[{\"@type\":\"SearchAction\",\"target\":{\"@type\":\"EntryPoint\",\"urlTemplate\":\"https:\\\/\\\/rentaload.com\\\/es\\\/?s={search_term_string}\"},\"query-input\":{\"@type\":\"PropertyValueSpecification\",\"valueRequired\":true,\"valueName\":\"search_term_string\"}}],\"inLanguage\":\"es\"},{\"@type\":\"Organization\",\"@id\":\"https:\\\/\\\/rentaload.com\\\/es\\\/#organization\",\"name\":\"Rentaload\",\"url\":\"https:\\\/\\\/rentaload.com\\\/es\\\/\",\"logo\":{\"@type\":\"ImageObject\",\"inLanguage\":\"es\",\"@id\":\"https:\\\/\\\/rentaload.com\\\/es\\\/#\\\/schema\\\/logo\\\/image\\\/\",\"url\":\"https:\\\/\\\/rentaload.com\\\/wp-content\\\/uploads\\\/2018\\\/03\\\/rentaload-logo-location-banc-de-charge-test-louer-1.png\",\"contentUrl\":\"https:\\\/\\\/rentaload.com\\\/wp-content\\\/uploads\\\/2018\\\/03\\\/rentaload-logo-location-banc-de-charge-test-louer-1.png\",\"width\":470,\"height\":100,\"caption\":\"Rentaload\"},\"image\":{\"@id\":\"https:\\\/\\\/rentaload.com\\\/es\\\/#\\\/schema\\\/logo\\\/image\\\/\"}}]}<\/script>\n<!-- \/ Yoast SEO plugin. -->","yoast_head_json":{"title":"Rentaload: Aplicaciones de banco de carga: mercado nuclear","description":"Peri\u00f3dicamente se lleva a cabo una prueba peri\u00f3dica del correcto funcionamiento de los generadores de emergencia. Nuestros bancos de carga pueden probar varios megavatios","robots":{"index":"index","follow":"follow","max-snippet":"max-snippet:-1","max-image-preview":"max-image-preview:large","max-video-preview":"max-video-preview:-1"},"canonical":"https:\/\/rentaload.com\/es\/aplicaciones-de-banco-de-pruebas\/nuclear\/","og_locale":"es_ES","og_type":"article","og_title":"Rentaload: Aplicaciones de banco de carga: mercado nuclear","og_description":"Peri\u00f3dicamente se lleva a cabo una prueba peri\u00f3dica del correcto funcionamiento de los generadores de emergencia. Nuestros bancos de carga pueden probar varios megavatios","og_url":"https:\/\/rentaload.com\/es\/aplicaciones-de-banco-de-pruebas\/nuclear\/","og_site_name":"Rentaload","article_modified_time":"2022-06-01T02:21:11+00:00","twitter_card":"summary_large_image","twitter_misc":{"Tiempo de lectura":"9 minutos"},"schema":{"@context":"https:\/\/schema.org","@graph":[{"@type":"WebPage","@id":"https:\/\/rentaload.com\/es\/aplicaciones-de-banco-de-pruebas\/nuclear\/","url":"https:\/\/rentaload.com\/es\/aplicaciones-de-banco-de-pruebas\/nuclear\/","name":"Rentaload: Aplicaciones de banco de carga: mercado nuclear","isPartOf":{"@id":"https:\/\/rentaload.com\/es\/#website"},"datePublished":"2018-03-14T08:29:58+00:00","dateModified":"2022-06-01T02:21:11+00:00","description":"Peri\u00f3dicamente se lleva a cabo una prueba peri\u00f3dica del correcto funcionamiento de los generadores de emergencia. Nuestros bancos de carga pueden probar varios megavatios","breadcrumb":{"@id":"https:\/\/rentaload.com\/es\/aplicaciones-de-banco-de-pruebas\/nuclear\/#breadcrumb"},"inLanguage":"es","potentialAction":[{"@type":"ReadAction","target":["https:\/\/rentaload.com\/es\/aplicaciones-de-banco-de-pruebas\/nuclear\/"]}]},{"@type":"BreadcrumbList","@id":"https:\/\/rentaload.com\/es\/aplicaciones-de-banco-de-pruebas\/nuclear\/#breadcrumb","itemListElement":[{"@type":"ListItem","position":1,"name":"Sectores","item":"https:\/\/rentaload.com\/es\/aplicaciones-de-banco-de-pruebas\/"},{"@type":"ListItem","position":2,"name":"Nuclear"}]},{"@type":"WebSite","@id":"https:\/\/rentaload.com\/es\/#website","url":"https:\/\/rentaload.com\/es\/","name":"Rentaload","description":"Load bank hire - location banc de charge - Lastbank vermietung","publisher":{"@id":"https:\/\/rentaload.com\/es\/#organization"},"potentialAction":[{"@type":"SearchAction","target":{"@type":"EntryPoint","urlTemplate":"https:\/\/rentaload.com\/es\/?s={search_term_string}"},"query-input":{"@type":"PropertyValueSpecification","valueRequired":true,"valueName":"search_term_string"}}],"inLanguage":"es"},{"@type":"Organization","@id":"https:\/\/rentaload.com\/es\/#organization","name":"Rentaload","url":"https:\/\/rentaload.com\/es\/","logo":{"@type":"ImageObject","inLanguage":"es","@id":"https:\/\/rentaload.com\/es\/#\/schema\/logo\/image\/","url":"https:\/\/rentaload.com\/wp-content\/uploads\/2018\/03\/rentaload-logo-location-banc-de-charge-test-louer-1.png","contentUrl":"https:\/\/rentaload.com\/wp-content\/uploads\/2018\/03\/rentaload-logo-location-banc-de-charge-test-louer-1.png","width":470,"height":100,"caption":"Rentaload"},"image":{"@id":"https:\/\/rentaload.com\/es\/#\/schema\/logo\/image\/"}}]}},"_links":{"self":[{"href":"https:\/\/rentaload.com\/es\/wp-json\/wp\/v2\/pages\/28127","targetHints":{"allow":["GET"]}}],"collection":[{"href":"https:\/\/rentaload.com\/es\/wp-json\/wp\/v2\/pages"}],"about":[{"href":"https:\/\/rentaload.com\/es\/wp-json\/wp\/v2\/types\/page"}],"author":[{"embeddable":true,"href":"https:\/\/rentaload.com\/es\/wp-json\/wp\/v2\/users\/3"}],"replies":[{"embeddable":true,"href":"https:\/\/rentaload.com\/es\/wp-json\/wp\/v2\/comments?post=28127"}],"version-history":[{"count":2,"href":"https:\/\/rentaload.com\/es\/wp-json\/wp\/v2\/pages\/28127\/revisions"}],"predecessor-version":[{"id":28137,"href":"https:\/\/rentaload.com\/es\/wp-json\/wp\/v2\/pages\/28127\/revisions\/28137"}],"up":[{"embeddable":true,"href":"https:\/\/rentaload.com\/es\/wp-json\/wp\/v2\/pages\/28078"}],"wp:attachment":[{"href":"https:\/\/rentaload.com\/es\/wp-json\/wp\/v2\/media?parent=28127"}],"curies":[{"name":"wp","href":"https:\/\/api.w.org\/{rel}","templated":true}]}}