{"id":28190,"date":"2022-03-21T00:06:06","date_gmt":"2022-03-20T23:06:06","guid":{"rendered":"https:\/\/rentaload.com\/mini-series\/"},"modified":"2022-06-01T04:25:23","modified_gmt":"2022-06-01T02:25:23","slug":"mini-series","status":"publish","type":"page","link":"https:\/\/rentaload.com\/es\/mini-series\/","title":{"rendered":"Mini serie de puesta en marcha"},"content":{"rendered":"<p><div class=\"fusion-fullwidth fullwidth-box fusion-builder-row-1 fusion-flex-container nonhundred-percent-fullwidth non-hundred-percent-height-scrolling ctnr-top-h1\" style=\"--awb-border-radius-top-left:0px;--awb-border-radius-top-right:0px;--awb-border-radius-bottom-right:0px;--awb-border-radius-bottom-left:0px;--awb-flex-wrap:wrap;\" ><div class=\"fusion-builder-row fusion-row fusion-flex-align-items-flex-start fusion-flex-justify-content-center fusion-flex-content-wrap\" style=\"max-width:1144px;margin-left: calc(-4% \/ 2 );margin-right: calc(-4% \/ 2 );\"><div class=\"fusion-layout-column fusion_builder_column fusion-builder-column-0 fusion_builder_column_1_2 1_2 fusion-flex-column col-inside\" style=\"--awb-bg-size:cover;--awb-width-large:50%;--awb-margin-top-large:0px;--awb-spacing-right-large:3.84%;--awb-margin-bottom-large:20px;--awb-spacing-left-large:3.84%;--awb-width-medium:100%;--awb-order-medium:0;--awb-spacing-right-medium:1.92%;--awb-spacing-left-medium:1.92%;--awb-width-small:100%;--awb-order-small:0;--awb-spacing-right-small:1.92%;--awb-spacing-left-small:1.92%;\"><div class=\"fusion-column-wrapper fusion-column-has-shadow fusion-flex-justify-content-flex-start fusion-content-layout-column\"><div class=\"fusion-title title fusion-title-1 fusion-sep-none fusion-title-text fusion-title-size-one\" style=\"--awb-margin-top-small:0px;--awb-margin-right-small:0px;--awb-margin-bottom-small:20px;--awb-margin-left-small:0px;\"><h1 class=\"fusion-title-heading title-heading-left\" style=\"margin:0;\">Mini series<\/h1><\/div><div class=\"fusion-text fusion-text-1\" style=\"--awb-text-transform:none;\"><p>Descubra nuestra miniserie web sobre puesta en marcha<\/p>\n<\/div><div ><a class=\"fusion-button button-flat fusion-button-default-size button-default fusion-button-default button-1 fusion-button-default-span fusion-button-default-type\" target=\"_self\" href=\"https:\/\/rentaload.com\/fr\/contact\/\"><span class=\"fusion-button-text awb-button__text awb-button__text--default\">CONT\u00c1CTENOS<\/span><\/a><\/div><\/div><\/div><div class=\"fusion-layout-column fusion_builder_column fusion-builder-column-1 fusion_builder_column_1_2 1_2 fusion-flex-column col-img\" style=\"--awb-bg-size:cover;--awb-width-large:50%;--awb-margin-top-large:0px;--awb-spacing-right-large:3.84%;--awb-margin-bottom-large:20px;--awb-spacing-left-large:3.84%;--awb-width-medium:100%;--awb-order-medium:0;--awb-spacing-right-medium:1.92%;--awb-spacing-left-medium:1.92%;--awb-width-small:100%;--awb-order-small:0;--awb-spacing-right-small:1.92%;--awb-spacing-left-small:1.92%;\"><div class=\"fusion-column-wrapper fusion-column-has-shadow fusion-flex-justify-content-flex-start fusion-content-layout-column\"><\/div><\/div><\/div><\/div><div class=\"fusion-fullwidth fullwidth-box fusion-builder-row-2 fusion-flex-container nonhundred-percent-fullwidth non-hundred-percent-height-scrolling ctnr-ressources\" style=\"--awb-border-radius-top-left:0px;--awb-border-radius-top-right:0px;--awb-border-radius-bottom-right:0px;--awb-border-radius-bottom-left:0px;--awb-flex-wrap:wrap;\" ><div class=\"fusion-builder-row fusion-row fusion-flex-align-items-flex-start fusion-flex-justify-content-center fusion-flex-content-wrap\" style=\"max-width:1144px;margin-left: calc(-4% \/ 2 );margin-right: calc(-4% \/ 2 );\"><div class=\"fusion-layout-column fusion_builder_column fusion-builder-column-2 fusion_builder_column_1_2 1_2 fusion-flex-column fusion-flex-align-self-stretch col-inside\" style=\"--awb-bg-size:cover;--awb-width-large:50%;--awb-margin-top-large:0px;--awb-spacing-right-large:3.84%;--awb-margin-bottom-large:20px;--awb-spacing-left-large:3.84%;--awb-width-medium:100%;--awb-order-medium:0;--awb-spacing-right-medium:1.92%;--awb-spacing-left-medium:1.92%;--awb-width-small:100%;--awb-order-small:0;--awb-spacing-right-small:1.92%;--awb-spacing-left-small:1.92%;\"><div class=\"fusion-column-wrapper fusion-column-has-shadow fusion-flex-justify-content-flex-start fusion-content-layout-column\"><iframe width=\"100%\" height=\"315\" src=\"https:\/\/www.youtube-nocookie.com\/embed\/4kYK4dviCog\" title=\"reproductor de videos de youtube\" frameborder=\"0\" allow=\"accelerometer; autoplay; clipboard-write; encrypted-media; gyroscope; picture-in-picture\" allowfullscreen=\"\"><\/iframe><\/div><\/div><div class=\"fusion-layout-column fusion_builder_column fusion-builder-column-3 fusion_builder_column_1_2 1_2 fusion-flex-column fusion-flex-align-self-stretch col-inside\" style=\"--awb-bg-size:cover;--awb-width-large:50%;--awb-margin-top-large:0px;--awb-spacing-right-large:3.84%;--awb-margin-bottom-large:20px;--awb-spacing-left-large:3.84%;--awb-width-medium:100%;--awb-order-medium:0;--awb-spacing-right-medium:1.92%;--awb-spacing-left-medium:1.92%;--awb-width-small:100%;--awb-order-small:0;--awb-spacing-right-small:1.92%;--awb-spacing-left-small:1.92%;\"><div class=\"fusion-column-wrapper fusion-column-has-shadow fusion-flex-justify-content-flex-start fusion-content-layout-column\"><iframe width=\"100%\" height=\"315\" src=\"https:\/\/www.youtube-nocookie.com\/embed\/yT6FJo7_VJs\" title=\"reproductor de videos de youtube\" frameborder=\"0\" allow=\"accelerometer; autoplay; clipboard-write; encrypted-media; gyroscope; picture-in-picture\" allowfullscreen=\"\"><\/iframe><\/div><\/div><div class=\"fusion-layout-column fusion_builder_column fusion-builder-column-4 fusion_builder_column_1_2 1_2 fusion-flex-column fusion-flex-align-self-stretch col-inside\" style=\"--awb-bg-size:cover;--awb-width-large:50%;--awb-margin-top-large:0px;--awb-spacing-right-large:3.84%;--awb-margin-bottom-large:20px;--awb-spacing-left-large:3.84%;--awb-width-medium:100%;--awb-order-medium:0;--awb-spacing-right-medium:1.92%;--awb-spacing-left-medium:1.92%;--awb-width-small:100%;--awb-order-small:0;--awb-spacing-right-small:1.92%;--awb-spacing-left-small:1.92%;\"><div class=\"fusion-column-wrapper fusion-column-has-shadow fusion-flex-justify-content-flex-start fusion-content-layout-column\"><iframe width=\"100%\" height=\"315\" src=\"https:\/\/www.youtube-nocookie.com\/embed\/Tu1NG3VLLYk\" title=\"reproductor de videos de youtube\" frameborder=\"0\" allow=\"accelerometer; autoplay; clipboard-write; encrypted-media; gyroscope; picture-in-picture\" allowfullscreen=\"\"><\/iframe><\/div><\/div><div class=\"fusion-layout-column fusion_builder_column fusion-builder-column-5 fusion_builder_column_1_2 1_2 fusion-flex-column fusion-flex-align-self-stretch col-inside\" style=\"--awb-bg-size:cover;--awb-width-large:50%;--awb-margin-top-large:0px;--awb-spacing-right-large:3.84%;--awb-margin-bottom-large:20px;--awb-spacing-left-large:3.84%;--awb-width-medium:100%;--awb-order-medium:0;--awb-spacing-right-medium:1.92%;--awb-spacing-left-medium:1.92%;--awb-width-small:100%;--awb-order-small:0;--awb-spacing-right-small:1.92%;--awb-spacing-left-small:1.92%;\"><div class=\"fusion-column-wrapper fusion-column-has-shadow fusion-flex-justify-content-flex-start fusion-content-layout-column\"><iframe width=\"100%\" height=\"315\" src=\"https:\/\/www.youtube-nocookie.com\/embed\/iSolWrLn488\" title=\"reproductor de videos de youtube\" frameborder=\"0\" allow=\"accelerometer; autoplay; clipboard-write; encrypted-media; gyroscope; picture-in-picture\" allowfullscreen=\"\"><\/iframe><\/div><\/div><div class=\"fusion-layout-column fusion_builder_column fusion-builder-column-6 fusion_builder_column_1_2 1_2 fusion-flex-column fusion-flex-align-self-stretch col-inside\" style=\"--awb-bg-size:cover;--awb-width-large:50%;--awb-margin-top-large:0px;--awb-spacing-right-large:3.84%;--awb-margin-bottom-large:20px;--awb-spacing-left-large:3.84%;--awb-width-medium:100%;--awb-order-medium:0;--awb-spacing-right-medium:1.92%;--awb-spacing-left-medium:1.92%;--awb-width-small:100%;--awb-order-small:0;--awb-spacing-right-small:1.92%;--awb-spacing-left-small:1.92%;\"><div class=\"fusion-column-wrapper fusion-column-has-shadow fusion-flex-justify-content-flex-start fusion-content-layout-column\"><iframe width=\"100%\" height=\"315\" src=\"https:\/\/www.youtube-nocookie.com\/embed\/ZGJnFXYJHBA\" title=\"reproductor de videos de youtube\" frameborder=\"0\" allow=\"accelerometer; autoplay; clipboard-write; encrypted-media; gyroscope; picture-in-picture\" allowfullscreen=\"\"><\/iframe><\/div><\/div><\/div><\/div><\/p>\n","protected":false},"excerpt":{"rendered":"","protected":false},"author":5,"featured_media":0,"parent":0,"menu_order":0,"comment_status":"closed","ping_status":"closed","template":"","meta":{"footnotes":""},"class_list":["post-28190","page","type-page","status-publish","hentry"],"yoast_head":"<!-- This site is optimized with the Yoast SEO plugin v27.3 - https:\/\/yoast.com\/product\/yoast-seo-wordpress\/ -->\n<title>Rentaload Mini serie de puesta en marcha -<\/title>\n<meta name=\"description\" content=\"Descubra nuestras \u00faltimas noticias, testimonios de nuestros clientes, algunos casos pr\u00e1cticos para comprender mejor nuestro negocio. Descargue tambi\u00e9n nuestro libro blanco o nuestra gu\u00eda sobre la puesta en marcha... \u00a1Una secci\u00f3n dedicada a todos nuestros recursos!\" \/>\n<meta name=\"robots\" content=\"index, follow, max-snippet:-1, max-image-preview:large, max-video-preview:-1\" \/>\n<link rel=\"canonical\" href=\"https:\/\/rentaload.com\/es\/mini-series\/\" \/>\n<meta property=\"og:locale\" content=\"es_ES\" \/>\n<meta property=\"og:type\" content=\"article\" \/>\n<meta property=\"og:title\" content=\"Rentaload Mini serie de puesta en marcha -\" \/>\n<meta property=\"og:description\" content=\"Descubra nuestras \u00faltimas noticias, testimonios de nuestros clientes, algunos casos pr\u00e1cticos para comprender mejor nuestro negocio. Descargue tambi\u00e9n nuestro libro blanco o nuestra gu\u00eda sobre la puesta en marcha... \u00a1Una secci\u00f3n dedicada a todos nuestros recursos!\" \/>\n<meta property=\"og:url\" content=\"https:\/\/rentaload.com\/es\/mini-series\/\" \/>\n<meta property=\"og:site_name\" content=\"Rentaload\" \/>\n<meta property=\"article:modified_time\" content=\"2022-06-01T02:25:23+00:00\" \/>\n<meta name=\"twitter:card\" content=\"summary_large_image\" \/>\n<meta name=\"twitter:label1\" content=\"Tiempo de lectura\" \/>\n\t<meta name=\"twitter:data1\" content=\"16 minutos\" \/>\n<script type=\"application\/ld+json\" class=\"yoast-schema-graph\">{\"@context\":\"https:\\\/\\\/schema.org\",\"@graph\":[{\"@type\":\"WebPage\",\"@id\":\"https:\\\/\\\/rentaload.com\\\/es\\\/mini-series\\\/\",\"url\":\"https:\\\/\\\/rentaload.com\\\/es\\\/mini-series\\\/\",\"name\":\"Rentaload Mini serie de puesta en marcha -\",\"isPartOf\":{\"@id\":\"https:\\\/\\\/rentaload.com\\\/es\\\/#website\"},\"datePublished\":\"2022-03-20T23:06:06+00:00\",\"dateModified\":\"2022-06-01T02:25:23+00:00\",\"description\":\"Descubra nuestras \u00faltimas noticias, testimonios de nuestros clientes, algunos casos pr\u00e1cticos para comprender mejor nuestro negocio. Descargue tambi\u00e9n nuestro libro blanco o nuestra gu\u00eda sobre la puesta en marcha... \u00a1Una secci\u00f3n dedicada a todos nuestros recursos!\",\"inLanguage\":\"es\",\"potentialAction\":[{\"@type\":\"ReadAction\",\"target\":[\"https:\\\/\\\/rentaload.com\\\/es\\\/mini-series\\\/\"]}]},{\"@type\":\"WebSite\",\"@id\":\"https:\\\/\\\/rentaload.com\\\/es\\\/#website\",\"url\":\"https:\\\/\\\/rentaload.com\\\/es\\\/\",\"name\":\"Rentaload\",\"description\":\"Load bank hire - location banc de charge - Lastbank vermietung\",\"publisher\":{\"@id\":\"https:\\\/\\\/rentaload.com\\\/es\\\/#organization\"},\"potentialAction\":[{\"@type\":\"SearchAction\",\"target\":{\"@type\":\"EntryPoint\",\"urlTemplate\":\"https:\\\/\\\/rentaload.com\\\/es\\\/?s={search_term_string}\"},\"query-input\":{\"@type\":\"PropertyValueSpecification\",\"valueRequired\":true,\"valueName\":\"search_term_string\"}}],\"inLanguage\":\"es\"},{\"@type\":\"Organization\",\"@id\":\"https:\\\/\\\/rentaload.com\\\/es\\\/#organization\",\"name\":\"Rentaload\",\"url\":\"https:\\\/\\\/rentaload.com\\\/es\\\/\",\"logo\":{\"@type\":\"ImageObject\",\"inLanguage\":\"es\",\"@id\":\"https:\\\/\\\/rentaload.com\\\/es\\\/#\\\/schema\\\/logo\\\/image\\\/\",\"url\":\"https:\\\/\\\/rentaload.com\\\/wp-content\\\/uploads\\\/2018\\\/03\\\/rentaload-logo-location-banc-de-charge-test-louer-1.png\",\"contentUrl\":\"https:\\\/\\\/rentaload.com\\\/wp-content\\\/uploads\\\/2018\\\/03\\\/rentaload-logo-location-banc-de-charge-test-louer-1.png\",\"width\":470,\"height\":100,\"caption\":\"Rentaload\"},\"image\":{\"@id\":\"https:\\\/\\\/rentaload.com\\\/es\\\/#\\\/schema\\\/logo\\\/image\\\/\"}}]}<\/script>\n<!-- \/ Yoast SEO plugin. -->","yoast_head_json":{"title":"Rentaload Mini serie de puesta en marcha -","description":"Descubra nuestras \u00faltimas noticias, testimonios de nuestros clientes, algunos casos pr\u00e1cticos para comprender mejor nuestro negocio. Descargue tambi\u00e9n nuestro libro blanco o nuestra gu\u00eda sobre la puesta en marcha... \u00a1Una secci\u00f3n dedicada a todos nuestros recursos!","robots":{"index":"index","follow":"follow","max-snippet":"max-snippet:-1","max-image-preview":"max-image-preview:large","max-video-preview":"max-video-preview:-1"},"canonical":"https:\/\/rentaload.com\/es\/mini-series\/","og_locale":"es_ES","og_type":"article","og_title":"Rentaload Mini serie de puesta en marcha -","og_description":"Descubra nuestras \u00faltimas noticias, testimonios de nuestros clientes, algunos casos pr\u00e1cticos para comprender mejor nuestro negocio. Descargue tambi\u00e9n nuestro libro blanco o nuestra gu\u00eda sobre la puesta en marcha... \u00a1Una secci\u00f3n dedicada a todos nuestros recursos!","og_url":"https:\/\/rentaload.com\/es\/mini-series\/","og_site_name":"Rentaload","article_modified_time":"2022-06-01T02:25:23+00:00","twitter_card":"summary_large_image","twitter_misc":{"Tiempo de lectura":"16 minutos"},"schema":{"@context":"https:\/\/schema.org","@graph":[{"@type":"WebPage","@id":"https:\/\/rentaload.com\/es\/mini-series\/","url":"https:\/\/rentaload.com\/es\/mini-series\/","name":"Rentaload Mini serie de puesta en marcha -","isPartOf":{"@id":"https:\/\/rentaload.com\/es\/#website"},"datePublished":"2022-03-20T23:06:06+00:00","dateModified":"2022-06-01T02:25:23+00:00","description":"Descubra nuestras \u00faltimas noticias, testimonios de nuestros clientes, algunos casos pr\u00e1cticos para comprender mejor nuestro negocio. Descargue tambi\u00e9n nuestro libro blanco o nuestra gu\u00eda sobre la puesta en marcha... \u00a1Una secci\u00f3n dedicada a todos nuestros recursos!","inLanguage":"es","potentialAction":[{"@type":"ReadAction","target":["https:\/\/rentaload.com\/es\/mini-series\/"]}]},{"@type":"WebSite","@id":"https:\/\/rentaload.com\/es\/#website","url":"https:\/\/rentaload.com\/es\/","name":"Rentaload","description":"Load bank hire - location banc de charge - Lastbank vermietung","publisher":{"@id":"https:\/\/rentaload.com\/es\/#organization"},"potentialAction":[{"@type":"SearchAction","target":{"@type":"EntryPoint","urlTemplate":"https:\/\/rentaload.com\/es\/?s={search_term_string}"},"query-input":{"@type":"PropertyValueSpecification","valueRequired":true,"valueName":"search_term_string"}}],"inLanguage":"es"},{"@type":"Organization","@id":"https:\/\/rentaload.com\/es\/#organization","name":"Rentaload","url":"https:\/\/rentaload.com\/es\/","logo":{"@type":"ImageObject","inLanguage":"es","@id":"https:\/\/rentaload.com\/es\/#\/schema\/logo\/image\/","url":"https:\/\/rentaload.com\/wp-content\/uploads\/2018\/03\/rentaload-logo-location-banc-de-charge-test-louer-1.png","contentUrl":"https:\/\/rentaload.com\/wp-content\/uploads\/2018\/03\/rentaload-logo-location-banc-de-charge-test-louer-1.png","width":470,"height":100,"caption":"Rentaload"},"image":{"@id":"https:\/\/rentaload.com\/es\/#\/schema\/logo\/image\/"}}]}},"_links":{"self":[{"href":"https:\/\/rentaload.com\/es\/wp-json\/wp\/v2\/pages\/28190","targetHints":{"allow":["GET"]}}],"collection":[{"href":"https:\/\/rentaload.com\/es\/wp-json\/wp\/v2\/pages"}],"about":[{"href":"https:\/\/rentaload.com\/es\/wp-json\/wp\/v2\/types\/page"}],"author":[{"embeddable":true,"href":"https:\/\/rentaload.com\/es\/wp-json\/wp\/v2\/users\/5"}],"replies":[{"embeddable":true,"href":"https:\/\/rentaload.com\/es\/wp-json\/wp\/v2\/comments?post=28190"}],"version-history":[{"count":2,"href":"https:\/\/rentaload.com\/es\/wp-json\/wp\/v2\/pages\/28190\/revisions"}],"predecessor-version":[{"id":28202,"href":"https:\/\/rentaload.com\/es\/wp-json\/wp\/v2\/pages\/28190\/revisions\/28202"}],"wp:attachment":[{"href":"https:\/\/rentaload.com\/es\/wp-json\/wp\/v2\/media?parent=28190"}],"curies":[{"name":"wp","href":"https:\/\/api.w.org\/{rel}","templated":true}]}}