{"id":28211,"date":"2020-06-08T20:51:26","date_gmt":"2020-06-08T18:51:26","guid":{"rendered":"https:\/\/rentaload.com\/politica-de-confidencialidad\/"},"modified":"2022-06-01T04:25:27","modified_gmt":"2022-06-01T02:25:27","slug":"politica-de-confidencialidad","status":"publish","type":"page","link":"https:\/\/rentaload.com\/es\/politica-de-confidencialidad\/","title":{"rendered":"pol\u00edtica de confidencialidad"},"content":{"rendered":"<div class=\"fusion-fullwidth fullwidth-box fusion-builder-row-1 fusion-flex-container nonhundred-percent-fullwidth non-hundred-percent-height-scrolling lp\" style=\"--awb-border-radius-top-left:0px;--awb-border-radius-top-right:0px;--awb-border-radius-bottom-right:0px;--awb-border-radius-bottom-left:0px;--awb-padding-bottom:30px;--awb-background-color:#ffffff;--awb-flex-wrap:wrap;\" ><div class=\"fusion-builder-row fusion-row fusion-flex-align-items-flex-start fusion-flex-content-wrap\" style=\"max-width:calc( 1100px + 0px );margin-left: calc(-0px \/ 2 );margin-right: calc(-0px \/ 2 );\"><div class=\"fusion-layout-column fusion_builder_column fusion-builder-column-0 fusion_builder_column_1_1 1_1 fusion-flex-column fusion-flex-align-self-flex-start fusion-column-no-min-height\" style=\"--awb-bg-color:#ffffff;--awb-bg-color-hover:#ffffff;--awb-bg-size:cover;--awb-width-large:100%;--awb-margin-top-large:0px;--awb-spacing-right-large:0px;--awb-margin-bottom-large:20px;--awb-spacing-left-large:0px;--awb-width-medium:100%;--awb-spacing-right-medium:0px;--awb-spacing-left-medium:0px;--awb-width-small:100%;--awb-spacing-right-small:0px;--awb-spacing-left-small:0px;\"><div class=\"fusion-column-wrapper fusion-column-has-shadow fusion-flex-justify-content-flex-start fusion-content-layout-column\"><div class=\"fusion-text fusion-text-1\"><h1 class=\"text-left\">Pol\u00edtica de Privacidad y Cookies<\/h1>\n<\/div><\/div><\/div><div class=\"fusion-layout-column fusion_builder_column fusion-builder-column-1 fusion_builder_column_1_1 1_1 fusion-flex-column\" style=\"--awb-bg-size:cover;--awb-width-large:100%;--awb-margin-top-large:0px;--awb-spacing-right-large:0px;--awb-margin-bottom-large:20px;--awb-spacing-left-large:0px;--awb-width-medium:100%;--awb-spacing-right-medium:0px;--awb-spacing-left-medium:0px;--awb-width-small:100%;--awb-spacing-right-small:0px;--awb-spacing-left-small:0px;\"><div class=\"fusion-column-wrapper fusion-column-has-shadow fusion-flex-justify-content-center fusion-content-layout-column\"><div class=\"fusion-text fusion-text-2\"><p>Esta pol\u00edtica de privacidad define y le informa c\u00f3mo Rentaload, como controlador de datos, usa y protege la informaci\u00f3n que transmite cuando utiliza el sitio newrentaload.kinsta.cloud (en adelante, \u00abel Sitio\u00bb).<\/p>\n<p>Esta Pol\u00edtica de privacidad puede ser modificada o complementada en cualquier momento por Rentaload. A continuaci\u00f3n, se especificar\u00e1 expresamente la fecha de su actualizaci\u00f3n. Estas modificaciones son vinculantes para usted desde el momento en que se ponen en l\u00ednea y le recomendamos que las consulte regularmente.<\/p>\n<p>Al utilizar el Sitio, usted consiente expresamente nuestra pol\u00edtica de privacidad, de la cual declara haber le\u00eddo perfectamente.<\/p>\n<p><strong>1. Informaci\u00f3n recopilada<\/strong><\/p>\n<p>Rentaload recopila informaci\u00f3n personal sobre usted cuando solicita un presupuesto o utiliza nuestros formularios de contacto. La informaci\u00f3n recopilada es su apellido, nombre, direcci\u00f3n de correo electr\u00f3nico y n\u00famero de tel\u00e9fono.<br \/>\nFinalmente, recibimos y registramos autom\u00e1ticamente informaci\u00f3n de su computadora y navegador, incluida su direcci\u00f3n IP, cuando visita el Sitio.<\/p>\n<p><strong>2. Finalidades de la recogida de informaci\u00f3n<\/strong><\/p>\n<p>Toda la informaci\u00f3n que recopilamos de usted se utiliza para:<\/p>\n<p>\u2022 Contactarlo por correo electr\u00f3nico o tel\u00e9fono, en particular en el contexto de la gesti\u00f3n de sus pedidos o enviarle informaci\u00f3n importante sobre el Sitio, como por ejemplo la modificaci\u00f3n de nuestras condiciones y pol\u00edticas,<br \/>\n\u2022 Informarle sobre productos, programas, servicios y promociones que puedan ser de su inter\u00e9s, sujeto a su autorizaci\u00f3n previa,<br \/>\n\u2022 Mejorar el rendimiento de nuestro Sitio,<br \/>\n\u2022 Personalice su experiencia en el Sitio y satisfaga sus necesidades individuales<\/p>\n<p>Este procesamiento es necesario para el cumplimiento de nuestras obligaciones contractuales y se basa en nuestro inter\u00e9s leg\u00edtimo en mejorar nuestros servicios y comprender las expectativas de los usuarios del Sitio.<\/p>\n<p><strong>3. Vida \u00fatil<\/strong><br \/>\nSi deja un comentario, el comentario y sus metadatos se conservan indefinidamente. Esto reconoce y aprueba autom\u00e1ticamente los comentarios posteriores en lugar de dejarlos en la cola de moderaci\u00f3n. Si deja un comentario en nuestro sitio, se le ofrecer\u00e1 guardar su nombre, direcci\u00f3n de correo electr\u00f3nico y sitio web en cookies. Esto es solo para su comodidad para que no tenga que ingresar esta informaci\u00f3n si deja otro comentario m\u00e1s adelante. Estas cookies expiran despu\u00e9s de un a\u00f1o.<\/p>\n<p>Si accede a la p\u00e1gina de inicio de sesi\u00f3n, se crear\u00e1 una cookie temporal para determinar si su navegador acepta cookies. No contiene datos personales y se eliminar\u00e1 autom\u00e1ticamente cuando cierre su navegador.<\/p>\n<p>Cuando inicie sesi\u00f3n, configuraremos una serie de cookies para guardar sus datos de inicio de sesi\u00f3n y preferencias de pantalla. La duraci\u00f3n de una cookie de conexi\u00f3n es de dos d\u00edas, la de una cookie de opci\u00f3n de pantalla es de un a\u00f1o. Si marca \u00abRecordarme\u00bb, su cookie de inicio de sesi\u00f3n se mantendr\u00e1 durante dos semanas. Si cierra sesi\u00f3n en su cuenta, la cookie de inicio de sesi\u00f3n se borrar\u00e1.<\/p>\n<p>Al editar o publicar una publicaci\u00f3n, se guardar\u00e1 una cookie adicional en su navegador. Esta cookie no incluye ning\u00fan dato personal. Solo muestra el ID de la publicaci\u00f3n que acabas de editar. Caduca despu\u00e9s de un d\u00eda.<\/p>\n<p>Para los usuarios que se registran en nuestro sitio (si es posible), tambi\u00e9n almacenamos los datos personales indicados en su perfil. Todos los usuarios pueden ver, modificar o eliminar su informaci\u00f3n personal en cualquier momento (excepto su nombre de usuario\u00b7ice). Los administradores del sitio tambi\u00e9n pueden ver y editar esta informaci\u00f3n.<\/p>\n<p>Rentaload solo retiene los datos personales durante el tiempo necesario para las operaciones para las que fueron recopilados.<br \/>\nEn particular :<br \/>\n\u2022 La informaci\u00f3n almacenada en los terminales de los usuarios (cookies) o cualquier otro elemento utilizado para identificar a los usuarios y permitir su trazabilidad se conservan durante doce meses.<br \/>\n\u2022 Los datos de los prospectos, es decir, las personas que han creado una cuenta en el Sitio sin realizar una compra, se conservan durante un per\u00edodo de dos a\u00f1os desde su recopilaci\u00f3n o la \u00faltima conexi\u00f3n del prospecto al Sitio. Pueden decidir en cualquier momento eliminar o modificar sus datos si as\u00ed lo desean contactando directamente con Rentaload.<\/p>\n<p><strong>4. Confidencialidad<\/strong><\/p>\n<p>Rentaload es el \u00fanico propietario de la informaci\u00f3n recopilada en el Sitio. Su informaci\u00f3n personal no se vender\u00e1, intercambiar\u00e1, transferir\u00e1 ni entregar\u00e1 a otra empresa con fines comerciales sin su consentimiento.<\/p>\n<p>Estos datos pueden, sin embargo, ser confiados a subcontratistas para la correcta ejecuci\u00f3n de los pedidos realizados o a terceros responsables de la gesti\u00f3n y\/o explotaci\u00f3n del Sitio, que no est\u00e1n autorizados en modo alguno a utilizarlos para otros fines que no sean los estrictamente propios de su misi\u00f3n o vender, intercambiar o transferir sus datos a terceros.<\/p>\n<p>Sus datos tambi\u00e9n pueden ser compartidos con terceros, solo dentro de los l\u00edmites autorizados (a) bajo las leyes aplicables, (b) para cumplir con el proceso legal, (c) para responder a solicitudes de autoridades gubernamentales y p\u00fablicas, incluso cuando estas se encuentren fuera de su pa\u00eds de residencia, (d) para garantizar el cumplimiento de nuestros t\u00e9rminos y condiciones de venta y uso, (e) para proteger nuestros derechos e intereses y los de otras personas o usuarios del Sitio.<\/p>\n<p>Sus datos no nominativos, es decir, datos que no permiten su identificaci\u00f3n, pueden ser eventualmente facilitados a terceros con fines estad\u00edsticos, de marketing o publicitarios. Los art\u00edculos en este sitio pueden incluir contenido incrustado (por ejemplo, videos, im\u00e1genes, art\u00edculos, etc.). El contenido incrustado de otros sitios se comporta de la misma manera que si el visitante viniera a ese otro sitio. Estos sitios web podr\u00edan recopilar datos sobre usted, utilizar cookies, incorporar herramientas de seguimiento de terceros, realizar un seguimiento de sus interacciones con este contenido incrustado si tiene una cuenta conectada a su sitio web.<\/p>\n<div class=\"fusion-privacy-element fusion-privacy-element-1\"><div class=\"fusion-privacy-form-intro\"><\/p>\n<p>Le ofrecemos la opci\u00f3n de aceptar o no el contenido de estas aplicaciones de terceros. Todo lo que tiene que hacer es desmarcar las casillas a continuaci\u00f3n y no se aceptar\u00e1n datos de estos terceros. Puede reconsiderar su decisi\u00f3n cuando lo desee marcando o desmarcando las casillas a continuaci\u00f3n y haciendo clic en el bot\u00f3n de actualizaci\u00f3n.<\/p>\n<p>\n<\/div><form id=\"fusion-privacy-form-1\" method=\"post\" class=\"fusion-privacy-form fusion-privacy-form-floated\"><ul><li><label for=\"youtube\"><input name=\"consents[]\" type=\"checkbox\" value=\"youtube\"  id=\"youtube\">YouTube<\/label><\/li><li><label for=\"gmaps\"><input name=\"consents[]\" type=\"checkbox\" value=\"gmaps\" checked id=\"gmaps\">Google Maps<\/label><\/li><li><label for=\"tracking\"><input name=\"consents[]\" type=\"checkbox\" value=\"tracking\" checked id=\"tracking\">Tracking Cookies<\/label><\/li><\/ul><input type=\"hidden\" name=\"_wp_http_referer\" value=\"\/es\/wp-json\/wp\/v2\/pages\/28211\" \/><input type=\"hidden\" name=\"privacyformid\" value=\"1\"><input type=\"hidden\" name=\"consents[]\" value=\"consent\"><input class=\"fusion-button fusion-button-default fusion-button-default-size\" type=\"submit\" value=\"Update\" ><input type=\"hidden\" id=\"fusion_privacy_nonce\" name=\"fusion_privacy_nonce\" value=\"53e351e714\" \/><input type=\"hidden\" name=\"_wp_http_referer\" value=\"\/es\/wp-json\/wp\/v2\/pages\/28211\" \/><\/form><\/div>\n<p><strong>5. Protecci\u00f3n de la informaci\u00f3n<\/strong><\/p>\n<p>Implementamos una variedad de medidas de seguridad para mantener la seguridad de su informaci\u00f3n personal. Utilizamos encriptaci\u00f3n de \u00faltima generaci\u00f3n para proteger la informaci\u00f3n confidencial transmitida en l\u00ednea. Tambi\u00e9n protegemos su informaci\u00f3n fuera de l\u00ednea. Solo los empleados que necesitan realizar un trabajo espec\u00edfico (por ejemplo, facturaci\u00f3n o servicio al cliente) tienen acceso a la informaci\u00f3n de identificaci\u00f3n personal.<\/p>\n<p>Nos aseguramos de que cualquier proveedor de servicios o subcontratista que podamos utilizar en el contexto de la recopilaci\u00f3n y el procesamiento de los datos que nos comunica proporcione las garant\u00edas adecuadas en t\u00e9rminos de confidencialidad, uso y protecci\u00f3n de datos.<\/p>\n<p><strong>6. Derecho de acceso, rectificaci\u00f3n y oposici\u00f3n<\/strong><\/p>\n<p>Tiene derecho de acceso, limitaci\u00f3n, rectificaci\u00f3n, supresi\u00f3n y oposici\u00f3n al uso de sus datos personales transmitidos al Sitio.<\/p>\n<p>Cualquier solicitud a este efecto debe dirigirse al responsable del Sitio mediante el env\u00edo de un correo electr\u00f3nico a contact@rentaload.com<\/p>\n<p>Dada nuestra obligaci\u00f3n de seguridad y confidencialidad en el tratamiento de los datos personales, toda solicitud deber\u00e1 ir acompa\u00f1ada de una fotocopia o escaneo de su documento de identidad (DNI, pasaporte, permiso de conducir).<\/p>\n<p>Le responderemos en un plazo m\u00e1ximo de un mes desde la recepci\u00f3n de su solicitud.<\/p>\n<p>Para asistirlo en sus tr\u00e1mites, la CNIL ha desarrollado modelos de cartas que le permiten solicitar:<\/p>\n<p>\u2013 Acceso a datos personales:<br \/>\nhttps:\/\/www.cnil.fr\/fr\/modele\/courrier\/exercer-son-droit-dacces<\/p>\n<p>\u2013 Rectificaci\u00f3n, actualizaci\u00f3n, bloqueo o supresi\u00f3n de sus datos personales:<br \/>\nhttps:\/\/www.cnil.fr\/fr\/modele\/courrier\/rectifier-des-donnees-inexactes-obsoletes-ou-perimees<\/p>\n<p>\u2013 Oposici\u00f3n al tratamiento de sus datos personales por motivo leg\u00edtimo o cuando sus datos sean utilizados con fines de prospecci\u00f3n comercial:<br \/>\nhttps:\/\/www.cnil.fr\/fr\/modele\/courrier\/supprimer-des-informations-vous-concernant-dun-site-internet<\/p>\n<p><strong>7. Pol\u00edtica de cookies<\/strong><\/p>\n<p>Cuando te conectes al Sitio, Rentaload podr\u00e1 proceder a la implantaci\u00f3n de una cookie en el disco duro de tu terminal con el fin de garantizarte una navegaci\u00f3n fluida y \u00f3ptima por el Sitio. Las \u201ccookies\u201d (tambi\u00e9n llamadas \u201ccookies de conexi\u00f3n\u201d) nos permiten reconocer su computadora, tableta o tel\u00e9fono m\u00f3vil con el fin de personalizar los servicios que le ofrecemos a trav\u00e9s del Sitio.<\/p>\n<p>Para informarle de esto, se muestra un banner en la parte inferior de su pantalla cuando se conecta al Sitio. Puede rechazar el dep\u00f3sito de cookies en su terminal en cualquier momento configurando su navegador de Internet. Sin embargo, en tal caso, no podemos garantizar el funcionamiento \u00f3ptimo del Sitio y no podemos responsabilizarnos de las consecuencias vinculadas a la alteraci\u00f3n de sus condiciones de navegaci\u00f3n en el Sitio que resultar\u00edan de su elecci\u00f3n de rechazar o bloquear las cookies necesarias para su correcto funcionamiento.<\/p>\n<p>Para guiarlo en su configuraci\u00f3n, la CNIL ha desarrollado una p\u00e1gina dedicada al control de las cookies, que se puede consultar a trav\u00e9s del siguiente enlace: https:\/\/www.cnil.fr\/fr\/cookies-les-outils-pour-les -para dominar.<\/p>\n<p>La informaci\u00f3n recopilada a trav\u00e9s de las cookies no lo identifica personalmente de ninguna manera y solo tiene la intenci\u00f3n de ayudarnos a analizar y mejorar el rendimiento del Sitio.<\/p>\n<p>De acuerdo con las recomendaciones de la CNIL, las cookies estrictamente necesarias para el funcionamiento del Sitio no est\u00e1n sujetas a ninguna obligaci\u00f3n previa por su parte. Por otro lado, se requiere su consentimiento expreso previo al uso de cookies emitidas por terceros, las cuales est\u00e1n sujetas a las pol\u00edticas de confidencialidad de estos \u00faltimos, las cuales pueden ser consultadas en sus sitios web. Estas cookies pueden ser cookies de medici\u00f3n de audiencia, cookies publicitarias o cookies para compartir en redes sociales.<\/p>\n<p><strong>8. Remedios<\/strong><\/p>\n<p>Si cree que no respetamos nuestras obligaciones con respecto a la recopilaci\u00f3n y el procesamiento de sus datos personales, puede enviar una queja a la CNIL por correo o electr\u00f3nicamente a trav\u00e9s del siguiente enlace: https:\/\/www.cnil .fr\/fr \/quejas\/internet.<\/p>\n<p>\u2013 Junio 2020 \u2013<\/p>\n<\/div><\/div><\/div><\/div><\/div>\n","protected":false},"excerpt":{"rendered":"","protected":false},"author":3,"featured_media":0,"parent":0,"menu_order":0,"comment_status":"closed","ping_status":"open","template":"100-width.php","meta":{"footnotes":""},"class_list":["post-28211","page","type-page","status-publish","hentry"],"yoast_head":"<!-- This site is optimized with the Yoast SEO plugin v27.3 - https:\/\/yoast.com\/product\/yoast-seo-wordpress\/ -->\n<title>Rentaload: Aviso Legal<\/title>\n<meta name=\"robots\" content=\"index, follow, max-snippet:-1, max-image-preview:large, max-video-preview:-1\" \/>\n<link rel=\"canonical\" href=\"https:\/\/rentaload.com\/es\/politica-de-confidencialidad\/\" \/>\n<meta property=\"og:locale\" content=\"es_ES\" \/>\n<meta property=\"og:type\" content=\"article\" \/>\n<meta property=\"og:title\" content=\"Rentaload: Aviso Legal\" \/>\n<meta property=\"og:url\" content=\"https:\/\/rentaload.com\/es\/politica-de-confidencialidad\/\" \/>\n<meta property=\"og:site_name\" content=\"Rentaload\" \/>\n<meta property=\"article:modified_time\" content=\"2022-06-01T02:25:27+00:00\" \/>\n<meta name=\"twitter:card\" content=\"summary_large_image\" \/>\n<meta name=\"twitter:label1\" content=\"Tiempo de lectura\" \/>\n\t<meta name=\"twitter:data1\" content=\"11 minutos\" \/>\n<script type=\"application\/ld+json\" class=\"yoast-schema-graph\">{\"@context\":\"https:\\\/\\\/schema.org\",\"@graph\":[{\"@type\":\"WebPage\",\"@id\":\"https:\\\/\\\/rentaload.com\\\/es\\\/politica-de-confidencialidad\\\/\",\"url\":\"https:\\\/\\\/rentaload.com\\\/es\\\/politica-de-confidencialidad\\\/\",\"name\":\"Rentaload: Aviso Legal\",\"isPartOf\":{\"@id\":\"https:\\\/\\\/rentaload.com\\\/es\\\/#website\"},\"datePublished\":\"2020-06-08T18:51:26+00:00\",\"dateModified\":\"2022-06-01T02:25:27+00:00\",\"inLanguage\":\"es\",\"potentialAction\":[{\"@type\":\"ReadAction\",\"target\":[\"https:\\\/\\\/rentaload.com\\\/es\\\/politica-de-confidencialidad\\\/\"]}]},{\"@type\":\"WebSite\",\"@id\":\"https:\\\/\\\/rentaload.com\\\/es\\\/#website\",\"url\":\"https:\\\/\\\/rentaload.com\\\/es\\\/\",\"name\":\"Rentaload\",\"description\":\"Load bank hire - location banc de charge - Lastbank vermietung\",\"publisher\":{\"@id\":\"https:\\\/\\\/rentaload.com\\\/es\\\/#organization\"},\"potentialAction\":[{\"@type\":\"SearchAction\",\"target\":{\"@type\":\"EntryPoint\",\"urlTemplate\":\"https:\\\/\\\/rentaload.com\\\/es\\\/?s={search_term_string}\"},\"query-input\":{\"@type\":\"PropertyValueSpecification\",\"valueRequired\":true,\"valueName\":\"search_term_string\"}}],\"inLanguage\":\"es\"},{\"@type\":\"Organization\",\"@id\":\"https:\\\/\\\/rentaload.com\\\/es\\\/#organization\",\"name\":\"Rentaload\",\"url\":\"https:\\\/\\\/rentaload.com\\\/es\\\/\",\"logo\":{\"@type\":\"ImageObject\",\"inLanguage\":\"es\",\"@id\":\"https:\\\/\\\/rentaload.com\\\/es\\\/#\\\/schema\\\/logo\\\/image\\\/\",\"url\":\"https:\\\/\\\/rentaload.com\\\/wp-content\\\/uploads\\\/2018\\\/03\\\/rentaload-logo-location-banc-de-charge-test-louer-1.png\",\"contentUrl\":\"https:\\\/\\\/rentaload.com\\\/wp-content\\\/uploads\\\/2018\\\/03\\\/rentaload-logo-location-banc-de-charge-test-louer-1.png\",\"width\":470,\"height\":100,\"caption\":\"Rentaload\"},\"image\":{\"@id\":\"https:\\\/\\\/rentaload.com\\\/es\\\/#\\\/schema\\\/logo\\\/image\\\/\"}}]}<\/script>\n<!-- \/ Yoast SEO plugin. -->","yoast_head_json":{"title":"Rentaload: Aviso Legal","robots":{"index":"index","follow":"follow","max-snippet":"max-snippet:-1","max-image-preview":"max-image-preview:large","max-video-preview":"max-video-preview:-1"},"canonical":"https:\/\/rentaload.com\/es\/politica-de-confidencialidad\/","og_locale":"es_ES","og_type":"article","og_title":"Rentaload: Aviso Legal","og_url":"https:\/\/rentaload.com\/es\/politica-de-confidencialidad\/","og_site_name":"Rentaload","article_modified_time":"2022-06-01T02:25:27+00:00","twitter_card":"summary_large_image","twitter_misc":{"Tiempo de lectura":"11 minutos"},"schema":{"@context":"https:\/\/schema.org","@graph":[{"@type":"WebPage","@id":"https:\/\/rentaload.com\/es\/politica-de-confidencialidad\/","url":"https:\/\/rentaload.com\/es\/politica-de-confidencialidad\/","name":"Rentaload: Aviso Legal","isPartOf":{"@id":"https:\/\/rentaload.com\/es\/#website"},"datePublished":"2020-06-08T18:51:26+00:00","dateModified":"2022-06-01T02:25:27+00:00","inLanguage":"es","potentialAction":[{"@type":"ReadAction","target":["https:\/\/rentaload.com\/es\/politica-de-confidencialidad\/"]}]},{"@type":"WebSite","@id":"https:\/\/rentaload.com\/es\/#website","url":"https:\/\/rentaload.com\/es\/","name":"Rentaload","description":"Load bank hire - location banc de charge - Lastbank vermietung","publisher":{"@id":"https:\/\/rentaload.com\/es\/#organization"},"potentialAction":[{"@type":"SearchAction","target":{"@type":"EntryPoint","urlTemplate":"https:\/\/rentaload.com\/es\/?s={search_term_string}"},"query-input":{"@type":"PropertyValueSpecification","valueRequired":true,"valueName":"search_term_string"}}],"inLanguage":"es"},{"@type":"Organization","@id":"https:\/\/rentaload.com\/es\/#organization","name":"Rentaload","url":"https:\/\/rentaload.com\/es\/","logo":{"@type":"ImageObject","inLanguage":"es","@id":"https:\/\/rentaload.com\/es\/#\/schema\/logo\/image\/","url":"https:\/\/rentaload.com\/wp-content\/uploads\/2018\/03\/rentaload-logo-location-banc-de-charge-test-louer-1.png","contentUrl":"https:\/\/rentaload.com\/wp-content\/uploads\/2018\/03\/rentaload-logo-location-banc-de-charge-test-louer-1.png","width":470,"height":100,"caption":"Rentaload"},"image":{"@id":"https:\/\/rentaload.com\/es\/#\/schema\/logo\/image\/"}}]}},"_links":{"self":[{"href":"https:\/\/rentaload.com\/es\/wp-json\/wp\/v2\/pages\/28211","targetHints":{"allow":["GET"]}}],"collection":[{"href":"https:\/\/rentaload.com\/es\/wp-json\/wp\/v2\/pages"}],"about":[{"href":"https:\/\/rentaload.com\/es\/wp-json\/wp\/v2\/types\/page"}],"author":[{"embeddable":true,"href":"https:\/\/rentaload.com\/es\/wp-json\/wp\/v2\/users\/3"}],"replies":[{"embeddable":true,"href":"https:\/\/rentaload.com\/es\/wp-json\/wp\/v2\/comments?post=28211"}],"version-history":[{"count":2,"href":"https:\/\/rentaload.com\/es\/wp-json\/wp\/v2\/pages\/28211\/revisions"}],"predecessor-version":[{"id":28225,"href":"https:\/\/rentaload.com\/es\/wp-json\/wp\/v2\/pages\/28211\/revisions\/28225"}],"wp:attachment":[{"href":"https:\/\/rentaload.com\/es\/wp-json\/wp\/v2\/media?parent=28211"}],"curies":[{"name":"wp","href":"https:\/\/api.w.org\/{rel}","templated":true}]}}