{"id":46623,"date":"2018-05-19T15:30:14","date_gmt":"2018-05-19T13:30:14","guid":{"rendered":"https:\/\/rentaload.com\/contactar-2\/"},"modified":"2024-12-11T14:31:45","modified_gmt":"2024-12-11T13:31:45","slug":"contactar","status":"publish","type":"page","link":"https:\/\/rentaload.com\/es\/contactar\/","title":{"rendered":"Contactar"},"content":{"rendered":"<p><div class=\"fusion-fullwidth fullwidth-box fusion-builder-row-1 fusion-flex-container has-pattern-background has-mask-background hundred-percent-fullwidth non-hundred-percent-height-scrolling\" style=\"--awb-border-radius-top-left:0px;--awb-border-radius-top-right:0px;--awb-border-radius-bottom-right:0px;--awb-border-radius-bottom-left:0px;--awb-margin-top:-55px;--awb-flex-wrap:wrap;\" ><div class=\"fusion-builder-row fusion-row fusion-flex-align-items-flex-start fusion-flex-content-wrap\" style=\"width:104% !important;max-width:104% !important;margin-left: calc(-4% \/ 2 );margin-right: calc(-4% \/ 2 );\"><div class=\"fusion-layout-column fusion_builder_column fusion-builder-column-0 fusion_builder_column_1_5 1_5 fusion-flex-column\" style=\"--awb-padding-top:50px;--awb-padding-bottom:50px;--awb-bg-size:cover;--awb-width-large:20%;--awb-margin-top-large:0px;--awb-spacing-right-large:9.6%;--awb-margin-bottom-large:20px;--awb-spacing-left-large:9.6%;--awb-width-medium:100%;--awb-spacing-right-medium:1.92%;--awb-spacing-left-medium:1.92%;--awb-width-small:100%;--awb-spacing-right-small:1.92%;--awb-spacing-left-small:1.92%;\"><div class=\"fusion-column-wrapper fusion-flex-justify-content-flex-start fusion-content-layout-column\"><\/div><\/div><div class=\"fusion-layout-column fusion_builder_column fusion-builder-column-1 fusion_builder_column_3_5 3_5 fusion-flex-column\" style=\"--awb-padding-top:50px;--awb-padding-bottom:50px;--awb-bg-size:cover;--awb-width-large:60%;--awb-margin-top-large:0px;--awb-spacing-right-large:3.2%;--awb-margin-bottom-large:20px;--awb-spacing-left-large:3.2%;--awb-width-medium:100%;--awb-spacing-right-medium:1.92%;--awb-spacing-left-medium:1.92%;--awb-width-small:100%;--awb-spacing-right-small:1.92%;--awb-spacing-left-small:1.92%;\"><div class=\"fusion-column-wrapper fusion-flex-justify-content-flex-start fusion-content-layout-column\"><div class=\"fusion-text fusion-text-1\"><h2 style=\"margin-top: 20px;\">Cont\u00e1ctenos<\/h2>\n<p>Est\u00e1 buscando un banco de carga para alquilar, una respuesta a una pregunta t\u00e9cnica sobre nuestros bancos de carga o nuestros otros productos, este formulario de contacto est\u00e1 a su disposici\u00f3n para todas las solicitudes de informaci\u00f3n general. Hacemos todo lo posible para responderle lo antes posible. En caso de emergencia tambi\u00e9n puede contactarnos en nuestra l\u00ednea fija.<\/p>\n<\/div><script charset=\"utf-8\" type=\"text\/javascript\" src=\"\/\/js.hsforms.net\/forms\/embed\/v2.js\"><\/script>\n<div class=\"rentaload-contact\">\n<script>\n  if (window.location.pathname.indexOf(\"\/fr\/\") === 0) {\n    hbspt.forms.create({\n      portalId: \"4655222\",\n      formId: \"4622d8ba-7065-418e-8201-b99a4bbb7778\"\n    });\n  }\n<\/script>\n<script>\n  if (window.location.pathname.indexOf(\"\/en\/\") === 0) {\n    hbspt.forms.create({\n       portalId: \"4655222\",\n \t   formId: \"fbf1e53e-7eb4-4d97-8cd6-aba35ff14fdd\"\n    });\n  }\n<\/script>\n<script>\n  if (window.location.pathname.indexOf(\"\/de\/\") === 0) {\n    hbspt.forms.create({\n  \t  portalId: \"4655222\",\n  \t  formId: \"3b1a1ff3-c058-4c1d-b446-645d2af77f73\"\n    });\n  }\n<\/script>\n<script>\n  if (window.location.pathname.indexOf(\"\/es\/\") === 0) {\n    hbspt.forms.create({\n\t portalId: \"4655222\",\n   \t formId: \"a8d807ee-7722-416d-a1b9-6174129b0fe3\"\n    });\n  }\n<\/script>\n<script>\n  if (window.location.pathname.indexOf(\"\/it\/\") === 0) {\n    hbspt.forms.create({\n      portalId: \"4655222\",\n      formId: \"bccc74fd-848e-4594-8846-8122838d5b9f\"\n\n    });\n  }\n<\/script>\n<script>\n  if (window.location.pathname.indexOf(\"\/pl\/\") === 0) {\n    hbspt.forms.create({\n      portalId: \"4655222\",\n \t  formId: \"fbf1e53e-7eb4-4d97-8cd6-aba35ff14fdd\"\n    });\n  }\n<\/script>\n<script>\n  if (window.location.pathname.indexOf(\"\/no\/\") === 0) {\n    hbspt.forms.create({\n    portalId: \"4655222\",\n    formId: \"8cf73f1a-da93-4ba1-8f6e-b0c41aaabbf7\"\n\n    });\n  }\n<\/script>\n<script>\n  if (window.location.pathname.indexOf(\"\/da\/\") === 0) {\n    hbspt.forms.create({\n      portalId: \"4655222\",\n      formId: \"fbf1e53e-7eb4-4d97-8cd6-aba35ff14fdd\"\n    });\n  }\n<\/script>\n<script>\n  if (window.location.pathname.indexOf(\"\/nl\/\") === 0) {\n    hbspt.forms.create({\n       portalId: \"4655222\",\n \t   formId: \"fbf1e53e-7eb4-4d97-8cd6-aba35ff14fdd\"\n    });\n  }\n<\/script>\n<\/div>\n<\/div><\/div><div class=\"fusion-layout-column fusion_builder_column fusion-builder-column-2 fusion_builder_column_1_5 1_5 fusion-flex-column\" style=\"--awb-padding-top:50px;--awb-padding-bottom:50px;--awb-bg-size:cover;--awb-width-large:20%;--awb-margin-top-large:0px;--awb-spacing-right-large:9.6%;--awb-margin-bottom-large:20px;--awb-spacing-left-large:9.6%;--awb-width-medium:100%;--awb-spacing-right-medium:1.92%;--awb-spacing-left-medium:1.92%;--awb-width-small:100%;--awb-spacing-right-small:1.92%;--awb-spacing-left-small:1.92%;\"><div class=\"fusion-column-wrapper fusion-flex-justify-content-flex-start fusion-content-layout-column\"><\/div><\/div><\/div><\/div><div class=\"fusion-fullwidth fullwidth-box fusion-builder-row-2 fusion-flex-container has-pattern-background has-mask-background nonhundred-percent-fullwidth non-hundred-percent-height-scrolling\" style=\"--awb-border-radius-top-left:0px;--awb-border-radius-top-right:0px;--awb-border-radius-bottom-right:0px;--awb-border-radius-bottom-left:0px;--awb-flex-wrap:wrap;\" ><div class=\"fusion-builder-row fusion-row fusion-flex-align-items-flex-start fusion-flex-content-wrap\" style=\"max-width:1144px;margin-left: calc(-4% \/ 2 );margin-right: calc(-4% \/ 2 );\"><div class=\"fusion-layout-column fusion_builder_column fusion-builder-column-3 fusion_builder_column_1_1 1_1 fusion-flex-column\" style=\"--awb-bg-size:cover;--awb-width-large:100%;--awb-margin-top-large:0px;--awb-spacing-right-large:1.92%;--awb-margin-bottom-large:20px;--awb-spacing-left-large:1.92%;--awb-width-medium:100%;--awb-order-medium:0;--awb-spacing-right-medium:1.92%;--awb-spacing-left-medium:1.92%;--awb-width-small:100%;--awb-order-small:0;--awb-spacing-right-small:1.92%;--awb-spacing-left-small:1.92%;\"><div class=\"fusion-column-wrapper fusion-column-has-shadow fusion-flex-justify-content-flex-start fusion-content-layout-column\"><\/div><\/div><div class=\"fusion-layout-column fusion_builder_column fusion-builder-column-4 fusion_builder_column_1_3 1_3 fusion-flex-column\" style=\"--awb-padding-bottom:50px;--awb-bg-size:cover;--awb-width-large:33.333333333333%;--awb-margin-top-large:0px;--awb-spacing-right-large:5.76%;--awb-margin-bottom-large:20px;--awb-spacing-left-large:5.76%;--awb-width-medium:100%;--awb-spacing-right-medium:1.92%;--awb-spacing-left-medium:1.92%;--awb-width-small:100%;--awb-spacing-right-small:1.92%;--awb-spacing-left-small:1.92%;\"><div class=\"fusion-column-wrapper fusion-flex-justify-content-flex-start fusion-content-layout-column\"><div class=\"fusion-image-element \" style=\"--awb-caption-title-font-family:var(--h2_typography-font-family);--awb-caption-title-font-weight:var(--h2_typography-font-weight);--awb-caption-title-font-style:var(--h2_typography-font-style);--awb-caption-title-size:var(--h2_typography-font-size);--awb-caption-title-transform:var(--h2_typography-text-transform);--awb-caption-title-line-height:var(--h2_typography-line-height);--awb-caption-title-letter-spacing:var(--h2_typography-letter-spacing);\"><span class=\" fusion-imageframe imageframe-none imageframe-1 hover-type-none\"><img decoding=\"async\" width=\"800\" height=\"600\" title=\"support-technique\" src=\"https:\/\/rentaload.com\/wp-content\/uploads\/2022\/02\/support-technique.jpg\" alt class=\"img-responsive wp-image-23561\" srcset=\"https:\/\/rentaload.com\/wp-content\/uploads\/2022\/02\/support-technique-200x150.jpg 200w, https:\/\/rentaload.com\/wp-content\/uploads\/2022\/02\/support-technique-400x300.jpg 400w, https:\/\/rentaload.com\/wp-content\/uploads\/2022\/02\/support-technique-600x450.jpg 600w, https:\/\/rentaload.com\/wp-content\/uploads\/2022\/02\/support-technique.jpg 800w\" sizes=\"(max-width: 1024px) 100vw, (max-width: 640px) 100vw, 400px\" \/><\/span><\/div><\/div><\/div><div class=\"fusion-layout-column fusion_builder_column fusion-builder-column-5 fusion_builder_column_1_3 1_3 fusion-flex-column\" style=\"--awb-padding-bottom:50px;--awb-bg-size:cover;--awb-width-large:33.333333333333%;--awb-margin-top-large:0px;--awb-spacing-right-large:5.76%;--awb-margin-bottom-large:20px;--awb-spacing-left-large:5.76%;--awb-width-medium:100%;--awb-spacing-right-medium:1.92%;--awb-spacing-left-medium:1.92%;--awb-width-small:100%;--awb-spacing-right-small:1.92%;--awb-spacing-left-small:1.92%;\"><div class=\"fusion-column-wrapper fusion-flex-justify-content-flex-start fusion-content-layout-column\"><div class=\"fusion-text fusion-text-2\"><p><strong><span style=\"color: #ff6600;\">\ud83d\udd38Rentaload Europa<\/span><\/strong><\/p>\n<p>Rentaload Europa &#8211; 353 rue de la chapelle, 69400 GLEIZE &#8211; Francia<\/p>\n<p><strong><span style=\"color: #ff6600;\">\ud83d\udd38 Rentaload Francia<\/span><\/strong><\/p>\n<p>Rentaload Francia &#8211; 353 rue de la chapelle,69400 GLEIZE &#8211; Francia<\/p>\n<p><span style=\"color: #ff6600;\"><strong>\ud83d\udd38Rentaload Espa\u00f1a y Portugal<\/strong><\/span><\/p>\n<p>Rentaload Iberia &#8211; Encofradores, 12 &#8211; 28942 Fuenlabrada, Madrid, Espa\u00f1a<\/p>\n<\/div><\/div><\/div><div class=\"fusion-layout-column fusion_builder_column fusion-builder-column-6 fusion_builder_column_1_3 1_3 fusion-flex-column\" style=\"--awb-padding-bottom:50px;--awb-bg-size:cover;--awb-width-large:33.333333333333%;--awb-margin-top-large:0px;--awb-spacing-right-large:5.76%;--awb-margin-bottom-large:20px;--awb-spacing-left-large:5.76%;--awb-width-medium:100%;--awb-spacing-right-medium:1.92%;--awb-spacing-left-medium:1.92%;--awb-width-small:100%;--awb-spacing-right-small:1.92%;--awb-spacing-left-small:1.92%;\"><div class=\"fusion-column-wrapper fusion-flex-justify-content-flex-start fusion-content-layout-column\"><div class=\"fusion-text fusion-text-3\"><p><span style=\"color: #ff6600;\"><strong>\ud83d\udd38Rentaload Estados Unidos<\/strong><\/span><\/p>\n<p>Rentaload Estados Unidos &#8211; 1369 Cox Ave.<br \/>\nErlanger, KY.<br \/>\n41018 &#8211; Estados Unidos  <\/p>\n<p><span style=\"color: #ff6600;\"><strong>\ud83d\udd38Rentaload Reino Unido e Irlanda<\/strong><\/span><\/p>\n<p>Rentaload Reino Unido e Irlanda &#8211; Unit 44, Westwood Park Trading Estate,W3 0TH Londres, Reino Unido<\/p>\n<p><span style=\"color: #ff6600;\"><strong>\ud83d\udd38Rentaload Alemania<\/strong><\/span><\/p>\n<p>Rentaload GmbH &amp; Co KG &#8211; Breithauptstra\u00dfe 1, 64404 Bickenbach, Alemania<\/p>\n<\/div><\/div><\/div><\/div><\/div><\/p>\n","protected":false},"excerpt":{"rendered":"","protected":false},"author":3,"featured_media":0,"parent":0,"menu_order":0,"comment_status":"closed","ping_status":"closed","template":"100-width.php","meta":{"footnotes":""},"class_list":["post-46623","page","type-page","status-publish","hentry"],"yoast_head":"<!-- This site is optimized with the Yoast SEO plugin v27.3 - https:\/\/yoast.com\/product\/yoast-seo-wordpress\/ -->\n<title>Contacta con nuestros expertos en Rentaload - Respuesta r\u00e1pida y precisa<\/title>\n<meta name=\"description\" content=\"Ponte en contacto con nosotros a trav\u00e9s de nuestro formulario de contacto. Nuestros expertos est\u00e1n disponibles y responden, con un tiempo medio de respuesta de 48 horas.\" \/>\n<meta name=\"robots\" content=\"index, follow, max-snippet:-1, max-image-preview:large, max-video-preview:-1\" \/>\n<link rel=\"canonical\" href=\"https:\/\/rentaload.com\/es\/contactar\/\" \/>\n<meta property=\"og:locale\" content=\"es_ES\" \/>\n<meta property=\"og:type\" content=\"article\" \/>\n<meta property=\"og:title\" content=\"Contacta con nuestros expertos en Rentaload - Respuesta r\u00e1pida y precisa\" \/>\n<meta property=\"og:description\" content=\"Ponte en contacto con nosotros a trav\u00e9s de nuestro formulario de contacto. Nuestros expertos est\u00e1n disponibles y responden, con un tiempo medio de respuesta de 48 horas.\" \/>\n<meta property=\"og:url\" content=\"https:\/\/rentaload.com\/es\/contactar\/\" \/>\n<meta property=\"og:site_name\" content=\"Rentaload\" \/>\n<meta property=\"article:modified_time\" content=\"2024-12-11T13:31:45+00:00\" \/>\n<meta name=\"twitter:card\" content=\"summary_large_image\" \/>\n<meta name=\"twitter:label1\" content=\"Tiempo de lectura\" \/>\n\t<meta name=\"twitter:data1\" content=\"4 minutos\" \/>\n<script type=\"application\/ld+json\" class=\"yoast-schema-graph\">{\"@context\":\"https:\\\/\\\/schema.org\",\"@graph\":[{\"@type\":\"WebPage\",\"@id\":\"https:\\\/\\\/rentaload.com\\\/es\\\/contactar\\\/\",\"url\":\"https:\\\/\\\/rentaload.com\\\/es\\\/contactar\\\/\",\"name\":\"Contacta con nuestros expertos en Rentaload - Respuesta r\u00e1pida y precisa\",\"isPartOf\":{\"@id\":\"https:\\\/\\\/rentaload.com\\\/es\\\/#website\"},\"datePublished\":\"2018-05-19T13:30:14+00:00\",\"dateModified\":\"2024-12-11T13:31:45+00:00\",\"description\":\"Ponte en contacto con nosotros a trav\u00e9s de nuestro formulario de contacto. Nuestros expertos est\u00e1n disponibles y responden, con un tiempo medio de respuesta de 48 horas.\",\"inLanguage\":\"es\",\"potentialAction\":[{\"@type\":\"ReadAction\",\"target\":[\"https:\\\/\\\/rentaload.com\\\/es\\\/contactar\\\/\"]}]},{\"@type\":\"WebSite\",\"@id\":\"https:\\\/\\\/rentaload.com\\\/es\\\/#website\",\"url\":\"https:\\\/\\\/rentaload.com\\\/es\\\/\",\"name\":\"Rentaload\",\"description\":\"Load bank hire - location banc de charge - Lastbank vermietung\",\"publisher\":{\"@id\":\"https:\\\/\\\/rentaload.com\\\/es\\\/#organization\"},\"potentialAction\":[{\"@type\":\"SearchAction\",\"target\":{\"@type\":\"EntryPoint\",\"urlTemplate\":\"https:\\\/\\\/rentaload.com\\\/es\\\/?s={search_term_string}\"},\"query-input\":{\"@type\":\"PropertyValueSpecification\",\"valueRequired\":true,\"valueName\":\"search_term_string\"}}],\"inLanguage\":\"es\"},{\"@type\":\"Organization\",\"@id\":\"https:\\\/\\\/rentaload.com\\\/es\\\/#organization\",\"name\":\"Rentaload\",\"url\":\"https:\\\/\\\/rentaload.com\\\/es\\\/\",\"logo\":{\"@type\":\"ImageObject\",\"inLanguage\":\"es\",\"@id\":\"https:\\\/\\\/rentaload.com\\\/es\\\/#\\\/schema\\\/logo\\\/image\\\/\",\"url\":\"https:\\\/\\\/rentaload.com\\\/wp-content\\\/uploads\\\/2018\\\/03\\\/rentaload-logo-location-banc-de-charge-test-louer-1.png\",\"contentUrl\":\"https:\\\/\\\/rentaload.com\\\/wp-content\\\/uploads\\\/2018\\\/03\\\/rentaload-logo-location-banc-de-charge-test-louer-1.png\",\"width\":470,\"height\":100,\"caption\":\"Rentaload\"},\"image\":{\"@id\":\"https:\\\/\\\/rentaload.com\\\/es\\\/#\\\/schema\\\/logo\\\/image\\\/\"}}]}<\/script>\n<!-- \/ Yoast SEO plugin. -->","yoast_head_json":{"title":"Contacta con nuestros expertos en Rentaload - Respuesta r\u00e1pida y precisa","description":"Ponte en contacto con nosotros a trav\u00e9s de nuestro formulario de contacto. Nuestros expertos est\u00e1n disponibles y responden, con un tiempo medio de respuesta de 48 horas.","robots":{"index":"index","follow":"follow","max-snippet":"max-snippet:-1","max-image-preview":"max-image-preview:large","max-video-preview":"max-video-preview:-1"},"canonical":"https:\/\/rentaload.com\/es\/contactar\/","og_locale":"es_ES","og_type":"article","og_title":"Contacta con nuestros expertos en Rentaload - Respuesta r\u00e1pida y precisa","og_description":"Ponte en contacto con nosotros a trav\u00e9s de nuestro formulario de contacto. Nuestros expertos est\u00e1n disponibles y responden, con un tiempo medio de respuesta de 48 horas.","og_url":"https:\/\/rentaload.com\/es\/contactar\/","og_site_name":"Rentaload","article_modified_time":"2024-12-11T13:31:45+00:00","twitter_card":"summary_large_image","twitter_misc":{"Tiempo de lectura":"4 minutos"},"schema":{"@context":"https:\/\/schema.org","@graph":[{"@type":"WebPage","@id":"https:\/\/rentaload.com\/es\/contactar\/","url":"https:\/\/rentaload.com\/es\/contactar\/","name":"Contacta con nuestros expertos en Rentaload - Respuesta r\u00e1pida y precisa","isPartOf":{"@id":"https:\/\/rentaload.com\/es\/#website"},"datePublished":"2018-05-19T13:30:14+00:00","dateModified":"2024-12-11T13:31:45+00:00","description":"Ponte en contacto con nosotros a trav\u00e9s de nuestro formulario de contacto. Nuestros expertos est\u00e1n disponibles y responden, con un tiempo medio de respuesta de 48 horas.","inLanguage":"es","potentialAction":[{"@type":"ReadAction","target":["https:\/\/rentaload.com\/es\/contactar\/"]}]},{"@type":"WebSite","@id":"https:\/\/rentaload.com\/es\/#website","url":"https:\/\/rentaload.com\/es\/","name":"Rentaload","description":"Load bank hire - location banc de charge - Lastbank vermietung","publisher":{"@id":"https:\/\/rentaload.com\/es\/#organization"},"potentialAction":[{"@type":"SearchAction","target":{"@type":"EntryPoint","urlTemplate":"https:\/\/rentaload.com\/es\/?s={search_term_string}"},"query-input":{"@type":"PropertyValueSpecification","valueRequired":true,"valueName":"search_term_string"}}],"inLanguage":"es"},{"@type":"Organization","@id":"https:\/\/rentaload.com\/es\/#organization","name":"Rentaload","url":"https:\/\/rentaload.com\/es\/","logo":{"@type":"ImageObject","inLanguage":"es","@id":"https:\/\/rentaload.com\/es\/#\/schema\/logo\/image\/","url":"https:\/\/rentaload.com\/wp-content\/uploads\/2018\/03\/rentaload-logo-location-banc-de-charge-test-louer-1.png","contentUrl":"https:\/\/rentaload.com\/wp-content\/uploads\/2018\/03\/rentaload-logo-location-banc-de-charge-test-louer-1.png","width":470,"height":100,"caption":"Rentaload"},"image":{"@id":"https:\/\/rentaload.com\/es\/#\/schema\/logo\/image\/"}}]}},"_links":{"self":[{"href":"https:\/\/rentaload.com\/es\/wp-json\/wp\/v2\/pages\/46623","targetHints":{"allow":["GET"]}}],"collection":[{"href":"https:\/\/rentaload.com\/es\/wp-json\/wp\/v2\/pages"}],"about":[{"href":"https:\/\/rentaload.com\/es\/wp-json\/wp\/v2\/types\/page"}],"author":[{"embeddable":true,"href":"https:\/\/rentaload.com\/es\/wp-json\/wp\/v2\/users\/3"}],"replies":[{"embeddable":true,"href":"https:\/\/rentaload.com\/es\/wp-json\/wp\/v2\/comments?post=46623"}],"version-history":[{"count":5,"href":"https:\/\/rentaload.com\/es\/wp-json\/wp\/v2\/pages\/46623\/revisions"}],"predecessor-version":[{"id":53030,"href":"https:\/\/rentaload.com\/es\/wp-json\/wp\/v2\/pages\/46623\/revisions\/53030"}],"wp:attachment":[{"href":"https:\/\/rentaload.com\/es\/wp-json\/wp\/v2\/media?parent=46623"}],"curies":[{"name":"wp","href":"https:\/\/api.w.org\/{rel}","templated":true}]}}