{"id":1879,"date":"2018-03-14T09:29:58","date_gmt":"2018-03-14T08:29:58","guid":{"rendered":"https:\/\/rentaload.com\/?page_id=1879"},"modified":"2022-03-21T01:39:58","modified_gmt":"2022-03-21T00:39:58","slug":"nucleaire","status":"publish","type":"page","link":"https:\/\/rentaload.com\/fr\/applications-banc-de-test\/nucleaire\/","title":{"rendered":"Nucl\u00e9aire"},"content":{"rendered":"<div class=\"fusion-fullwidth fullwidth-box fusion-builder-row-1 fusion-flex-container nonhundred-percent-fullwidth non-hundred-percent-height-scrolling ctnr-top-h1\" style=\"--awb-border-radius-top-left:0px;--awb-border-radius-top-right:0px;--awb-border-radius-bottom-right:0px;--awb-border-radius-bottom-left:0px;--awb-flex-wrap:wrap;\" ><div class=\"fusion-builder-row fusion-row fusion-flex-align-items-flex-start fusion-flex-justify-content-center fusion-flex-content-wrap\" style=\"max-width:1144px;margin-left: calc(-4% \/ 2 );margin-right: calc(-4% \/ 2 );\"><div class=\"fusion-layout-column fusion_builder_column fusion-builder-column-0 fusion_builder_column_1_2 1_2 fusion-flex-column col-inside\" style=\"--awb-bg-size:cover;--awb-width-large:50%;--awb-margin-top-large:0px;--awb-spacing-right-large:3.84%;--awb-margin-bottom-large:20px;--awb-spacing-left-large:3.84%;--awb-width-medium:100%;--awb-order-medium:0;--awb-spacing-right-medium:1.92%;--awb-spacing-left-medium:1.92%;--awb-width-small:100%;--awb-order-small:0;--awb-spacing-right-small:1.92%;--awb-spacing-left-small:1.92%;\"><div class=\"fusion-column-wrapper fusion-column-has-shadow fusion-flex-justify-content-flex-start fusion-content-layout-column\"><div class=\"fusion-title title fusion-title-1 fusion-sep-none fusion-title-text fusion-title-size-one\" style=\"--awb-margin-top-small:0px;--awb-margin-right-small:0px;--awb-margin-bottom-small:20px;--awb-margin-left-small:0px;\"><h1 class=\"fusion-title-heading title-heading-left\" style=\"margin:0;\">Nucl\u00e9aire<\/h1><\/div><div class=\"fusion-text fusion-text-1\"><h2 class=\"entry-title\">Nucl\u00e9aire<\/h2>\n<div class=\"entry-content\">\n<h3>Principe du banc de charge en centrale nucl\u00e9aire<\/h3>\n<div dir=\"ltr\" data-font-name=\"g_font_p0_6\" data-canvas-width=\"518.8560154631139\">Le fonctionnement d\u2019une centrale nucl\u00e9aire n\u00e9cessite de disposer d\u2019un syst\u00e8me d\u2019alimentation \u00e9lectrique permettant d\u2019assurer l\u2019exploitation et la s\u00fbret\u00e9 de l\u2019installation. Le syst\u00e8me de distribution \u00e9lectrique est con\u00e7u pour r\u00e9pondre aux besoins de l\u2019exploitation normale de la tranche lorsqu\u2019elle produit de l\u2019\u00e9lectricit\u00e9 ou en p\u00e9riode d\u2019arr\u00eat (auxiliaires de marche et auxiliaires permanents) mais aussi pour assurer l\u2019alimentation des \u00e9quipements assurant les fonctions de s\u00fbret\u00e9 requises lors d\u2019une situation incidentelle ou accidentelle sur l\u2019installation (auxiliaires secourus). Les groupes \u00e9lectrog\u00e8nes de secours \u00e0 moteur diesel permettent d\u2019alimenter les syst\u00e8mes de s\u00fbret\u00e9 du r\u00e9acteur en cas de perte de l\u2019alimentation \u00e9lectrique par le r\u00e9seau national. Chaque r\u00e9acteur nucl\u00e9aire est \u00e9quip\u00e9 de deux groupes \u00e9lectrog\u00e8nes de secours. En outre, un groupe \u00e9lectrog\u00e8ne suppl\u00e9mentaire est disponible pour l\u2019ensemble des r\u00e9acteurs d\u2019un m\u00eame site. Chacun de ces groupes suffit \u00e0 alimenter les syst\u00e8mes n\u00e9cessaires pour assurer la s\u00fbret\u00e9 du r\u00e9acteur \u00e0 l\u2019arr\u00eat.<\/div>\n<div dir=\"ltr\" data-font-name=\"g_font_p0_6\" data-canvas-width=\"518.8560154631139\"><\/div>\n<div dir=\"ltr\" data-font-name=\"g_font_p0_6\" data-canvas-width=\"518.8560154631139\">La fiabilit\u00e9 de ces groupes \u00e9lectrog\u00e8nes est cruciale. Un test r\u00e9gulier du bon fonctionnement des g\u00e9n\u00e9ratrices est donc r\u00e9alis\u00e9 r\u00e9guli\u00e8rement. Pour cela les gestionnaires de centrale nucl\u00e9aire font appel \u00e0 des constructeurs capables de fabriquer des bancs de charge pouvant assurer plusieurs m\u00e9gawatt ainsi que le syst\u00e8me de commande associ\u00e9 (syst\u00e8me de mesure, cycles automatiques). Ces bancs de charge sont souvent en moyenne tension.<\/div>\n<\/div>\n<\/div><div ><a class=\"fusion-button button-flat fusion-button-default-size button-default fusion-button-default button-1 fusion-button-default-span fusion-button-default-type\" target=\"_self\" href=\"https:\/\/rentaload.com\/fr\/contact\/\"><span class=\"fusion-button-text awb-button__text awb-button__text--default\">CONTACTEZ NOUS<\/span><\/a><\/div><\/div><\/div><div class=\"fusion-layout-column fusion_builder_column fusion-builder-column-1 fusion_builder_column_1_2 1_2 fusion-flex-column col-img\" style=\"--awb-bg-size:cover;--awb-width-large:50%;--awb-margin-top-large:0px;--awb-spacing-right-large:3.84%;--awb-margin-bottom-large:20px;--awb-spacing-left-large:3.84%;--awb-width-medium:100%;--awb-order-medium:0;--awb-spacing-right-medium:1.92%;--awb-spacing-left-medium:1.92%;--awb-width-small:100%;--awb-order-small:0;--awb-spacing-right-small:1.92%;--awb-spacing-left-small:1.92%;\"><div class=\"fusion-column-wrapper fusion-column-has-shadow fusion-flex-justify-content-flex-start fusion-content-layout-column\"><div class=\"fusion-image-element \" style=\"text-align:center;--awb-caption-title-font-family:var(--h2_typography-font-family);--awb-caption-title-font-weight:var(--h2_typography-font-weight);--awb-caption-title-font-style:var(--h2_typography-font-style);--awb-caption-title-size:var(--h2_typography-font-size);--awb-caption-title-transform:var(--h2_typography-text-transform);--awb-caption-title-line-height:var(--h2_typography-line-height);--awb-caption-title-letter-spacing:var(--h2_typography-letter-spacing);\"><span class=\" fusion-imageframe imageframe-none imageframe-1 hover-type-none\"><img decoding=\"async\" width=\"600\" height=\"492\" title=\"nuclear-power-plant\" src=\"https:\/\/rentaload.com\/wp-content\/uploads\/2020\/09\/nuclear-power-plant-2-600x492.jpg\" alt class=\"img-responsive wp-image-9972\" srcset=\"https:\/\/rentaload.com\/wp-content\/uploads\/2020\/09\/nuclear-power-plant-2-200x164.jpg 200w, https:\/\/rentaload.com\/wp-content\/uploads\/2020\/09\/nuclear-power-plant-2-400x328.jpg 400w, https:\/\/rentaload.com\/wp-content\/uploads\/2020\/09\/nuclear-power-plant-2-600x492.jpg 600w, https:\/\/rentaload.com\/wp-content\/uploads\/2020\/09\/nuclear-power-plant-2.jpg 604w\" sizes=\"(max-width: 1024px) 100vw, (max-width: 640px) 100vw, 600px\" \/><\/span><\/div><\/div><\/div><\/div><\/div>\n","protected":false},"excerpt":{"rendered":"","protected":false},"author":3,"featured_media":0,"parent":319,"menu_order":0,"comment_status":"closed","ping_status":"closed","template":"100-width.php","meta":{"footnotes":""},"class_list":["post-1879","page","type-page","status-publish","hentry"],"yoast_head":"<!-- This site is optimized with the Yoast SEO plugin v27.4 - https:\/\/yoast.com\/product\/yoast-seo-wordpress\/ -->\n<title>Rentaload : Applications du banc de charge : March\u00e9 nucl\u00e9aire<\/title>\n<meta name=\"description\" content=\"Un test r\u00e9gulier du bon fonctionnement des g\u00e9n\u00e9rateurs de secours est r\u00e9alis\u00e9 r\u00e9guli\u00e8rement. Nos bancs de charge peuvent tester plusieurs m\u00e9gawatts\" \/>\n<meta name=\"robots\" content=\"index, follow, max-snippet:-1, max-image-preview:large, max-video-preview:-1\" \/>\n<link rel=\"canonical\" href=\"https:\/\/rentaload.com\/fr\/applications-banc-de-test\/nucleaire\/\" \/>\n<meta property=\"og:locale\" content=\"fr_FR\" \/>\n<meta property=\"og:type\" content=\"article\" \/>\n<meta property=\"og:title\" content=\"Rentaload : Applications du banc de charge : March\u00e9 nucl\u00e9aire\" \/>\n<meta property=\"og:description\" content=\"Un test r\u00e9gulier du bon fonctionnement des g\u00e9n\u00e9rateurs de secours est r\u00e9alis\u00e9 r\u00e9guli\u00e8rement. Nos bancs de charge peuvent tester plusieurs m\u00e9gawatts\" \/>\n<meta property=\"og:url\" content=\"https:\/\/rentaload.com\/fr\/applications-banc-de-test\/nucleaire\/\" \/>\n<meta property=\"og:site_name\" content=\"Rentaload\" \/>\n<meta property=\"article:modified_time\" content=\"2022-03-21T00:39:58+00:00\" \/>\n<meta name=\"twitter:card\" content=\"summary_large_image\" \/>\n<meta name=\"twitter:label1\" content=\"Dur\u00e9e de lecture estim\u00e9e\" \/>\n\t<meta name=\"twitter:data1\" content=\"9 minutes\" \/>\n<script type=\"application\/ld+json\" class=\"yoast-schema-graph\">{\"@context\":\"https:\\\/\\\/schema.org\",\"@graph\":[{\"@type\":\"WebPage\",\"@id\":\"https:\\\/\\\/rentaload.com\\\/fr\\\/applications-banc-de-test\\\/nucleaire\\\/\",\"url\":\"https:\\\/\\\/rentaload.com\\\/fr\\\/applications-banc-de-test\\\/nucleaire\\\/\",\"name\":\"Rentaload : Applications du banc de charge : March\u00e9 nucl\u00e9aire\",\"isPartOf\":{\"@id\":\"https:\\\/\\\/rentaload.com\\\/fr\\\/#website\"},\"datePublished\":\"2018-03-14T08:29:58+00:00\",\"dateModified\":\"2022-03-21T00:39:58+00:00\",\"description\":\"Un test r\u00e9gulier du bon fonctionnement des g\u00e9n\u00e9rateurs de secours est r\u00e9alis\u00e9 r\u00e9guli\u00e8rement. Nos bancs de charge peuvent tester plusieurs m\u00e9gawatts\",\"breadcrumb\":{\"@id\":\"https:\\\/\\\/rentaload.com\\\/fr\\\/applications-banc-de-test\\\/nucleaire\\\/#breadcrumb\"},\"inLanguage\":\"fr-FR\",\"potentialAction\":[{\"@type\":\"ReadAction\",\"target\":[\"https:\\\/\\\/rentaload.com\\\/fr\\\/applications-banc-de-test\\\/nucleaire\\\/\"]}]},{\"@type\":\"BreadcrumbList\",\"@id\":\"https:\\\/\\\/rentaload.com\\\/fr\\\/applications-banc-de-test\\\/nucleaire\\\/#breadcrumb\",\"itemListElement\":[{\"@type\":\"ListItem\",\"position\":1,\"name\":\"Secteurs\",\"item\":\"https:\\\/\\\/rentaload.com\\\/fr\\\/applications-banc-de-test\\\/\"},{\"@type\":\"ListItem\",\"position\":2,\"name\":\"Nucl\u00e9aire\"}]},{\"@type\":\"WebSite\",\"@id\":\"https:\\\/\\\/rentaload.com\\\/fr\\\/#website\",\"url\":\"https:\\\/\\\/rentaload.com\\\/fr\\\/\",\"name\":\"Rentaload\",\"description\":\"Load bank hire - location banc de charge - Lastbank vermietung\",\"publisher\":{\"@id\":\"https:\\\/\\\/rentaload.com\\\/fr\\\/#organization\"},\"potentialAction\":[{\"@type\":\"SearchAction\",\"target\":{\"@type\":\"EntryPoint\",\"urlTemplate\":\"https:\\\/\\\/rentaload.com\\\/fr\\\/?s={search_term_string}\"},\"query-input\":{\"@type\":\"PropertyValueSpecification\",\"valueRequired\":true,\"valueName\":\"search_term_string\"}}],\"inLanguage\":\"fr-FR\"},{\"@type\":\"Organization\",\"@id\":\"https:\\\/\\\/rentaload.com\\\/fr\\\/#organization\",\"name\":\"Rentaload\",\"url\":\"https:\\\/\\\/rentaload.com\\\/fr\\\/\",\"logo\":{\"@type\":\"ImageObject\",\"inLanguage\":\"fr-FR\",\"@id\":\"https:\\\/\\\/rentaload.com\\\/fr\\\/#\\\/schema\\\/logo\\\/image\\\/\",\"url\":\"https:\\\/\\\/rentaload.com\\\/wp-content\\\/uploads\\\/2018\\\/03\\\/rentaload-logo-location-banc-de-charge-test-louer-1.png\",\"contentUrl\":\"https:\\\/\\\/rentaload.com\\\/wp-content\\\/uploads\\\/2018\\\/03\\\/rentaload-logo-location-banc-de-charge-test-louer-1.png\",\"width\":470,\"height\":100,\"caption\":\"Rentaload\"},\"image\":{\"@id\":\"https:\\\/\\\/rentaload.com\\\/fr\\\/#\\\/schema\\\/logo\\\/image\\\/\"}}]}<\/script>\n<!-- \/ Yoast SEO plugin. -->","yoast_head_json":{"title":"Rentaload : Applications du banc de charge : March\u00e9 nucl\u00e9aire","description":"Un test r\u00e9gulier du bon fonctionnement des g\u00e9n\u00e9rateurs de secours est r\u00e9alis\u00e9 r\u00e9guli\u00e8rement. Nos bancs de charge peuvent tester plusieurs m\u00e9gawatts","robots":{"index":"index","follow":"follow","max-snippet":"max-snippet:-1","max-image-preview":"max-image-preview:large","max-video-preview":"max-video-preview:-1"},"canonical":"https:\/\/rentaload.com\/fr\/applications-banc-de-test\/nucleaire\/","og_locale":"fr_FR","og_type":"article","og_title":"Rentaload : Applications du banc de charge : March\u00e9 nucl\u00e9aire","og_description":"Un test r\u00e9gulier du bon fonctionnement des g\u00e9n\u00e9rateurs de secours est r\u00e9alis\u00e9 r\u00e9guli\u00e8rement. Nos bancs de charge peuvent tester plusieurs m\u00e9gawatts","og_url":"https:\/\/rentaload.com\/fr\/applications-banc-de-test\/nucleaire\/","og_site_name":"Rentaload","article_modified_time":"2022-03-21T00:39:58+00:00","twitter_card":"summary_large_image","twitter_misc":{"Dur\u00e9e de lecture estim\u00e9e":"9 minutes"},"schema":{"@context":"https:\/\/schema.org","@graph":[{"@type":"WebPage","@id":"https:\/\/rentaload.com\/fr\/applications-banc-de-test\/nucleaire\/","url":"https:\/\/rentaload.com\/fr\/applications-banc-de-test\/nucleaire\/","name":"Rentaload : Applications du banc de charge : March\u00e9 nucl\u00e9aire","isPartOf":{"@id":"https:\/\/rentaload.com\/fr\/#website"},"datePublished":"2018-03-14T08:29:58+00:00","dateModified":"2022-03-21T00:39:58+00:00","description":"Un test r\u00e9gulier du bon fonctionnement des g\u00e9n\u00e9rateurs de secours est r\u00e9alis\u00e9 r\u00e9guli\u00e8rement. Nos bancs de charge peuvent tester plusieurs m\u00e9gawatts","breadcrumb":{"@id":"https:\/\/rentaload.com\/fr\/applications-banc-de-test\/nucleaire\/#breadcrumb"},"inLanguage":"fr-FR","potentialAction":[{"@type":"ReadAction","target":["https:\/\/rentaload.com\/fr\/applications-banc-de-test\/nucleaire\/"]}]},{"@type":"BreadcrumbList","@id":"https:\/\/rentaload.com\/fr\/applications-banc-de-test\/nucleaire\/#breadcrumb","itemListElement":[{"@type":"ListItem","position":1,"name":"Secteurs","item":"https:\/\/rentaload.com\/fr\/applications-banc-de-test\/"},{"@type":"ListItem","position":2,"name":"Nucl\u00e9aire"}]},{"@type":"WebSite","@id":"https:\/\/rentaload.com\/fr\/#website","url":"https:\/\/rentaload.com\/fr\/","name":"Rentaload","description":"Load bank hire - location banc de charge - Lastbank vermietung","publisher":{"@id":"https:\/\/rentaload.com\/fr\/#organization"},"potentialAction":[{"@type":"SearchAction","target":{"@type":"EntryPoint","urlTemplate":"https:\/\/rentaload.com\/fr\/?s={search_term_string}"},"query-input":{"@type":"PropertyValueSpecification","valueRequired":true,"valueName":"search_term_string"}}],"inLanguage":"fr-FR"},{"@type":"Organization","@id":"https:\/\/rentaload.com\/fr\/#organization","name":"Rentaload","url":"https:\/\/rentaload.com\/fr\/","logo":{"@type":"ImageObject","inLanguage":"fr-FR","@id":"https:\/\/rentaload.com\/fr\/#\/schema\/logo\/image\/","url":"https:\/\/rentaload.com\/wp-content\/uploads\/2018\/03\/rentaload-logo-location-banc-de-charge-test-louer-1.png","contentUrl":"https:\/\/rentaload.com\/wp-content\/uploads\/2018\/03\/rentaload-logo-location-banc-de-charge-test-louer-1.png","width":470,"height":100,"caption":"Rentaload"},"image":{"@id":"https:\/\/rentaload.com\/fr\/#\/schema\/logo\/image\/"}}]}},"_links":{"self":[{"href":"https:\/\/rentaload.com\/fr\/wp-json\/wp\/v2\/pages\/1879","targetHints":{"allow":["GET"]}}],"collection":[{"href":"https:\/\/rentaload.com\/fr\/wp-json\/wp\/v2\/pages"}],"about":[{"href":"https:\/\/rentaload.com\/fr\/wp-json\/wp\/v2\/types\/page"}],"author":[{"embeddable":true,"href":"https:\/\/rentaload.com\/fr\/wp-json\/wp\/v2\/users\/3"}],"replies":[{"embeddable":true,"href":"https:\/\/rentaload.com\/fr\/wp-json\/wp\/v2\/comments?post=1879"}],"version-history":[{"count":5,"href":"https:\/\/rentaload.com\/fr\/wp-json\/wp\/v2\/pages\/1879\/revisions"}],"predecessor-version":[{"id":14193,"href":"https:\/\/rentaload.com\/fr\/wp-json\/wp\/v2\/pages\/1879\/revisions\/14193"}],"up":[{"embeddable":true,"href":"https:\/\/rentaload.com\/fr\/wp-json\/wp\/v2\/pages\/319"}],"wp:attachment":[{"href":"https:\/\/rentaload.com\/fr\/wp-json\/wp\/v2\/media?parent=1879"}],"curies":[{"name":"wp","href":"https:\/\/api.w.org\/{rel}","templated":true}]}}