{"id":2236,"date":"2018-05-19T15:30:14","date_gmt":"2018-05-19T13:30:14","guid":{"rendered":"https:\/\/rentaload.com\/?page_id=2236"},"modified":"2024-12-11T14:30:18","modified_gmt":"2024-12-11T13:30:18","slug":"contact","status":"publish","type":"page","link":"https:\/\/rentaload.com\/fr\/contact\/","title":{"rendered":"Contact"},"content":{"rendered":"<p><div class=\"fusion-fullwidth fullwidth-box fusion-builder-row-1 fusion-flex-container has-pattern-background has-mask-background hundred-percent-fullwidth non-hundred-percent-height-scrolling\" style=\"--awb-border-radius-top-left:0px;--awb-border-radius-top-right:0px;--awb-border-radius-bottom-right:0px;--awb-border-radius-bottom-left:0px;--awb-margin-top:-55px;--awb-flex-wrap:wrap;\" ><div class=\"fusion-builder-row fusion-row fusion-flex-align-items-flex-start fusion-flex-content-wrap\" style=\"width:104% !important;max-width:104% !important;margin-left: calc(-4% \/ 2 );margin-right: calc(-4% \/ 2 );\"><div class=\"fusion-layout-column fusion_builder_column fusion-builder-column-0 fusion_builder_column_1_5 1_5 fusion-flex-column\" style=\"--awb-padding-top:50px;--awb-padding-bottom:50px;--awb-bg-size:cover;--awb-width-large:20%;--awb-margin-top-large:0px;--awb-spacing-right-large:9.6%;--awb-margin-bottom-large:20px;--awb-spacing-left-large:9.6%;--awb-width-medium:100%;--awb-spacing-right-medium:1.92%;--awb-spacing-left-medium:1.92%;--awb-width-small:100%;--awb-spacing-right-small:1.92%;--awb-spacing-left-small:1.92%;\"><div class=\"fusion-column-wrapper fusion-flex-justify-content-flex-start fusion-content-layout-column\"><\/div><\/div><div class=\"fusion-layout-column fusion_builder_column fusion-builder-column-1 fusion_builder_column_3_5 3_5 fusion-flex-column\" style=\"--awb-padding-top:50px;--awb-padding-bottom:50px;--awb-bg-size:cover;--awb-width-large:60%;--awb-margin-top-large:0px;--awb-spacing-right-large:3.2%;--awb-margin-bottom-large:20px;--awb-spacing-left-large:3.2%;--awb-width-medium:100%;--awb-spacing-right-medium:1.92%;--awb-spacing-left-medium:1.92%;--awb-width-small:100%;--awb-spacing-right-small:1.92%;--awb-spacing-left-small:1.92%;\"><div class=\"fusion-column-wrapper fusion-flex-justify-content-flex-start fusion-content-layout-column\"><div class=\"fusion-text fusion-text-1\"><h2 style=\"margin-top: 20px;\">Contactez-nous<\/h2>\n<p>Vous cherchez un banc de charge \u00e0 louer, une r\u00e9ponse \u00e0 une question technique sur nos bancs de charge ou nos autres produits, ce formulaire de contact est \u00e0 votre disposition pour toutes demandes d\u2019informations g\u00e9n\u00e9rales. Nous nous effor\u00e7ons de vous r\u00e9pondre dans les plus brefs d\u00e9lais. En cas d&rsquo;urgence vous pouvez \u00e9galement nous contacter sur notre ligne fixe.<\/p>\n<\/div><script charset=\"utf-8\" type=\"text\/javascript\" src=\"\/\/js.hsforms.net\/forms\/embed\/v2.js\"><\/script>\n<div class=\"rentaload-contact\">\n<script>\n  if (window.location.pathname.indexOf(\"\/fr\/\") === 0) {\n    hbspt.forms.create({\n      portalId: \"4655222\",\n      formId: \"4622d8ba-7065-418e-8201-b99a4bbb7778\"\n    });\n  }\n<\/script>\n<script>\n  if (window.location.pathname.indexOf(\"\/en\/\") === 0) {\n    hbspt.forms.create({\n       portalId: \"4655222\",\n \t   formId: \"fbf1e53e-7eb4-4d97-8cd6-aba35ff14fdd\"\n    });\n  }\n<\/script>\n<script>\n  if (window.location.pathname.indexOf(\"\/de\/\") === 0) {\n    hbspt.forms.create({\n  \t  portalId: \"4655222\",\n  \t  formId: \"3b1a1ff3-c058-4c1d-b446-645d2af77f73\"\n    });\n  }\n<\/script>\n<script>\n  if (window.location.pathname.indexOf(\"\/es\/\") === 0) {\n    hbspt.forms.create({\n\t portalId: \"4655222\",\n   \t formId: \"a8d807ee-7722-416d-a1b9-6174129b0fe3\"\n    });\n  }\n<\/script>\n<script>\n  if (window.location.pathname.indexOf(\"\/it\/\") === 0) {\n    hbspt.forms.create({\n      portalId: \"4655222\",\n      formId: \"bccc74fd-848e-4594-8846-8122838d5b9f\"\n\n    });\n  }\n<\/script>\n<script>\n  if (window.location.pathname.indexOf(\"\/pl\/\") === 0) {\n    hbspt.forms.create({\n      portalId: \"4655222\",\n \t  formId: \"fbf1e53e-7eb4-4d97-8cd6-aba35ff14fdd\"\n    });\n  }\n<\/script>\n<script>\n  if (window.location.pathname.indexOf(\"\/no\/\") === 0) {\n    hbspt.forms.create({\n    portalId: \"4655222\",\n    formId: \"8cf73f1a-da93-4ba1-8f6e-b0c41aaabbf7\"\n\n    });\n  }\n<\/script>\n<script>\n  if (window.location.pathname.indexOf(\"\/da\/\") === 0) {\n    hbspt.forms.create({\n      portalId: \"4655222\",\n      formId: \"fbf1e53e-7eb4-4d97-8cd6-aba35ff14fdd\"\n    });\n  }\n<\/script>\n<script>\n  if (window.location.pathname.indexOf(\"\/nl\/\") === 0) {\n    hbspt.forms.create({\n       portalId: \"4655222\",\n \t   formId: \"fbf1e53e-7eb4-4d97-8cd6-aba35ff14fdd\"\n    });\n  }\n<\/script>\n<\/div>\n<\/div><\/div><div class=\"fusion-layout-column fusion_builder_column fusion-builder-column-2 fusion_builder_column_1_5 1_5 fusion-flex-column\" style=\"--awb-padding-top:50px;--awb-padding-bottom:50px;--awb-bg-size:cover;--awb-width-large:20%;--awb-margin-top-large:0px;--awb-spacing-right-large:9.6%;--awb-margin-bottom-large:20px;--awb-spacing-left-large:9.6%;--awb-width-medium:100%;--awb-spacing-right-medium:1.92%;--awb-spacing-left-medium:1.92%;--awb-width-small:100%;--awb-spacing-right-small:1.92%;--awb-spacing-left-small:1.92%;\"><div class=\"fusion-column-wrapper fusion-flex-justify-content-flex-start fusion-content-layout-column\"><\/div><\/div><\/div><\/div><div class=\"fusion-fullwidth fullwidth-box fusion-builder-row-2 fusion-flex-container has-pattern-background has-mask-background nonhundred-percent-fullwidth non-hundred-percent-height-scrolling\" style=\"--awb-border-radius-top-left:0px;--awb-border-radius-top-right:0px;--awb-border-radius-bottom-right:0px;--awb-border-radius-bottom-left:0px;--awb-flex-wrap:wrap;\" ><div class=\"fusion-builder-row fusion-row fusion-flex-align-items-flex-start fusion-flex-content-wrap\" style=\"max-width:1144px;margin-left: calc(-4% \/ 2 );margin-right: calc(-4% \/ 2 );\"><div class=\"fusion-layout-column fusion_builder_column fusion-builder-column-3 fusion_builder_column_1_1 1_1 fusion-flex-column\" style=\"--awb-bg-size:cover;--awb-width-large:100%;--awb-margin-top-large:0px;--awb-spacing-right-large:1.92%;--awb-margin-bottom-large:20px;--awb-spacing-left-large:1.92%;--awb-width-medium:100%;--awb-order-medium:0;--awb-spacing-right-medium:1.92%;--awb-spacing-left-medium:1.92%;--awb-width-small:100%;--awb-order-small:0;--awb-spacing-right-small:1.92%;--awb-spacing-left-small:1.92%;\"><div class=\"fusion-column-wrapper fusion-column-has-shadow fusion-flex-justify-content-flex-start fusion-content-layout-column\"><\/div><\/div><div class=\"fusion-layout-column fusion_builder_column fusion-builder-column-4 fusion_builder_column_1_3 1_3 fusion-flex-column\" style=\"--awb-padding-bottom:50px;--awb-bg-size:cover;--awb-width-large:33.333333333333%;--awb-margin-top-large:0px;--awb-spacing-right-large:5.76%;--awb-margin-bottom-large:20px;--awb-spacing-left-large:5.76%;--awb-width-medium:100%;--awb-spacing-right-medium:1.92%;--awb-spacing-left-medium:1.92%;--awb-width-small:100%;--awb-spacing-right-small:1.92%;--awb-spacing-left-small:1.92%;\"><div class=\"fusion-column-wrapper fusion-flex-justify-content-flex-start fusion-content-layout-column\"><div class=\"fusion-image-element \" style=\"--awb-caption-title-font-family:var(--h2_typography-font-family);--awb-caption-title-font-weight:var(--h2_typography-font-weight);--awb-caption-title-font-style:var(--h2_typography-font-style);--awb-caption-title-size:var(--h2_typography-font-size);--awb-caption-title-transform:var(--h2_typography-text-transform);--awb-caption-title-line-height:var(--h2_typography-line-height);--awb-caption-title-letter-spacing:var(--h2_typography-letter-spacing);\"><span class=\" fusion-imageframe imageframe-none imageframe-1 hover-type-none\"><img decoding=\"async\" width=\"800\" height=\"600\" title=\"support-technique\" src=\"https:\/\/rentaload.com\/wp-content\/uploads\/2022\/02\/support-technique.jpg\" alt class=\"img-responsive wp-image-13756\" srcset=\"https:\/\/rentaload.com\/wp-content\/uploads\/2022\/02\/support-technique-200x150.jpg 200w, https:\/\/rentaload.com\/wp-content\/uploads\/2022\/02\/support-technique-400x300.jpg 400w, https:\/\/rentaload.com\/wp-content\/uploads\/2022\/02\/support-technique-600x450.jpg 600w, https:\/\/rentaload.com\/wp-content\/uploads\/2022\/02\/support-technique.jpg 800w\" sizes=\"(max-width: 1024px) 100vw, (max-width: 640px) 100vw, 400px\" \/><\/span><\/div><\/div><\/div><div class=\"fusion-layout-column fusion_builder_column fusion-builder-column-5 fusion_builder_column_1_3 1_3 fusion-flex-column\" style=\"--awb-padding-bottom:50px;--awb-bg-size:cover;--awb-width-large:33.333333333333%;--awb-margin-top-large:0px;--awb-spacing-right-large:5.76%;--awb-margin-bottom-large:20px;--awb-spacing-left-large:5.76%;--awb-width-medium:100%;--awb-spacing-right-medium:1.92%;--awb-spacing-left-medium:1.92%;--awb-width-small:100%;--awb-spacing-right-small:1.92%;--awb-spacing-left-small:1.92%;\"><div class=\"fusion-column-wrapper fusion-flex-justify-content-flex-start fusion-content-layout-column\"><div class=\"fusion-text fusion-text-2\"><p><strong><span style=\"color: #ff6600;\">\ud83d\udd38Rentaload Europe<\/span><\/strong><\/p>\n<p>Rentaload Europe &#8211; 353 rue de la chapelle, 69400 GLEIZE \u2013 France<\/p>\n<p><strong><span style=\"color: #ff6600;\">\ud83d\udd38 Rentaload France<\/span><\/strong><\/p>\n<p>Rentaload France &#8211; 353 rue de la chapelle,69400 GLEIZE \u2013 France<\/p>\n<p><span style=\"color: #ff6600;\"><strong>\ud83d\udd38Rentaload Espagne et Portugal<\/strong><\/span><\/p>\n<p>Rentaload Iberia \u2013 Shutterers, 12 &#8211; 28942 Fuenlabrada, Madrid, Spain<\/p>\n<\/div><\/div><\/div><div class=\"fusion-layout-column fusion_builder_column fusion-builder-column-6 fusion_builder_column_1_3 1_3 fusion-flex-column\" style=\"--awb-padding-bottom:50px;--awb-bg-size:cover;--awb-width-large:33.333333333333%;--awb-margin-top-large:0px;--awb-spacing-right-large:5.76%;--awb-margin-bottom-large:20px;--awb-spacing-left-large:5.76%;--awb-width-medium:100%;--awb-spacing-right-medium:1.92%;--awb-spacing-left-medium:1.92%;--awb-width-small:100%;--awb-spacing-right-small:1.92%;--awb-spacing-left-small:1.92%;\"><div class=\"fusion-column-wrapper fusion-flex-justify-content-flex-start fusion-content-layout-column\"><div class=\"fusion-text fusion-text-3\"><p><span style=\"color: #ff6600;\"><strong>\ud83d\udd38Rentaload \u00c9tats-Unis<\/strong><\/span><\/p>\n<p>Rentaload \u00c9tats-Unis &#8211; 1369 Cox Ave. Erlanger, KY. 41018 \u2013 \u00c9tats-Unis<\/p>\n<p><span style=\"color: #ff6600;\"><strong>\ud83d\udd38Rentaload Royaume-Uni et Irlande<\/strong><\/span><\/p>\n<p>Rentaload Royaume-Uni et Irlande &#8211; Unit 44, Westwood Park Trading Estate,W3 0TH Londres, Royaume-Uni<\/p>\n<p><span style=\"color: #ff6600;\"><strong>\ud83d\udd38Rentaload Allemagne<\/strong><\/span><\/p>\n<p>Rentaload GmbH &amp; Co. KG &#8211; Breithauptstra\u00dfe 1, 64404 Bickenbach, Allemagne<\/p>\n<\/div><\/div><\/div><\/div><\/div><\/p>\n","protected":false},"excerpt":{"rendered":"","protected":false},"author":3,"featured_media":0,"parent":0,"menu_order":0,"comment_status":"closed","ping_status":"closed","template":"100-width.php","meta":{"footnotes":""},"class_list":["post-2236","page","type-page","status-publish","hentry"],"yoast_head":"<!-- This site is optimized with the Yoast SEO plugin v27.3 - https:\/\/yoast.com\/product\/yoast-seo-wordpress\/ -->\n<title>Contactez nos experts Rentaload - R\u00e9ponse pr\u00e9cise et rapide<\/title>\n<meta name=\"description\" content=\"Contactez nous via notre formulaire de contact. Nos experts sont disponibles et r\u00e9actifs : r\u00e9ponse moyenne dans les 48 heures.\" \/>\n<meta name=\"robots\" content=\"index, follow, max-snippet:-1, max-image-preview:large, max-video-preview:-1\" \/>\n<link rel=\"canonical\" href=\"https:\/\/rentaload.com\/fr\/contact\/\" \/>\n<meta property=\"og:locale\" content=\"fr_FR\" \/>\n<meta property=\"og:type\" content=\"article\" \/>\n<meta property=\"og:title\" content=\"Contactez nos experts Rentaload - R\u00e9ponse pr\u00e9cise et rapide\" \/>\n<meta property=\"og:description\" content=\"Contactez nous via notre formulaire de contact. Nos experts sont disponibles et r\u00e9actifs : r\u00e9ponse moyenne dans les 48 heures.\" \/>\n<meta property=\"og:url\" content=\"https:\/\/rentaload.com\/fr\/contact\/\" \/>\n<meta property=\"og:site_name\" content=\"Rentaload\" \/>\n<meta property=\"article:modified_time\" content=\"2024-12-11T13:30:18+00:00\" \/>\n<meta name=\"twitter:card\" content=\"summary_large_image\" \/>\n<meta name=\"twitter:label1\" content=\"Dur\u00e9e de lecture estim\u00e9e\" \/>\n\t<meta name=\"twitter:data1\" content=\"1 minute\" \/>\n<script type=\"application\/ld+json\" class=\"yoast-schema-graph\">{\"@context\":\"https:\\\/\\\/schema.org\",\"@graph\":[{\"@type\":\"WebPage\",\"@id\":\"https:\\\/\\\/rentaload.com\\\/fr\\\/contact\\\/\",\"url\":\"https:\\\/\\\/rentaload.com\\\/fr\\\/contact\\\/\",\"name\":\"Contactez nos experts Rentaload - R\u00e9ponse pr\u00e9cise et rapide\",\"isPartOf\":{\"@id\":\"https:\\\/\\\/rentaload.com\\\/fr\\\/#website\"},\"datePublished\":\"2018-05-19T13:30:14+00:00\",\"dateModified\":\"2024-12-11T13:30:18+00:00\",\"description\":\"Contactez nous via notre formulaire de contact. Nos experts sont disponibles et r\u00e9actifs : r\u00e9ponse moyenne dans les 48 heures.\",\"inLanguage\":\"fr-FR\",\"potentialAction\":[{\"@type\":\"ReadAction\",\"target\":[\"https:\\\/\\\/rentaload.com\\\/fr\\\/contact\\\/\"]}]},{\"@type\":\"WebSite\",\"@id\":\"https:\\\/\\\/rentaload.com\\\/fr\\\/#website\",\"url\":\"https:\\\/\\\/rentaload.com\\\/fr\\\/\",\"name\":\"Rentaload\",\"description\":\"Load bank hire - location banc de charge - Lastbank vermietung\",\"publisher\":{\"@id\":\"https:\\\/\\\/rentaload.com\\\/fr\\\/#organization\"},\"potentialAction\":[{\"@type\":\"SearchAction\",\"target\":{\"@type\":\"EntryPoint\",\"urlTemplate\":\"https:\\\/\\\/rentaload.com\\\/fr\\\/?s={search_term_string}\"},\"query-input\":{\"@type\":\"PropertyValueSpecification\",\"valueRequired\":true,\"valueName\":\"search_term_string\"}}],\"inLanguage\":\"fr-FR\"},{\"@type\":\"Organization\",\"@id\":\"https:\\\/\\\/rentaload.com\\\/fr\\\/#organization\",\"name\":\"Rentaload\",\"url\":\"https:\\\/\\\/rentaload.com\\\/fr\\\/\",\"logo\":{\"@type\":\"ImageObject\",\"inLanguage\":\"fr-FR\",\"@id\":\"https:\\\/\\\/rentaload.com\\\/fr\\\/#\\\/schema\\\/logo\\\/image\\\/\",\"url\":\"https:\\\/\\\/rentaload.com\\\/wp-content\\\/uploads\\\/2018\\\/03\\\/rentaload-logo-location-banc-de-charge-test-louer-1.png\",\"contentUrl\":\"https:\\\/\\\/rentaload.com\\\/wp-content\\\/uploads\\\/2018\\\/03\\\/rentaload-logo-location-banc-de-charge-test-louer-1.png\",\"width\":470,\"height\":100,\"caption\":\"Rentaload\"},\"image\":{\"@id\":\"https:\\\/\\\/rentaload.com\\\/fr\\\/#\\\/schema\\\/logo\\\/image\\\/\"}}]}<\/script>\n<!-- \/ Yoast SEO plugin. -->","yoast_head_json":{"title":"Contactez nos experts Rentaload - R\u00e9ponse pr\u00e9cise et rapide","description":"Contactez nous via notre formulaire de contact. Nos experts sont disponibles et r\u00e9actifs : r\u00e9ponse moyenne dans les 48 heures.","robots":{"index":"index","follow":"follow","max-snippet":"max-snippet:-1","max-image-preview":"max-image-preview:large","max-video-preview":"max-video-preview:-1"},"canonical":"https:\/\/rentaload.com\/fr\/contact\/","og_locale":"fr_FR","og_type":"article","og_title":"Contactez nos experts Rentaload - R\u00e9ponse pr\u00e9cise et rapide","og_description":"Contactez nous via notre formulaire de contact. Nos experts sont disponibles et r\u00e9actifs : r\u00e9ponse moyenne dans les 48 heures.","og_url":"https:\/\/rentaload.com\/fr\/contact\/","og_site_name":"Rentaload","article_modified_time":"2024-12-11T13:30:18+00:00","twitter_card":"summary_large_image","twitter_misc":{"Dur\u00e9e de lecture estim\u00e9e":"1 minute"},"schema":{"@context":"https:\/\/schema.org","@graph":[{"@type":"WebPage","@id":"https:\/\/rentaload.com\/fr\/contact\/","url":"https:\/\/rentaload.com\/fr\/contact\/","name":"Contactez nos experts Rentaload - R\u00e9ponse pr\u00e9cise et rapide","isPartOf":{"@id":"https:\/\/rentaload.com\/fr\/#website"},"datePublished":"2018-05-19T13:30:14+00:00","dateModified":"2024-12-11T13:30:18+00:00","description":"Contactez nous via notre formulaire de contact. Nos experts sont disponibles et r\u00e9actifs : r\u00e9ponse moyenne dans les 48 heures.","inLanguage":"fr-FR","potentialAction":[{"@type":"ReadAction","target":["https:\/\/rentaload.com\/fr\/contact\/"]}]},{"@type":"WebSite","@id":"https:\/\/rentaload.com\/fr\/#website","url":"https:\/\/rentaload.com\/fr\/","name":"Rentaload","description":"Load bank hire - location banc de charge - Lastbank vermietung","publisher":{"@id":"https:\/\/rentaload.com\/fr\/#organization"},"potentialAction":[{"@type":"SearchAction","target":{"@type":"EntryPoint","urlTemplate":"https:\/\/rentaload.com\/fr\/?s={search_term_string}"},"query-input":{"@type":"PropertyValueSpecification","valueRequired":true,"valueName":"search_term_string"}}],"inLanguage":"fr-FR"},{"@type":"Organization","@id":"https:\/\/rentaload.com\/fr\/#organization","name":"Rentaload","url":"https:\/\/rentaload.com\/fr\/","logo":{"@type":"ImageObject","inLanguage":"fr-FR","@id":"https:\/\/rentaload.com\/fr\/#\/schema\/logo\/image\/","url":"https:\/\/rentaload.com\/wp-content\/uploads\/2018\/03\/rentaload-logo-location-banc-de-charge-test-louer-1.png","contentUrl":"https:\/\/rentaload.com\/wp-content\/uploads\/2018\/03\/rentaload-logo-location-banc-de-charge-test-louer-1.png","width":470,"height":100,"caption":"Rentaload"},"image":{"@id":"https:\/\/rentaload.com\/fr\/#\/schema\/logo\/image\/"}}]}},"_links":{"self":[{"href":"https:\/\/rentaload.com\/fr\/wp-json\/wp\/v2\/pages\/2236","targetHints":{"allow":["GET"]}}],"collection":[{"href":"https:\/\/rentaload.com\/fr\/wp-json\/wp\/v2\/pages"}],"about":[{"href":"https:\/\/rentaload.com\/fr\/wp-json\/wp\/v2\/types\/page"}],"author":[{"embeddable":true,"href":"https:\/\/rentaload.com\/fr\/wp-json\/wp\/v2\/users\/3"}],"replies":[{"embeddable":true,"href":"https:\/\/rentaload.com\/fr\/wp-json\/wp\/v2\/comments?post=2236"}],"version-history":[{"count":5,"href":"https:\/\/rentaload.com\/fr\/wp-json\/wp\/v2\/pages\/2236\/revisions"}],"predecessor-version":[{"id":36268,"href":"https:\/\/rentaload.com\/fr\/wp-json\/wp\/v2\/pages\/2236\/revisions\/36268"}],"wp:attachment":[{"href":"https:\/\/rentaload.com\/fr\/wp-json\/wp\/v2\/media?parent=2236"}],"curies":[{"name":"wp","href":"https:\/\/api.w.org\/{rel}","templated":true}]}}