{"id":569,"date":"2018-03-05T15:22:54","date_gmt":"2018-03-05T14:22:54","guid":{"rendered":"https:\/\/rentaload.com\/?page_id=569"},"modified":"2022-03-21T01:39:28","modified_gmt":"2022-03-21T00:39:28","slug":"eolien-solaire","status":"publish","type":"page","link":"https:\/\/rentaload.com\/fr\/applications-banc-de-test\/eolien-solaire\/","title":{"rendered":"Eolien et alternative \u00e9nergie"},"content":{"rendered":"<p><div class=\"fusion-fullwidth fullwidth-box fusion-builder-row-1 fusion-flex-container nonhundred-percent-fullwidth non-hundred-percent-height-scrolling ctnr-top-h1\" style=\"--awb-border-radius-top-left:0px;--awb-border-radius-top-right:0px;--awb-border-radius-bottom-right:0px;--awb-border-radius-bottom-left:0px;--awb-flex-wrap:wrap;\" ><div class=\"fusion-builder-row fusion-row fusion-flex-align-items-flex-start fusion-flex-justify-content-center fusion-flex-content-wrap\" style=\"max-width:1144px;margin-left: calc(-4% \/ 2 );margin-right: calc(-4% \/ 2 );\"><div class=\"fusion-layout-column fusion_builder_column fusion-builder-column-0 fusion_builder_column_1_2 1_2 fusion-flex-column col-inside\" style=\"--awb-bg-size:cover;--awb-width-large:50%;--awb-margin-top-large:0px;--awb-spacing-right-large:3.84%;--awb-margin-bottom-large:20px;--awb-spacing-left-large:3.84%;--awb-width-medium:100%;--awb-order-medium:0;--awb-spacing-right-medium:1.92%;--awb-spacing-left-medium:1.92%;--awb-width-small:100%;--awb-order-small:0;--awb-spacing-right-small:1.92%;--awb-spacing-left-small:1.92%;\"><div class=\"fusion-column-wrapper fusion-column-has-shadow fusion-flex-justify-content-flex-start fusion-content-layout-column\"><div class=\"fusion-title title fusion-title-1 fusion-sep-none fusion-title-text fusion-title-size-one\" style=\"--awb-margin-top-small:0px;--awb-margin-right-small:0px;--awb-margin-bottom-small:20px;--awb-margin-left-small:0px;\"><h1 class=\"fusion-title-heading title-heading-left\" style=\"margin:0;\">March\u00e9 \u00e9olien et alternative \u00e9nergie<\/h1><\/div><div class=\"fusion-text fusion-text-1\" style=\"--awb-text-transform:none;\"><p>Lors de la construction d\u2019un champ \u00e9olien, la question des d\u00e9lais de raccordement au r\u00e9seau est un point critique. En effet la cr\u00e9ation d\u2019un poste de livraison par le constructeur n\u2019est pas toujours simultan\u00e9 au raccordement au poste source du r\u00e9seau voire \u00e0 sa construction. D\u00e8s lors, mettre une \u00e9olienne en \u00ab hibernation \u00bb peut pr\u00e9senter un risque pour les \u00e9quipements. Sans tension ni chaleur, la condensation se d\u00e9veloppe dans le m\u00e2t et peut alt\u00e9rer le bon fonctionnement des \u00e9quipements \u00e9lectriques. Ainsi, il est opportun de coupler l\u2019\u00e9olienne \u00e0 un groupe \u00e9lectrog\u00e8ne pour mettre sous tension les auxiliaires.\u00a0 Le test de ces auxiliaires est alors possible ( voir obligatoire en Espagne, Allemagne et dans les pays du Nord de l\u2019Europe) avant le raccordement. Le banc de charge permet de simuler une charge ( au minimum 30% de la capacit\u00e9 de la turbine) et d\u2019\u00e9viter les probl\u00e8mes d\u2019usure pr\u00e9matur\u00e9e d\u2019une part et d\u2019autre part de tester les diff\u00e9rents \u00e9quipements.<\/p>\n<\/div><div ><a class=\"fusion-button button-flat fusion-button-default-size button-default fusion-button-default button-1 fusion-button-default-span fusion-button-default-type\" target=\"_self\" href=\"#\" data-toggle=\"modal\" data-target=\".fusion-modal.contact\"><span class=\"fusion-button-text awb-button__text awb-button__text--default\">Demandez un devis<\/span><\/a><\/div><\/div><\/div><div class=\"fusion-layout-column fusion_builder_column fusion-builder-column-1 fusion_builder_column_1_2 1_2 fusion-flex-column col-img\" style=\"--awb-bg-size:cover;--awb-width-large:50%;--awb-margin-top-large:0px;--awb-spacing-right-large:3.84%;--awb-margin-bottom-large:20px;--awb-spacing-left-large:3.84%;--awb-width-medium:100%;--awb-order-medium:0;--awb-spacing-right-medium:1.92%;--awb-spacing-left-medium:1.92%;--awb-width-small:100%;--awb-order-small:0;--awb-spacing-right-small:1.92%;--awb-spacing-left-small:1.92%;\"><div class=\"fusion-column-wrapper fusion-column-has-shadow fusion-flex-justify-content-flex-start fusion-content-layout-column\"><div class=\"fusion-image-element \" style=\"--awb-caption-title-font-family:var(--h2_typography-font-family);--awb-caption-title-font-weight:var(--h2_typography-font-weight);--awb-caption-title-font-style:var(--h2_typography-font-style);--awb-caption-title-size:var(--h2_typography-font-size);--awb-caption-title-transform:var(--h2_typography-text-transform);--awb-caption-title-line-height:var(--h2_typography-line-height);--awb-caption-title-letter-spacing:var(--h2_typography-letter-spacing);\"><span class=\" fusion-imageframe imageframe-none imageframe-1 hover-type-none\"><img decoding=\"async\" width=\"800\" height=\"600\" title=\"eolienne-min\" src=\"https:\/\/rentaload.com\/wp-content\/uploads\/2022\/02\/eolienne-min.jpg\" alt class=\"img-responsive wp-image-13507\" srcset=\"https:\/\/rentaload.com\/wp-content\/uploads\/2022\/02\/eolienne-min-200x150.jpg 200w, https:\/\/rentaload.com\/wp-content\/uploads\/2022\/02\/eolienne-min-400x300.jpg 400w, https:\/\/rentaload.com\/wp-content\/uploads\/2022\/02\/eolienne-min-600x450.jpg 600w, https:\/\/rentaload.com\/wp-content\/uploads\/2022\/02\/eolienne-min.jpg 800w\" sizes=\"(max-width: 1024px) 100vw, (max-width: 640px) 100vw, 600px\" \/><\/span><\/div><\/div><\/div><\/div><\/div><div class=\"fusion-fullwidth fullwidth-box fusion-builder-row-2 fusion-flex-container nonhundred-percent-fullwidth non-hundred-percent-height-scrolling ctnr-simple\" style=\"--awb-border-radius-top-left:0px;--awb-border-radius-top-right:0px;--awb-border-radius-bottom-right:0px;--awb-border-radius-bottom-left:0px;--awb-flex-wrap:wrap;\" ><div class=\"fusion-builder-row fusion-row fusion-flex-align-items-flex-start fusion-flex-justify-content-center fusion-flex-content-wrap\" style=\"max-width:1144px;margin-left: calc(-4% \/ 2 );margin-right: calc(-4% \/ 2 );\"><div class=\"fusion-layout-column fusion_builder_column fusion-builder-column-2 fusion_builder_column_1_1 1_1 fusion-flex-column col-titre\" style=\"--awb-bg-size:cover;--awb-width-large:100%;--awb-margin-top-large:0px;--awb-spacing-right-large:1.92%;--awb-margin-bottom-large:20px;--awb-spacing-left-large:1.92%;--awb-width-medium:100%;--awb-order-medium:0;--awb-spacing-right-medium:1.92%;--awb-spacing-left-medium:1.92%;--awb-width-small:100%;--awb-order-small:0;--awb-spacing-right-small:1.92%;--awb-spacing-left-small:1.92%;\"><div class=\"fusion-column-wrapper fusion-column-has-shadow fusion-flex-justify-content-flex-start fusion-content-layout-column\"><div class=\"fusion-title title fusion-title-2 fusion-sep-none fusion-title-text fusion-title-size-two\" style=\"--awb-margin-top-small:0px;--awb-margin-right-small:0px;--awb-margin-bottom-small:20px;--awb-margin-left-small:0px;\"><h2 class=\"fusion-title-heading title-heading-left\" style=\"margin:0;\">Les types d\u2019applications banc de charge \u00e9olien<\/h2><\/div><div class=\"fusion-text fusion-text-2\" style=\"--awb-text-transform:none;\"><ul>\n<li>Banc de charge pour tester l\u2019\u00e9olienne en charge et\u00a0 valider le protocole avant le raccordement (arr\u00eat d\u2019urgence, etc.)<\/li>\n<li>Banc de charge pour simuler la g\u00e9n\u00e9ratrice de l\u2019\u00e9olienne<\/li>\n<li>Banc de \u00ab\u00a0type test\u00a0\u00bb pour tester en usine les nouveaux mod\u00e8les d\u2019\u00e9oliennes<\/li>\n<\/ul>\n<\/div><\/div><\/div><\/div><\/div><div class=\"fusion-fullwidth fullwidth-box fusion-builder-row-3 fusion-flex-container nonhundred-percent-fullwidth non-hundred-percent-height-scrolling ctnr-img-gauche\" style=\"--awb-border-radius-top-left:0px;--awb-border-radius-top-right:0px;--awb-border-radius-bottom-right:0px;--awb-border-radius-bottom-left:0px;--awb-flex-wrap:wrap;\" ><div class=\"fusion-builder-row fusion-row fusion-flex-align-items-flex-start fusion-flex-justify-content-center fusion-flex-content-wrap\" style=\"max-width:1144px;margin-left: calc(-4% \/ 2 );margin-right: calc(-4% \/ 2 );\"><div class=\"fusion-layout-column fusion_builder_column fusion-builder-column-3 fusion_builder_column_1_2 1_2 fusion-flex-column col-img\" style=\"--awb-bg-size:cover;--awb-width-large:50%;--awb-margin-top-large:0px;--awb-spacing-right-large:3.84%;--awb-margin-bottom-large:20px;--awb-spacing-left-large:3.84%;--awb-width-medium:100%;--awb-order-medium:0;--awb-spacing-right-medium:1.92%;--awb-spacing-left-medium:1.92%;--awb-width-small:100%;--awb-order-small:0;--awb-spacing-right-small:1.92%;--awb-spacing-left-small:1.92%;\"><div class=\"fusion-column-wrapper fusion-column-has-shadow fusion-flex-justify-content-flex-start fusion-content-layout-column\"><div class=\"fusion-image-element \" style=\"--awb-caption-title-font-family:var(--h2_typography-font-family);--awb-caption-title-font-weight:var(--h2_typography-font-weight);--awb-caption-title-font-style:var(--h2_typography-font-style);--awb-caption-title-size:var(--h2_typography-font-size);--awb-caption-title-transform:var(--h2_typography-text-transform);--awb-caption-title-line-height:var(--h2_typography-line-height);--awb-caption-title-letter-spacing:var(--h2_typography-letter-spacing);\"><span class=\" fusion-imageframe imageframe-none imageframe-2 hover-type-none\"><img decoding=\"async\" width=\"800\" height=\"600\" title=\"img-6kw-min\" src=\"https:\/\/rentaload.com\/wp-content\/uploads\/2021\/10\/img-6kw-min.jpg\" alt class=\"img-responsive wp-image-12510\" srcset=\"https:\/\/rentaload.com\/wp-content\/uploads\/2021\/10\/img-6kw-min-200x150.jpg 200w, https:\/\/rentaload.com\/wp-content\/uploads\/2021\/10\/img-6kw-min-400x300.jpg 400w, https:\/\/rentaload.com\/wp-content\/uploads\/2021\/10\/img-6kw-min-600x450.jpg 600w, https:\/\/rentaload.com\/wp-content\/uploads\/2021\/10\/img-6kw-min.jpg 800w\" sizes=\"(max-width: 1024px) 100vw, (max-width: 640px) 100vw, 600px\" \/><\/span><\/div><\/div><\/div><div class=\"fusion-layout-column fusion_builder_column fusion-builder-column-4 fusion_builder_column_1_2 1_2 fusion-flex-column fusion-flex-align-self-center col-inside\" style=\"--awb-bg-size:cover;--awb-width-large:50%;--awb-margin-top-large:0px;--awb-spacing-right-large:3.84%;--awb-margin-bottom-large:20px;--awb-spacing-left-large:3.84%;--awb-width-medium:100%;--awb-order-medium:0;--awb-spacing-right-medium:1.92%;--awb-spacing-left-medium:1.92%;--awb-width-small:100%;--awb-order-small:0;--awb-spacing-right-small:1.92%;--awb-spacing-left-small:1.92%;\"><div class=\"fusion-column-wrapper fusion-column-has-shadow fusion-flex-justify-content-flex-start fusion-content-layout-column\"><div class=\"fusion-title title fusion-title-3 fusion-sep-none fusion-title-text fusion-title-size-two\" style=\"--awb-margin-top-small:0px;--awb-margin-right-small:0px;--awb-margin-bottom-small:20px;--awb-margin-left-small:0px;\"><h2 class=\"fusion-title-heading title-heading-left\" style=\"margin:0;\">Le banc de charge connect\u00e9 qui rend vos tests intelligents<\/h2><\/div><div class=\"fusion-text fusion-text-3\"><p style=\"text-align: center;\">Le banc de charge rackable connect\u00e9 d&rsquo;une puissance de 7kW poss\u00e8de une double alimentation \u00e9lectrique et poss\u00e8de un delta T\u00b0 \u00e9quivalent aux serveurs informatiques.<\/p>\n<\/div><div style=\"text-align:center;\"><a class=\"fusion-button button-flat fusion-button-default-size button-default fusion-button-default button-2 fusion-button-default-span fusion-button-default-type\" target=\"_self\" href=\"https:\/\/rentaload.com\/fr\/produits-banc-de-charge\/banc-rackable-connecte-7kw\/\"><i class=\" fa fa-file-text-o awb-button__icon awb-button__icon--default button-icon-left\" aria-hidden=\"true\"><\/i><span class=\"fusion-button-text awb-button__text awb-button__text--default\">Banc de charge rackable<\/span><\/a><\/div><\/div><\/div><\/div><\/div><div class=\"fusion-fullwidth fullwidth-box fusion-builder-row-4 fusion-flex-container nonhundred-percent-fullwidth non-hundred-percent-height-scrolling ctnr-img-droite\" style=\"--awb-border-radius-top-left:0px;--awb-border-radius-top-right:0px;--awb-border-radius-bottom-right:0px;--awb-border-radius-bottom-left:0px;--awb-flex-wrap:wrap;\" ><div class=\"fusion-builder-row fusion-row fusion-flex-align-items-flex-start fusion-flex-justify-content-center fusion-flex-content-wrap\" style=\"max-width:1144px;margin-left: calc(-4% \/ 2 );margin-right: calc(-4% \/ 2 );\"><div class=\"fusion-layout-column fusion_builder_column fusion-builder-column-5 fusion_builder_column_1_2 1_2 fusion-flex-column fusion-flex-align-self-center col-inside\" style=\"--awb-bg-size:cover;--awb-width-large:50%;--awb-margin-top-large:0px;--awb-spacing-right-large:3.84%;--awb-margin-bottom-large:20px;--awb-spacing-left-large:3.84%;--awb-width-medium:100%;--awb-order-medium:0;--awb-spacing-right-medium:1.92%;--awb-spacing-left-medium:1.92%;--awb-width-small:100%;--awb-order-small:0;--awb-spacing-right-small:1.92%;--awb-spacing-left-small:1.92%;\"><div class=\"fusion-column-wrapper fusion-column-has-shadow fusion-flex-justify-content-flex-start fusion-content-layout-column\"><div class=\"fusion-title title fusion-title-4 fusion-sep-none fusion-title-text fusion-title-size-two\" style=\"--awb-margin-top-small:0px;--awb-margin-right-small:0px;--awb-margin-bottom-small:20px;--awb-margin-left-small:0px;\"><h2 class=\"fusion-title-heading title-heading-left\" style=\"margin:0;\">Rentalab, le logiciel de supervision des tests de Data Center<\/h2><\/div><div class=\"fusion-text fusion-text-4\"><p style=\"text-align: center;\">L&rsquo;outil Rentalab permet de piloter jusqu&rsquo;\u00e0 200 bancs de charge en m\u00eame temps, de r\u00e9cup\u00e9rer des informations \u00e9lectriques &amp; thermiques de votre salle et de g\u00e9n\u00e9rer des rapports de tests.<\/p>\n<\/div><div style=\"text-align:center;\"><a class=\"fusion-button button-flat fusion-button-default-size button-default fusion-button-default button-3 fusion-button-default-span fusion-button-default-type\" target=\"_self\" href=\"https:\/\/rentaload.com\/supervision-banc-de-charge\/\"><i class=\" fa fa-desktop awb-button__icon awb-button__icon--default button-icon-left\" aria-hidden=\"true\"><\/i><span class=\"fusion-button-text awb-button__text awb-button__text--default\">Notre outil de supervision<\/span><\/a><\/div><\/div><\/div><div class=\"fusion-layout-column fusion_builder_column fusion-builder-column-6 fusion_builder_column_1_2 1_2 fusion-flex-column col-img\" style=\"--awb-bg-size:cover;--awb-width-large:50%;--awb-margin-top-large:0px;--awb-spacing-right-large:3.84%;--awb-margin-bottom-large:20px;--awb-spacing-left-large:3.84%;--awb-width-medium:100%;--awb-order-medium:0;--awb-spacing-right-medium:1.92%;--awb-spacing-left-medium:1.92%;--awb-width-small:100%;--awb-order-small:0;--awb-spacing-right-small:1.92%;--awb-spacing-left-small:1.92%;\"><div class=\"fusion-column-wrapper fusion-column-has-shadow fusion-flex-justify-content-flex-start fusion-content-layout-column\"><div class=\"fusion-image-element \" style=\"--awb-caption-title-font-family:var(--h2_typography-font-family);--awb-caption-title-font-weight:var(--h2_typography-font-weight);--awb-caption-title-font-style:var(--h2_typography-font-style);--awb-caption-title-size:var(--h2_typography-font-size);--awb-caption-title-transform:var(--h2_typography-text-transform);--awb-caption-title-line-height:var(--h2_typography-line-height);--awb-caption-title-letter-spacing:var(--h2_typography-letter-spacing);\"><span class=\" fusion-imageframe imageframe-none imageframe-3 hover-type-none\"><img decoding=\"async\" width=\"800\" height=\"600\" title=\"image logiciel supervision-min\" src=\"https:\/\/rentaload.com\/wp-content\/uploads\/2022\/02\/image-logiciel-supervision-min.jpg\" alt class=\"img-responsive wp-image-13072\" srcset=\"https:\/\/rentaload.com\/wp-content\/uploads\/2022\/02\/image-logiciel-supervision-min-200x150.jpg 200w, https:\/\/rentaload.com\/wp-content\/uploads\/2022\/02\/image-logiciel-supervision-min-400x300.jpg 400w, https:\/\/rentaload.com\/wp-content\/uploads\/2022\/02\/image-logiciel-supervision-min-600x450.jpg 600w, https:\/\/rentaload.com\/wp-content\/uploads\/2022\/02\/image-logiciel-supervision-min.jpg 800w\" sizes=\"(max-width: 1024px) 100vw, (max-width: 640px) 100vw, 600px\" \/><\/span><\/div><\/div><\/div><\/div><\/div><\/p>\n","protected":false},"excerpt":{"rendered":"","protected":false},"author":3,"featured_media":0,"parent":319,"menu_order":0,"comment_status":"closed","ping_status":"closed","template":"100-width.php","meta":{"footnotes":""},"class_list":["post-569","page","type-page","status-publish","hentry"],"yoast_head":"<!-- This site is optimized with the Yoast SEO plugin v27.3 - https:\/\/yoast.com\/product\/yoast-seo-wordpress\/ -->\n<title>Rentaload : Les bancs de charge pour le march\u00e9 \u00e9olien<\/title>\n<meta name=\"description\" content=\"Le banc de charge permet de simuler une charge et d\u2019\u00e9viter les probl\u00e8mes d\u2019usure pr\u00e9matur\u00e9e d\u2019une part et d\u2019autre part de tester les diff\u00e9rents \u00e9quipements.\" \/>\n<meta name=\"robots\" content=\"index, follow, max-snippet:-1, max-image-preview:large, max-video-preview:-1\" \/>\n<link rel=\"canonical\" href=\"https:\/\/rentaload.com\/fr\/applications-banc-de-test\/eolien-solaire\/\" \/>\n<meta property=\"og:locale\" content=\"fr_FR\" \/>\n<meta property=\"og:type\" content=\"article\" \/>\n<meta property=\"og:title\" content=\"Rentaload : Les bancs de charge pour le march\u00e9 \u00e9olien\" \/>\n<meta property=\"og:description\" content=\"Le banc de charge permet de simuler une charge et d\u2019\u00e9viter les probl\u00e8mes d\u2019usure pr\u00e9matur\u00e9e d\u2019une part et d\u2019autre part de tester les diff\u00e9rents \u00e9quipements.\" \/>\n<meta property=\"og:url\" content=\"https:\/\/rentaload.com\/fr\/applications-banc-de-test\/eolien-solaire\/\" \/>\n<meta property=\"og:site_name\" content=\"Rentaload\" \/>\n<meta property=\"article:modified_time\" content=\"2022-03-21T00:39:28+00:00\" \/>\n<meta name=\"twitter:card\" content=\"summary_large_image\" \/>\n<meta name=\"twitter:label1\" content=\"Dur\u00e9e de lecture estim\u00e9e\" \/>\n\t<meta name=\"twitter:data1\" content=\"14 minutes\" \/>\n<script type=\"application\/ld+json\" class=\"yoast-schema-graph\">{\"@context\":\"https:\\\/\\\/schema.org\",\"@graph\":[{\"@type\":\"WebPage\",\"@id\":\"https:\\\/\\\/rentaload.com\\\/fr\\\/applications-banc-de-test\\\/eolien-solaire\\\/\",\"url\":\"https:\\\/\\\/rentaload.com\\\/fr\\\/applications-banc-de-test\\\/eolien-solaire\\\/\",\"name\":\"Rentaload : Les bancs de charge pour le march\u00e9 \u00e9olien\",\"isPartOf\":{\"@id\":\"https:\\\/\\\/rentaload.com\\\/fr\\\/#website\"},\"datePublished\":\"2018-03-05T14:22:54+00:00\",\"dateModified\":\"2022-03-21T00:39:28+00:00\",\"description\":\"Le banc de charge permet de simuler une charge et d\u2019\u00e9viter les probl\u00e8mes d\u2019usure pr\u00e9matur\u00e9e d\u2019une part et d\u2019autre part de tester les diff\u00e9rents \u00e9quipements.\",\"breadcrumb\":{\"@id\":\"https:\\\/\\\/rentaload.com\\\/fr\\\/applications-banc-de-test\\\/eolien-solaire\\\/#breadcrumb\"},\"inLanguage\":\"fr-FR\",\"potentialAction\":[{\"@type\":\"ReadAction\",\"target\":[\"https:\\\/\\\/rentaload.com\\\/fr\\\/applications-banc-de-test\\\/eolien-solaire\\\/\"]}]},{\"@type\":\"BreadcrumbList\",\"@id\":\"https:\\\/\\\/rentaload.com\\\/fr\\\/applications-banc-de-test\\\/eolien-solaire\\\/#breadcrumb\",\"itemListElement\":[{\"@type\":\"ListItem\",\"position\":1,\"name\":\"Secteurs\",\"item\":\"https:\\\/\\\/rentaload.com\\\/fr\\\/applications-banc-de-test\\\/\"},{\"@type\":\"ListItem\",\"position\":2,\"name\":\"Eolien et alternative \u00e9nergie\"}]},{\"@type\":\"WebSite\",\"@id\":\"https:\\\/\\\/rentaload.com\\\/fr\\\/#website\",\"url\":\"https:\\\/\\\/rentaload.com\\\/fr\\\/\",\"name\":\"Rentaload\",\"description\":\"Load bank hire - location banc de charge - Lastbank vermietung\",\"publisher\":{\"@id\":\"https:\\\/\\\/rentaload.com\\\/fr\\\/#organization\"},\"potentialAction\":[{\"@type\":\"SearchAction\",\"target\":{\"@type\":\"EntryPoint\",\"urlTemplate\":\"https:\\\/\\\/rentaload.com\\\/fr\\\/?s={search_term_string}\"},\"query-input\":{\"@type\":\"PropertyValueSpecification\",\"valueRequired\":true,\"valueName\":\"search_term_string\"}}],\"inLanguage\":\"fr-FR\"},{\"@type\":\"Organization\",\"@id\":\"https:\\\/\\\/rentaload.com\\\/fr\\\/#organization\",\"name\":\"Rentaload\",\"url\":\"https:\\\/\\\/rentaload.com\\\/fr\\\/\",\"logo\":{\"@type\":\"ImageObject\",\"inLanguage\":\"fr-FR\",\"@id\":\"https:\\\/\\\/rentaload.com\\\/fr\\\/#\\\/schema\\\/logo\\\/image\\\/\",\"url\":\"https:\\\/\\\/rentaload.com\\\/wp-content\\\/uploads\\\/2018\\\/03\\\/rentaload-logo-location-banc-de-charge-test-louer-1.png\",\"contentUrl\":\"https:\\\/\\\/rentaload.com\\\/wp-content\\\/uploads\\\/2018\\\/03\\\/rentaload-logo-location-banc-de-charge-test-louer-1.png\",\"width\":470,\"height\":100,\"caption\":\"Rentaload\"},\"image\":{\"@id\":\"https:\\\/\\\/rentaload.com\\\/fr\\\/#\\\/schema\\\/logo\\\/image\\\/\"}}]}<\/script>\n<!-- \/ Yoast SEO plugin. -->","yoast_head_json":{"title":"Rentaload : Les bancs de charge pour le march\u00e9 \u00e9olien","description":"Le banc de charge permet de simuler une charge et d\u2019\u00e9viter les probl\u00e8mes d\u2019usure pr\u00e9matur\u00e9e d\u2019une part et d\u2019autre part de tester les diff\u00e9rents \u00e9quipements.","robots":{"index":"index","follow":"follow","max-snippet":"max-snippet:-1","max-image-preview":"max-image-preview:large","max-video-preview":"max-video-preview:-1"},"canonical":"https:\/\/rentaload.com\/fr\/applications-banc-de-test\/eolien-solaire\/","og_locale":"fr_FR","og_type":"article","og_title":"Rentaload : Les bancs de charge pour le march\u00e9 \u00e9olien","og_description":"Le banc de charge permet de simuler une charge et d\u2019\u00e9viter les probl\u00e8mes d\u2019usure pr\u00e9matur\u00e9e d\u2019une part et d\u2019autre part de tester les diff\u00e9rents \u00e9quipements.","og_url":"https:\/\/rentaload.com\/fr\/applications-banc-de-test\/eolien-solaire\/","og_site_name":"Rentaload","article_modified_time":"2022-03-21T00:39:28+00:00","twitter_card":"summary_large_image","twitter_misc":{"Dur\u00e9e de lecture estim\u00e9e":"14 minutes"},"schema":{"@context":"https:\/\/schema.org","@graph":[{"@type":"WebPage","@id":"https:\/\/rentaload.com\/fr\/applications-banc-de-test\/eolien-solaire\/","url":"https:\/\/rentaload.com\/fr\/applications-banc-de-test\/eolien-solaire\/","name":"Rentaload : Les bancs de charge pour le march\u00e9 \u00e9olien","isPartOf":{"@id":"https:\/\/rentaload.com\/fr\/#website"},"datePublished":"2018-03-05T14:22:54+00:00","dateModified":"2022-03-21T00:39:28+00:00","description":"Le banc de charge permet de simuler une charge et d\u2019\u00e9viter les probl\u00e8mes d\u2019usure pr\u00e9matur\u00e9e d\u2019une part et d\u2019autre part de tester les diff\u00e9rents \u00e9quipements.","breadcrumb":{"@id":"https:\/\/rentaload.com\/fr\/applications-banc-de-test\/eolien-solaire\/#breadcrumb"},"inLanguage":"fr-FR","potentialAction":[{"@type":"ReadAction","target":["https:\/\/rentaload.com\/fr\/applications-banc-de-test\/eolien-solaire\/"]}]},{"@type":"BreadcrumbList","@id":"https:\/\/rentaload.com\/fr\/applications-banc-de-test\/eolien-solaire\/#breadcrumb","itemListElement":[{"@type":"ListItem","position":1,"name":"Secteurs","item":"https:\/\/rentaload.com\/fr\/applications-banc-de-test\/"},{"@type":"ListItem","position":2,"name":"Eolien et alternative \u00e9nergie"}]},{"@type":"WebSite","@id":"https:\/\/rentaload.com\/fr\/#website","url":"https:\/\/rentaload.com\/fr\/","name":"Rentaload","description":"Load bank hire - location banc de charge - Lastbank vermietung","publisher":{"@id":"https:\/\/rentaload.com\/fr\/#organization"},"potentialAction":[{"@type":"SearchAction","target":{"@type":"EntryPoint","urlTemplate":"https:\/\/rentaload.com\/fr\/?s={search_term_string}"},"query-input":{"@type":"PropertyValueSpecification","valueRequired":true,"valueName":"search_term_string"}}],"inLanguage":"fr-FR"},{"@type":"Organization","@id":"https:\/\/rentaload.com\/fr\/#organization","name":"Rentaload","url":"https:\/\/rentaload.com\/fr\/","logo":{"@type":"ImageObject","inLanguage":"fr-FR","@id":"https:\/\/rentaload.com\/fr\/#\/schema\/logo\/image\/","url":"https:\/\/rentaload.com\/wp-content\/uploads\/2018\/03\/rentaload-logo-location-banc-de-charge-test-louer-1.png","contentUrl":"https:\/\/rentaload.com\/wp-content\/uploads\/2018\/03\/rentaload-logo-location-banc-de-charge-test-louer-1.png","width":470,"height":100,"caption":"Rentaload"},"image":{"@id":"https:\/\/rentaload.com\/fr\/#\/schema\/logo\/image\/"}}]}},"_links":{"self":[{"href":"https:\/\/rentaload.com\/fr\/wp-json\/wp\/v2\/pages\/569","targetHints":{"allow":["GET"]}}],"collection":[{"href":"https:\/\/rentaload.com\/fr\/wp-json\/wp\/v2\/pages"}],"about":[{"href":"https:\/\/rentaload.com\/fr\/wp-json\/wp\/v2\/types\/page"}],"author":[{"embeddable":true,"href":"https:\/\/rentaload.com\/fr\/wp-json\/wp\/v2\/users\/3"}],"replies":[{"embeddable":true,"href":"https:\/\/rentaload.com\/fr\/wp-json\/wp\/v2\/comments?post=569"}],"version-history":[{"count":5,"href":"https:\/\/rentaload.com\/fr\/wp-json\/wp\/v2\/pages\/569\/revisions"}],"predecessor-version":[{"id":14189,"href":"https:\/\/rentaload.com\/fr\/wp-json\/wp\/v2\/pages\/569\/revisions\/14189"}],"up":[{"embeddable":true,"href":"https:\/\/rentaload.com\/fr\/wp-json\/wp\/v2\/pages\/319"}],"wp:attachment":[{"href":"https:\/\/rentaload.com\/fr\/wp-json\/wp\/v2\/media?parent=569"}],"curies":[{"name":"wp","href":"https:\/\/api.w.org\/{rel}","templated":true}]}}