{"id":574,"date":"2018-03-05T15:29:17","date_gmt":"2018-03-05T14:29:17","guid":{"rendered":"https:\/\/rentaload.com\/?page_id=574"},"modified":"2022-03-21T01:39:17","modified_gmt":"2022-03-21T00:39:17","slug":"aerien","status":"publish","type":"page","link":"https:\/\/rentaload.com\/fr\/applications-banc-de-test\/aerien\/","title":{"rendered":"A\u00e9rien"},"content":{"rendered":"<div class=\"fusion-fullwidth fullwidth-box fusion-builder-row-1 fusion-flex-container nonhundred-percent-fullwidth non-hundred-percent-height-scrolling ctnr-top-h1\" style=\"--awb-border-radius-top-left:0px;--awb-border-radius-top-right:0px;--awb-border-radius-bottom-right:0px;--awb-border-radius-bottom-left:0px;--awb-flex-wrap:wrap;\" ><div class=\"fusion-builder-row fusion-row fusion-flex-align-items-flex-start fusion-flex-justify-content-center fusion-flex-content-wrap\" style=\"max-width:1144px;margin-left: calc(-4% \/ 2 );margin-right: calc(-4% \/ 2 );\"><div class=\"fusion-layout-column fusion_builder_column fusion-builder-column-0 fusion_builder_column_1_2 1_2 fusion-flex-column col-inside\" style=\"--awb-bg-size:cover;--awb-width-large:50%;--awb-margin-top-large:0px;--awb-spacing-right-large:3.84%;--awb-margin-bottom-large:20px;--awb-spacing-left-large:3.84%;--awb-width-medium:100%;--awb-order-medium:0;--awb-spacing-right-medium:1.92%;--awb-spacing-left-medium:1.92%;--awb-width-small:100%;--awb-order-small:0;--awb-spacing-right-small:1.92%;--awb-spacing-left-small:1.92%;\"><div class=\"fusion-column-wrapper fusion-column-has-shadow fusion-flex-justify-content-flex-start fusion-content-layout-column\"><div class=\"fusion-title title fusion-title-1 fusion-sep-none fusion-title-text fusion-title-size-one\" style=\"--awb-margin-top-small:0px;--awb-margin-right-small:0px;--awb-margin-bottom-small:20px;--awb-margin-left-small:0px;\"><h1 class=\"fusion-title-heading title-heading-left\" style=\"margin:0;\">A\u00e9rien<\/h1><\/div><div class=\"fusion-text fusion-text-1\" style=\"--awb-text-transform:none;\"><p><strong>Allonger la dur\u00e9e de vie des batteries et soutenir la production<\/strong><br \/>\nLa pr\u00e9sence syst\u00e9matique de batteries dans les avions ou les navires aux missions strat\u00e9giques et parfois p\u00e9rilleuses oblige \u00e0 ce que ce mat\u00e9riel soit fiable et op\u00e9rationnel. La maintenance de ces \u00e9quipements est donc un point cl\u00e9 de r\u00e9ussite. Une batterie \u00e0 besoin, selon sa technologie, d\u2019\u00eatre d\u00e9charg\u00e9e et r\u00e9g\u00e9n\u00e9r\u00e9e ou simplement test\u00e9e pour s\u2019assurer de son bon fonctionnement. L\u2019utilisation d\u2019un banc de d\u00e9charge est donc de r\u00e8gle pour ce type de maintenance. Les contraintes dans l\u2019a\u00e9ronautique (fr\u00e9quence 400hz) entra\u00eenent que des gammes sp\u00e9cifiques de bancs de d\u00e9charge ont \u00e9t\u00e9 d\u00e9velopp\u00e9es par les constructeurs.<\/p>\n<p>De plus, dans le naval et l\u2019a\u00e9ronautique, l\u2019installation d\u2019un moteur thermique n\u00e9cessite de grosses op\u00e9rations de montage parfois irr\u00e9versible (ex: le cas des sous-marins ou des navires) . S\u2019assurer du bon fonctionnement du moteur et de son fin r\u00e9glage avant la mise \u00e0 l\u2019eau ou les tests de vol est n\u00e9cessaire. Le banc de charge permet de remplir pleinement ce r\u00f4le.<\/p>\n<p><strong>Types de banc de charge<\/strong><\/p>\n<ul>\n<li>Banc de d\u00e9charge de batterie \u00e0 courant continu<\/li>\n<li>Banc de d\u00e9charge \u00e0 courant alternatif<\/li>\n<li>Banc de charge pour test de g\u00e9n\u00e9ratrice ou turbine<\/li>\n<\/ul>\n<\/div><div ><a class=\"fusion-button button-flat fusion-button-default-size button-default fusion-button-default button-1 fusion-button-default-span fusion-button-default-type\" target=\"_self\" href=\"https:\/\/rentaload.com\/fr\/contact\/\"><span class=\"fusion-button-text awb-button__text awb-button__text--default\">CONTACTEZ NOUS<\/span><\/a><\/div><\/div><\/div><div class=\"fusion-layout-column fusion_builder_column fusion-builder-column-1 fusion_builder_column_1_2 1_2 fusion-flex-column col-img\" style=\"--awb-bg-size:cover;--awb-width-large:50%;--awb-margin-top-large:0px;--awb-spacing-right-large:3.84%;--awb-margin-bottom-large:20px;--awb-spacing-left-large:3.84%;--awb-width-medium:100%;--awb-order-medium:0;--awb-spacing-right-medium:1.92%;--awb-spacing-left-medium:1.92%;--awb-width-small:100%;--awb-order-small:0;--awb-spacing-right-small:1.92%;--awb-spacing-left-small:1.92%;\"><div class=\"fusion-column-wrapper fusion-column-has-shadow fusion-flex-justify-content-flex-start fusion-content-layout-column\"><div class=\"fusion-image-element \" style=\"--awb-caption-title-font-family:var(--h2_typography-font-family);--awb-caption-title-font-weight:var(--h2_typography-font-weight);--awb-caption-title-font-style:var(--h2_typography-font-style);--awb-caption-title-size:var(--h2_typography-font-size);--awb-caption-title-transform:var(--h2_typography-text-transform);--awb-caption-title-line-height:var(--h2_typography-line-height);--awb-caption-title-letter-spacing:var(--h2_typography-letter-spacing);\"><span class=\" fusion-imageframe imageframe-none imageframe-1 hover-type-none\"><img decoding=\"async\" width=\"453\" height=\"372\" alt=\"test_moteur_400hz_banc_de_charge_load-bank-avion_turbine\" title=\"test_moteur_400hz_banc_de_charge_load-bank-avion_turbine\" src=\"https:\/\/rentaload.com\/wp-content\/uploads\/2018\/03\/test_moteur_400hz_banc_de_charge_load-bank-avion_turbine.jpg\" class=\"img-responsive wp-image-620\" srcset=\"https:\/\/rentaload.com\/wp-content\/uploads\/2018\/03\/test_moteur_400hz_banc_de_charge_load-bank-avion_turbine-200x164.jpg 200w, https:\/\/rentaload.com\/wp-content\/uploads\/2018\/03\/test_moteur_400hz_banc_de_charge_load-bank-avion_turbine-400x328.jpg 400w, https:\/\/rentaload.com\/wp-content\/uploads\/2018\/03\/test_moteur_400hz_banc_de_charge_load-bank-avion_turbine.jpg 453w\" sizes=\"(max-width: 1024px) 100vw, (max-width: 640px) 100vw, 453px\" \/><\/span><\/div><\/div><\/div><\/div><\/div>\n","protected":false},"excerpt":{"rendered":"","protected":false},"author":3,"featured_media":0,"parent":319,"menu_order":0,"comment_status":"closed","ping_status":"closed","template":"100-width.php","meta":{"footnotes":""},"class_list":["post-574","page","type-page","status-publish","hentry"],"yoast_head":"<!-- This site is optimized with the Yoast SEO plugin v27.4 - https:\/\/yoast.com\/product\/yoast-seo-wordpress\/ -->\n<title>Rentaload : Les applications du banc de charge : March\u00e9 de l&#039;a\u00e9rien<\/title>\n<meta name=\"robots\" content=\"index, follow, max-snippet:-1, max-image-preview:large, max-video-preview:-1\" \/>\n<link rel=\"canonical\" href=\"https:\/\/rentaload.com\/fr\/applications-banc-de-test\/aerien\/\" \/>\n<meta property=\"og:locale\" content=\"fr_FR\" \/>\n<meta property=\"og:type\" content=\"article\" \/>\n<meta property=\"og:title\" content=\"Rentaload : Les applications du banc de charge : March\u00e9 de l&#039;a\u00e9rien\" \/>\n<meta property=\"og:url\" content=\"https:\/\/rentaload.com\/fr\/applications-banc-de-test\/aerien\/\" \/>\n<meta property=\"og:site_name\" content=\"Rentaload\" \/>\n<meta property=\"article:modified_time\" content=\"2022-03-21T00:39:17+00:00\" \/>\n<meta name=\"twitter:card\" content=\"summary_large_image\" \/>\n<meta name=\"twitter:label1\" content=\"Dur\u00e9e de lecture estim\u00e9e\" \/>\n\t<meta name=\"twitter:data1\" content=\"8 minutes\" \/>\n<script type=\"application\/ld+json\" class=\"yoast-schema-graph\">{\"@context\":\"https:\\\/\\\/schema.org\",\"@graph\":[{\"@type\":\"WebPage\",\"@id\":\"https:\\\/\\\/rentaload.com\\\/fr\\\/applications-banc-de-test\\\/aerien\\\/\",\"url\":\"https:\\\/\\\/rentaload.com\\\/fr\\\/applications-banc-de-test\\\/aerien\\\/\",\"name\":\"Rentaload : Les applications du banc de charge : March\u00e9 de l'a\u00e9rien\",\"isPartOf\":{\"@id\":\"https:\\\/\\\/rentaload.com\\\/fr\\\/#website\"},\"datePublished\":\"2018-03-05T14:29:17+00:00\",\"dateModified\":\"2022-03-21T00:39:17+00:00\",\"breadcrumb\":{\"@id\":\"https:\\\/\\\/rentaload.com\\\/fr\\\/applications-banc-de-test\\\/aerien\\\/#breadcrumb\"},\"inLanguage\":\"fr-FR\",\"potentialAction\":[{\"@type\":\"ReadAction\",\"target\":[\"https:\\\/\\\/rentaload.com\\\/fr\\\/applications-banc-de-test\\\/aerien\\\/\"]}]},{\"@type\":\"BreadcrumbList\",\"@id\":\"https:\\\/\\\/rentaload.com\\\/fr\\\/applications-banc-de-test\\\/aerien\\\/#breadcrumb\",\"itemListElement\":[{\"@type\":\"ListItem\",\"position\":1,\"name\":\"Secteurs\",\"item\":\"https:\\\/\\\/rentaload.com\\\/fr\\\/applications-banc-de-test\\\/\"},{\"@type\":\"ListItem\",\"position\":2,\"name\":\"A\u00e9rien\"}]},{\"@type\":\"WebSite\",\"@id\":\"https:\\\/\\\/rentaload.com\\\/fr\\\/#website\",\"url\":\"https:\\\/\\\/rentaload.com\\\/fr\\\/\",\"name\":\"Rentaload\",\"description\":\"Load bank hire - location banc de charge - Lastbank vermietung\",\"publisher\":{\"@id\":\"https:\\\/\\\/rentaload.com\\\/fr\\\/#organization\"},\"potentialAction\":[{\"@type\":\"SearchAction\",\"target\":{\"@type\":\"EntryPoint\",\"urlTemplate\":\"https:\\\/\\\/rentaload.com\\\/fr\\\/?s={search_term_string}\"},\"query-input\":{\"@type\":\"PropertyValueSpecification\",\"valueRequired\":true,\"valueName\":\"search_term_string\"}}],\"inLanguage\":\"fr-FR\"},{\"@type\":\"Organization\",\"@id\":\"https:\\\/\\\/rentaload.com\\\/fr\\\/#organization\",\"name\":\"Rentaload\",\"url\":\"https:\\\/\\\/rentaload.com\\\/fr\\\/\",\"logo\":{\"@type\":\"ImageObject\",\"inLanguage\":\"fr-FR\",\"@id\":\"https:\\\/\\\/rentaload.com\\\/fr\\\/#\\\/schema\\\/logo\\\/image\\\/\",\"url\":\"https:\\\/\\\/rentaload.com\\\/wp-content\\\/uploads\\\/2018\\\/03\\\/rentaload-logo-location-banc-de-charge-test-louer-1.png\",\"contentUrl\":\"https:\\\/\\\/rentaload.com\\\/wp-content\\\/uploads\\\/2018\\\/03\\\/rentaload-logo-location-banc-de-charge-test-louer-1.png\",\"width\":470,\"height\":100,\"caption\":\"Rentaload\"},\"image\":{\"@id\":\"https:\\\/\\\/rentaload.com\\\/fr\\\/#\\\/schema\\\/logo\\\/image\\\/\"}}]}<\/script>\n<!-- \/ Yoast SEO plugin. -->","yoast_head_json":{"title":"Rentaload : Les applications du banc de charge : March\u00e9 de l'a\u00e9rien","robots":{"index":"index","follow":"follow","max-snippet":"max-snippet:-1","max-image-preview":"max-image-preview:large","max-video-preview":"max-video-preview:-1"},"canonical":"https:\/\/rentaload.com\/fr\/applications-banc-de-test\/aerien\/","og_locale":"fr_FR","og_type":"article","og_title":"Rentaload : Les applications du banc de charge : March\u00e9 de l'a\u00e9rien","og_url":"https:\/\/rentaload.com\/fr\/applications-banc-de-test\/aerien\/","og_site_name":"Rentaload","article_modified_time":"2022-03-21T00:39:17+00:00","twitter_card":"summary_large_image","twitter_misc":{"Dur\u00e9e de lecture estim\u00e9e":"8 minutes"},"schema":{"@context":"https:\/\/schema.org","@graph":[{"@type":"WebPage","@id":"https:\/\/rentaload.com\/fr\/applications-banc-de-test\/aerien\/","url":"https:\/\/rentaload.com\/fr\/applications-banc-de-test\/aerien\/","name":"Rentaload : Les applications du banc de charge : March\u00e9 de l'a\u00e9rien","isPartOf":{"@id":"https:\/\/rentaload.com\/fr\/#website"},"datePublished":"2018-03-05T14:29:17+00:00","dateModified":"2022-03-21T00:39:17+00:00","breadcrumb":{"@id":"https:\/\/rentaload.com\/fr\/applications-banc-de-test\/aerien\/#breadcrumb"},"inLanguage":"fr-FR","potentialAction":[{"@type":"ReadAction","target":["https:\/\/rentaload.com\/fr\/applications-banc-de-test\/aerien\/"]}]},{"@type":"BreadcrumbList","@id":"https:\/\/rentaload.com\/fr\/applications-banc-de-test\/aerien\/#breadcrumb","itemListElement":[{"@type":"ListItem","position":1,"name":"Secteurs","item":"https:\/\/rentaload.com\/fr\/applications-banc-de-test\/"},{"@type":"ListItem","position":2,"name":"A\u00e9rien"}]},{"@type":"WebSite","@id":"https:\/\/rentaload.com\/fr\/#website","url":"https:\/\/rentaload.com\/fr\/","name":"Rentaload","description":"Load bank hire - location banc de charge - Lastbank vermietung","publisher":{"@id":"https:\/\/rentaload.com\/fr\/#organization"},"potentialAction":[{"@type":"SearchAction","target":{"@type":"EntryPoint","urlTemplate":"https:\/\/rentaload.com\/fr\/?s={search_term_string}"},"query-input":{"@type":"PropertyValueSpecification","valueRequired":true,"valueName":"search_term_string"}}],"inLanguage":"fr-FR"},{"@type":"Organization","@id":"https:\/\/rentaload.com\/fr\/#organization","name":"Rentaload","url":"https:\/\/rentaload.com\/fr\/","logo":{"@type":"ImageObject","inLanguage":"fr-FR","@id":"https:\/\/rentaload.com\/fr\/#\/schema\/logo\/image\/","url":"https:\/\/rentaload.com\/wp-content\/uploads\/2018\/03\/rentaload-logo-location-banc-de-charge-test-louer-1.png","contentUrl":"https:\/\/rentaload.com\/wp-content\/uploads\/2018\/03\/rentaload-logo-location-banc-de-charge-test-louer-1.png","width":470,"height":100,"caption":"Rentaload"},"image":{"@id":"https:\/\/rentaload.com\/fr\/#\/schema\/logo\/image\/"}}]}},"_links":{"self":[{"href":"https:\/\/rentaload.com\/fr\/wp-json\/wp\/v2\/pages\/574","targetHints":{"allow":["GET"]}}],"collection":[{"href":"https:\/\/rentaload.com\/fr\/wp-json\/wp\/v2\/pages"}],"about":[{"href":"https:\/\/rentaload.com\/fr\/wp-json\/wp\/v2\/types\/page"}],"author":[{"embeddable":true,"href":"https:\/\/rentaload.com\/fr\/wp-json\/wp\/v2\/users\/3"}],"replies":[{"embeddable":true,"href":"https:\/\/rentaload.com\/fr\/wp-json\/wp\/v2\/comments?post=574"}],"version-history":[{"count":5,"href":"https:\/\/rentaload.com\/fr\/wp-json\/wp\/v2\/pages\/574\/revisions"}],"predecessor-version":[{"id":14188,"href":"https:\/\/rentaload.com\/fr\/wp-json\/wp\/v2\/pages\/574\/revisions\/14188"}],"up":[{"embeddable":true,"href":"https:\/\/rentaload.com\/fr\/wp-json\/wp\/v2\/pages\/319"}],"wp:attachment":[{"href":"https:\/\/rentaload.com\/fr\/wp-json\/wp\/v2\/media?parent=574"}],"curies":[{"name":"wp","href":"https:\/\/api.w.org\/{rel}","templated":true}]}}