{"id":578,"date":"2018-03-05T15:31:36","date_gmt":"2018-03-05T14:31:36","guid":{"rendered":"https:\/\/rentaload.com\/?page_id=578"},"modified":"2022-03-21T01:40:09","modified_gmt":"2022-03-21T00:40:09","slug":"tableautier","status":"publish","type":"page","link":"https:\/\/rentaload.com\/fr\/applications-banc-de-test\/tableautier\/","title":{"rendered":"Tableautier et Laboratoires"},"content":{"rendered":"<div class=\"fusion-fullwidth fullwidth-box fusion-builder-row-1 fusion-flex-container nonhundred-percent-fullwidth non-hundred-percent-height-scrolling ctnr-top-h1\" style=\"--awb-border-radius-top-left:0px;--awb-border-radius-top-right:0px;--awb-border-radius-bottom-right:0px;--awb-border-radius-bottom-left:0px;--awb-flex-wrap:wrap;\" ><div class=\"fusion-builder-row fusion-row fusion-flex-align-items-flex-start fusion-flex-justify-content-center fusion-flex-content-wrap\" style=\"max-width:1144px;margin-left: calc(-4% \/ 2 );margin-right: calc(-4% \/ 2 );\"><div class=\"fusion-layout-column fusion_builder_column fusion-builder-column-0 fusion_builder_column_1_2 1_2 fusion-flex-column col-inside\" style=\"--awb-bg-size:cover;--awb-width-large:50%;--awb-margin-top-large:0px;--awb-spacing-right-large:3.84%;--awb-margin-bottom-large:20px;--awb-spacing-left-large:3.84%;--awb-width-medium:100%;--awb-order-medium:0;--awb-spacing-right-medium:1.92%;--awb-spacing-left-medium:1.92%;--awb-width-small:100%;--awb-order-small:0;--awb-spacing-right-small:1.92%;--awb-spacing-left-small:1.92%;\"><div class=\"fusion-column-wrapper fusion-column-has-shadow fusion-flex-justify-content-flex-start fusion-content-layout-column\"><div class=\"fusion-title title fusion-title-1 fusion-sep-none fusion-title-text fusion-title-size-one\" style=\"--awb-margin-top-small:0px;--awb-margin-right-small:0px;--awb-margin-bottom-small:20px;--awb-margin-left-small:0px;\"><h1 class=\"fusion-title-heading title-heading-left\" style=\"margin:0;\">Laboratoire &#038; tableautier<\/h1><\/div><div class=\"fusion-text fusion-text-1\"><h3>Principe de s\u00e9curit\u00e9 des \u00e9quipements et tests<\/h3>\n<p>Lors de la r\u00e9alisation de c\u00e2blage d\u2019armoires \u00e9lectriques et l\u2019assemblage, les professionnels du monde de l\u2019\u00e9lectricit\u00e9 (tableautier, installateurs, distributeurs et constructeurs de mat\u00e9riels \u00e9lectriques,\u00a0 constructeurs de machines sp\u00e9ciales, int\u00e9grateurs et installateurs pour les \u00e9nergies renouvelables\u2026) ont r\u00e9guli\u00e8rement besoin de s\u2019assurer du besoin dimensionnement de leur sch\u00e9ma \u00e9lectrique. Un banc de charge est un moyen de tester les \u00e9quipements avant leur raccordement\u00a0 ou lors des phases de maintenance ou de r\u00e9novation.<\/p>\n<h3>Les types d\u2019application du banc de charge tableautier<\/h3>\n<ul>\n<li>Test du r\u00e9seau principal avant raccordement<\/li>\n<li>Banc de charge pour tester le groupe \u00e9lectrog\u00e8ne de secours<\/li>\n<li>Divers test d\u2019\u00e9quipements \u00e9lectriques<\/li>\n<\/ul>\n<\/div><div ><a class=\"fusion-button button-flat fusion-button-default-size button-default fusion-button-default button-1 fusion-button-default-span fusion-button-default-type\" target=\"_self\" href=\"https:\/\/rentaload.com\/fr\/contact\/\"><span class=\"fusion-button-text awb-button__text awb-button__text--default\">CONTACTEZ NOUS<\/span><\/a><\/div><\/div><\/div><div class=\"fusion-layout-column fusion_builder_column fusion-builder-column-1 fusion_builder_column_1_2 1_2 fusion-flex-column col-img\" style=\"--awb-bg-size:cover;--awb-width-large:50%;--awb-margin-top-large:0px;--awb-spacing-right-large:3.84%;--awb-margin-bottom-large:20px;--awb-spacing-left-large:3.84%;--awb-width-medium:100%;--awb-order-medium:0;--awb-spacing-right-medium:1.92%;--awb-spacing-left-medium:1.92%;--awb-width-small:100%;--awb-order-small:0;--awb-spacing-right-small:1.92%;--awb-spacing-left-small:1.92%;\"><div class=\"fusion-column-wrapper fusion-column-has-shadow fusion-flex-justify-content-flex-start fusion-content-layout-column\"><div class=\"fusion-image-element \" style=\"text-align:center;--awb-caption-title-font-family:var(--h2_typography-font-family);--awb-caption-title-font-weight:var(--h2_typography-font-weight);--awb-caption-title-font-style:var(--h2_typography-font-style);--awb-caption-title-size:var(--h2_typography-font-size);--awb-caption-title-transform:var(--h2_typography-text-transform);--awb-caption-title-line-height:var(--h2_typography-line-height);--awb-caption-title-letter-spacing:var(--h2_typography-letter-spacing);\"><span class=\" fusion-imageframe imageframe-none imageframe-1 hover-type-none\"><img decoding=\"async\" width=\"600\" height=\"495\" alt=\"Laboeatoire_test_electrique_banc_de_charge_louer_r\u00e9sistif_inductif\" title=\"Laboeatoire_test_electrique_banc_de_charge_louer_r\u00e9sistif_inductif\" src=\"https:\/\/rentaload.com\/wp-content\/uploads\/2018\/03\/Laboeatoire_test_electrique_banc_de_charge_louer_r\u00e9sistif_inductif-600x495.png\" class=\"img-responsive wp-image-628\" srcset=\"https:\/\/rentaload.com\/wp-content\/uploads\/2018\/03\/Laboeatoire_test_electrique_banc_de_charge_louer_r\u00e9sistif_inductif-200x165.png 200w, https:\/\/rentaload.com\/wp-content\/uploads\/2018\/03\/Laboeatoire_test_electrique_banc_de_charge_louer_r\u00e9sistif_inductif-400x330.png 400w, https:\/\/rentaload.com\/wp-content\/uploads\/2018\/03\/Laboeatoire_test_electrique_banc_de_charge_louer_r\u00e9sistif_inductif-600x495.png 600w, https:\/\/rentaload.com\/wp-content\/uploads\/2018\/03\/Laboeatoire_test_electrique_banc_de_charge_louer_r\u00e9sistif_inductif.png 604w\" sizes=\"(max-width: 1024px) 100vw, (max-width: 640px) 100vw, 600px\" \/><\/span><\/div><\/div><\/div><\/div><\/div>\n","protected":false},"excerpt":{"rendered":"","protected":false},"author":3,"featured_media":0,"parent":319,"menu_order":0,"comment_status":"closed","ping_status":"closed","template":"","meta":{"footnotes":""},"class_list":["post-578","page","type-page","status-publish","hentry"],"yoast_head":"<!-- This site is optimized with the Yoast SEO plugin v27.4 - https:\/\/yoast.com\/product\/yoast-seo-wordpress\/ -->\n<title>Rentaload : Applications du banc de charge : Test TGBTt<\/title>\n<meta name=\"description\" content=\"Un banc de charge est un moyen de tester les \u00e9quipements avant leur raccordement\u00a0 ou lors des phases de maintenance ou de r\u00e9novation.\" \/>\n<meta name=\"robots\" content=\"index, follow, max-snippet:-1, max-image-preview:large, max-video-preview:-1\" \/>\n<link rel=\"canonical\" href=\"https:\/\/rentaload.com\/fr\/applications-banc-de-test\/tableautier\/\" \/>\n<meta property=\"og:locale\" content=\"fr_FR\" \/>\n<meta property=\"og:type\" content=\"article\" \/>\n<meta property=\"og:title\" content=\"Rentaload : Applications du banc de charge : Test TGBTt\" \/>\n<meta property=\"og:description\" content=\"Un banc de charge est un moyen de tester les \u00e9quipements avant leur raccordement\u00a0 ou lors des phases de maintenance ou de r\u00e9novation.\" \/>\n<meta property=\"og:url\" content=\"https:\/\/rentaload.com\/fr\/applications-banc-de-test\/tableautier\/\" \/>\n<meta property=\"og:site_name\" content=\"Rentaload\" \/>\n<meta property=\"article:modified_time\" content=\"2022-03-21T00:40:09+00:00\" \/>\n<meta name=\"twitter:card\" content=\"summary_large_image\" \/>\n<meta name=\"twitter:label1\" content=\"Dur\u00e9e de lecture estim\u00e9e\" \/>\n\t<meta name=\"twitter:data1\" content=\"8 minutes\" \/>\n<script type=\"application\/ld+json\" class=\"yoast-schema-graph\">{\"@context\":\"https:\\\/\\\/schema.org\",\"@graph\":[{\"@type\":\"WebPage\",\"@id\":\"https:\\\/\\\/rentaload.com\\\/fr\\\/applications-banc-de-test\\\/tableautier\\\/\",\"url\":\"https:\\\/\\\/rentaload.com\\\/fr\\\/applications-banc-de-test\\\/tableautier\\\/\",\"name\":\"Rentaload : Applications du banc de charge : Test TGBTt\",\"isPartOf\":{\"@id\":\"https:\\\/\\\/rentaload.com\\\/fr\\\/#website\"},\"datePublished\":\"2018-03-05T14:31:36+00:00\",\"dateModified\":\"2022-03-21T00:40:09+00:00\",\"description\":\"Un banc de charge est un moyen de tester les \u00e9quipements avant leur raccordement\u00a0 ou lors des phases de maintenance ou de r\u00e9novation.\",\"breadcrumb\":{\"@id\":\"https:\\\/\\\/rentaload.com\\\/fr\\\/applications-banc-de-test\\\/tableautier\\\/#breadcrumb\"},\"inLanguage\":\"fr-FR\",\"potentialAction\":[{\"@type\":\"ReadAction\",\"target\":[\"https:\\\/\\\/rentaload.com\\\/fr\\\/applications-banc-de-test\\\/tableautier\\\/\"]}]},{\"@type\":\"BreadcrumbList\",\"@id\":\"https:\\\/\\\/rentaload.com\\\/fr\\\/applications-banc-de-test\\\/tableautier\\\/#breadcrumb\",\"itemListElement\":[{\"@type\":\"ListItem\",\"position\":1,\"name\":\"Secteurs\",\"item\":\"https:\\\/\\\/rentaload.com\\\/fr\\\/applications-banc-de-test\\\/\"},{\"@type\":\"ListItem\",\"position\":2,\"name\":\"Tableautier et Laboratoires\"}]},{\"@type\":\"WebSite\",\"@id\":\"https:\\\/\\\/rentaload.com\\\/fr\\\/#website\",\"url\":\"https:\\\/\\\/rentaload.com\\\/fr\\\/\",\"name\":\"Rentaload\",\"description\":\"Load bank hire - location banc de charge - Lastbank vermietung\",\"publisher\":{\"@id\":\"https:\\\/\\\/rentaload.com\\\/fr\\\/#organization\"},\"potentialAction\":[{\"@type\":\"SearchAction\",\"target\":{\"@type\":\"EntryPoint\",\"urlTemplate\":\"https:\\\/\\\/rentaload.com\\\/fr\\\/?s={search_term_string}\"},\"query-input\":{\"@type\":\"PropertyValueSpecification\",\"valueRequired\":true,\"valueName\":\"search_term_string\"}}],\"inLanguage\":\"fr-FR\"},{\"@type\":\"Organization\",\"@id\":\"https:\\\/\\\/rentaload.com\\\/fr\\\/#organization\",\"name\":\"Rentaload\",\"url\":\"https:\\\/\\\/rentaload.com\\\/fr\\\/\",\"logo\":{\"@type\":\"ImageObject\",\"inLanguage\":\"fr-FR\",\"@id\":\"https:\\\/\\\/rentaload.com\\\/fr\\\/#\\\/schema\\\/logo\\\/image\\\/\",\"url\":\"https:\\\/\\\/rentaload.com\\\/wp-content\\\/uploads\\\/2018\\\/03\\\/rentaload-logo-location-banc-de-charge-test-louer-1.png\",\"contentUrl\":\"https:\\\/\\\/rentaload.com\\\/wp-content\\\/uploads\\\/2018\\\/03\\\/rentaload-logo-location-banc-de-charge-test-louer-1.png\",\"width\":470,\"height\":100,\"caption\":\"Rentaload\"},\"image\":{\"@id\":\"https:\\\/\\\/rentaload.com\\\/fr\\\/#\\\/schema\\\/logo\\\/image\\\/\"}}]}<\/script>\n<!-- \/ Yoast SEO plugin. -->","yoast_head_json":{"title":"Rentaload : Applications du banc de charge : Test TGBTt","description":"Un banc de charge est un moyen de tester les \u00e9quipements avant leur raccordement\u00a0 ou lors des phases de maintenance ou de r\u00e9novation.","robots":{"index":"index","follow":"follow","max-snippet":"max-snippet:-1","max-image-preview":"max-image-preview:large","max-video-preview":"max-video-preview:-1"},"canonical":"https:\/\/rentaload.com\/fr\/applications-banc-de-test\/tableautier\/","og_locale":"fr_FR","og_type":"article","og_title":"Rentaload : Applications du banc de charge : Test TGBTt","og_description":"Un banc de charge est un moyen de tester les \u00e9quipements avant leur raccordement\u00a0 ou lors des phases de maintenance ou de r\u00e9novation.","og_url":"https:\/\/rentaload.com\/fr\/applications-banc-de-test\/tableautier\/","og_site_name":"Rentaload","article_modified_time":"2022-03-21T00:40:09+00:00","twitter_card":"summary_large_image","twitter_misc":{"Dur\u00e9e de lecture estim\u00e9e":"8 minutes"},"schema":{"@context":"https:\/\/schema.org","@graph":[{"@type":"WebPage","@id":"https:\/\/rentaload.com\/fr\/applications-banc-de-test\/tableautier\/","url":"https:\/\/rentaload.com\/fr\/applications-banc-de-test\/tableautier\/","name":"Rentaload : Applications du banc de charge : Test TGBTt","isPartOf":{"@id":"https:\/\/rentaload.com\/fr\/#website"},"datePublished":"2018-03-05T14:31:36+00:00","dateModified":"2022-03-21T00:40:09+00:00","description":"Un banc de charge est un moyen de tester les \u00e9quipements avant leur raccordement\u00a0 ou lors des phases de maintenance ou de r\u00e9novation.","breadcrumb":{"@id":"https:\/\/rentaload.com\/fr\/applications-banc-de-test\/tableautier\/#breadcrumb"},"inLanguage":"fr-FR","potentialAction":[{"@type":"ReadAction","target":["https:\/\/rentaload.com\/fr\/applications-banc-de-test\/tableautier\/"]}]},{"@type":"BreadcrumbList","@id":"https:\/\/rentaload.com\/fr\/applications-banc-de-test\/tableautier\/#breadcrumb","itemListElement":[{"@type":"ListItem","position":1,"name":"Secteurs","item":"https:\/\/rentaload.com\/fr\/applications-banc-de-test\/"},{"@type":"ListItem","position":2,"name":"Tableautier et Laboratoires"}]},{"@type":"WebSite","@id":"https:\/\/rentaload.com\/fr\/#website","url":"https:\/\/rentaload.com\/fr\/","name":"Rentaload","description":"Load bank hire - location banc de charge - Lastbank vermietung","publisher":{"@id":"https:\/\/rentaload.com\/fr\/#organization"},"potentialAction":[{"@type":"SearchAction","target":{"@type":"EntryPoint","urlTemplate":"https:\/\/rentaload.com\/fr\/?s={search_term_string}"},"query-input":{"@type":"PropertyValueSpecification","valueRequired":true,"valueName":"search_term_string"}}],"inLanguage":"fr-FR"},{"@type":"Organization","@id":"https:\/\/rentaload.com\/fr\/#organization","name":"Rentaload","url":"https:\/\/rentaload.com\/fr\/","logo":{"@type":"ImageObject","inLanguage":"fr-FR","@id":"https:\/\/rentaload.com\/fr\/#\/schema\/logo\/image\/","url":"https:\/\/rentaload.com\/wp-content\/uploads\/2018\/03\/rentaload-logo-location-banc-de-charge-test-louer-1.png","contentUrl":"https:\/\/rentaload.com\/wp-content\/uploads\/2018\/03\/rentaload-logo-location-banc-de-charge-test-louer-1.png","width":470,"height":100,"caption":"Rentaload"},"image":{"@id":"https:\/\/rentaload.com\/fr\/#\/schema\/logo\/image\/"}}]}},"_links":{"self":[{"href":"https:\/\/rentaload.com\/fr\/wp-json\/wp\/v2\/pages\/578","targetHints":{"allow":["GET"]}}],"collection":[{"href":"https:\/\/rentaload.com\/fr\/wp-json\/wp\/v2\/pages"}],"about":[{"href":"https:\/\/rentaload.com\/fr\/wp-json\/wp\/v2\/types\/page"}],"author":[{"embeddable":true,"href":"https:\/\/rentaload.com\/fr\/wp-json\/wp\/v2\/users\/3"}],"replies":[{"embeddable":true,"href":"https:\/\/rentaload.com\/fr\/wp-json\/wp\/v2\/comments?post=578"}],"version-history":[{"count":5,"href":"https:\/\/rentaload.com\/fr\/wp-json\/wp\/v2\/pages\/578\/revisions"}],"predecessor-version":[{"id":14195,"href":"https:\/\/rentaload.com\/fr\/wp-json\/wp\/v2\/pages\/578\/revisions\/14195"}],"up":[{"embeddable":true,"href":"https:\/\/rentaload.com\/fr\/wp-json\/wp\/v2\/pages\/319"}],"wp:attachment":[{"href":"https:\/\/rentaload.com\/fr\/wp-json\/wp\/v2\/media?parent=578"}],"curies":[{"name":"wp","href":"https:\/\/api.w.org\/{rel}","templated":true}]}}