{"id":759,"date":"2018-03-06T14:30:24","date_gmt":"2018-03-06T13:30:24","guid":{"rendered":"https:\/\/rentaload.com\/?page_id=759"},"modified":"2022-07-26T04:04:09","modified_gmt":"2022-07-26T02:04:09","slug":"test-essai-tableau-reseau-electrique","status":"publish","type":"page","link":"https:\/\/rentaload.com\/fr\/utilisation-banc-de-charge\/test-essai-tableau-reseau-electrique\/","title":{"rendered":"Test tableau r\u00e9seau \u00e9lectrique"},"content":{"rendered":"<p><div class=\"fusion-fullwidth fullwidth-box fusion-builder-row-1 fusion-flex-container nonhundred-percent-fullwidth non-hundred-percent-height-scrolling\" style=\"--awb-border-radius-top-left:0px;--awb-border-radius-top-right:0px;--awb-border-radius-bottom-right:0px;--awb-border-radius-bottom-left:0px;--awb-flex-wrap:wrap;\" ><div class=\"fusion-builder-row fusion-row fusion-flex-align-items-flex-start fusion-flex-content-wrap\" style=\"max-width:1144px;margin-left: calc(-4% \/ 2 );margin-right: calc(-4% \/ 2 );\"><div class=\"fusion-layout-column fusion_builder_column fusion-builder-column-0 fusion_builder_column_1_2 1_2 fusion-flex-column\" style=\"--awb-bg-size:cover;--awb-width-large:50%;--awb-margin-top-large:0px;--awb-spacing-right-large:3.84%;--awb-margin-bottom-large:20px;--awb-spacing-left-large:3.84%;--awb-width-medium:100%;--awb-spacing-right-medium:1.92%;--awb-spacing-left-medium:1.92%;--awb-width-small:100%;--awb-spacing-right-small:1.92%;--awb-spacing-left-small:1.92%;\"><div class=\"fusion-column-wrapper fusion-flex-justify-content-flex-start fusion-content-layout-column\"><div class=\"fusion-text fusion-text-1\"><h2><span style=\"color: #ff6600;\">Banc de charge pour test de TGBT et TGHT<\/span><\/h2>\n<p>Rentaload propose \u00e0 la location des bancs de charge de 0.5kW en 230V \u00e0 plusieurs MW en 400V et des transformateurs de puissance pour des tests de TGBT (Tableau G\u00e9n\u00e9ral Basse Tension), et TGHT (Tableau G\u00e9n\u00e9ral Haute Tension) . Ces bancs de charge permettent de valider le bon fonctionnement d&rsquo;une armoire \u00e9lectrique, de sa commande et de son syst\u00e8me de s\u00e9curit\u00e9.<\/p>\n<p>Ces test peuvent avoir lieu dans des laboratoires, dans des usines de production de tableau \u00e9lectrique, pour des tests de qualification &amp; de certification, voire pour de la maintenance pr\u00e9ventive.<\/p>\n<\/div><div ><a class=\"fusion-button button-flat fusion-button-default-size button-default fusion-button-default button-1 fusion-button-default-span fusion-button-default-type\" target=\"_self\" href=\"https:\/\/rentaload.com\/fr\/produits-banc-de-charge\/resistif\/\"><span class=\"fusion-button-text awb-button__text awb-button__text--default\">D\u00e9couvrir<\/span><\/a><\/div><\/div><\/div><div class=\"fusion-layout-column fusion_builder_column fusion-builder-column-1 fusion_builder_column_1_2 1_2 fusion-flex-column\" style=\"--awb-bg-size:cover;--awb-width-large:50%;--awb-margin-top-large:0px;--awb-spacing-right-large:3.84%;--awb-margin-bottom-large:20px;--awb-spacing-left-large:3.84%;--awb-width-medium:100%;--awb-spacing-right-medium:1.92%;--awb-spacing-left-medium:1.92%;--awb-width-small:100%;--awb-spacing-right-small:1.92%;--awb-spacing-left-small:1.92%;\"><div class=\"fusion-column-wrapper fusion-flex-justify-content-flex-start fusion-content-layout-column\"><div class=\"fusion-image-element \" style=\"--awb-caption-title-font-family:var(--h2_typography-font-family);--awb-caption-title-font-weight:var(--h2_typography-font-weight);--awb-caption-title-font-style:var(--h2_typography-font-style);--awb-caption-title-size:var(--h2_typography-font-size);--awb-caption-title-transform:var(--h2_typography-text-transform);--awb-caption-title-line-height:var(--h2_typography-line-height);--awb-caption-title-letter-spacing:var(--h2_typography-letter-spacing);\"><span class=\" fusion-imageframe imageframe-none imageframe-1 hover-type-none\"><img decoding=\"async\" width=\"601\" height=\"495\" alt=\"connection_box_test_loadbank_electrical_load_hire-rental\" title=\"connection_box_test_loadbank_electrical_load_hire-rental\" src=\"https:\/\/rentaload.com\/wp-content\/uploads\/2018\/03\/connection_box_test_loadbank_electrical_load_hire-rental.png\" class=\"img-responsive wp-image-1622\" srcset=\"https:\/\/rentaload.com\/wp-content\/uploads\/2018\/03\/connection_box_test_loadbank_electrical_load_hire-rental-200x165.png 200w, https:\/\/rentaload.com\/wp-content\/uploads\/2018\/03\/connection_box_test_loadbank_electrical_load_hire-rental-400x329.png 400w, https:\/\/rentaload.com\/wp-content\/uploads\/2018\/03\/connection_box_test_loadbank_electrical_load_hire-rental-600x494.png 600w, https:\/\/rentaload.com\/wp-content\/uploads\/2018\/03\/connection_box_test_loadbank_electrical_load_hire-rental.png 601w\" sizes=\"(max-width: 1024px) 100vw, (max-width: 640px) 100vw, 600px\" \/><\/span><\/div><\/div><\/div><\/div><\/div><div class=\"fusion-fullwidth fullwidth-box fusion-builder-row-2 fusion-flex-container nonhundred-percent-fullwidth non-hundred-percent-height-scrolling\" style=\"--awb-border-radius-top-left:0px;--awb-border-radius-top-right:0px;--awb-border-radius-bottom-right:0px;--awb-border-radius-bottom-left:0px;--awb-flex-wrap:wrap;\" ><div class=\"fusion-builder-row fusion-row fusion-flex-align-items-flex-start fusion-flex-content-wrap\" style=\"max-width:1144px;margin-left: calc(-4% \/ 2 );margin-right: calc(-4% \/ 2 );\"><div class=\"fusion-layout-column fusion_builder_column fusion-builder-column-2 fusion_builder_column_1_2 1_2 fusion-flex-column\" style=\"--awb-bg-size:cover;--awb-width-large:50%;--awb-margin-top-large:0px;--awb-spacing-right-large:3.84%;--awb-margin-bottom-large:20px;--awb-spacing-left-large:3.84%;--awb-width-medium:100%;--awb-spacing-right-medium:1.92%;--awb-spacing-left-medium:1.92%;--awb-width-small:100%;--awb-spacing-right-small:1.92%;--awb-spacing-left-small:1.92%;\"><div class=\"fusion-column-wrapper fusion-flex-justify-content-flex-start fusion-content-layout-column\"><div class=\"fusion-image-element \" style=\"--awb-caption-title-font-family:var(--h2_typography-font-family);--awb-caption-title-font-weight:var(--h2_typography-font-weight);--awb-caption-title-font-style:var(--h2_typography-font-style);--awb-caption-title-size:var(--h2_typography-font-size);--awb-caption-title-transform:var(--h2_typography-text-transform);--awb-caption-title-line-height:var(--h2_typography-line-height);--awb-caption-title-letter-spacing:var(--h2_typography-letter-spacing);\"><span class=\" fusion-imageframe imageframe-none imageframe-2 hover-type-none\"><img decoding=\"async\" width=\"597\" height=\"375\" alt=\"banc de charge rackable connect\u00e9 delat t 10 recette data center\" title=\"banc de charge rackable connect\u00e9 delat t 10 recette data center\" src=\"https:\/\/rentaload.com\/wp-content\/uploads\/2018\/03\/banc-de-charge-rackable-connect\u00e9-delat-t-10-recette-data-center-1.jpg\" class=\"img-responsive wp-image-548\" srcset=\"https:\/\/rentaload.com\/wp-content\/uploads\/2018\/03\/banc-de-charge-rackable-connect\u00e9-delat-t-10-recette-data-center-1-200x126.jpg 200w, https:\/\/rentaload.com\/wp-content\/uploads\/2018\/03\/banc-de-charge-rackable-connect\u00e9-delat-t-10-recette-data-center-1-400x251.jpg 400w, https:\/\/rentaload.com\/wp-content\/uploads\/2018\/03\/banc-de-charge-rackable-connect\u00e9-delat-t-10-recette-data-center-1.jpg 597w\" sizes=\"(max-width: 1024px) 100vw, (max-width: 640px) 100vw, 597px\" \/><\/span><\/div><div class=\"fusion-separator fusion-full-width-sep\" style=\"align-self: center;margin-left: auto;margin-right: auto;width:100%;\"><\/div><div class=\"fusion-text fusion-text-2\"><p style=\"text-align: center;\"><span style=\"color: #3366ff;\"><strong>Le banc de charge connect\u00e9 qui rend vos tests intelligents<\/strong><\/span><\/p>\n<\/div><div class=\"fusion-separator fusion-full-width-sep\" style=\"align-self: center;margin-left: auto;margin-right: auto;width:100%;\"><\/div><div class=\"fusion-text fusion-text-3\"><p style=\"text-align: center;\">Le banc de charge rackable connect\u00e9 d&rsquo;une puissance de 7kW poss\u00e8de une double alimentation \u00e9lectrique et poss\u00e8de un delta T\u00b0 \u00e9quivalent aux serveurs informatiques.<\/p>\n<\/div><div style=\"text-align:center;\"><a class=\"fusion-button button-flat fusion-button-default-size button-default fusion-button-default button-2 fusion-button-default-span fusion-button-default-type\" target=\"_self\" href=\"https:\/\/rentaload.com\/fr\/produits-banc-de-charge\/banc-rackable-connecte-7kw\/\"><i class=\"fa-file-text-o fas awb-button__icon awb-button__icon--default button-icon-left\" aria-hidden=\"true\"><\/i><span class=\"fusion-button-text awb-button__text awb-button__text--default\">Banc de charge rackable<\/span><\/a><\/div><\/div><\/div><div class=\"fusion-layout-column fusion_builder_column fusion-builder-column-3 fusion_builder_column_1_2 1_2 fusion-flex-column\" style=\"--awb-bg-size:cover;--awb-width-large:50%;--awb-margin-top-large:0px;--awb-spacing-right-large:3.84%;--awb-margin-bottom-large:20px;--awb-spacing-left-large:3.84%;--awb-width-medium:100%;--awb-spacing-right-medium:1.92%;--awb-spacing-left-medium:1.92%;--awb-width-small:100%;--awb-spacing-right-small:1.92%;--awb-spacing-left-small:1.92%;\"><div class=\"fusion-column-wrapper fusion-flex-justify-content-flex-start fusion-content-layout-column\"><div class=\"fusion-image-element \" style=\"--awb-caption-title-font-family:var(--h2_typography-font-family);--awb-caption-title-font-weight:var(--h2_typography-font-weight);--awb-caption-title-font-style:var(--h2_typography-font-style);--awb-caption-title-size:var(--h2_typography-font-size);--awb-caption-title-transform:var(--h2_typography-text-transform);--awb-caption-title-line-height:var(--h2_typography-line-height);--awb-caption-title-letter-spacing:var(--h2_typography-letter-spacing);\"><span class=\" fusion-imageframe imageframe-none imageframe-3 hover-type-none\"><img decoding=\"async\" width=\"1200\" height=\"753\" alt=\"recette data center banc de charge connect\u00e9 location\" title=\"recette data center banc de charge connect\u00e9 location\" src=\"https:\/\/rentaload.com\/wp-content\/uploads\/2018\/03\/recette-data-center-banc-de-charge-connect\u00e9-location.png\" class=\"img-responsive wp-image-533\" srcset=\"https:\/\/rentaload.com\/wp-content\/uploads\/2018\/03\/recette-data-center-banc-de-charge-connect\u00e9-location-200x126.png 200w, https:\/\/rentaload.com\/wp-content\/uploads\/2018\/03\/recette-data-center-banc-de-charge-connect\u00e9-location-400x251.png 400w, https:\/\/rentaload.com\/wp-content\/uploads\/2018\/03\/recette-data-center-banc-de-charge-connect\u00e9-location-600x377.png 600w, https:\/\/rentaload.com\/wp-content\/uploads\/2018\/03\/recette-data-center-banc-de-charge-connect\u00e9-location-800x502.png 800w, https:\/\/rentaload.com\/wp-content\/uploads\/2018\/03\/recette-data-center-banc-de-charge-connect\u00e9-location.png 1200w\" sizes=\"(max-width: 1024px) 100vw, (max-width: 640px) 100vw, 600px\" \/><\/span><\/div><div class=\"fusion-separator fusion-full-width-sep\" style=\"align-self: center;margin-left: auto;margin-right: auto;width:100%;\"><\/div><div class=\"fusion-text fusion-text-4\"><p style=\"text-align: center;\"><strong><span style=\"color: #3366ff;\">Rentalab, le logiciel de supervision des tests de Data Center<\/span><\/strong><\/p>\n<\/div><div class=\"fusion-separator fusion-full-width-sep\" style=\"align-self: center;margin-left: auto;margin-right: auto;width:100%;\"><\/div><div class=\"fusion-text fusion-text-5\"><p style=\"text-align: center;\">L&rsquo;outil Rentalab permet de piloter jusqu&rsquo;\u00e0 200 bancs de charge en m\u00eame temps, de r\u00e9cup\u00e9rer des informations \u00e9lectriques &amp; thermiques de votre salle et de g\u00e9n\u00e9rer des rapports de tests.<\/p>\n<\/div><div style=\"text-align:center;\"><a class=\"fusion-button button-flat fusion-button-default-size button-default fusion-button-default button-3 fusion-button-default-span fusion-button-default-type\" target=\"_self\" href=\"https:\/\/rentaload.com\/fr\/service\/\"><i class=\"fa-desktop fas awb-button__icon awb-button__icon--default button-icon-left\" aria-hidden=\"true\"><\/i><span class=\"fusion-button-text awb-button__text awb-button__text--default\">Notre outil de supervision<\/span><\/a><\/div><\/div><\/div><\/div><\/div><\/p>\n","protected":false},"excerpt":{"rendered":"","protected":false},"author":3,"featured_media":0,"parent":294,"menu_order":0,"comment_status":"closed","ping_status":"closed","template":"100-width.php","meta":{"footnotes":""},"class_list":["post-759","page","type-page","status-publish","hentry"],"yoast_head":"<!-- This site is optimized with the Yoast SEO plugin v27.4 - https:\/\/yoast.com\/product\/yoast-seo-wordpress\/ -->\n<title>Rentaload : Applications du banc de charge : tests TGBT et TGHT<\/title>\n<meta name=\"description\" content=\"Louez des bancs de charge permettant de valider le bon fonctionnement d&#039;une armoire \u00e9lectrique (TGBT et TGHT), de sa commande et de son syst\u00e8me de s\u00e9curit\u00e9.\" \/>\n<meta name=\"robots\" content=\"index, follow, max-snippet:-1, max-image-preview:large, max-video-preview:-1\" \/>\n<link rel=\"canonical\" href=\"https:\/\/rentaload.com\/fr\/utilisation-banc-de-charge\/test-essai-tableau-reseau-electrique\/\" \/>\n<meta property=\"og:locale\" content=\"fr_FR\" \/>\n<meta property=\"og:type\" content=\"article\" \/>\n<meta property=\"og:title\" content=\"Rentaload : Applications du banc de charge : tests TGBT et TGHT\" \/>\n<meta property=\"og:description\" content=\"Louez des bancs de charge permettant de valider le bon fonctionnement d&#039;une armoire \u00e9lectrique (TGBT et TGHT), de sa commande et de son syst\u00e8me de s\u00e9curit\u00e9.\" \/>\n<meta property=\"og:url\" content=\"https:\/\/rentaload.com\/fr\/utilisation-banc-de-charge\/test-essai-tableau-reseau-electrique\/\" \/>\n<meta property=\"og:site_name\" content=\"Rentaload\" \/>\n<meta property=\"article:modified_time\" content=\"2022-07-26T02:04:09+00:00\" \/>\n<meta name=\"twitter:card\" content=\"summary_large_image\" \/>\n<meta name=\"twitter:label1\" content=\"Dur\u00e9e de lecture estim\u00e9e\" \/>\n\t<meta name=\"twitter:data1\" content=\"4 minutes\" \/>\n<script type=\"application\/ld+json\" class=\"yoast-schema-graph\">{\"@context\":\"https:\\\/\\\/schema.org\",\"@graph\":[{\"@type\":\"WebPage\",\"@id\":\"https:\\\/\\\/rentaload.com\\\/fr\\\/utilisation-banc-de-charge\\\/test-essai-tableau-reseau-electrique\\\/\",\"url\":\"https:\\\/\\\/rentaload.com\\\/fr\\\/utilisation-banc-de-charge\\\/test-essai-tableau-reseau-electrique\\\/\",\"name\":\"Rentaload : Applications du banc de charge : tests TGBT et TGHT\",\"isPartOf\":{\"@id\":\"https:\\\/\\\/rentaload.com\\\/fr\\\/#website\"},\"datePublished\":\"2018-03-06T13:30:24+00:00\",\"dateModified\":\"2022-07-26T02:04:09+00:00\",\"description\":\"Louez des bancs de charge permettant de valider le bon fonctionnement d'une armoire \u00e9lectrique (TGBT et TGHT), de sa commande et de son syst\u00e8me de s\u00e9curit\u00e9.\",\"breadcrumb\":{\"@id\":\"https:\\\/\\\/rentaload.com\\\/fr\\\/utilisation-banc-de-charge\\\/test-essai-tableau-reseau-electrique\\\/#breadcrumb\"},\"inLanguage\":\"fr-FR\",\"potentialAction\":[{\"@type\":\"ReadAction\",\"target\":[\"https:\\\/\\\/rentaload.com\\\/fr\\\/utilisation-banc-de-charge\\\/test-essai-tableau-reseau-electrique\\\/\"]}]},{\"@type\":\"BreadcrumbList\",\"@id\":\"https:\\\/\\\/rentaload.com\\\/fr\\\/utilisation-banc-de-charge\\\/test-essai-tableau-reseau-electrique\\\/#breadcrumb\",\"itemListElement\":[{\"@type\":\"ListItem\",\"position\":1,\"name\":\"Solutions\",\"item\":\"https:\\\/\\\/rentaload.com\\\/fr\\\/utilisation-banc-de-charge\\\/\"},{\"@type\":\"ListItem\",\"position\":2,\"name\":\"Test tableau r\u00e9seau \u00e9lectrique\"}]},{\"@type\":\"WebSite\",\"@id\":\"https:\\\/\\\/rentaload.com\\\/fr\\\/#website\",\"url\":\"https:\\\/\\\/rentaload.com\\\/fr\\\/\",\"name\":\"Rentaload\",\"description\":\"Load bank hire - location banc de charge - Lastbank vermietung\",\"publisher\":{\"@id\":\"https:\\\/\\\/rentaload.com\\\/fr\\\/#organization\"},\"potentialAction\":[{\"@type\":\"SearchAction\",\"target\":{\"@type\":\"EntryPoint\",\"urlTemplate\":\"https:\\\/\\\/rentaload.com\\\/fr\\\/?s={search_term_string}\"},\"query-input\":{\"@type\":\"PropertyValueSpecification\",\"valueRequired\":true,\"valueName\":\"search_term_string\"}}],\"inLanguage\":\"fr-FR\"},{\"@type\":\"Organization\",\"@id\":\"https:\\\/\\\/rentaload.com\\\/fr\\\/#organization\",\"name\":\"Rentaload\",\"url\":\"https:\\\/\\\/rentaload.com\\\/fr\\\/\",\"logo\":{\"@type\":\"ImageObject\",\"inLanguage\":\"fr-FR\",\"@id\":\"https:\\\/\\\/rentaload.com\\\/fr\\\/#\\\/schema\\\/logo\\\/image\\\/\",\"url\":\"https:\\\/\\\/rentaload.com\\\/wp-content\\\/uploads\\\/2018\\\/03\\\/rentaload-logo-location-banc-de-charge-test-louer-1.png\",\"contentUrl\":\"https:\\\/\\\/rentaload.com\\\/wp-content\\\/uploads\\\/2018\\\/03\\\/rentaload-logo-location-banc-de-charge-test-louer-1.png\",\"width\":470,\"height\":100,\"caption\":\"Rentaload\"},\"image\":{\"@id\":\"https:\\\/\\\/rentaload.com\\\/fr\\\/#\\\/schema\\\/logo\\\/image\\\/\"}}]}<\/script>\n<!-- \/ Yoast SEO plugin. -->","yoast_head_json":{"title":"Rentaload : Applications du banc de charge : tests TGBT et TGHT","description":"Louez des bancs de charge permettant de valider le bon fonctionnement d'une armoire \u00e9lectrique (TGBT et TGHT), de sa commande et de son syst\u00e8me de s\u00e9curit\u00e9.","robots":{"index":"index","follow":"follow","max-snippet":"max-snippet:-1","max-image-preview":"max-image-preview:large","max-video-preview":"max-video-preview:-1"},"canonical":"https:\/\/rentaload.com\/fr\/utilisation-banc-de-charge\/test-essai-tableau-reseau-electrique\/","og_locale":"fr_FR","og_type":"article","og_title":"Rentaload : Applications du banc de charge : tests TGBT et TGHT","og_description":"Louez des bancs de charge permettant de valider le bon fonctionnement d'une armoire \u00e9lectrique (TGBT et TGHT), de sa commande et de son syst\u00e8me de s\u00e9curit\u00e9.","og_url":"https:\/\/rentaload.com\/fr\/utilisation-banc-de-charge\/test-essai-tableau-reseau-electrique\/","og_site_name":"Rentaload","article_modified_time":"2022-07-26T02:04:09+00:00","twitter_card":"summary_large_image","twitter_misc":{"Dur\u00e9e de lecture estim\u00e9e":"4 minutes"},"schema":{"@context":"https:\/\/schema.org","@graph":[{"@type":"WebPage","@id":"https:\/\/rentaload.com\/fr\/utilisation-banc-de-charge\/test-essai-tableau-reseau-electrique\/","url":"https:\/\/rentaload.com\/fr\/utilisation-banc-de-charge\/test-essai-tableau-reseau-electrique\/","name":"Rentaload : Applications du banc de charge : tests TGBT et TGHT","isPartOf":{"@id":"https:\/\/rentaload.com\/fr\/#website"},"datePublished":"2018-03-06T13:30:24+00:00","dateModified":"2022-07-26T02:04:09+00:00","description":"Louez des bancs de charge permettant de valider le bon fonctionnement d'une armoire \u00e9lectrique (TGBT et TGHT), de sa commande et de son syst\u00e8me de s\u00e9curit\u00e9.","breadcrumb":{"@id":"https:\/\/rentaload.com\/fr\/utilisation-banc-de-charge\/test-essai-tableau-reseau-electrique\/#breadcrumb"},"inLanguage":"fr-FR","potentialAction":[{"@type":"ReadAction","target":["https:\/\/rentaload.com\/fr\/utilisation-banc-de-charge\/test-essai-tableau-reseau-electrique\/"]}]},{"@type":"BreadcrumbList","@id":"https:\/\/rentaload.com\/fr\/utilisation-banc-de-charge\/test-essai-tableau-reseau-electrique\/#breadcrumb","itemListElement":[{"@type":"ListItem","position":1,"name":"Solutions","item":"https:\/\/rentaload.com\/fr\/utilisation-banc-de-charge\/"},{"@type":"ListItem","position":2,"name":"Test tableau r\u00e9seau \u00e9lectrique"}]},{"@type":"WebSite","@id":"https:\/\/rentaload.com\/fr\/#website","url":"https:\/\/rentaload.com\/fr\/","name":"Rentaload","description":"Load bank hire - location banc de charge - Lastbank vermietung","publisher":{"@id":"https:\/\/rentaload.com\/fr\/#organization"},"potentialAction":[{"@type":"SearchAction","target":{"@type":"EntryPoint","urlTemplate":"https:\/\/rentaload.com\/fr\/?s={search_term_string}"},"query-input":{"@type":"PropertyValueSpecification","valueRequired":true,"valueName":"search_term_string"}}],"inLanguage":"fr-FR"},{"@type":"Organization","@id":"https:\/\/rentaload.com\/fr\/#organization","name":"Rentaload","url":"https:\/\/rentaload.com\/fr\/","logo":{"@type":"ImageObject","inLanguage":"fr-FR","@id":"https:\/\/rentaload.com\/fr\/#\/schema\/logo\/image\/","url":"https:\/\/rentaload.com\/wp-content\/uploads\/2018\/03\/rentaload-logo-location-banc-de-charge-test-louer-1.png","contentUrl":"https:\/\/rentaload.com\/wp-content\/uploads\/2018\/03\/rentaload-logo-location-banc-de-charge-test-louer-1.png","width":470,"height":100,"caption":"Rentaload"},"image":{"@id":"https:\/\/rentaload.com\/fr\/#\/schema\/logo\/image\/"}}]}},"_links":{"self":[{"href":"https:\/\/rentaload.com\/fr\/wp-json\/wp\/v2\/pages\/759","targetHints":{"allow":["GET"]}}],"collection":[{"href":"https:\/\/rentaload.com\/fr\/wp-json\/wp\/v2\/pages"}],"about":[{"href":"https:\/\/rentaload.com\/fr\/wp-json\/wp\/v2\/types\/page"}],"author":[{"embeddable":true,"href":"https:\/\/rentaload.com\/fr\/wp-json\/wp\/v2\/users\/3"}],"replies":[{"embeddable":true,"href":"https:\/\/rentaload.com\/fr\/wp-json\/wp\/v2\/comments?post=759"}],"version-history":[{"count":5,"href":"https:\/\/rentaload.com\/fr\/wp-json\/wp\/v2\/pages\/759\/revisions"}],"predecessor-version":[{"id":35371,"href":"https:\/\/rentaload.com\/fr\/wp-json\/wp\/v2\/pages\/759\/revisions\/35371"}],"up":[{"embeddable":true,"href":"https:\/\/rentaload.com\/fr\/wp-json\/wp\/v2\/pages\/294"}],"wp:attachment":[{"href":"https:\/\/rentaload.com\/fr\/wp-json\/wp\/v2\/media?parent=759"}],"curies":[{"name":"wp","href":"https:\/\/api.w.org\/{rel}","templated":true}]}}