{"id":39466,"date":"2018-03-06T14:58:01","date_gmt":"2018-03-06T13:58:01","guid":{"rendered":"https:\/\/rentaload.com\/avvisi-legali\/"},"modified":"2023-03-10T16:52:16","modified_gmt":"2023-03-10T15:52:16","slug":"avvisi-legali","status":"publish","type":"page","link":"https:\/\/rentaload.com\/it\/avvisi-legali\/","title":{"rendered":"Informazioni legali"},"content":{"rendered":"<div class=\"fusion-fullwidth fullwidth-box fusion-builder-row-1 fusion-flex-container nonhundred-percent-fullwidth non-hundred-percent-height-scrolling\" style=\"--awb-border-radius-top-left:0px;--awb-border-radius-top-right:0px;--awb-border-radius-bottom-right:0px;--awb-border-radius-bottom-left:0px;--awb-flex-wrap:wrap;\" ><div class=\"fusion-builder-row fusion-row fusion-flex-align-items-stretch fusion-flex-content-wrap\" style=\"max-width:1144px;margin-left: calc(-4% \/ 2 );margin-right: calc(-4% \/ 2 );\"><div class=\"fusion-layout-column fusion_builder_column fusion-builder-column-0 fusion_builder_column_1_1 1_1 fusion-flex-column\" style=\"--awb-bg-size:cover;--awb-width-large:100%;--awb-margin-top-large:0px;--awb-spacing-right-large:1.92%;--awb-margin-bottom-large:20px;--awb-spacing-left-large:1.92%;--awb-width-medium:100%;--awb-spacing-right-medium:1.92%;--awb-spacing-left-medium:1.92%;--awb-width-small:100%;--awb-spacing-right-small:1.92%;--awb-spacing-left-small:1.92%;\"><div class=\"fusion-column-wrapper fusion-flex-justify-content-flex-start fusion-content-layout-column\"><div class=\"fusion-text fusion-text-1\" style=\"--awb-text-transform:none;\"><h2>1. Presentazione del sito :<\/h2>\n<p>In conformit\u00e0 alle disposizioni degli articoli 6-III e 19 della Legge n\u00b0 2004-575 del 21 giugno 2004 per la fiducia nell&#8217;economia digitale, nota come L.C.E.N., portiamo a conoscenza degli utenti e dei visitatori del sito: rentaload.com le seguenti informazioni:<br \/>\nInformazioni legali :<br \/>\nNome dell&#8217;azienda: RENTALOAD<br \/>\nRentaload \u00e8 un marchio registrato presso l&#8217;INPI, di propriet\u00e0 della societ\u00e0 Rentaload.<br \/>\nIndirizzo : 353 rue de la chapelle, 69400 GLEIZE &#8211; Francia<br \/>\nSIRENA : 818 118 358<br \/>\nIndirizzo e-mail: contact@rentaload.com<\/p>\n<p>Il responsabile della pubblicazione \u00e8: Pierre-Luc BARBE<\/p>\n<p>L&#8217;ideatore del sito \u00e8 la <a href=\"https:\/\/adesio.co\/\" rel=\"nofollow\">web agency Adesio<\/a><br \/>\nIl Webmaster \u00e8: Adesio<br \/>\nContatta il Webmaster: info@adesio.co<br \/>\nL&#8217;host del sito \u00e8: Kinsta<\/p>\n<h2>2. Descrizione dei servizi forniti :<\/h2>\n<p>Lo scopo del sito web rentaload.com \u00e8 quello di fornire informazioni sulle attivit\u00e0 dell&#8217;azienda.<br \/>\nIl proprietario del sito si impegna a fornire informazioni il pi\u00f9 possibile accurate sul sito rentaload.com. Tuttavia, non pu\u00f2 essere ritenuta responsabile di omissioni, imprecisioni e carenze di aggiornamento, siano esse imputabili a lei o ai partner terzi che le forniscono tali informazioni.<br \/>\nTutte le informazioni fornite sul sito web rentaload.com sono fornite a titolo indicativo, non sono esaustive e possono cambiare. I dati vengono forniti con riserva di eventuali modifiche apportate dopo la loro messa online.<\/p>\n<h2>3. Propriet\u00e0 intellettuale e contraffazione :<\/h2>\n<p>Il proprietario del sito \u00e8 titolare dei diritti di propriet\u00e0 intellettuale o detiene i diritti d&#8217;uso su tutti gli elementi accessibili sul sito, in particolare testi, immagini, grafici, logo, icone, suoni, software&#8230;<br \/>\nQualsiasi riproduzione, rappresentazione, modifica, pubblicazione, adattamento totale o parziale degli elementi del sito, qualunque sia il mezzo o il procedimento utilizzato, \u00e8 vietato, salvo previa autorizzazione scritta all&#8217;indirizzo e-mail: contact@rentaload.com.<br \/>\nQualsiasi utilizzo non autorizzato del sito o di uno qualsiasi degli elementi in esso contenuti sar\u00e0 considerato come una violazione e sar\u00e0 perseguito secondo le disposizioni degli articoli L.335-2 e seguenti del Codice della Propriet\u00e0 Intellettuale.<\/p>\n<h2>4. Collegamenti ipertestuali e cookie :<\/h2>\n<p>Il sito rentaload.com contiene una serie di collegamenti ipertestuali ad altri siti (partner, informazioni&#8230;) creati con l&#8217;autorizzazione del proprietario del sito. Tuttavia, il proprietario del sito non ha la possibilit\u00e0 di controllare i contenuti dei siti cos\u00ec visitati e declina quindi ogni responsabilit\u00e0 per gli eventuali rischi di contenuti illeciti.<br \/>\nL&#8217;utente \u00e8 informato che durante le sue visite al sito web rentaload.com, uno o pi\u00f9 cookie possono essere installati automaticamente sul suo computer. Un cookie \u00e8 un file di piccole dimensioni, che non consente l&#8217;identificazione dell&#8217;utente, ma che registra informazioni sulla navigazione di un computer su un sito. I dati cos\u00ec ottenuti hanno lo scopo di agevolare la successiva navigazione sul sito, nonch\u00e9 di consentire varie misure di frequentazione.<br \/>\n\u00c8 possibile impostare il proprio browser in modo da essere informati della presenza di cookie e, se necessario, rifiutarli, come descritto al seguente indirizzo: www.cnil.fr<br \/>\nIl rifiuto di installare un cookie pu\u00f2 rendere impossibile l&#8217;accesso a determinati servizi. Tuttavia, l&#8217;utente pu\u00f2 configurare il proprio computer nel modo seguente per rifiutare l&#8217;installazione dei cookie.<\/p>\n<h2>5. Protezione dei beni e delle persone &#8211; gestione dei dati personali :<\/h2>\n<p>Utente: utente Internet che si collega e utilizza il sito sopra indicato: rentaload.com<br \/>\nIn Francia, i dati personali sono protetti dalla legge n. 78-87 del 6 gennaio 1978, dalla legge n. 2004-801 del 6 agosto 2004, dall&#8217;articolo L. 226-13 del Codice penale e dalla Direttiva europea del 24 ottobre 1995.<br \/>\nSul sito rentaload.com, il proprietario del sito raccoglie informazioni personali sull&#8217;utente solo per la necessit\u00e0 di alcuni servizi offerti dal sito rentaload.com. L&#8217;utente fornisce queste informazioni con cognizione di causa, in particolare quando le inserisce personalmente. L&#8217;utente del sito web rentaload.com viene quindi informato se \u00e8 tenuto o meno a fornire tali informazioni.<br \/>\nConformemente alle disposizioni degli articoli 38 e seguenti della legge 78-17 del 6 gennaio 1978 relativa all&#8217;informatica, ai file e alle libert\u00e0, tutti gli utenti hanno il diritto di accedere, rettificare, cancellare e opporsi ai dati personali che li riguardano. Per esercitare questo diritto, inviate la vostra richiesta a rentaload.com via e-mail o inviando una richiesta scritta e firmata, accompagnata da una copia del documento d&#8217;identit\u00e0 con la firma del titolare del documento, specificando l&#8217;indirizzo a cui inviare la risposta.<br \/>\nNessuna informazione personale dell&#8217;utente del sito web rentaload.com viene pubblicata all&#8217;insaputa dell&#8217;utente, scambiata, trasferita, ceduta o venduta su qualsiasi supporto a terzi. Solo l&#8217;ipotesi di acquisto del sito rentaload.com da parte del titolare del sito e dei suoi diritti consentirebbe la trasmissione di tali informazioni all&#8217;eventuale acquirente che sarebbe a sua volta tenuto al medesimo obbligo di conservazione e modifica dei dati nei confronti dell&#8217;utente del sito rentaload.com.<\/p>\n<\/div><\/div><\/div><\/div><\/div>\n","protected":false},"excerpt":{"rendered":"","protected":false},"author":3,"featured_media":0,"parent":0,"menu_order":0,"comment_status":"closed","ping_status":"closed","template":"100-width.php","meta":{"footnotes":""},"class_list":["post-39466","page","type-page","status-publish","hentry"],"yoast_head":"<!-- This site is optimized with the Yoast SEO plugin v27.3 - https:\/\/yoast.com\/product\/yoast-seo-wordpress\/ -->\n<title>Rentaload : Nota legale<\/title>\n<meta name=\"robots\" content=\"index, follow, max-snippet:-1, max-image-preview:large, max-video-preview:-1\" \/>\n<link rel=\"canonical\" href=\"https:\/\/rentaload.com\/it\/avvisi-legali\/\" \/>\n<meta property=\"og:locale\" content=\"it_IT\" \/>\n<meta property=\"og:type\" content=\"article\" \/>\n<meta property=\"og:title\" content=\"Rentaload : Nota legale\" \/>\n<meta property=\"og:url\" content=\"https:\/\/rentaload.com\/it\/avvisi-legali\/\" \/>\n<meta property=\"og:site_name\" content=\"Rentaload\" \/>\n<meta property=\"article:modified_time\" content=\"2023-03-10T15:52:16+00:00\" \/>\n<meta name=\"twitter:card\" content=\"summary_large_image\" \/>\n<meta name=\"twitter:label1\" content=\"Tempo di lettura stimato\" \/>\n\t<meta name=\"twitter:data1\" content=\"5 minuti\" \/>\n<script type=\"application\/ld+json\" class=\"yoast-schema-graph\">{\"@context\":\"https:\\\/\\\/schema.org\",\"@graph\":[{\"@type\":\"WebPage\",\"@id\":\"https:\\\/\\\/rentaload.com\\\/it\\\/avvisi-legali\\\/\",\"url\":\"https:\\\/\\\/rentaload.com\\\/it\\\/avvisi-legali\\\/\",\"name\":\"Rentaload : Nota legale\",\"isPartOf\":{\"@id\":\"https:\\\/\\\/rentaload.com\\\/it\\\/#website\"},\"datePublished\":\"2018-03-06T13:58:01+00:00\",\"dateModified\":\"2023-03-10T15:52:16+00:00\",\"inLanguage\":\"it-IT\",\"potentialAction\":[{\"@type\":\"ReadAction\",\"target\":[\"https:\\\/\\\/rentaload.com\\\/it\\\/avvisi-legali\\\/\"]}]},{\"@type\":\"WebSite\",\"@id\":\"https:\\\/\\\/rentaload.com\\\/it\\\/#website\",\"url\":\"https:\\\/\\\/rentaload.com\\\/it\\\/\",\"name\":\"Rentaload\",\"description\":\"Load bank hire - location banc de charge - Lastbank vermietung\",\"publisher\":{\"@id\":\"https:\\\/\\\/rentaload.com\\\/it\\\/#organization\"},\"potentialAction\":[{\"@type\":\"SearchAction\",\"target\":{\"@type\":\"EntryPoint\",\"urlTemplate\":\"https:\\\/\\\/rentaload.com\\\/it\\\/?s={search_term_string}\"},\"query-input\":{\"@type\":\"PropertyValueSpecification\",\"valueRequired\":true,\"valueName\":\"search_term_string\"}}],\"inLanguage\":\"it-IT\"},{\"@type\":\"Organization\",\"@id\":\"https:\\\/\\\/rentaload.com\\\/it\\\/#organization\",\"name\":\"Rentaload\",\"url\":\"https:\\\/\\\/rentaload.com\\\/it\\\/\",\"logo\":{\"@type\":\"ImageObject\",\"inLanguage\":\"it-IT\",\"@id\":\"https:\\\/\\\/rentaload.com\\\/it\\\/#\\\/schema\\\/logo\\\/image\\\/\",\"url\":\"https:\\\/\\\/rentaload.com\\\/wp-content\\\/uploads\\\/2018\\\/03\\\/rentaload-logo-location-banc-de-charge-test-louer-1.png\",\"contentUrl\":\"https:\\\/\\\/rentaload.com\\\/wp-content\\\/uploads\\\/2018\\\/03\\\/rentaload-logo-location-banc-de-charge-test-louer-1.png\",\"width\":470,\"height\":100,\"caption\":\"Rentaload\"},\"image\":{\"@id\":\"https:\\\/\\\/rentaload.com\\\/it\\\/#\\\/schema\\\/logo\\\/image\\\/\"}}]}<\/script>\n<!-- \/ Yoast SEO plugin. -->","yoast_head_json":{"title":"Rentaload : Nota legale","robots":{"index":"index","follow":"follow","max-snippet":"max-snippet:-1","max-image-preview":"max-image-preview:large","max-video-preview":"max-video-preview:-1"},"canonical":"https:\/\/rentaload.com\/it\/avvisi-legali\/","og_locale":"it_IT","og_type":"article","og_title":"Rentaload : Nota legale","og_url":"https:\/\/rentaload.com\/it\/avvisi-legali\/","og_site_name":"Rentaload","article_modified_time":"2023-03-10T15:52:16+00:00","twitter_card":"summary_large_image","twitter_misc":{"Tempo di lettura stimato":"5 minuti"},"schema":{"@context":"https:\/\/schema.org","@graph":[{"@type":"WebPage","@id":"https:\/\/rentaload.com\/it\/avvisi-legali\/","url":"https:\/\/rentaload.com\/it\/avvisi-legali\/","name":"Rentaload : Nota legale","isPartOf":{"@id":"https:\/\/rentaload.com\/it\/#website"},"datePublished":"2018-03-06T13:58:01+00:00","dateModified":"2023-03-10T15:52:16+00:00","inLanguage":"it-IT","potentialAction":[{"@type":"ReadAction","target":["https:\/\/rentaload.com\/it\/avvisi-legali\/"]}]},{"@type":"WebSite","@id":"https:\/\/rentaload.com\/it\/#website","url":"https:\/\/rentaload.com\/it\/","name":"Rentaload","description":"Load bank hire - location banc de charge - Lastbank vermietung","publisher":{"@id":"https:\/\/rentaload.com\/it\/#organization"},"potentialAction":[{"@type":"SearchAction","target":{"@type":"EntryPoint","urlTemplate":"https:\/\/rentaload.com\/it\/?s={search_term_string}"},"query-input":{"@type":"PropertyValueSpecification","valueRequired":true,"valueName":"search_term_string"}}],"inLanguage":"it-IT"},{"@type":"Organization","@id":"https:\/\/rentaload.com\/it\/#organization","name":"Rentaload","url":"https:\/\/rentaload.com\/it\/","logo":{"@type":"ImageObject","inLanguage":"it-IT","@id":"https:\/\/rentaload.com\/it\/#\/schema\/logo\/image\/","url":"https:\/\/rentaload.com\/wp-content\/uploads\/2018\/03\/rentaload-logo-location-banc-de-charge-test-louer-1.png","contentUrl":"https:\/\/rentaload.com\/wp-content\/uploads\/2018\/03\/rentaload-logo-location-banc-de-charge-test-louer-1.png","width":470,"height":100,"caption":"Rentaload"},"image":{"@id":"https:\/\/rentaload.com\/it\/#\/schema\/logo\/image\/"}}]}},"_links":{"self":[{"href":"https:\/\/rentaload.com\/it\/wp-json\/wp\/v2\/pages\/39466","targetHints":{"allow":["GET"]}}],"collection":[{"href":"https:\/\/rentaload.com\/it\/wp-json\/wp\/v2\/pages"}],"about":[{"href":"https:\/\/rentaload.com\/it\/wp-json\/wp\/v2\/types\/page"}],"author":[{"embeddable":true,"href":"https:\/\/rentaload.com\/it\/wp-json\/wp\/v2\/users\/3"}],"replies":[{"embeddable":true,"href":"https:\/\/rentaload.com\/it\/wp-json\/wp\/v2\/comments?post=39466"}],"version-history":[{"count":2,"href":"https:\/\/rentaload.com\/it\/wp-json\/wp\/v2\/pages\/39466\/revisions"}],"predecessor-version":[{"id":39469,"href":"https:\/\/rentaload.com\/it\/wp-json\/wp\/v2\/pages\/39466\/revisions\/39469"}],"wp:attachment":[{"href":"https:\/\/rentaload.com\/it\/wp-json\/wp\/v2\/media?parent=39466"}],"curies":[{"name":"wp","href":"https:\/\/api.w.org\/{rel}","templated":true}]}}