{"id":39482,"date":"2018-03-14T09:29:58","date_gmt":"2018-03-14T08:29:58","guid":{"rendered":"https:\/\/rentaload.com\/applicazioni-banca-test\/nucleare\/"},"modified":"2023-03-10T16:52:22","modified_gmt":"2023-03-10T15:52:22","slug":"nucleare","status":"publish","type":"page","link":"https:\/\/rentaload.com\/it\/applicazioni-banca-test\/nucleare\/","title":{"rendered":"Nucleare"},"content":{"rendered":"<div class=\"fusion-fullwidth fullwidth-box fusion-builder-row-1 fusion-flex-container nonhundred-percent-fullwidth non-hundred-percent-height-scrolling ctnr-top-h1\" style=\"--awb-border-radius-top-left:0px;--awb-border-radius-top-right:0px;--awb-border-radius-bottom-right:0px;--awb-border-radius-bottom-left:0px;--awb-flex-wrap:wrap;\" ><div class=\"fusion-builder-row fusion-row fusion-flex-align-items-flex-start fusion-flex-justify-content-center fusion-flex-content-wrap\" style=\"max-width:1144px;margin-left: calc(-4% \/ 2 );margin-right: calc(-4% \/ 2 );\"><div class=\"fusion-layout-column fusion_builder_column fusion-builder-column-0 fusion_builder_column_1_2 1_2 fusion-flex-column col-inside\" style=\"--awb-bg-size:cover;--awb-width-large:50%;--awb-margin-top-large:0px;--awb-spacing-right-large:3.84%;--awb-margin-bottom-large:20px;--awb-spacing-left-large:3.84%;--awb-width-medium:100%;--awb-order-medium:0;--awb-spacing-right-medium:1.92%;--awb-spacing-left-medium:1.92%;--awb-width-small:100%;--awb-order-small:0;--awb-spacing-right-small:1.92%;--awb-spacing-left-small:1.92%;\"><div class=\"fusion-column-wrapper fusion-column-has-shadow fusion-flex-justify-content-flex-start fusion-content-layout-column\"><div class=\"fusion-title title fusion-title-1 fusion-title-text fusion-title-size-one\" style=\"--awb-margin-top-small:0px;--awb-margin-right-small:0px;--awb-margin-bottom-small:20px;--awb-margin-left-small:0px;\"><div class=\"title-sep-container title-sep-container-left fusion-no-large-visibility fusion-no-medium-visibility fusion-no-small-visibility\"><div class=\"title-sep sep-double sep-solid\" style=\"border-color:#e0dede;\"><\/div><\/div><span class=\"awb-title-spacer fusion-no-large-visibility fusion-no-medium-visibility fusion-no-small-visibility\"><\/span><h1 class=\"fusion-title-heading title-heading-left\" style=\"margin:0;\">Nucleare<\/h1><span class=\"awb-title-spacer\"><\/span><div class=\"title-sep-container title-sep-container-right\"><div class=\"title-sep sep-double sep-solid\" style=\"border-color:#e0dede;\"><\/div><\/div><\/div><div class=\"fusion-text fusion-text-1\"><h2 class=\"entry-title\">Nucleare<\/h2>\n<div class=\"entry-content\">\n<h3>Principio del banco di carico nelle centrali nucleari<\/h3>\n<div dir=\"ltr\" data-font-name=\"g_font_p0_6\" data-canvas-width=\"518.8560154631139\">Il funzionamento di una centrale nucleare richiede un sistema di alimentazione per garantire il funzionamento e la sicurezza dell&#8217;impianto. Il sistema di distribuzione elettrica \u00e8 progettato per soddisfare le esigenze del normale funzionamento dell&#8217;unit\u00e0 quando produce elettricit\u00e0 o durante un arresto (ausiliari operativi e permanenti), ma anche per garantire l&#8217;alimentazione delle apparecchiature che svolgono le funzioni di sicurezza richieste durante una situazione di incidente o inconveniente nell&#8217;impianto (ausiliari di riserva). I generatori di emergenza alimentati a diesel forniscono energia ai sistemi di sicurezza del reattore in caso di perdita di energia dalla rete nazionale. Ogni reattore nucleare \u00e8 dotato di due generatori di emergenza. Inoltre, \u00e8 disponibile un generatore supplementare per tutti i reattori di un sito. Ciascuna di queste unit\u00e0 \u00e8 sufficiente per alimentare i sistemi necessari a garantire la sicurezza del reattore spento.<\/div>\n<div dir=\"ltr\" data-font-name=\"g_font_p0_6\" data-canvas-width=\"518.8560154631139\"><\/div>\n<div dir=\"ltr\" data-font-name=\"g_font_p0_6\" data-canvas-width=\"518.8560154631139\">L&#8217;affidabilit\u00e0 di questi generatori \u00e8 fondamentale. Pertanto, i generatori vengono regolarmente testati. A tal fine, i responsabili delle centrali nucleari si rivolgono a produttori in grado di produrre banchi di carico in grado di gestire diversi megawatt e il relativo sistema di controllo (sistema di misurazione, cicli automatici). Questi banchi di carico sono spesso a media tensione.<\/div>\n<\/div>\n<\/div><div ><a class=\"fusion-button button-flat fusion-button-default-size button-default fusion-button-default button-1 fusion-button-default-span fusion-button-default-type\" target=\"_self\" href=\"https:\/\/rentaload.com\/fr\/contact\/\"><span class=\"fusion-button-text awb-button__text awb-button__text--default\">CONTATTO<\/span><\/a><\/div><\/div><\/div><div class=\"fusion-layout-column fusion_builder_column fusion-builder-column-1 fusion_builder_column_1_2 1_2 fusion-flex-column col-img\" style=\"--awb-bg-size:cover;--awb-width-large:50%;--awb-margin-top-large:0px;--awb-spacing-right-large:3.84%;--awb-margin-bottom-large:20px;--awb-spacing-left-large:3.84%;--awb-width-medium:100%;--awb-order-medium:0;--awb-spacing-right-medium:1.92%;--awb-spacing-left-medium:1.92%;--awb-width-small:100%;--awb-order-small:0;--awb-spacing-right-small:1.92%;--awb-spacing-left-small:1.92%;\"><div class=\"fusion-column-wrapper fusion-column-has-shadow fusion-flex-justify-content-flex-start fusion-content-layout-column\"><div class=\"fusion-image-element \" style=\"text-align:center;--awb-caption-title-font-family:var(--h2_typography-font-family);--awb-caption-title-font-weight:var(--h2_typography-font-weight);--awb-caption-title-font-style:var(--h2_typography-font-style);--awb-caption-title-size:var(--h2_typography-font-size);--awb-caption-title-transform:var(--h2_typography-text-transform);--awb-caption-title-line-height:var(--h2_typography-line-height);--awb-caption-title-letter-spacing:var(--h2_typography-letter-spacing);\"><span class=\" fusion-imageframe imageframe-none imageframe-1 hover-type-none\"><img decoding=\"async\" width=\"600\" height=\"492\" title=\"nuclear-power-plant\" src=\"https:\/\/rentaload.com\/wp-content\/uploads\/2020\/09\/nuclear-power-plant-2-600x492.jpg\" alt class=\"img-responsive wp-image-20932\" srcset=\"https:\/\/rentaload.com\/wp-content\/uploads\/2020\/09\/nuclear-power-plant-2-200x164.jpg 200w, https:\/\/rentaload.com\/wp-content\/uploads\/2020\/09\/nuclear-power-plant-2-400x328.jpg 400w, https:\/\/rentaload.com\/wp-content\/uploads\/2020\/09\/nuclear-power-plant-2-600x492.jpg 600w, https:\/\/rentaload.com\/wp-content\/uploads\/2020\/09\/nuclear-power-plant-2.jpg 604w\" sizes=\"(max-width: 1024px) 100vw, (max-width: 640px) 100vw, 600px\" \/><\/span><\/div><\/div><\/div><\/div><\/div>\n","protected":false},"excerpt":{"rendered":"","protected":false},"author":3,"featured_media":0,"parent":39417,"menu_order":0,"comment_status":"closed","ping_status":"closed","template":"100-width.php","meta":{"footnotes":""},"class_list":["post-39482","page","type-page","status-publish","hentry"],"yoast_head":"<!-- This site is optimized with the Yoast SEO plugin v27.4 - https:\/\/yoast.com\/product\/yoast-seo-wordpress\/ -->\n<title>Rentaload : Applicazioni dei banchi di carico : Mercato nucleare<\/title>\n<meta name=\"description\" content=\"I generatori di emergenza vengono regolarmente testati. I nostri banchi di carico possono testare diversi megawatt\" \/>\n<meta name=\"robots\" content=\"index, follow, max-snippet:-1, max-image-preview:large, max-video-preview:-1\" \/>\n<link rel=\"canonical\" href=\"https:\/\/rentaload.com\/it\/applicazioni-banca-test\/nucleare\/\" \/>\n<meta property=\"og:locale\" content=\"it_IT\" \/>\n<meta property=\"og:type\" content=\"article\" \/>\n<meta property=\"og:title\" content=\"Rentaload : Applicazioni dei banchi di carico : Mercato nucleare\" \/>\n<meta property=\"og:description\" content=\"I generatori di emergenza vengono regolarmente testati. I nostri banchi di carico possono testare diversi megawatt\" \/>\n<meta property=\"og:url\" content=\"https:\/\/rentaload.com\/it\/applicazioni-banca-test\/nucleare\/\" \/>\n<meta property=\"og:site_name\" content=\"Rentaload\" \/>\n<meta property=\"article:modified_time\" content=\"2023-03-10T15:52:22+00:00\" \/>\n<meta name=\"twitter:card\" content=\"summary_large_image\" \/>\n<meta name=\"twitter:label1\" content=\"Tempo di lettura stimato\" \/>\n\t<meta name=\"twitter:data1\" content=\"9 minuti\" \/>\n<script type=\"application\/ld+json\" class=\"yoast-schema-graph\">{\"@context\":\"https:\\\/\\\/schema.org\",\"@graph\":[{\"@type\":\"WebPage\",\"@id\":\"https:\\\/\\\/rentaload.com\\\/it\\\/applicazioni-banca-test\\\/nucleare\\\/\",\"url\":\"https:\\\/\\\/rentaload.com\\\/it\\\/applicazioni-banca-test\\\/nucleare\\\/\",\"name\":\"Rentaload : Applicazioni dei banchi di carico : Mercato nucleare\",\"isPartOf\":{\"@id\":\"https:\\\/\\\/rentaload.com\\\/it\\\/#website\"},\"datePublished\":\"2018-03-14T08:29:58+00:00\",\"dateModified\":\"2023-03-10T15:52:22+00:00\",\"description\":\"I generatori di emergenza vengono regolarmente testati. I nostri banchi di carico possono testare diversi megawatt\",\"breadcrumb\":{\"@id\":\"https:\\\/\\\/rentaload.com\\\/it\\\/applicazioni-banca-test\\\/nucleare\\\/#breadcrumb\"},\"inLanguage\":\"it-IT\",\"potentialAction\":[{\"@type\":\"ReadAction\",\"target\":[\"https:\\\/\\\/rentaload.com\\\/it\\\/applicazioni-banca-test\\\/nucleare\\\/\"]}]},{\"@type\":\"BreadcrumbList\",\"@id\":\"https:\\\/\\\/rentaload.com\\\/it\\\/applicazioni-banca-test\\\/nucleare\\\/#breadcrumb\",\"itemListElement\":[{\"@type\":\"ListItem\",\"position\":1,\"name\":\"Settori\",\"item\":\"https:\\\/\\\/rentaload.com\\\/it\\\/applicazioni-banca-test\\\/\"},{\"@type\":\"ListItem\",\"position\":2,\"name\":\"Nucleare\"}]},{\"@type\":\"WebSite\",\"@id\":\"https:\\\/\\\/rentaload.com\\\/it\\\/#website\",\"url\":\"https:\\\/\\\/rentaload.com\\\/it\\\/\",\"name\":\"Rentaload\",\"description\":\"Load bank hire - location banc de charge - Lastbank vermietung\",\"publisher\":{\"@id\":\"https:\\\/\\\/rentaload.com\\\/it\\\/#organization\"},\"potentialAction\":[{\"@type\":\"SearchAction\",\"target\":{\"@type\":\"EntryPoint\",\"urlTemplate\":\"https:\\\/\\\/rentaload.com\\\/it\\\/?s={search_term_string}\"},\"query-input\":{\"@type\":\"PropertyValueSpecification\",\"valueRequired\":true,\"valueName\":\"search_term_string\"}}],\"inLanguage\":\"it-IT\"},{\"@type\":\"Organization\",\"@id\":\"https:\\\/\\\/rentaload.com\\\/it\\\/#organization\",\"name\":\"Rentaload\",\"url\":\"https:\\\/\\\/rentaload.com\\\/it\\\/\",\"logo\":{\"@type\":\"ImageObject\",\"inLanguage\":\"it-IT\",\"@id\":\"https:\\\/\\\/rentaload.com\\\/it\\\/#\\\/schema\\\/logo\\\/image\\\/\",\"url\":\"https:\\\/\\\/rentaload.com\\\/wp-content\\\/uploads\\\/2018\\\/03\\\/rentaload-logo-location-banc-de-charge-test-louer-1.png\",\"contentUrl\":\"https:\\\/\\\/rentaload.com\\\/wp-content\\\/uploads\\\/2018\\\/03\\\/rentaload-logo-location-banc-de-charge-test-louer-1.png\",\"width\":470,\"height\":100,\"caption\":\"Rentaload\"},\"image\":{\"@id\":\"https:\\\/\\\/rentaload.com\\\/it\\\/#\\\/schema\\\/logo\\\/image\\\/\"}}]}<\/script>\n<!-- \/ Yoast SEO plugin. -->","yoast_head_json":{"title":"Rentaload : Applicazioni dei banchi di carico : Mercato nucleare","description":"I generatori di emergenza vengono regolarmente testati. I nostri banchi di carico possono testare diversi megawatt","robots":{"index":"index","follow":"follow","max-snippet":"max-snippet:-1","max-image-preview":"max-image-preview:large","max-video-preview":"max-video-preview:-1"},"canonical":"https:\/\/rentaload.com\/it\/applicazioni-banca-test\/nucleare\/","og_locale":"it_IT","og_type":"article","og_title":"Rentaload : Applicazioni dei banchi di carico : Mercato nucleare","og_description":"I generatori di emergenza vengono regolarmente testati. I nostri banchi di carico possono testare diversi megawatt","og_url":"https:\/\/rentaload.com\/it\/applicazioni-banca-test\/nucleare\/","og_site_name":"Rentaload","article_modified_time":"2023-03-10T15:52:22+00:00","twitter_card":"summary_large_image","twitter_misc":{"Tempo di lettura stimato":"9 minuti"},"schema":{"@context":"https:\/\/schema.org","@graph":[{"@type":"WebPage","@id":"https:\/\/rentaload.com\/it\/applicazioni-banca-test\/nucleare\/","url":"https:\/\/rentaload.com\/it\/applicazioni-banca-test\/nucleare\/","name":"Rentaload : Applicazioni dei banchi di carico : Mercato nucleare","isPartOf":{"@id":"https:\/\/rentaload.com\/it\/#website"},"datePublished":"2018-03-14T08:29:58+00:00","dateModified":"2023-03-10T15:52:22+00:00","description":"I generatori di emergenza vengono regolarmente testati. I nostri banchi di carico possono testare diversi megawatt","breadcrumb":{"@id":"https:\/\/rentaload.com\/it\/applicazioni-banca-test\/nucleare\/#breadcrumb"},"inLanguage":"it-IT","potentialAction":[{"@type":"ReadAction","target":["https:\/\/rentaload.com\/it\/applicazioni-banca-test\/nucleare\/"]}]},{"@type":"BreadcrumbList","@id":"https:\/\/rentaload.com\/it\/applicazioni-banca-test\/nucleare\/#breadcrumb","itemListElement":[{"@type":"ListItem","position":1,"name":"Settori","item":"https:\/\/rentaload.com\/it\/applicazioni-banca-test\/"},{"@type":"ListItem","position":2,"name":"Nucleare"}]},{"@type":"WebSite","@id":"https:\/\/rentaload.com\/it\/#website","url":"https:\/\/rentaload.com\/it\/","name":"Rentaload","description":"Load bank hire - location banc de charge - Lastbank vermietung","publisher":{"@id":"https:\/\/rentaload.com\/it\/#organization"},"potentialAction":[{"@type":"SearchAction","target":{"@type":"EntryPoint","urlTemplate":"https:\/\/rentaload.com\/it\/?s={search_term_string}"},"query-input":{"@type":"PropertyValueSpecification","valueRequired":true,"valueName":"search_term_string"}}],"inLanguage":"it-IT"},{"@type":"Organization","@id":"https:\/\/rentaload.com\/it\/#organization","name":"Rentaload","url":"https:\/\/rentaload.com\/it\/","logo":{"@type":"ImageObject","inLanguage":"it-IT","@id":"https:\/\/rentaload.com\/it\/#\/schema\/logo\/image\/","url":"https:\/\/rentaload.com\/wp-content\/uploads\/2018\/03\/rentaload-logo-location-banc-de-charge-test-louer-1.png","contentUrl":"https:\/\/rentaload.com\/wp-content\/uploads\/2018\/03\/rentaload-logo-location-banc-de-charge-test-louer-1.png","width":470,"height":100,"caption":"Rentaload"},"image":{"@id":"https:\/\/rentaload.com\/it\/#\/schema\/logo\/image\/"}}]}},"_links":{"self":[{"href":"https:\/\/rentaload.com\/it\/wp-json\/wp\/v2\/pages\/39482","targetHints":{"allow":["GET"]}}],"collection":[{"href":"https:\/\/rentaload.com\/it\/wp-json\/wp\/v2\/pages"}],"about":[{"href":"https:\/\/rentaload.com\/it\/wp-json\/wp\/v2\/types\/page"}],"author":[{"embeddable":true,"href":"https:\/\/rentaload.com\/it\/wp-json\/wp\/v2\/users\/3"}],"replies":[{"embeddable":true,"href":"https:\/\/rentaload.com\/it\/wp-json\/wp\/v2\/comments?post=39482"}],"version-history":[{"count":2,"href":"https:\/\/rentaload.com\/it\/wp-json\/wp\/v2\/pages\/39482\/revisions"}],"predecessor-version":[{"id":39485,"href":"https:\/\/rentaload.com\/it\/wp-json\/wp\/v2\/pages\/39482\/revisions\/39485"}],"up":[{"embeddable":true,"href":"https:\/\/rentaload.com\/it\/wp-json\/wp\/v2\/pages\/39417"}],"wp:attachment":[{"href":"https:\/\/rentaload.com\/it\/wp-json\/wp\/v2\/media?parent=39482"}],"curies":[{"name":"wp","href":"https:\/\/api.w.org\/{rel}","templated":true}]}}