{"id":28819,"date":"2018-03-05T15:22:54","date_gmt":"2018-03-05T14:22:54","guid":{"rendered":"https:\/\/rentaload.com\/vind-sol\/"},"modified":"2022-07-04T00:34:25","modified_gmt":"2022-07-03T22:34:25","slug":"vind-sol","status":"publish","type":"page","link":"https:\/\/rentaload.com\/no\/test-benk-applikasjoner\/vind-sol\/","title":{"rendered":"Vind og alternativ energi"},"content":{"rendered":"<p><div class=\"fusion-fullwidth fullwidth-box fusion-builder-row-1 fusion-flex-container nonhundred-percent-fullwidth non-hundred-percent-height-scrolling ctnr-top-h1\" style=\"--awb-border-radius-top-left:0px;--awb-border-radius-top-right:0px;--awb-border-radius-bottom-right:0px;--awb-border-radius-bottom-left:0px;--awb-flex-wrap:wrap;\" ><div class=\"fusion-builder-row fusion-row fusion-flex-align-items-flex-start fusion-flex-justify-content-center fusion-flex-content-wrap\" style=\"max-width:1144px;margin-left: calc(-4% \/ 2 );margin-right: calc(-4% \/ 2 );\"><div class=\"fusion-layout-column fusion_builder_column fusion-builder-column-0 fusion_builder_column_1_2 1_2 fusion-flex-column col-inside\" style=\"--awb-bg-size:cover;--awb-width-large:50%;--awb-margin-top-large:0px;--awb-spacing-right-large:3.84%;--awb-margin-bottom-large:20px;--awb-spacing-left-large:3.84%;--awb-width-medium:100%;--awb-order-medium:0;--awb-spacing-right-medium:1.92%;--awb-spacing-left-medium:1.92%;--awb-width-small:100%;--awb-order-small:0;--awb-spacing-right-small:1.92%;--awb-spacing-left-small:1.92%;\"><div class=\"fusion-column-wrapper fusion-column-has-shadow fusion-flex-justify-content-flex-start fusion-content-layout-column\"><div class=\"fusion-title title fusion-title-1 fusion-sep-none fusion-title-text fusion-title-size-one\" style=\"--awb-margin-top-small:0px;--awb-margin-right-small:0px;--awb-margin-bottom-small:20px;--awb-margin-left-small:0px;\"><h1 class=\"fusion-title-heading title-heading-left\" style=\"margin:0;\">Vindmarked og alternativ energi<\/h1><\/div><div class=\"fusion-text fusion-text-1\" style=\"--awb-text-transform:none;\"><p>Under byggingen av en vindpark er sp\u00f8rsm\u00e5let om nettilknytningstider et kritisk punkt. Faktisk er opprettelsen av en leveringstransformatorstasjon av produsenten ikke alltid samtidig med tilkoblingen til kildetransformatorstasjonen til nettverket eller til og med med konstruksjonen. Derfor kan det \u00e5 sette en vindturbin i \u00abdvalemodus\u00bb utgj\u00f8re en risiko for utstyret. Uten spenning eller varme utvikles det kondens i masten og kan p\u00e5virke funksjonen til elektrisk utstyr. Det er derfor hensiktsmessig \u00e5 koble vindturbinen til en generator for \u00e5 sl\u00e5 p\u00e5 hjelpeapparatene. Det er da mulig \u00e5 teste disse hjelpemidlene (se obligatorisk i Spania, Tyskland og i landene i Nord-Europa) f\u00f8r tilkobling. Lastebenken gj\u00f8r det mulig \u00e5 simulere en last (minst 30 % av kapasiteten til turbinen) og \u00e5 unng\u00e5 problemene med for tidlig slitasje p\u00e5 den ene siden og p\u00e5 den andre siden \u00e5 teste det ulike utstyret.<\/p>\n<\/div><div ><a class=\"fusion-button button-flat fusion-button-default-size button-default fusion-button-default button-1 fusion-button-default-span fusion-button-default-type\" target=\"_self\" href=\"#\" data-toggle=\"modal\" data-target=\".fusion-modal.contact\"><span class=\"fusion-button-text awb-button__text awb-button__text--default\">Be om et tilbud<\/span><\/a><\/div><\/div><\/div><div class=\"fusion-layout-column fusion_builder_column fusion-builder-column-1 fusion_builder_column_1_2 1_2 fusion-flex-column col-img\" style=\"--awb-bg-size:cover;--awb-width-large:50%;--awb-margin-top-large:0px;--awb-spacing-right-large:3.84%;--awb-margin-bottom-large:20px;--awb-spacing-left-large:3.84%;--awb-width-medium:100%;--awb-order-medium:0;--awb-spacing-right-medium:1.92%;--awb-spacing-left-medium:1.92%;--awb-width-small:100%;--awb-order-small:0;--awb-spacing-right-small:1.92%;--awb-spacing-left-small:1.92%;\"><div class=\"fusion-column-wrapper fusion-column-has-shadow fusion-flex-justify-content-flex-start fusion-content-layout-column\"><div class=\"fusion-image-element \" style=\"--awb-caption-title-font-family:var(--h2_typography-font-family);--awb-caption-title-font-weight:var(--h2_typography-font-weight);--awb-caption-title-font-style:var(--h2_typography-font-style);--awb-caption-title-size:var(--h2_typography-font-size);--awb-caption-title-transform:var(--h2_typography-text-transform);--awb-caption-title-line-height:var(--h2_typography-line-height);--awb-caption-title-letter-spacing:var(--h2_typography-letter-spacing);\"><span class=\" fusion-imageframe imageframe-none imageframe-1 hover-type-none\"><img decoding=\"async\" width=\"800\" height=\"600\" title=\"eolienne-min\" src=\"https:\/\/rentaload.com\/wp-content\/uploads\/2022\/02\/eolienne-min.jpg\" alt class=\"img-responsive wp-image-23509\" srcset=\"https:\/\/rentaload.com\/wp-content\/uploads\/2022\/02\/eolienne-min-200x150.jpg 200w, https:\/\/rentaload.com\/wp-content\/uploads\/2022\/02\/eolienne-min-400x300.jpg 400w, https:\/\/rentaload.com\/wp-content\/uploads\/2022\/02\/eolienne-min-600x450.jpg 600w, https:\/\/rentaload.com\/wp-content\/uploads\/2022\/02\/eolienne-min.jpg 800w\" sizes=\"(max-width: 1024px) 100vw, (max-width: 640px) 100vw, 600px\" \/><\/span><\/div><\/div><\/div><\/div><\/div><div class=\"fusion-fullwidth fullwidth-box fusion-builder-row-2 fusion-flex-container nonhundred-percent-fullwidth non-hundred-percent-height-scrolling ctnr-simple\" style=\"--awb-border-radius-top-left:0px;--awb-border-radius-top-right:0px;--awb-border-radius-bottom-right:0px;--awb-border-radius-bottom-left:0px;--awb-flex-wrap:wrap;\" ><div class=\"fusion-builder-row fusion-row fusion-flex-align-items-flex-start fusion-flex-justify-content-center fusion-flex-content-wrap\" style=\"max-width:1144px;margin-left: calc(-4% \/ 2 );margin-right: calc(-4% \/ 2 );\"><div class=\"fusion-layout-column fusion_builder_column fusion-builder-column-2 fusion_builder_column_1_1 1_1 fusion-flex-column col-titre\" style=\"--awb-bg-size:cover;--awb-width-large:100%;--awb-margin-top-large:0px;--awb-spacing-right-large:1.92%;--awb-margin-bottom-large:20px;--awb-spacing-left-large:1.92%;--awb-width-medium:100%;--awb-order-medium:0;--awb-spacing-right-medium:1.92%;--awb-spacing-left-medium:1.92%;--awb-width-small:100%;--awb-order-small:0;--awb-spacing-right-small:1.92%;--awb-spacing-left-small:1.92%;\"><div class=\"fusion-column-wrapper fusion-column-has-shadow fusion-flex-justify-content-flex-start fusion-content-layout-column\"><div class=\"fusion-title title fusion-title-2 fusion-sep-none fusion-title-text fusion-title-size-two\" style=\"--awb-margin-top-small:0px;--awb-margin-right-small:0px;--awb-margin-bottom-small:20px;--awb-margin-left-small:0px;\"><h2 class=\"fusion-title-heading title-heading-left\" style=\"margin:0;\">Typer vindlastbankapplikasjoner<\/h2><\/div><div class=\"fusion-text fusion-text-2\" style=\"--awb-text-transform:none;\"><ul>\n<li>Lastebenk for \u00e5 teste vindturbinen under belastning og validere protokollen f\u00f8r tilkobling (n\u00f8dstopp, etc.)<\/li>\n<li>Lastbank for \u00e5 simulere vindturbingeneratoren<\/li>\n<li>&laquo;Test type&raquo; benk for testing av nye vindturbinmodeller p\u00e5 fabrikk<\/li>\n<\/ul>\n<\/div><\/div><\/div><\/div><\/div><div class=\"fusion-fullwidth fullwidth-box fusion-builder-row-3 fusion-flex-container nonhundred-percent-fullwidth non-hundred-percent-height-scrolling ctnr-img-gauche\" style=\"--awb-border-radius-top-left:0px;--awb-border-radius-top-right:0px;--awb-border-radius-bottom-right:0px;--awb-border-radius-bottom-left:0px;--awb-flex-wrap:wrap;\" ><div class=\"fusion-builder-row fusion-row fusion-flex-align-items-flex-start fusion-flex-justify-content-center fusion-flex-content-wrap\" style=\"max-width:1144px;margin-left: calc(-4% \/ 2 );margin-right: calc(-4% \/ 2 );\"><div class=\"fusion-layout-column fusion_builder_column fusion-builder-column-3 fusion_builder_column_1_2 1_2 fusion-flex-column col-img\" style=\"--awb-bg-size:cover;--awb-width-large:50%;--awb-margin-top-large:0px;--awb-spacing-right-large:3.84%;--awb-margin-bottom-large:20px;--awb-spacing-left-large:3.84%;--awb-width-medium:100%;--awb-order-medium:0;--awb-spacing-right-medium:1.92%;--awb-spacing-left-medium:1.92%;--awb-width-small:100%;--awb-order-small:0;--awb-spacing-right-small:1.92%;--awb-spacing-left-small:1.92%;\"><div class=\"fusion-column-wrapper fusion-column-has-shadow fusion-flex-justify-content-flex-start fusion-content-layout-column\"><div class=\"fusion-image-element \" style=\"--awb-caption-title-font-family:var(--h2_typography-font-family);--awb-caption-title-font-weight:var(--h2_typography-font-weight);--awb-caption-title-font-style:var(--h2_typography-font-style);--awb-caption-title-size:var(--h2_typography-font-size);--awb-caption-title-transform:var(--h2_typography-text-transform);--awb-caption-title-line-height:var(--h2_typography-line-height);--awb-caption-title-letter-spacing:var(--h2_typography-letter-spacing);\"><span class=\" fusion-imageframe imageframe-none imageframe-2 hover-type-none\"><img decoding=\"async\" width=\"800\" height=\"600\" title=\"img-6kw-min\" src=\"https:\/\/rentaload.com\/wp-content\/uploads\/2021\/10\/img-6kw-min.jpg\" alt class=\"img-responsive wp-image-22574\" srcset=\"https:\/\/rentaload.com\/wp-content\/uploads\/2021\/10\/img-6kw-min-200x150.jpg 200w, https:\/\/rentaload.com\/wp-content\/uploads\/2021\/10\/img-6kw-min-400x300.jpg 400w, https:\/\/rentaload.com\/wp-content\/uploads\/2021\/10\/img-6kw-min-600x450.jpg 600w, https:\/\/rentaload.com\/wp-content\/uploads\/2021\/10\/img-6kw-min.jpg 800w\" sizes=\"(max-width: 1024px) 100vw, (max-width: 640px) 100vw, 600px\" \/><\/span><\/div><\/div><\/div><div class=\"fusion-layout-column fusion_builder_column fusion-builder-column-4 fusion_builder_column_1_2 1_2 fusion-flex-column fusion-flex-align-self-center col-inside\" style=\"--awb-bg-size:cover;--awb-width-large:50%;--awb-margin-top-large:0px;--awb-spacing-right-large:3.84%;--awb-margin-bottom-large:20px;--awb-spacing-left-large:3.84%;--awb-width-medium:100%;--awb-order-medium:0;--awb-spacing-right-medium:1.92%;--awb-spacing-left-medium:1.92%;--awb-width-small:100%;--awb-order-small:0;--awb-spacing-right-small:1.92%;--awb-spacing-left-small:1.92%;\"><div class=\"fusion-column-wrapper fusion-column-has-shadow fusion-flex-justify-content-flex-start fusion-content-layout-column\"><div class=\"fusion-title title fusion-title-3 fusion-sep-none fusion-title-text fusion-title-size-two\" style=\"--awb-margin-top-small:0px;--awb-margin-right-small:0px;--awb-margin-bottom-small:20px;--awb-margin-left-small:0px;\"><h2 class=\"fusion-title-heading title-heading-left\" style=\"margin:0;\">Den tilkoblede lastbanken som gj\u00f8r testene dine smarte<\/h2><\/div><div class=\"fusion-text fusion-text-3\"><p style=\"text-align: center;\">Den tilkoblede rackbelastningsbanken med en effekt p\u00e5 7kW har dobbel str\u00f8mforsyning og har en delta T\u00b0 tilsvarende dataservere.<\/p>\n<\/div><div style=\"text-align:center;\"><a class=\"fusion-button button-flat fusion-button-default-size button-default fusion-button-default button-2 fusion-button-default-span fusion-button-default-type\" target=\"_self\" href=\"https:\/\/rentaload.com\/fr\/produits-banc-de-charge\/banc-rackable-connecte-7kw\/\"><i class=\" fa fa-file-text-o awb-button__icon awb-button__icon--default button-icon-left\" aria-hidden=\"true\"><\/i><span class=\"fusion-button-text awb-button__text awb-button__text--default\">Rack lastebank<\/span><\/a><\/div><\/div><\/div><\/div><\/div><div class=\"fusion-fullwidth fullwidth-box fusion-builder-row-4 fusion-flex-container nonhundred-percent-fullwidth non-hundred-percent-height-scrolling ctnr-img-droite\" style=\"--awb-border-radius-top-left:0px;--awb-border-radius-top-right:0px;--awb-border-radius-bottom-right:0px;--awb-border-radius-bottom-left:0px;--awb-flex-wrap:wrap;\" ><div class=\"fusion-builder-row fusion-row fusion-flex-align-items-flex-start fusion-flex-justify-content-center fusion-flex-content-wrap\" style=\"max-width:1144px;margin-left: calc(-4% \/ 2 );margin-right: calc(-4% \/ 2 );\"><div class=\"fusion-layout-column fusion_builder_column fusion-builder-column-5 fusion_builder_column_1_2 1_2 fusion-flex-column fusion-flex-align-self-center col-inside\" style=\"--awb-bg-size:cover;--awb-width-large:50%;--awb-margin-top-large:0px;--awb-spacing-right-large:3.84%;--awb-margin-bottom-large:20px;--awb-spacing-left-large:3.84%;--awb-width-medium:100%;--awb-order-medium:0;--awb-spacing-right-medium:1.92%;--awb-spacing-left-medium:1.92%;--awb-width-small:100%;--awb-order-small:0;--awb-spacing-right-small:1.92%;--awb-spacing-left-small:1.92%;\"><div class=\"fusion-column-wrapper fusion-column-has-shadow fusion-flex-justify-content-flex-start fusion-content-layout-column\"><div class=\"fusion-title title fusion-title-4 fusion-sep-none fusion-title-text fusion-title-size-two\" style=\"--awb-margin-top-small:0px;--awb-margin-right-small:0px;--awb-margin-bottom-small:20px;--awb-margin-left-small:0px;\"><h2 class=\"fusion-title-heading title-heading-left\" style=\"margin:0;\">Rentalab, datasenterets testoverv\u00e5kingsprogramvare<\/h2><\/div><div class=\"fusion-text fusion-text-4\"><p style=\"text-align: center;\">Rentalab-verkt\u00f8yet lar deg kontrollere opptil 200 lastbanker samtidig, for \u00e5 hente elektrisk og termisk informasjon fra rommet ditt og generere testrapporter.<\/p>\n<\/div><div style=\"text-align:center;\"><a class=\"fusion-button button-flat fusion-button-default-size button-default fusion-button-default button-3 fusion-button-default-span fusion-button-default-type\" target=\"_self\" href=\"https:\/\/rentaload.com\/supervision-banc-de-charge\/\"><i class=\" fa fa-desktop awb-button__icon awb-button__icon--default button-icon-left\" aria-hidden=\"true\"><\/i><span class=\"fusion-button-text awb-button__text awb-button__text--default\">V\u00e5rt overv\u00e5kingsverkt\u00f8y<\/span><\/a><\/div><\/div><\/div><div class=\"fusion-layout-column fusion_builder_column fusion-builder-column-6 fusion_builder_column_1_2 1_2 fusion-flex-column col-img\" style=\"--awb-bg-size:cover;--awb-width-large:50%;--awb-margin-top-large:0px;--awb-spacing-right-large:3.84%;--awb-margin-bottom-large:20px;--awb-spacing-left-large:3.84%;--awb-width-medium:100%;--awb-order-medium:0;--awb-spacing-right-medium:1.92%;--awb-spacing-left-medium:1.92%;--awb-width-small:100%;--awb-order-small:0;--awb-spacing-right-small:1.92%;--awb-spacing-left-small:1.92%;\"><div class=\"fusion-column-wrapper fusion-column-has-shadow fusion-flex-justify-content-flex-start fusion-content-layout-column\"><div class=\"fusion-image-element \" style=\"--awb-caption-title-font-family:var(--h2_typography-font-family);--awb-caption-title-font-weight:var(--h2_typography-font-weight);--awb-caption-title-font-style:var(--h2_typography-font-style);--awb-caption-title-size:var(--h2_typography-font-size);--awb-caption-title-transform:var(--h2_typography-text-transform);--awb-caption-title-line-height:var(--h2_typography-line-height);--awb-caption-title-letter-spacing:var(--h2_typography-letter-spacing);\"><span class=\" fusion-imageframe imageframe-none imageframe-3 hover-type-none\"><img decoding=\"async\" width=\"800\" height=\"600\" title=\"image logiciel supervision-min\" src=\"https:\/\/rentaload.com\/wp-content\/uploads\/2022\/02\/image-logiciel-supervision-min.jpg\" alt class=\"img-responsive wp-image-23109\" srcset=\"https:\/\/rentaload.com\/wp-content\/uploads\/2022\/02\/image-logiciel-supervision-min-200x150.jpg 200w, https:\/\/rentaload.com\/wp-content\/uploads\/2022\/02\/image-logiciel-supervision-min-400x300.jpg 400w, https:\/\/rentaload.com\/wp-content\/uploads\/2022\/02\/image-logiciel-supervision-min-600x450.jpg 600w, https:\/\/rentaload.com\/wp-content\/uploads\/2022\/02\/image-logiciel-supervision-min.jpg 800w\" sizes=\"(max-width: 1024px) 100vw, (max-width: 640px) 100vw, 600px\" \/><\/span><\/div><\/div><\/div><\/div><\/div><\/p>\n","protected":false},"excerpt":{"rendered":"","protected":false},"author":3,"featured_media":0,"parent":28848,"menu_order":0,"comment_status":"closed","ping_status":"closed","template":"100-width.php","meta":{"footnotes":""},"class_list":["post-28819","page","type-page","status-publish","hentry"],"yoast_head":"<!-- This site is optimized with the Yoast SEO plugin v27.4 - https:\/\/yoast.com\/product\/yoast-seo-wordpress\/ -->\n<title>Rentaload: Lastebanker for vindmarkedet<\/title>\n<meta name=\"description\" content=\"Lastebenken gj\u00f8r det mulig \u00e5 simulere en last og \u00e5 unng\u00e5 problemer med for tidlig slitasje p\u00e5 den ene siden og p\u00e5 den andre siden \u00e5 teste det ulike utstyret.\" \/>\n<meta name=\"robots\" content=\"index, follow, max-snippet:-1, max-image-preview:large, max-video-preview:-1\" \/>\n<link rel=\"canonical\" href=\"https:\/\/rentaload.com\/no\/test-benk-applikasjoner\/vind-sol\/\" \/>\n<meta property=\"og:locale\" content=\"nb_NO\" \/>\n<meta property=\"og:type\" content=\"article\" \/>\n<meta property=\"og:title\" content=\"Rentaload: Lastebanker for vindmarkedet\" \/>\n<meta property=\"og:description\" content=\"Lastebenken gj\u00f8r det mulig \u00e5 simulere en last og \u00e5 unng\u00e5 problemer med for tidlig slitasje p\u00e5 den ene siden og p\u00e5 den andre siden \u00e5 teste det ulike utstyret.\" \/>\n<meta property=\"og:url\" content=\"https:\/\/rentaload.com\/no\/test-benk-applikasjoner\/vind-sol\/\" \/>\n<meta property=\"og:site_name\" content=\"Rentaload\" \/>\n<meta property=\"article:modified_time\" content=\"2022-07-03T22:34:25+00:00\" \/>\n<meta name=\"twitter:card\" content=\"summary_large_image\" \/>\n<meta name=\"twitter:label1\" content=\"Ansl. lesetid\" \/>\n\t<meta name=\"twitter:data1\" content=\"27 minutter\" \/>\n<script type=\"application\/ld+json\" class=\"yoast-schema-graph\">{\"@context\":\"https:\\\/\\\/schema.org\",\"@graph\":[{\"@type\":\"WebPage\",\"@id\":\"https:\\\/\\\/rentaload.com\\\/no\\\/test-benk-applikasjoner\\\/vind-sol\\\/\",\"url\":\"https:\\\/\\\/rentaload.com\\\/no\\\/test-benk-applikasjoner\\\/vind-sol\\\/\",\"name\":\"Rentaload: Lastebanker for vindmarkedet\",\"isPartOf\":{\"@id\":\"https:\\\/\\\/rentaload.com\\\/no\\\/#website\"},\"datePublished\":\"2018-03-05T14:22:54+00:00\",\"dateModified\":\"2022-07-03T22:34:25+00:00\",\"description\":\"Lastebenken gj\u00f8r det mulig \u00e5 simulere en last og \u00e5 unng\u00e5 problemer med for tidlig slitasje p\u00e5 den ene siden og p\u00e5 den andre siden \u00e5 teste det ulike utstyret.\",\"breadcrumb\":{\"@id\":\"https:\\\/\\\/rentaload.com\\\/no\\\/test-benk-applikasjoner\\\/vind-sol\\\/#breadcrumb\"},\"inLanguage\":\"nb-NO\",\"potentialAction\":[{\"@type\":\"ReadAction\",\"target\":[\"https:\\\/\\\/rentaload.com\\\/no\\\/test-benk-applikasjoner\\\/vind-sol\\\/\"]}]},{\"@type\":\"BreadcrumbList\",\"@id\":\"https:\\\/\\\/rentaload.com\\\/no\\\/test-benk-applikasjoner\\\/vind-sol\\\/#breadcrumb\",\"itemListElement\":[{\"@type\":\"ListItem\",\"position\":1,\"name\":\"Sektorer\",\"item\":\"https:\\\/\\\/rentaload.com\\\/no\\\/test-benk-applikasjoner\\\/\"},{\"@type\":\"ListItem\",\"position\":2,\"name\":\"Vind og alternativ energi\"}]},{\"@type\":\"WebSite\",\"@id\":\"https:\\\/\\\/rentaload.com\\\/no\\\/#website\",\"url\":\"https:\\\/\\\/rentaload.com\\\/no\\\/\",\"name\":\"Rentaload\",\"description\":\"Load bank hire - location banc de charge - Lastbank vermietung\",\"publisher\":{\"@id\":\"https:\\\/\\\/rentaload.com\\\/no\\\/#organization\"},\"potentialAction\":[{\"@type\":\"SearchAction\",\"target\":{\"@type\":\"EntryPoint\",\"urlTemplate\":\"https:\\\/\\\/rentaload.com\\\/no\\\/?s={search_term_string}\"},\"query-input\":{\"@type\":\"PropertyValueSpecification\",\"valueRequired\":true,\"valueName\":\"search_term_string\"}}],\"inLanguage\":\"nb-NO\"},{\"@type\":\"Organization\",\"@id\":\"https:\\\/\\\/rentaload.com\\\/no\\\/#organization\",\"name\":\"Rentaload\",\"url\":\"https:\\\/\\\/rentaload.com\\\/no\\\/\",\"logo\":{\"@type\":\"ImageObject\",\"inLanguage\":\"nb-NO\",\"@id\":\"https:\\\/\\\/rentaload.com\\\/no\\\/#\\\/schema\\\/logo\\\/image\\\/\",\"url\":\"https:\\\/\\\/rentaload.com\\\/wp-content\\\/uploads\\\/2018\\\/03\\\/rentaload-logo-location-banc-de-charge-test-louer-1.png\",\"contentUrl\":\"https:\\\/\\\/rentaload.com\\\/wp-content\\\/uploads\\\/2018\\\/03\\\/rentaload-logo-location-banc-de-charge-test-louer-1.png\",\"width\":470,\"height\":100,\"caption\":\"Rentaload\"},\"image\":{\"@id\":\"https:\\\/\\\/rentaload.com\\\/no\\\/#\\\/schema\\\/logo\\\/image\\\/\"}}]}<\/script>\n<!-- \/ Yoast SEO plugin. -->","yoast_head_json":{"title":"Rentaload: Lastebanker for vindmarkedet","description":"Lastebenken gj\u00f8r det mulig \u00e5 simulere en last og \u00e5 unng\u00e5 problemer med for tidlig slitasje p\u00e5 den ene siden og p\u00e5 den andre siden \u00e5 teste det ulike utstyret.","robots":{"index":"index","follow":"follow","max-snippet":"max-snippet:-1","max-image-preview":"max-image-preview:large","max-video-preview":"max-video-preview:-1"},"canonical":"https:\/\/rentaload.com\/no\/test-benk-applikasjoner\/vind-sol\/","og_locale":"nb_NO","og_type":"article","og_title":"Rentaload: Lastebanker for vindmarkedet","og_description":"Lastebenken gj\u00f8r det mulig \u00e5 simulere en last og \u00e5 unng\u00e5 problemer med for tidlig slitasje p\u00e5 den ene siden og p\u00e5 den andre siden \u00e5 teste det ulike utstyret.","og_url":"https:\/\/rentaload.com\/no\/test-benk-applikasjoner\/vind-sol\/","og_site_name":"Rentaload","article_modified_time":"2022-07-03T22:34:25+00:00","twitter_card":"summary_large_image","twitter_misc":{"Ansl. lesetid":"27 minutter"},"schema":{"@context":"https:\/\/schema.org","@graph":[{"@type":"WebPage","@id":"https:\/\/rentaload.com\/no\/test-benk-applikasjoner\/vind-sol\/","url":"https:\/\/rentaload.com\/no\/test-benk-applikasjoner\/vind-sol\/","name":"Rentaload: Lastebanker for vindmarkedet","isPartOf":{"@id":"https:\/\/rentaload.com\/no\/#website"},"datePublished":"2018-03-05T14:22:54+00:00","dateModified":"2022-07-03T22:34:25+00:00","description":"Lastebenken gj\u00f8r det mulig \u00e5 simulere en last og \u00e5 unng\u00e5 problemer med for tidlig slitasje p\u00e5 den ene siden og p\u00e5 den andre siden \u00e5 teste det ulike utstyret.","breadcrumb":{"@id":"https:\/\/rentaload.com\/no\/test-benk-applikasjoner\/vind-sol\/#breadcrumb"},"inLanguage":"nb-NO","potentialAction":[{"@type":"ReadAction","target":["https:\/\/rentaload.com\/no\/test-benk-applikasjoner\/vind-sol\/"]}]},{"@type":"BreadcrumbList","@id":"https:\/\/rentaload.com\/no\/test-benk-applikasjoner\/vind-sol\/#breadcrumb","itemListElement":[{"@type":"ListItem","position":1,"name":"Sektorer","item":"https:\/\/rentaload.com\/no\/test-benk-applikasjoner\/"},{"@type":"ListItem","position":2,"name":"Vind og alternativ energi"}]},{"@type":"WebSite","@id":"https:\/\/rentaload.com\/no\/#website","url":"https:\/\/rentaload.com\/no\/","name":"Rentaload","description":"Load bank hire - location banc de charge - Lastbank vermietung","publisher":{"@id":"https:\/\/rentaload.com\/no\/#organization"},"potentialAction":[{"@type":"SearchAction","target":{"@type":"EntryPoint","urlTemplate":"https:\/\/rentaload.com\/no\/?s={search_term_string}"},"query-input":{"@type":"PropertyValueSpecification","valueRequired":true,"valueName":"search_term_string"}}],"inLanguage":"nb-NO"},{"@type":"Organization","@id":"https:\/\/rentaload.com\/no\/#organization","name":"Rentaload","url":"https:\/\/rentaload.com\/no\/","logo":{"@type":"ImageObject","inLanguage":"nb-NO","@id":"https:\/\/rentaload.com\/no\/#\/schema\/logo\/image\/","url":"https:\/\/rentaload.com\/wp-content\/uploads\/2018\/03\/rentaload-logo-location-banc-de-charge-test-louer-1.png","contentUrl":"https:\/\/rentaload.com\/wp-content\/uploads\/2018\/03\/rentaload-logo-location-banc-de-charge-test-louer-1.png","width":470,"height":100,"caption":"Rentaload"},"image":{"@id":"https:\/\/rentaload.com\/no\/#\/schema\/logo\/image\/"}}]}},"_links":{"self":[{"href":"https:\/\/rentaload.com\/no\/wp-json\/wp\/v2\/pages\/28819","targetHints":{"allow":["GET"]}}],"collection":[{"href":"https:\/\/rentaload.com\/no\/wp-json\/wp\/v2\/pages"}],"about":[{"href":"https:\/\/rentaload.com\/no\/wp-json\/wp\/v2\/types\/page"}],"author":[{"embeddable":true,"href":"https:\/\/rentaload.com\/no\/wp-json\/wp\/v2\/users\/3"}],"replies":[{"embeddable":true,"href":"https:\/\/rentaload.com\/no\/wp-json\/wp\/v2\/comments?post=28819"}],"version-history":[{"count":5,"href":"https:\/\/rentaload.com\/no\/wp-json\/wp\/v2\/pages\/28819\/revisions"}],"predecessor-version":[{"id":28865,"href":"https:\/\/rentaload.com\/no\/wp-json\/wp\/v2\/pages\/28819\/revisions\/28865"}],"up":[{"embeddable":true,"href":"https:\/\/rentaload.com\/no\/wp-json\/wp\/v2\/pages\/28848"}],"wp:attachment":[{"href":"https:\/\/rentaload.com\/no\/wp-json\/wp\/v2\/media?parent=28819"}],"curies":[{"name":"wp","href":"https:\/\/api.w.org\/{rel}","templated":true}]}}