{"id":28842,"date":"2018-03-05T15:31:36","date_gmt":"2018-03-05T14:31:36","guid":{"rendered":"https:\/\/rentaload.com\/panelbygger\/"},"modified":"2022-07-04T00:34:25","modified_gmt":"2022-07-03T22:34:25","slug":"panelbygger","status":"publish","type":"page","link":"https:\/\/rentaload.com\/no\/test-benk-applikasjoner\/panelbygger\/","title":{"rendered":"Panelbygger og laboratorier"},"content":{"rendered":"<div class=\"fusion-fullwidth fullwidth-box fusion-builder-row-1 fusion-flex-container nonhundred-percent-fullwidth non-hundred-percent-height-scrolling ctnr-top-h1\" style=\"--awb-border-radius-top-left:0px;--awb-border-radius-top-right:0px;--awb-border-radius-bottom-right:0px;--awb-border-radius-bottom-left:0px;--awb-flex-wrap:wrap;\" ><div class=\"fusion-builder-row fusion-row fusion-flex-align-items-flex-start fusion-flex-justify-content-center fusion-flex-content-wrap\" style=\"max-width:1144px;margin-left: calc(-4% \/ 2 );margin-right: calc(-4% \/ 2 );\"><div class=\"fusion-layout-column fusion_builder_column fusion-builder-column-0 fusion_builder_column_1_2 1_2 fusion-flex-column col-inside\" style=\"--awb-bg-size:cover;--awb-width-large:50%;--awb-margin-top-large:0px;--awb-spacing-right-large:3.84%;--awb-margin-bottom-large:20px;--awb-spacing-left-large:3.84%;--awb-width-medium:100%;--awb-order-medium:0;--awb-spacing-right-medium:1.92%;--awb-spacing-left-medium:1.92%;--awb-width-small:100%;--awb-order-small:0;--awb-spacing-right-small:1.92%;--awb-spacing-left-small:1.92%;\"><div class=\"fusion-column-wrapper fusion-column-has-shadow fusion-flex-justify-content-flex-start fusion-content-layout-column\"><div class=\"fusion-title title fusion-title-1 fusion-sep-none fusion-title-text fusion-title-size-one\" style=\"--awb-margin-top-small:0px;--awb-margin-right-small:0px;--awb-margin-bottom-small:20px;--awb-margin-left-small:0px;\"><h1 class=\"fusion-title-heading title-heading-left\" style=\"margin:0;\">Laboratorie- og panelbygger<\/h1><\/div><div class=\"fusion-text fusion-text-1\"><h3>Prinsipp for utstyrssikkerhet og tester<\/h3>\n<p>Ved kabling av elektriske skap og montering av dem, har fagfolk i elektrisitetsverdenen (panelbyggere, installat\u00f8rer, distribut\u00f8rer og produsenter av elektrisk utstyr, produsenter av spesialmaskiner, integratorer og installat\u00f8rer for fornybar energi, etc.) regelmessig behov for \u00e5 s\u00f8rge for dimensjonering av deres elektriske diagram. En lastbank er et middel for \u00e5 teste utstyr f\u00f8r det kobles til eller under vedlikeholds- eller renoveringsfaser.<\/p>\n<h3>Typer panelbygger-lastbankapplikasjon<\/h3>\n<ul>\n<li>Hovednettverkstest f\u00f8r tilkobling<\/li>\n<li>Lastbank for \u00e5 teste standby-generatoren<\/li>\n<li>Diverse testing av elektrisk utstyr<\/li>\n<\/ul>\n<\/div><div ><a class=\"fusion-button button-flat fusion-button-default-size button-default fusion-button-default button-1 fusion-button-default-span fusion-button-default-type\" target=\"_self\" href=\"https:\/\/rentaload.com\/no\/kontakt\/\"><span class=\"fusion-button-text awb-button__text awb-button__text--default\">KONTAKT OSS<\/span><\/a><\/div><\/div><\/div><div class=\"fusion-layout-column fusion_builder_column fusion-builder-column-1 fusion_builder_column_1_2 1_2 fusion-flex-column col-img\" style=\"--awb-bg-size:cover;--awb-width-large:50%;--awb-margin-top-large:0px;--awb-spacing-right-large:3.84%;--awb-margin-bottom-large:20px;--awb-spacing-left-large:3.84%;--awb-width-medium:100%;--awb-order-medium:0;--awb-spacing-right-medium:1.92%;--awb-spacing-left-medium:1.92%;--awb-width-small:100%;--awb-order-small:0;--awb-spacing-right-small:1.92%;--awb-spacing-left-small:1.92%;\"><div class=\"fusion-column-wrapper fusion-column-has-shadow fusion-flex-justify-content-flex-start fusion-content-layout-column\"><div class=\"fusion-image-element \" style=\"text-align:center;--awb-caption-title-font-family:var(--h2_typography-font-family);--awb-caption-title-font-weight:var(--h2_typography-font-weight);--awb-caption-title-font-style:var(--h2_typography-font-style);--awb-caption-title-size:var(--h2_typography-font-size);--awb-caption-title-transform:var(--h2_typography-text-transform);--awb-caption-title-line-height:var(--h2_typography-line-height);--awb-caption-title-letter-spacing:var(--h2_typography-letter-spacing);\"><span class=\" fusion-imageframe imageframe-none imageframe-1 hover-type-none\"><img decoding=\"async\" width=\"600\" height=\"495\" title=\"Laboeatoire_test_electrique_banc_de_charge_louer_r\u00e9sistif_inductif\" src=\"https:\/\/rentaload.com\/wp-content\/uploads\/2018\/03\/Laboeatoire_test_electrique_banc_de_charge_louer_r\u00e9sistif_inductif-600x495.png\" alt class=\"img-responsive wp-image-17262\" srcset=\"https:\/\/rentaload.com\/wp-content\/uploads\/2018\/03\/Laboeatoire_test_electrique_banc_de_charge_louer_r\u00e9sistif_inductif-200x165.png 200w, https:\/\/rentaload.com\/wp-content\/uploads\/2018\/03\/Laboeatoire_test_electrique_banc_de_charge_louer_r\u00e9sistif_inductif-400x330.png 400w, https:\/\/rentaload.com\/wp-content\/uploads\/2018\/03\/Laboeatoire_test_electrique_banc_de_charge_louer_r\u00e9sistif_inductif-600x495.png 600w, https:\/\/rentaload.com\/wp-content\/uploads\/2018\/03\/Laboeatoire_test_electrique_banc_de_charge_louer_r\u00e9sistif_inductif.png 604w\" sizes=\"(max-width: 1024px) 100vw, (max-width: 640px) 100vw, 600px\" \/><\/span><\/div><\/div><\/div><\/div><\/div>\n","protected":false},"excerpt":{"rendered":"","protected":false},"author":3,"featured_media":0,"parent":28848,"menu_order":0,"comment_status":"closed","ping_status":"closed","template":"","meta":{"footnotes":""},"class_list":["post-28842","page","type-page","status-publish","hentry"],"yoast_head":"<!-- This site is optimized with the Yoast SEO plugin v27.4 - https:\/\/yoast.com\/product\/yoast-seo-wordpress\/ -->\n<title>Rentaload: Last bankapplikasjoner: TGBTt Test<\/title>\n<meta name=\"description\" content=\"En lastbank er et middel for \u00e5 teste utstyr f\u00f8r det kobles til eller under vedlikeholds- eller renoveringsfaser.\" \/>\n<meta name=\"robots\" content=\"index, follow, max-snippet:-1, max-image-preview:large, max-video-preview:-1\" \/>\n<link rel=\"canonical\" href=\"https:\/\/rentaload.com\/no\/test-benk-applikasjoner\/panelbygger\/\" \/>\n<meta property=\"og:locale\" content=\"nb_NO\" \/>\n<meta property=\"og:type\" content=\"article\" \/>\n<meta property=\"og:title\" content=\"Rentaload: Last bankapplikasjoner: TGBTt Test\" \/>\n<meta property=\"og:description\" content=\"En lastbank er et middel for \u00e5 teste utstyr f\u00f8r det kobles til eller under vedlikeholds- eller renoveringsfaser.\" \/>\n<meta property=\"og:url\" content=\"https:\/\/rentaload.com\/no\/test-benk-applikasjoner\/panelbygger\/\" \/>\n<meta property=\"og:site_name\" content=\"Rentaload\" \/>\n<meta property=\"article:modified_time\" content=\"2022-07-03T22:34:25+00:00\" \/>\n<meta name=\"twitter:card\" content=\"summary_large_image\" \/>\n<meta name=\"twitter:label1\" content=\"Ansl. lesetid\" \/>\n\t<meta name=\"twitter:data1\" content=\"8 minutter\" \/>\n<script type=\"application\/ld+json\" class=\"yoast-schema-graph\">{\"@context\":\"https:\\\/\\\/schema.org\",\"@graph\":[{\"@type\":\"WebPage\",\"@id\":\"https:\\\/\\\/rentaload.com\\\/no\\\/test-benk-applikasjoner\\\/panelbygger\\\/\",\"url\":\"https:\\\/\\\/rentaload.com\\\/no\\\/test-benk-applikasjoner\\\/panelbygger\\\/\",\"name\":\"Rentaload: Last bankapplikasjoner: TGBTt Test\",\"isPartOf\":{\"@id\":\"https:\\\/\\\/rentaload.com\\\/no\\\/#website\"},\"datePublished\":\"2018-03-05T14:31:36+00:00\",\"dateModified\":\"2022-07-03T22:34:25+00:00\",\"description\":\"En lastbank er et middel for \u00e5 teste utstyr f\u00f8r det kobles til eller under vedlikeholds- eller renoveringsfaser.\",\"breadcrumb\":{\"@id\":\"https:\\\/\\\/rentaload.com\\\/no\\\/test-benk-applikasjoner\\\/panelbygger\\\/#breadcrumb\"},\"inLanguage\":\"nb-NO\",\"potentialAction\":[{\"@type\":\"ReadAction\",\"target\":[\"https:\\\/\\\/rentaload.com\\\/no\\\/test-benk-applikasjoner\\\/panelbygger\\\/\"]}]},{\"@type\":\"BreadcrumbList\",\"@id\":\"https:\\\/\\\/rentaload.com\\\/no\\\/test-benk-applikasjoner\\\/panelbygger\\\/#breadcrumb\",\"itemListElement\":[{\"@type\":\"ListItem\",\"position\":1,\"name\":\"Sektorer\",\"item\":\"https:\\\/\\\/rentaload.com\\\/no\\\/test-benk-applikasjoner\\\/\"},{\"@type\":\"ListItem\",\"position\":2,\"name\":\"Panelbygger og laboratorier\"}]},{\"@type\":\"WebSite\",\"@id\":\"https:\\\/\\\/rentaload.com\\\/no\\\/#website\",\"url\":\"https:\\\/\\\/rentaload.com\\\/no\\\/\",\"name\":\"Rentaload\",\"description\":\"Load bank hire - location banc de charge - Lastbank vermietung\",\"publisher\":{\"@id\":\"https:\\\/\\\/rentaload.com\\\/no\\\/#organization\"},\"potentialAction\":[{\"@type\":\"SearchAction\",\"target\":{\"@type\":\"EntryPoint\",\"urlTemplate\":\"https:\\\/\\\/rentaload.com\\\/no\\\/?s={search_term_string}\"},\"query-input\":{\"@type\":\"PropertyValueSpecification\",\"valueRequired\":true,\"valueName\":\"search_term_string\"}}],\"inLanguage\":\"nb-NO\"},{\"@type\":\"Organization\",\"@id\":\"https:\\\/\\\/rentaload.com\\\/no\\\/#organization\",\"name\":\"Rentaload\",\"url\":\"https:\\\/\\\/rentaload.com\\\/no\\\/\",\"logo\":{\"@type\":\"ImageObject\",\"inLanguage\":\"nb-NO\",\"@id\":\"https:\\\/\\\/rentaload.com\\\/no\\\/#\\\/schema\\\/logo\\\/image\\\/\",\"url\":\"https:\\\/\\\/rentaload.com\\\/wp-content\\\/uploads\\\/2018\\\/03\\\/rentaload-logo-location-banc-de-charge-test-louer-1.png\",\"contentUrl\":\"https:\\\/\\\/rentaload.com\\\/wp-content\\\/uploads\\\/2018\\\/03\\\/rentaload-logo-location-banc-de-charge-test-louer-1.png\",\"width\":470,\"height\":100,\"caption\":\"Rentaload\"},\"image\":{\"@id\":\"https:\\\/\\\/rentaload.com\\\/no\\\/#\\\/schema\\\/logo\\\/image\\\/\"}}]}<\/script>\n<!-- \/ Yoast SEO plugin. -->","yoast_head_json":{"title":"Rentaload: Last bankapplikasjoner: TGBTt Test","description":"En lastbank er et middel for \u00e5 teste utstyr f\u00f8r det kobles til eller under vedlikeholds- eller renoveringsfaser.","robots":{"index":"index","follow":"follow","max-snippet":"max-snippet:-1","max-image-preview":"max-image-preview:large","max-video-preview":"max-video-preview:-1"},"canonical":"https:\/\/rentaload.com\/no\/test-benk-applikasjoner\/panelbygger\/","og_locale":"nb_NO","og_type":"article","og_title":"Rentaload: Last bankapplikasjoner: TGBTt Test","og_description":"En lastbank er et middel for \u00e5 teste utstyr f\u00f8r det kobles til eller under vedlikeholds- eller renoveringsfaser.","og_url":"https:\/\/rentaload.com\/no\/test-benk-applikasjoner\/panelbygger\/","og_site_name":"Rentaload","article_modified_time":"2022-07-03T22:34:25+00:00","twitter_card":"summary_large_image","twitter_misc":{"Ansl. lesetid":"8 minutter"},"schema":{"@context":"https:\/\/schema.org","@graph":[{"@type":"WebPage","@id":"https:\/\/rentaload.com\/no\/test-benk-applikasjoner\/panelbygger\/","url":"https:\/\/rentaload.com\/no\/test-benk-applikasjoner\/panelbygger\/","name":"Rentaload: Last bankapplikasjoner: TGBTt Test","isPartOf":{"@id":"https:\/\/rentaload.com\/no\/#website"},"datePublished":"2018-03-05T14:31:36+00:00","dateModified":"2022-07-03T22:34:25+00:00","description":"En lastbank er et middel for \u00e5 teste utstyr f\u00f8r det kobles til eller under vedlikeholds- eller renoveringsfaser.","breadcrumb":{"@id":"https:\/\/rentaload.com\/no\/test-benk-applikasjoner\/panelbygger\/#breadcrumb"},"inLanguage":"nb-NO","potentialAction":[{"@type":"ReadAction","target":["https:\/\/rentaload.com\/no\/test-benk-applikasjoner\/panelbygger\/"]}]},{"@type":"BreadcrumbList","@id":"https:\/\/rentaload.com\/no\/test-benk-applikasjoner\/panelbygger\/#breadcrumb","itemListElement":[{"@type":"ListItem","position":1,"name":"Sektorer","item":"https:\/\/rentaload.com\/no\/test-benk-applikasjoner\/"},{"@type":"ListItem","position":2,"name":"Panelbygger og laboratorier"}]},{"@type":"WebSite","@id":"https:\/\/rentaload.com\/no\/#website","url":"https:\/\/rentaload.com\/no\/","name":"Rentaload","description":"Load bank hire - location banc de charge - Lastbank vermietung","publisher":{"@id":"https:\/\/rentaload.com\/no\/#organization"},"potentialAction":[{"@type":"SearchAction","target":{"@type":"EntryPoint","urlTemplate":"https:\/\/rentaload.com\/no\/?s={search_term_string}"},"query-input":{"@type":"PropertyValueSpecification","valueRequired":true,"valueName":"search_term_string"}}],"inLanguage":"nb-NO"},{"@type":"Organization","@id":"https:\/\/rentaload.com\/no\/#organization","name":"Rentaload","url":"https:\/\/rentaload.com\/no\/","logo":{"@type":"ImageObject","inLanguage":"nb-NO","@id":"https:\/\/rentaload.com\/no\/#\/schema\/logo\/image\/","url":"https:\/\/rentaload.com\/wp-content\/uploads\/2018\/03\/rentaload-logo-location-banc-de-charge-test-louer-1.png","contentUrl":"https:\/\/rentaload.com\/wp-content\/uploads\/2018\/03\/rentaload-logo-location-banc-de-charge-test-louer-1.png","width":470,"height":100,"caption":"Rentaload"},"image":{"@id":"https:\/\/rentaload.com\/no\/#\/schema\/logo\/image\/"}}]}},"_links":{"self":[{"href":"https:\/\/rentaload.com\/no\/wp-json\/wp\/v2\/pages\/28842","targetHints":{"allow":["GET"]}}],"collection":[{"href":"https:\/\/rentaload.com\/no\/wp-json\/wp\/v2\/pages"}],"about":[{"href":"https:\/\/rentaload.com\/no\/wp-json\/wp\/v2\/types\/page"}],"author":[{"embeddable":true,"href":"https:\/\/rentaload.com\/no\/wp-json\/wp\/v2\/users\/3"}],"replies":[{"embeddable":true,"href":"https:\/\/rentaload.com\/no\/wp-json\/wp\/v2\/comments?post=28842"}],"version-history":[{"count":2,"href":"https:\/\/rentaload.com\/no\/wp-json\/wp\/v2\/pages\/28842\/revisions"}],"predecessor-version":[{"id":31500,"href":"https:\/\/rentaload.com\/no\/wp-json\/wp\/v2\/pages\/28842\/revisions\/31500"}],"up":[{"embeddable":true,"href":"https:\/\/rentaload.com\/no\/wp-json\/wp\/v2\/pages\/28848"}],"wp:attachment":[{"href":"https:\/\/rentaload.com\/no\/wp-json\/wp\/v2\/media?parent=28842"}],"curies":[{"name":"wp","href":"https:\/\/api.w.org\/{rel}","templated":true}]}}