{"id":28860,"date":"2018-03-05T15:29:17","date_gmt":"2018-03-05T14:29:17","guid":{"rendered":"https:\/\/rentaload.com\/test-benk-applikasjoner\/luft\/"},"modified":"2022-07-04T00:34:25","modified_gmt":"2022-07-03T22:34:25","slug":"luft","status":"publish","type":"page","link":"https:\/\/rentaload.com\/no\/test-benk-applikasjoner\/luft\/","title":{"rendered":"Luft"},"content":{"rendered":"<div class=\"fusion-fullwidth fullwidth-box fusion-builder-row-1 fusion-flex-container nonhundred-percent-fullwidth non-hundred-percent-height-scrolling ctnr-top-h1\" style=\"--awb-border-radius-top-left:0px;--awb-border-radius-top-right:0px;--awb-border-radius-bottom-right:0px;--awb-border-radius-bottom-left:0px;--awb-flex-wrap:wrap;\" ><div class=\"fusion-builder-row fusion-row fusion-flex-align-items-flex-start fusion-flex-justify-content-center fusion-flex-content-wrap\" style=\"max-width:1144px;margin-left: calc(-4% \/ 2 );margin-right: calc(-4% \/ 2 );\"><div class=\"fusion-layout-column fusion_builder_column fusion-builder-column-0 fusion_builder_column_1_2 1_2 fusion-flex-column col-inside\" style=\"--awb-bg-size:cover;--awb-width-large:50%;--awb-margin-top-large:0px;--awb-spacing-right-large:3.84%;--awb-margin-bottom-large:20px;--awb-spacing-left-large:3.84%;--awb-width-medium:100%;--awb-order-medium:0;--awb-spacing-right-medium:1.92%;--awb-spacing-left-medium:1.92%;--awb-width-small:100%;--awb-order-small:0;--awb-spacing-right-small:1.92%;--awb-spacing-left-small:1.92%;\"><div class=\"fusion-column-wrapper fusion-column-has-shadow fusion-flex-justify-content-flex-start fusion-content-layout-column\"><div class=\"fusion-title title fusion-title-1 fusion-sep-none fusion-title-text fusion-title-size-one\" style=\"--awb-margin-top-small:0px;--awb-margin-right-small:0px;--awb-margin-bottom-small:20px;--awb-margin-left-small:0px;\"><h1 class=\"fusion-title-heading title-heading-left\" style=\"margin:0;\">Luft<\/h1><\/div><div class=\"fusion-text fusion-text-1\" style=\"--awb-text-transform:none;\"><p><strong>Forleng batterilevetiden og st\u00f8tte produksjon<\/strong><br \/>\nDen systematiske tilstedev\u00e6relsen av batterier i fly eller skip som utf\u00f8rer strategiske og noen ganger farefulle oppdrag krever at dette utstyret er p\u00e5litelig og operativt. Vedlikehold av dette utstyret er derfor et n\u00f8kkelpoeng for suksess. Et batteri m\u00e5, avhengig av teknologien, utlades og regenereres eller bare testes for \u00e5 sikre at det fungerer som det skal. Bruk av lossebenk er derfor regelen for denne typen vedlikehold. Begrensningene i luftfarten (400 Hz frekvens) betyr at spesifikke utvalg av utladningsbenker er utviklet av produsentene.<\/p>\n<p>I tillegg, innen marine og luftfart, krever installasjonen av en termisk motor store monteringsoperasjoner som noen ganger er irreversible (f.eks. ub\u00e5ter eller skip). Det er n\u00f8dvendig \u00e5 sikre at motoren fungerer som den skal og at den er finjustert f\u00f8r lansering eller flytesting. Lastbanken fyller denne rollen fullt ut.<\/p>\n<p><strong>Last inn banktyper<\/strong><\/p>\n<ul>\n<li>DC batteriutladningsbenk<\/li>\n<li>Vekselstr\u00f8mutladningsbenk<\/li>\n<li>Lastbank for generator- eller turbintest<\/li>\n<\/ul>\n<\/div><div ><a class=\"fusion-button button-flat fusion-button-default-size button-default fusion-button-default button-1 fusion-button-default-span fusion-button-default-type\" target=\"_self\" href=\"https:\/\/rentaload.com\/no\/kontakt\/\"><span class=\"fusion-button-text awb-button__text awb-button__text--default\">KONTAKT OSS<\/span><\/a><\/div><\/div><\/div><div class=\"fusion-layout-column fusion_builder_column fusion-builder-column-1 fusion_builder_column_1_2 1_2 fusion-flex-column col-img\" style=\"--awb-bg-size:cover;--awb-width-large:50%;--awb-margin-top-large:0px;--awb-spacing-right-large:3.84%;--awb-margin-bottom-large:20px;--awb-spacing-left-large:3.84%;--awb-width-medium:100%;--awb-order-medium:0;--awb-spacing-right-medium:1.92%;--awb-spacing-left-medium:1.92%;--awb-width-small:100%;--awb-order-small:0;--awb-spacing-right-small:1.92%;--awb-spacing-left-small:1.92%;\"><div class=\"fusion-column-wrapper fusion-column-has-shadow fusion-flex-justify-content-flex-start fusion-content-layout-column\"><div class=\"fusion-image-element \" style=\"--awb-caption-title-font-family:var(--h2_typography-font-family);--awb-caption-title-font-weight:var(--h2_typography-font-weight);--awb-caption-title-font-style:var(--h2_typography-font-style);--awb-caption-title-size:var(--h2_typography-font-size);--awb-caption-title-transform:var(--h2_typography-text-transform);--awb-caption-title-line-height:var(--h2_typography-line-height);--awb-caption-title-letter-spacing:var(--h2_typography-letter-spacing);\"><span class=\" fusion-imageframe imageframe-none imageframe-1 hover-type-none\"><img decoding=\"async\" width=\"453\" height=\"372\" title=\"test_moteur_400hz_banc_de_charge_load-bank-avion_turbine\" src=\"https:\/\/rentaload.com\/wp-content\/uploads\/2018\/03\/test_moteur_400hz_banc_de_charge_load-bank-avion_turbine.jpg\" alt class=\"img-responsive wp-image-17260\" srcset=\"https:\/\/rentaload.com\/wp-content\/uploads\/2018\/03\/test_moteur_400hz_banc_de_charge_load-bank-avion_turbine-200x164.jpg 200w, https:\/\/rentaload.com\/wp-content\/uploads\/2018\/03\/test_moteur_400hz_banc_de_charge_load-bank-avion_turbine-400x328.jpg 400w, https:\/\/rentaload.com\/wp-content\/uploads\/2018\/03\/test_moteur_400hz_banc_de_charge_load-bank-avion_turbine.jpg 453w\" sizes=\"(max-width: 1024px) 100vw, (max-width: 640px) 100vw, 453px\" \/><\/span><\/div><\/div><\/div><\/div><\/div>\n","protected":false},"excerpt":{"rendered":"","protected":false},"author":3,"featured_media":0,"parent":28848,"menu_order":0,"comment_status":"closed","ping_status":"closed","template":"100-width.php","meta":{"footnotes":""},"class_list":["post-28860","page","type-page","status-publish","hentry"],"yoast_head":"<!-- This site is optimized with the Yoast SEO plugin v27.4 - https:\/\/yoast.com\/product\/yoast-seo-wordpress\/ -->\n<title>Rentaload: Last bankapplikasjoner: Flymarked<\/title>\n<meta name=\"robots\" content=\"index, follow, max-snippet:-1, max-image-preview:large, max-video-preview:-1\" \/>\n<link rel=\"canonical\" href=\"https:\/\/rentaload.com\/no\/test-benk-applikasjoner\/luft\/\" \/>\n<meta property=\"og:locale\" content=\"nb_NO\" \/>\n<meta property=\"og:type\" content=\"article\" \/>\n<meta property=\"og:title\" content=\"Rentaload: Last bankapplikasjoner: Flymarked\" \/>\n<meta property=\"og:url\" content=\"https:\/\/rentaload.com\/no\/test-benk-applikasjoner\/luft\/\" \/>\n<meta property=\"og:site_name\" content=\"Rentaload\" \/>\n<meta property=\"article:modified_time\" content=\"2022-07-03T22:34:25+00:00\" \/>\n<meta name=\"twitter:card\" content=\"summary_large_image\" \/>\n<meta name=\"twitter:label1\" content=\"Ansl. lesetid\" \/>\n\t<meta name=\"twitter:data1\" content=\"8 minutter\" \/>\n<script type=\"application\/ld+json\" class=\"yoast-schema-graph\">{\"@context\":\"https:\\\/\\\/schema.org\",\"@graph\":[{\"@type\":\"WebPage\",\"@id\":\"https:\\\/\\\/rentaload.com\\\/no\\\/test-benk-applikasjoner\\\/luft\\\/\",\"url\":\"https:\\\/\\\/rentaload.com\\\/no\\\/test-benk-applikasjoner\\\/luft\\\/\",\"name\":\"Rentaload: Last bankapplikasjoner: Flymarked\",\"isPartOf\":{\"@id\":\"https:\\\/\\\/rentaload.com\\\/no\\\/#website\"},\"datePublished\":\"2018-03-05T14:29:17+00:00\",\"dateModified\":\"2022-07-03T22:34:25+00:00\",\"breadcrumb\":{\"@id\":\"https:\\\/\\\/rentaload.com\\\/no\\\/test-benk-applikasjoner\\\/luft\\\/#breadcrumb\"},\"inLanguage\":\"nb-NO\",\"potentialAction\":[{\"@type\":\"ReadAction\",\"target\":[\"https:\\\/\\\/rentaload.com\\\/no\\\/test-benk-applikasjoner\\\/luft\\\/\"]}]},{\"@type\":\"BreadcrumbList\",\"@id\":\"https:\\\/\\\/rentaload.com\\\/no\\\/test-benk-applikasjoner\\\/luft\\\/#breadcrumb\",\"itemListElement\":[{\"@type\":\"ListItem\",\"position\":1,\"name\":\"Sektorer\",\"item\":\"https:\\\/\\\/rentaload.com\\\/no\\\/test-benk-applikasjoner\\\/\"},{\"@type\":\"ListItem\",\"position\":2,\"name\":\"Luft\"}]},{\"@type\":\"WebSite\",\"@id\":\"https:\\\/\\\/rentaload.com\\\/no\\\/#website\",\"url\":\"https:\\\/\\\/rentaload.com\\\/no\\\/\",\"name\":\"Rentaload\",\"description\":\"Load bank hire - location banc de charge - Lastbank vermietung\",\"publisher\":{\"@id\":\"https:\\\/\\\/rentaload.com\\\/no\\\/#organization\"},\"potentialAction\":[{\"@type\":\"SearchAction\",\"target\":{\"@type\":\"EntryPoint\",\"urlTemplate\":\"https:\\\/\\\/rentaload.com\\\/no\\\/?s={search_term_string}\"},\"query-input\":{\"@type\":\"PropertyValueSpecification\",\"valueRequired\":true,\"valueName\":\"search_term_string\"}}],\"inLanguage\":\"nb-NO\"},{\"@type\":\"Organization\",\"@id\":\"https:\\\/\\\/rentaload.com\\\/no\\\/#organization\",\"name\":\"Rentaload\",\"url\":\"https:\\\/\\\/rentaload.com\\\/no\\\/\",\"logo\":{\"@type\":\"ImageObject\",\"inLanguage\":\"nb-NO\",\"@id\":\"https:\\\/\\\/rentaload.com\\\/no\\\/#\\\/schema\\\/logo\\\/image\\\/\",\"url\":\"https:\\\/\\\/rentaload.com\\\/wp-content\\\/uploads\\\/2018\\\/03\\\/rentaload-logo-location-banc-de-charge-test-louer-1.png\",\"contentUrl\":\"https:\\\/\\\/rentaload.com\\\/wp-content\\\/uploads\\\/2018\\\/03\\\/rentaload-logo-location-banc-de-charge-test-louer-1.png\",\"width\":470,\"height\":100,\"caption\":\"Rentaload\"},\"image\":{\"@id\":\"https:\\\/\\\/rentaload.com\\\/no\\\/#\\\/schema\\\/logo\\\/image\\\/\"}}]}<\/script>\n<!-- \/ Yoast SEO plugin. -->","yoast_head_json":{"title":"Rentaload: Last bankapplikasjoner: Flymarked","robots":{"index":"index","follow":"follow","max-snippet":"max-snippet:-1","max-image-preview":"max-image-preview:large","max-video-preview":"max-video-preview:-1"},"canonical":"https:\/\/rentaload.com\/no\/test-benk-applikasjoner\/luft\/","og_locale":"nb_NO","og_type":"article","og_title":"Rentaload: Last bankapplikasjoner: Flymarked","og_url":"https:\/\/rentaload.com\/no\/test-benk-applikasjoner\/luft\/","og_site_name":"Rentaload","article_modified_time":"2022-07-03T22:34:25+00:00","twitter_card":"summary_large_image","twitter_misc":{"Ansl. lesetid":"8 minutter"},"schema":{"@context":"https:\/\/schema.org","@graph":[{"@type":"WebPage","@id":"https:\/\/rentaload.com\/no\/test-benk-applikasjoner\/luft\/","url":"https:\/\/rentaload.com\/no\/test-benk-applikasjoner\/luft\/","name":"Rentaload: Last bankapplikasjoner: Flymarked","isPartOf":{"@id":"https:\/\/rentaload.com\/no\/#website"},"datePublished":"2018-03-05T14:29:17+00:00","dateModified":"2022-07-03T22:34:25+00:00","breadcrumb":{"@id":"https:\/\/rentaload.com\/no\/test-benk-applikasjoner\/luft\/#breadcrumb"},"inLanguage":"nb-NO","potentialAction":[{"@type":"ReadAction","target":["https:\/\/rentaload.com\/no\/test-benk-applikasjoner\/luft\/"]}]},{"@type":"BreadcrumbList","@id":"https:\/\/rentaload.com\/no\/test-benk-applikasjoner\/luft\/#breadcrumb","itemListElement":[{"@type":"ListItem","position":1,"name":"Sektorer","item":"https:\/\/rentaload.com\/no\/test-benk-applikasjoner\/"},{"@type":"ListItem","position":2,"name":"Luft"}]},{"@type":"WebSite","@id":"https:\/\/rentaload.com\/no\/#website","url":"https:\/\/rentaload.com\/no\/","name":"Rentaload","description":"Load bank hire - location banc de charge - Lastbank vermietung","publisher":{"@id":"https:\/\/rentaload.com\/no\/#organization"},"potentialAction":[{"@type":"SearchAction","target":{"@type":"EntryPoint","urlTemplate":"https:\/\/rentaload.com\/no\/?s={search_term_string}"},"query-input":{"@type":"PropertyValueSpecification","valueRequired":true,"valueName":"search_term_string"}}],"inLanguage":"nb-NO"},{"@type":"Organization","@id":"https:\/\/rentaload.com\/no\/#organization","name":"Rentaload","url":"https:\/\/rentaload.com\/no\/","logo":{"@type":"ImageObject","inLanguage":"nb-NO","@id":"https:\/\/rentaload.com\/no\/#\/schema\/logo\/image\/","url":"https:\/\/rentaload.com\/wp-content\/uploads\/2018\/03\/rentaload-logo-location-banc-de-charge-test-louer-1.png","contentUrl":"https:\/\/rentaload.com\/wp-content\/uploads\/2018\/03\/rentaload-logo-location-banc-de-charge-test-louer-1.png","width":470,"height":100,"caption":"Rentaload"},"image":{"@id":"https:\/\/rentaload.com\/no\/#\/schema\/logo\/image\/"}}]}},"_links":{"self":[{"href":"https:\/\/rentaload.com\/no\/wp-json\/wp\/v2\/pages\/28860","targetHints":{"allow":["GET"]}}],"collection":[{"href":"https:\/\/rentaload.com\/no\/wp-json\/wp\/v2\/pages"}],"about":[{"href":"https:\/\/rentaload.com\/no\/wp-json\/wp\/v2\/types\/page"}],"author":[{"embeddable":true,"href":"https:\/\/rentaload.com\/no\/wp-json\/wp\/v2\/users\/3"}],"replies":[{"embeddable":true,"href":"https:\/\/rentaload.com\/no\/wp-json\/wp\/v2\/comments?post=28860"}],"version-history":[{"count":2,"href":"https:\/\/rentaload.com\/no\/wp-json\/wp\/v2\/pages\/28860\/revisions"}],"predecessor-version":[{"id":31498,"href":"https:\/\/rentaload.com\/no\/wp-json\/wp\/v2\/pages\/28860\/revisions\/31498"}],"up":[{"embeddable":true,"href":"https:\/\/rentaload.com\/no\/wp-json\/wp\/v2\/pages\/28848"}],"wp:attachment":[{"href":"https:\/\/rentaload.com\/no\/wp-json\/wp\/v2\/media?parent=28860"}],"curies":[{"name":"wp","href":"https:\/\/api.w.org\/{rel}","templated":true}]}}