{"id":28880,"date":"2018-03-14T09:29:58","date_gmt":"2018-03-14T08:29:58","guid":{"rendered":"https:\/\/rentaload.com\/test-benk-applikasjoner\/kjernefysisk\/"},"modified":"2022-07-04T00:34:59","modified_gmt":"2022-07-03T22:34:59","slug":"kjernefysisk","status":"publish","type":"page","link":"https:\/\/rentaload.com\/no\/test-benk-applikasjoner\/kjernefysisk\/","title":{"rendered":"Kjernefysisk"},"content":{"rendered":"<div class=\"fusion-fullwidth fullwidth-box fusion-builder-row-1 fusion-flex-container nonhundred-percent-fullwidth non-hundred-percent-height-scrolling ctnr-top-h1\" style=\"--awb-border-radius-top-left:0px;--awb-border-radius-top-right:0px;--awb-border-radius-bottom-right:0px;--awb-border-radius-bottom-left:0px;--awb-flex-wrap:wrap;\" ><div class=\"fusion-builder-row fusion-row fusion-flex-align-items-flex-start fusion-flex-justify-content-center fusion-flex-content-wrap\" style=\"max-width:1144px;margin-left: calc(-4% \/ 2 );margin-right: calc(-4% \/ 2 );\"><div class=\"fusion-layout-column fusion_builder_column fusion-builder-column-0 fusion_builder_column_1_2 1_2 fusion-flex-column col-inside\" style=\"--awb-bg-size:cover;--awb-width-large:50%;--awb-margin-top-large:0px;--awb-spacing-right-large:3.84%;--awb-margin-bottom-large:20px;--awb-spacing-left-large:3.84%;--awb-width-medium:100%;--awb-order-medium:0;--awb-spacing-right-medium:1.92%;--awb-spacing-left-medium:1.92%;--awb-width-small:100%;--awb-order-small:0;--awb-spacing-right-small:1.92%;--awb-spacing-left-small:1.92%;\"><div class=\"fusion-column-wrapper fusion-column-has-shadow fusion-flex-justify-content-flex-start fusion-content-layout-column\"><div class=\"fusion-title title fusion-title-1 fusion-sep-none fusion-title-text fusion-title-size-one\" style=\"--awb-margin-top-small:0px;--awb-margin-right-small:0px;--awb-margin-bottom-small:20px;--awb-margin-left-small:0px;\"><h1 class=\"fusion-title-heading title-heading-left\" style=\"margin:0;\">Kjernefysisk<\/h1><\/div><div class=\"fusion-text fusion-text-1\"><h2 class=\"entry-title\">Kjernefysisk<\/h2>\n<div class=\"entry-content\">\n<h3>Prinsippet for lastbanken i et kjernekraftverk<\/h3>\n<div dir=\"ltr\" data-font-name=\"g_font_p0_6\" data-canvas-width=\"518.8560154631139\">Driften av et kjernekraftverk krever et elektrisk kraftforsyningssystem for \u00e5 sikre driften og sikkerheten til installasjonen. Det elektriske distribusjonssystemet er utformet for \u00e5 m\u00f8te behovene til normal drift av enheten n\u00e5r den produserer elektrisitet eller under en nedstengningsperiode (kj\u00f8rende hjelpeenheter og permanente hjelpeenheter), men ogs\u00e5 for \u00e5 sikre tilf\u00f8rsel av utstyr som sikrer de sikkerhetsfunksjonene som kreves i tilfelle en hendelse eller ulykke p\u00e5 installasjonen (redde hjelpemenn). N\u00f8dgeneratorsett for dieselmotorer brukes til \u00e5 forsyne reaktorsikkerhetssystemene ved bortfall av str\u00f8mforsyning fra nasjonalt nett. Hver atomreaktor er utstyrt med to n\u00f8dgeneratorer. I tillegg er en ekstra generator tilgjengelig for alle reaktorene p\u00e5 samme sted. Hver av disse gruppene er tilstrekkelig til \u00e5 forsyne systemene som er n\u00f8dvendige for \u00e5 sikre reaktorens sikkerhet under avstengning.<\/div>\n<div dir=\"ltr\" data-font-name=\"g_font_p0_6\" data-canvas-width=\"518.8560154631139\"><\/div>\n<div dir=\"ltr\" data-font-name=\"g_font_p0_6\" data-canvas-width=\"518.8560154631139\">P\u00e5liteligheten til disse generatorsettene er avgj\u00f8rende. En regelmessig test av generatorenes funksjon utf\u00f8res derfor regelmessig. For dette oppfordrer kjernekraftverksledere produsenter som er i stand til \u00e5 produsere lastbanker som kan levere flere megawatt samt tilh\u00f8rende kontrollsystem (m\u00e5lesystem, automatiske sykluser). Disse lastbankene er ofte mellomspenning.<\/div>\n<\/div>\n<\/div><div ><a class=\"fusion-button button-flat fusion-button-default-size button-default fusion-button-default button-1 fusion-button-default-span fusion-button-default-type\" target=\"_self\" href=\"https:\/\/rentaload.com\/no\/kontakt\/\"><span class=\"fusion-button-text awb-button__text awb-button__text--default\">KONTAKT OSS<\/span><\/a><\/div><\/div><\/div><div class=\"fusion-layout-column fusion_builder_column fusion-builder-column-1 fusion_builder_column_1_2 1_2 fusion-flex-column col-img\" style=\"--awb-bg-size:cover;--awb-width-large:50%;--awb-margin-top-large:0px;--awb-spacing-right-large:3.84%;--awb-margin-bottom-large:20px;--awb-spacing-left-large:3.84%;--awb-width-medium:100%;--awb-order-medium:0;--awb-spacing-right-medium:1.92%;--awb-spacing-left-medium:1.92%;--awb-width-small:100%;--awb-order-small:0;--awb-spacing-right-small:1.92%;--awb-spacing-left-small:1.92%;\"><div class=\"fusion-column-wrapper fusion-column-has-shadow fusion-flex-justify-content-flex-start fusion-content-layout-column\"><div class=\"fusion-image-element \" style=\"text-align:center;--awb-caption-title-font-family:var(--h2_typography-font-family);--awb-caption-title-font-weight:var(--h2_typography-font-weight);--awb-caption-title-font-style:var(--h2_typography-font-style);--awb-caption-title-size:var(--h2_typography-font-size);--awb-caption-title-transform:var(--h2_typography-text-transform);--awb-caption-title-line-height:var(--h2_typography-line-height);--awb-caption-title-letter-spacing:var(--h2_typography-letter-spacing);\"><span class=\" fusion-imageframe imageframe-none imageframe-1 hover-type-none\"><img decoding=\"async\" width=\"600\" height=\"492\" title=\"nuclear-power-plant\" src=\"https:\/\/rentaload.com\/wp-content\/uploads\/2020\/09\/nuclear-power-plant-2-600x492.jpg\" alt class=\"img-responsive wp-image-20933\" srcset=\"https:\/\/rentaload.com\/wp-content\/uploads\/2020\/09\/nuclear-power-plant-2-200x164.jpg 200w, https:\/\/rentaload.com\/wp-content\/uploads\/2020\/09\/nuclear-power-plant-2-400x328.jpg 400w, https:\/\/rentaload.com\/wp-content\/uploads\/2020\/09\/nuclear-power-plant-2-600x492.jpg 600w, https:\/\/rentaload.com\/wp-content\/uploads\/2020\/09\/nuclear-power-plant-2.jpg 604w\" sizes=\"(max-width: 1024px) 100vw, (max-width: 640px) 100vw, 600px\" \/><\/span><\/div><\/div><\/div><\/div><\/div>\n","protected":false},"excerpt":{"rendered":"","protected":false},"author":3,"featured_media":0,"parent":28848,"menu_order":0,"comment_status":"closed","ping_status":"closed","template":"100-width.php","meta":{"footnotes":""},"class_list":["post-28880","page","type-page","status-publish","hentry"],"yoast_head":"<!-- This site is optimized with the Yoast SEO plugin v27.4 - https:\/\/yoast.com\/product\/yoast-seo-wordpress\/ -->\n<title>Rentaload: Last bankapplikasjoner: Atommarked<\/title>\n<meta name=\"description\" content=\"En regelmessig test av n\u00f8dgeneratorenes funksjon utf\u00f8res med jevne mellomrom. V\u00e5re lastbanker kan teste flere megawatt\" \/>\n<meta name=\"robots\" content=\"index, follow, max-snippet:-1, max-image-preview:large, max-video-preview:-1\" \/>\n<link rel=\"canonical\" href=\"https:\/\/rentaload.com\/no\/test-benk-applikasjoner\/kjernefysisk\/\" \/>\n<meta property=\"og:locale\" content=\"nb_NO\" \/>\n<meta property=\"og:type\" content=\"article\" \/>\n<meta property=\"og:title\" content=\"Rentaload: Last bankapplikasjoner: Atommarked\" \/>\n<meta property=\"og:description\" content=\"En regelmessig test av n\u00f8dgeneratorenes funksjon utf\u00f8res med jevne mellomrom. V\u00e5re lastbanker kan teste flere megawatt\" \/>\n<meta property=\"og:url\" content=\"https:\/\/rentaload.com\/no\/test-benk-applikasjoner\/kjernefysisk\/\" \/>\n<meta property=\"og:site_name\" content=\"Rentaload\" \/>\n<meta property=\"article:modified_time\" content=\"2022-07-03T22:34:59+00:00\" \/>\n<meta name=\"twitter:card\" content=\"summary_large_image\" \/>\n<meta name=\"twitter:label1\" content=\"Ansl. lesetid\" \/>\n\t<meta name=\"twitter:data1\" content=\"8 minutter\" \/>\n<script type=\"application\/ld+json\" class=\"yoast-schema-graph\">{\"@context\":\"https:\\\/\\\/schema.org\",\"@graph\":[{\"@type\":\"WebPage\",\"@id\":\"https:\\\/\\\/rentaload.com\\\/no\\\/test-benk-applikasjoner\\\/kjernefysisk\\\/\",\"url\":\"https:\\\/\\\/rentaload.com\\\/no\\\/test-benk-applikasjoner\\\/kjernefysisk\\\/\",\"name\":\"Rentaload: Last bankapplikasjoner: Atommarked\",\"isPartOf\":{\"@id\":\"https:\\\/\\\/rentaload.com\\\/no\\\/#website\"},\"datePublished\":\"2018-03-14T08:29:58+00:00\",\"dateModified\":\"2022-07-03T22:34:59+00:00\",\"description\":\"En regelmessig test av n\u00f8dgeneratorenes funksjon utf\u00f8res med jevne mellomrom. V\u00e5re lastbanker kan teste flere megawatt\",\"breadcrumb\":{\"@id\":\"https:\\\/\\\/rentaload.com\\\/no\\\/test-benk-applikasjoner\\\/kjernefysisk\\\/#breadcrumb\"},\"inLanguage\":\"nb-NO\",\"potentialAction\":[{\"@type\":\"ReadAction\",\"target\":[\"https:\\\/\\\/rentaload.com\\\/no\\\/test-benk-applikasjoner\\\/kjernefysisk\\\/\"]}]},{\"@type\":\"BreadcrumbList\",\"@id\":\"https:\\\/\\\/rentaload.com\\\/no\\\/test-benk-applikasjoner\\\/kjernefysisk\\\/#breadcrumb\",\"itemListElement\":[{\"@type\":\"ListItem\",\"position\":1,\"name\":\"Sektorer\",\"item\":\"https:\\\/\\\/rentaload.com\\\/no\\\/test-benk-applikasjoner\\\/\"},{\"@type\":\"ListItem\",\"position\":2,\"name\":\"Kjernefysisk\"}]},{\"@type\":\"WebSite\",\"@id\":\"https:\\\/\\\/rentaload.com\\\/no\\\/#website\",\"url\":\"https:\\\/\\\/rentaload.com\\\/no\\\/\",\"name\":\"Rentaload\",\"description\":\"Load bank hire - location banc de charge - Lastbank vermietung\",\"publisher\":{\"@id\":\"https:\\\/\\\/rentaload.com\\\/no\\\/#organization\"},\"potentialAction\":[{\"@type\":\"SearchAction\",\"target\":{\"@type\":\"EntryPoint\",\"urlTemplate\":\"https:\\\/\\\/rentaload.com\\\/no\\\/?s={search_term_string}\"},\"query-input\":{\"@type\":\"PropertyValueSpecification\",\"valueRequired\":true,\"valueName\":\"search_term_string\"}}],\"inLanguage\":\"nb-NO\"},{\"@type\":\"Organization\",\"@id\":\"https:\\\/\\\/rentaload.com\\\/no\\\/#organization\",\"name\":\"Rentaload\",\"url\":\"https:\\\/\\\/rentaload.com\\\/no\\\/\",\"logo\":{\"@type\":\"ImageObject\",\"inLanguage\":\"nb-NO\",\"@id\":\"https:\\\/\\\/rentaload.com\\\/no\\\/#\\\/schema\\\/logo\\\/image\\\/\",\"url\":\"https:\\\/\\\/rentaload.com\\\/wp-content\\\/uploads\\\/2018\\\/03\\\/rentaload-logo-location-banc-de-charge-test-louer-1.png\",\"contentUrl\":\"https:\\\/\\\/rentaload.com\\\/wp-content\\\/uploads\\\/2018\\\/03\\\/rentaload-logo-location-banc-de-charge-test-louer-1.png\",\"width\":470,\"height\":100,\"caption\":\"Rentaload\"},\"image\":{\"@id\":\"https:\\\/\\\/rentaload.com\\\/no\\\/#\\\/schema\\\/logo\\\/image\\\/\"}}]}<\/script>\n<!-- \/ Yoast SEO plugin. -->","yoast_head_json":{"title":"Rentaload: Last bankapplikasjoner: Atommarked","description":"En regelmessig test av n\u00f8dgeneratorenes funksjon utf\u00f8res med jevne mellomrom. V\u00e5re lastbanker kan teste flere megawatt","robots":{"index":"index","follow":"follow","max-snippet":"max-snippet:-1","max-image-preview":"max-image-preview:large","max-video-preview":"max-video-preview:-1"},"canonical":"https:\/\/rentaload.com\/no\/test-benk-applikasjoner\/kjernefysisk\/","og_locale":"nb_NO","og_type":"article","og_title":"Rentaload: Last bankapplikasjoner: Atommarked","og_description":"En regelmessig test av n\u00f8dgeneratorenes funksjon utf\u00f8res med jevne mellomrom. V\u00e5re lastbanker kan teste flere megawatt","og_url":"https:\/\/rentaload.com\/no\/test-benk-applikasjoner\/kjernefysisk\/","og_site_name":"Rentaload","article_modified_time":"2022-07-03T22:34:59+00:00","twitter_card":"summary_large_image","twitter_misc":{"Ansl. lesetid":"8 minutter"},"schema":{"@context":"https:\/\/schema.org","@graph":[{"@type":"WebPage","@id":"https:\/\/rentaload.com\/no\/test-benk-applikasjoner\/kjernefysisk\/","url":"https:\/\/rentaload.com\/no\/test-benk-applikasjoner\/kjernefysisk\/","name":"Rentaload: Last bankapplikasjoner: Atommarked","isPartOf":{"@id":"https:\/\/rentaload.com\/no\/#website"},"datePublished":"2018-03-14T08:29:58+00:00","dateModified":"2022-07-03T22:34:59+00:00","description":"En regelmessig test av n\u00f8dgeneratorenes funksjon utf\u00f8res med jevne mellomrom. V\u00e5re lastbanker kan teste flere megawatt","breadcrumb":{"@id":"https:\/\/rentaload.com\/no\/test-benk-applikasjoner\/kjernefysisk\/#breadcrumb"},"inLanguage":"nb-NO","potentialAction":[{"@type":"ReadAction","target":["https:\/\/rentaload.com\/no\/test-benk-applikasjoner\/kjernefysisk\/"]}]},{"@type":"BreadcrumbList","@id":"https:\/\/rentaload.com\/no\/test-benk-applikasjoner\/kjernefysisk\/#breadcrumb","itemListElement":[{"@type":"ListItem","position":1,"name":"Sektorer","item":"https:\/\/rentaload.com\/no\/test-benk-applikasjoner\/"},{"@type":"ListItem","position":2,"name":"Kjernefysisk"}]},{"@type":"WebSite","@id":"https:\/\/rentaload.com\/no\/#website","url":"https:\/\/rentaload.com\/no\/","name":"Rentaload","description":"Load bank hire - location banc de charge - Lastbank vermietung","publisher":{"@id":"https:\/\/rentaload.com\/no\/#organization"},"potentialAction":[{"@type":"SearchAction","target":{"@type":"EntryPoint","urlTemplate":"https:\/\/rentaload.com\/no\/?s={search_term_string}"},"query-input":{"@type":"PropertyValueSpecification","valueRequired":true,"valueName":"search_term_string"}}],"inLanguage":"nb-NO"},{"@type":"Organization","@id":"https:\/\/rentaload.com\/no\/#organization","name":"Rentaload","url":"https:\/\/rentaload.com\/no\/","logo":{"@type":"ImageObject","inLanguage":"nb-NO","@id":"https:\/\/rentaload.com\/no\/#\/schema\/logo\/image\/","url":"https:\/\/rentaload.com\/wp-content\/uploads\/2018\/03\/rentaload-logo-location-banc-de-charge-test-louer-1.png","contentUrl":"https:\/\/rentaload.com\/wp-content\/uploads\/2018\/03\/rentaload-logo-location-banc-de-charge-test-louer-1.png","width":470,"height":100,"caption":"Rentaload"},"image":{"@id":"https:\/\/rentaload.com\/no\/#\/schema\/logo\/image\/"}}]}},"_links":{"self":[{"href":"https:\/\/rentaload.com\/no\/wp-json\/wp\/v2\/pages\/28880","targetHints":{"allow":["GET"]}}],"collection":[{"href":"https:\/\/rentaload.com\/no\/wp-json\/wp\/v2\/pages"}],"about":[{"href":"https:\/\/rentaload.com\/no\/wp-json\/wp\/v2\/types\/page"}],"author":[{"embeddable":true,"href":"https:\/\/rentaload.com\/no\/wp-json\/wp\/v2\/users\/3"}],"replies":[{"embeddable":true,"href":"https:\/\/rentaload.com\/no\/wp-json\/wp\/v2\/comments?post=28880"}],"version-history":[{"count":5,"href":"https:\/\/rentaload.com\/no\/wp-json\/wp\/v2\/pages\/28880\/revisions"}],"predecessor-version":[{"id":31512,"href":"https:\/\/rentaload.com\/no\/wp-json\/wp\/v2\/pages\/28880\/revisions\/31512"}],"up":[{"embeddable":true,"href":"https:\/\/rentaload.com\/no\/wp-json\/wp\/v2\/pages\/28848"}],"wp:attachment":[{"href":"https:\/\/rentaload.com\/no\/wp-json\/wp\/v2\/media?parent=28880"}],"curies":[{"name":"wp","href":"https:\/\/api.w.org\/{rel}","templated":true}]}}