{"id":28888,"date":"2018-03-06T14:58:01","date_gmt":"2018-03-06T13:58:01","guid":{"rendered":"https:\/\/rentaload.com\/juridisk-varsel\/"},"modified":"2022-06-01T04:43:45","modified_gmt":"2022-06-01T02:43:45","slug":"juridisk-varsel","status":"publish","type":"page","link":"https:\/\/rentaload.com\/no\/juridisk-varsel\/","title":{"rendered":"Juridisk varsel"},"content":{"rendered":"<div class=\"fusion-fullwidth fullwidth-box fusion-builder-row-1 fusion-flex-container nonhundred-percent-fullwidth non-hundred-percent-height-scrolling\" style=\"--awb-border-radius-top-left:0px;--awb-border-radius-top-right:0px;--awb-border-radius-bottom-right:0px;--awb-border-radius-bottom-left:0px;--awb-flex-wrap:wrap;\" ><div class=\"fusion-builder-row fusion-row fusion-flex-align-items-stretch fusion-flex-content-wrap\" style=\"max-width:1144px;margin-left: calc(-4% \/ 2 );margin-right: calc(-4% \/ 2 );\"><div class=\"fusion-layout-column fusion_builder_column fusion-builder-column-0 fusion_builder_column_1_1 1_1 fusion-flex-column\" style=\"--awb-bg-size:cover;--awb-width-large:100%;--awb-margin-top-large:0px;--awb-spacing-right-large:1.92%;--awb-margin-bottom-large:20px;--awb-spacing-left-large:1.92%;--awb-width-medium:100%;--awb-spacing-right-medium:1.92%;--awb-spacing-left-medium:1.92%;--awb-width-small:100%;--awb-spacing-right-small:1.92%;--awb-spacing-left-small:1.92%;\"><div class=\"fusion-column-wrapper fusion-flex-justify-content-flex-start fusion-content-layout-column\"><div class=\"fusion-text fusion-text-1\" style=\"--awb-text-transform:none;\"><h2>1. Presentasjon av nettstedet:<\/h2>\n<p>I samsvar med bestemmelsene i artikkel 6-III og 19 i lov nr. 2004-575 av 21. juni 2004 om tillit til den digitale \u00f8konomien, kjent som LCEN, gj\u00f8r vi brukere og bes\u00f8kende p\u00e5 nettstedet oppmerksom p\u00e5: rentaload. com f\u00f8lgende informasjon:<br \/>\nJuridisk informasjon:<br \/>\nFirmanavn: RENTALOAD<br \/>\nRentaload varemerke registrert med INPI-eiendommen til selskapet Rentaload<br \/>\nAdresse: 353 rue de la Chapelle, 69400 GLEIZE \u2013 Frankrike<br \/>\nSIRENE: 818 118 358<br \/>\nE-postadresse: contact@rentaload.com<\/p>\n<p>Publikasjonssjefen er: Pierre-Luc BARBE<\/p>\n<p>Skaperen av siden er <a href=\"https:\/\/adesio.co\/\" rel=\"nofollow\">nettbyr\u00e5et Adesio<\/a><br \/>\nWebmaster er: Adesio<br \/>\nKontakt webansvarlig: info@adesio.co<br \/>\nNettstedets vert er: Kinsta<\/p>\n<h2>2. Beskrivelse av tjenestene som tilbys:<\/h2>\n<p>Form\u00e5let med nettstedet rentaload.com er \u00e5 gi informasjon om alle selskapets aktiviteter.<br \/>\nNettstedseieren streber etter \u00e5 gi nettstedet rentaload.com informasjon som er s\u00e5 n\u00f8yaktig som mulig. Den kan imidlertid ikke holdes ansvarlig for utelatelser, un\u00f8yaktigheter og mangler i oppdateringen, verken av seg selv eller av tredjepartspartnere som gir den denne informasjonen.<br \/>\nAll informasjon som tilbys p\u00e5 rentaload.com-siden er kun gitt til informasjon, er ikke utt\u00f8mmende og kan endres. De gis med forbehold om at endringer har blitt gjort siden de ble lagt ut p\u00e5 nettet.<\/p>\n<h2>3. Immaterielle rettigheter og forfalskninger:<\/h2>\n<p>Eieren av nettstedet er eieren av de immaterielle rettighetene eller har bruksrettighetene til alle elementene som er tilgjengelige p\u00e5 nettstedet, spesielt tekster, bilder, grafikk, logo, ikoner, lyder, programvare&#8230;<br \/>\nEnhver reproduksjon, representasjon, modifikasjon, publisering, total eller delvis tilpasning av elementene p\u00e5 nettstedet, uansett midler eller prosess som brukes, er forbudt, med unntak av skriftlig forh\u00e5ndsgodkjenning via e-post: contact@rentaload.com.<br \/>\nEnhver uautorisert bruk av nettstedet eller noen av disse elementene det inneholder vil bli ansett som en krenkelse og straffeforfulgt i samsvar med bestemmelsene i artiklene L.335-2 og f\u00f8lgende i \u00e5ndsverkloven.<\/p>\n<h2>4. Hypertekstlenker og informasjonskapsler:<\/h2>\n<p>Nettstedet rentaload.com inneholder et visst antall hypertekstlenker til andre nettsteder (partnere, informasjon, etc.) som er satt opp med tillatelse fra eieren av nettstedet. Eieren av nettstedet har imidlertid ikke mulighet til \u00e5 kontrollere innholdet p\u00e5 nettstedene som er bes\u00f8kt p\u00e5 denne m\u00e5ten, og fraskriver seg derfor ethvert ansvar for dette faktum som for mulige risikoer for ulovlig innhold.<br \/>\nBrukeren blir informert om at under hans bes\u00f8k p\u00e5 rentaload.com-siden, kan en eller flere informasjonskapsler automatisk installeres p\u00e5 datamaskinen hans. En informasjonskapsel er en liten fil som ikke tillater identifikasjon av brukeren, men som registrerer informasjon knyttet til navigering av en datamaskin p\u00e5 et nettsted. Dataene som er oppn\u00e5dd p\u00e5 denne m\u00e5ten er ment \u00e5 lette etterf\u00f8lgende navigering p\u00e5 nettstedet, og er ogs\u00e5 ment \u00e5 tillate ulike m\u00e5l for oppm\u00f8te.<br \/>\nKonfigurasjonen av navigasjonsprogramvaren gj\u00f8r det mulig \u00e5 informere om tilstedev\u00e6relsen av informasjonskapsler og muligens nekte p\u00e5 den m\u00e5ten som er beskrevet p\u00e5 f\u00f8lgende adresse: www.cnil.fr<br \/>\nNektelse av \u00e5 installere en informasjonskapsel kan gj\u00f8re det umulig \u00e5 f\u00e5 tilgang til visse tjenester. Brukeren kan imidlertid konfigurere datamaskinen som f\u00f8lger for \u00e5 nekte installasjon av informasjonskapsler.<\/p>\n<h2>5. Beskyttelse av eiendom og personer \u2013 h\u00e5ndtering av personopplysninger:<\/h2>\n<p>Bruker: Internett-bruker kobler til ved \u00e5 bruke det nevnte nettstedet: rentaload.com<br \/>\nI Frankrike er personopplysninger spesielt beskyttet av lov nr. 78-87 av 6. januar 1978, lov nr. 2004-801 av 6. august 2004, artikkel L. 226-13 i straffeloven og det europeiske direktivet av 24. oktober , 1995.<br \/>\nP\u00e5 rentaload.com-siden samler eieren av nettstedet inn personlig informasjon knyttet til brukeren kun for behov for visse tjenester som tilbys av rentaload.com-siden. Brukeren gir denne informasjonen med full kunnskap om fakta, spesielt n\u00e5r han legger inn den selv. Det er da spesifisert til brukeren av nettstedet rentaload.com forpliktelsen eller ikke \u00e5 gi denne informasjonen.<br \/>\nI samsvar med bestemmelsene i artikkel 38 og f\u00f8lgende i lov 78-17 av 6. januar 1978 om databehandling, filer og friheter, har enhver bruker rett til innsyn, retting, sletting og motsetning til personopplysninger om ham. For \u00e5 ut\u00f8ve denne rettigheten, send foresp\u00f8rselen din til rentaload.com via e-post eller ved \u00e5 sende en skriftlig og signert foresp\u00f8rsel, ledsaget av en kopi av identitetsdokumentet med underskrift fra innehaveren av dokumentet, og spesifisere adressen som svaret skal sendes til .<br \/>\nIngen personlig informasjon om brukeren av rentaload.com-siden publiseres uten brukerens viten, utvekslet, overf\u00f8rt, tildelt eller solgt p\u00e5 noe medium til tredjeparter. Bare hypotesen om kj\u00f8p av nettstedet rentaload.com fra eieren av nettstedet og dets rettigheter vil tillate overf\u00f8ring av nevnte informasjon til den potensielle kj\u00f8peren som igjen vil v\u00e6re bundet av den samme forpliktelsen til \u00e5 lagre og endre data i forhold til av brukeren av nettstedet rentaload.com.<\/p>\n<\/div><\/div><\/div><\/div><\/div>\n","protected":false},"excerpt":{"rendered":"","protected":false},"author":3,"featured_media":0,"parent":0,"menu_order":0,"comment_status":"closed","ping_status":"closed","template":"100-width.php","meta":{"footnotes":""},"class_list":["post-28888","page","type-page","status-publish","hentry"],"yoast_head":"<!-- This site is optimized with the Yoast SEO plugin v27.4 - https:\/\/yoast.com\/product\/yoast-seo-wordpress\/ -->\n<title>Rentaload: Juridisk merknad<\/title>\n<meta name=\"robots\" content=\"index, follow, max-snippet:-1, max-image-preview:large, max-video-preview:-1\" \/>\n<link rel=\"canonical\" href=\"https:\/\/rentaload.com\/no\/juridisk-varsel\/\" \/>\n<meta property=\"og:locale\" content=\"nb_NO\" \/>\n<meta property=\"og:type\" content=\"article\" \/>\n<meta property=\"og:title\" content=\"Rentaload: Juridisk merknad\" \/>\n<meta property=\"og:url\" content=\"https:\/\/rentaload.com\/no\/juridisk-varsel\/\" \/>\n<meta property=\"og:site_name\" content=\"Rentaload\" \/>\n<meta property=\"article:modified_time\" content=\"2022-06-01T02:43:45+00:00\" \/>\n<meta name=\"twitter:card\" content=\"summary_large_image\" \/>\n<meta name=\"twitter:label1\" content=\"Ansl. lesetid\" \/>\n\t<meta name=\"twitter:data1\" content=\"5 minutter\" \/>\n<script type=\"application\/ld+json\" class=\"yoast-schema-graph\">{\"@context\":\"https:\\\/\\\/schema.org\",\"@graph\":[{\"@type\":\"WebPage\",\"@id\":\"https:\\\/\\\/rentaload.com\\\/no\\\/juridisk-varsel\\\/\",\"url\":\"https:\\\/\\\/rentaload.com\\\/no\\\/juridisk-varsel\\\/\",\"name\":\"Rentaload: Juridisk merknad\",\"isPartOf\":{\"@id\":\"https:\\\/\\\/rentaload.com\\\/no\\\/#website\"},\"datePublished\":\"2018-03-06T13:58:01+00:00\",\"dateModified\":\"2022-06-01T02:43:45+00:00\",\"inLanguage\":\"nb-NO\",\"potentialAction\":[{\"@type\":\"ReadAction\",\"target\":[\"https:\\\/\\\/rentaload.com\\\/no\\\/juridisk-varsel\\\/\"]}]},{\"@type\":\"WebSite\",\"@id\":\"https:\\\/\\\/rentaload.com\\\/no\\\/#website\",\"url\":\"https:\\\/\\\/rentaload.com\\\/no\\\/\",\"name\":\"Rentaload\",\"description\":\"Load bank hire - location banc de charge - Lastbank vermietung\",\"publisher\":{\"@id\":\"https:\\\/\\\/rentaload.com\\\/no\\\/#organization\"},\"potentialAction\":[{\"@type\":\"SearchAction\",\"target\":{\"@type\":\"EntryPoint\",\"urlTemplate\":\"https:\\\/\\\/rentaload.com\\\/no\\\/?s={search_term_string}\"},\"query-input\":{\"@type\":\"PropertyValueSpecification\",\"valueRequired\":true,\"valueName\":\"search_term_string\"}}],\"inLanguage\":\"nb-NO\"},{\"@type\":\"Organization\",\"@id\":\"https:\\\/\\\/rentaload.com\\\/no\\\/#organization\",\"name\":\"Rentaload\",\"url\":\"https:\\\/\\\/rentaload.com\\\/no\\\/\",\"logo\":{\"@type\":\"ImageObject\",\"inLanguage\":\"nb-NO\",\"@id\":\"https:\\\/\\\/rentaload.com\\\/no\\\/#\\\/schema\\\/logo\\\/image\\\/\",\"url\":\"https:\\\/\\\/rentaload.com\\\/wp-content\\\/uploads\\\/2018\\\/03\\\/rentaload-logo-location-banc-de-charge-test-louer-1.png\",\"contentUrl\":\"https:\\\/\\\/rentaload.com\\\/wp-content\\\/uploads\\\/2018\\\/03\\\/rentaload-logo-location-banc-de-charge-test-louer-1.png\",\"width\":470,\"height\":100,\"caption\":\"Rentaload\"},\"image\":{\"@id\":\"https:\\\/\\\/rentaload.com\\\/no\\\/#\\\/schema\\\/logo\\\/image\\\/\"}}]}<\/script>\n<!-- \/ Yoast SEO plugin. -->","yoast_head_json":{"title":"Rentaload: Juridisk merknad","robots":{"index":"index","follow":"follow","max-snippet":"max-snippet:-1","max-image-preview":"max-image-preview:large","max-video-preview":"max-video-preview:-1"},"canonical":"https:\/\/rentaload.com\/no\/juridisk-varsel\/","og_locale":"nb_NO","og_type":"article","og_title":"Rentaload: Juridisk merknad","og_url":"https:\/\/rentaload.com\/no\/juridisk-varsel\/","og_site_name":"Rentaload","article_modified_time":"2022-06-01T02:43:45+00:00","twitter_card":"summary_large_image","twitter_misc":{"Ansl. lesetid":"5 minutter"},"schema":{"@context":"https:\/\/schema.org","@graph":[{"@type":"WebPage","@id":"https:\/\/rentaload.com\/no\/juridisk-varsel\/","url":"https:\/\/rentaload.com\/no\/juridisk-varsel\/","name":"Rentaload: Juridisk merknad","isPartOf":{"@id":"https:\/\/rentaload.com\/no\/#website"},"datePublished":"2018-03-06T13:58:01+00:00","dateModified":"2022-06-01T02:43:45+00:00","inLanguage":"nb-NO","potentialAction":[{"@type":"ReadAction","target":["https:\/\/rentaload.com\/no\/juridisk-varsel\/"]}]},{"@type":"WebSite","@id":"https:\/\/rentaload.com\/no\/#website","url":"https:\/\/rentaload.com\/no\/","name":"Rentaload","description":"Load bank hire - location banc de charge - Lastbank vermietung","publisher":{"@id":"https:\/\/rentaload.com\/no\/#organization"},"potentialAction":[{"@type":"SearchAction","target":{"@type":"EntryPoint","urlTemplate":"https:\/\/rentaload.com\/no\/?s={search_term_string}"},"query-input":{"@type":"PropertyValueSpecification","valueRequired":true,"valueName":"search_term_string"}}],"inLanguage":"nb-NO"},{"@type":"Organization","@id":"https:\/\/rentaload.com\/no\/#organization","name":"Rentaload","url":"https:\/\/rentaload.com\/no\/","logo":{"@type":"ImageObject","inLanguage":"nb-NO","@id":"https:\/\/rentaload.com\/no\/#\/schema\/logo\/image\/","url":"https:\/\/rentaload.com\/wp-content\/uploads\/2018\/03\/rentaload-logo-location-banc-de-charge-test-louer-1.png","contentUrl":"https:\/\/rentaload.com\/wp-content\/uploads\/2018\/03\/rentaload-logo-location-banc-de-charge-test-louer-1.png","width":470,"height":100,"caption":"Rentaload"},"image":{"@id":"https:\/\/rentaload.com\/no\/#\/schema\/logo\/image\/"}}]}},"_links":{"self":[{"href":"https:\/\/rentaload.com\/no\/wp-json\/wp\/v2\/pages\/28888","targetHints":{"allow":["GET"]}}],"collection":[{"href":"https:\/\/rentaload.com\/no\/wp-json\/wp\/v2\/pages"}],"about":[{"href":"https:\/\/rentaload.com\/no\/wp-json\/wp\/v2\/types\/page"}],"author":[{"embeddable":true,"href":"https:\/\/rentaload.com\/no\/wp-json\/wp\/v2\/users\/3"}],"replies":[{"embeddable":true,"href":"https:\/\/rentaload.com\/no\/wp-json\/wp\/v2\/comments?post=28888"}],"version-history":[{"count":1,"href":"https:\/\/rentaload.com\/no\/wp-json\/wp\/v2\/pages\/28888\/revisions"}],"predecessor-version":[{"id":28891,"href":"https:\/\/rentaload.com\/no\/wp-json\/wp\/v2\/pages\/28888\/revisions\/28891"}],"wp:attachment":[{"href":"https:\/\/rentaload.com\/no\/wp-json\/wp\/v2\/media?parent=28888"}],"curies":[{"name":"wp","href":"https:\/\/api.w.org\/{rel}","templated":true}]}}