{"id":28894,"date":"2018-03-06T14:30:24","date_gmt":"2018-03-06T13:30:24","guid":{"rendered":"https:\/\/rentaload.com\/bruk-last-bank\/test-test-elektrisk-nettverk-panel\/"},"modified":"2022-07-26T04:04:38","modified_gmt":"2022-07-26T02:04:38","slug":"test-test-elektrisk-nettverk-panel","status":"publish","type":"page","link":"https:\/\/rentaload.com\/no\/bruk-last-bank\/test-test-elektrisk-nettverk-panel\/","title":{"rendered":"Elektrisk nettverk panel test"},"content":{"rendered":"<p><div class=\"fusion-fullwidth fullwidth-box fusion-builder-row-1 fusion-flex-container nonhundred-percent-fullwidth non-hundred-percent-height-scrolling\" style=\"--awb-border-radius-top-left:0px;--awb-border-radius-top-right:0px;--awb-border-radius-bottom-right:0px;--awb-border-radius-bottom-left:0px;--awb-flex-wrap:wrap;\" ><div class=\"fusion-builder-row fusion-row fusion-flex-align-items-flex-start fusion-flex-content-wrap\" style=\"max-width:1144px;margin-left: calc(-4% \/ 2 );margin-right: calc(-4% \/ 2 );\"><div class=\"fusion-layout-column fusion_builder_column fusion-builder-column-0 fusion_builder_column_1_2 1_2 fusion-flex-column\" style=\"--awb-bg-size:cover;--awb-width-large:50%;--awb-margin-top-large:0px;--awb-spacing-right-large:3.84%;--awb-margin-bottom-large:20px;--awb-spacing-left-large:3.84%;--awb-width-medium:100%;--awb-spacing-right-medium:1.92%;--awb-spacing-left-medium:1.92%;--awb-width-small:100%;--awb-spacing-right-small:1.92%;--awb-spacing-left-small:1.92%;\"><div class=\"fusion-column-wrapper fusion-flex-justify-content-flex-start fusion-content-layout-column\"><div class=\"fusion-text fusion-text-1\"><h2><span style=\"color: #ff6600;\">Lastbank for TGBT og TGHT test<\/span><\/h2>\n<p>Rentaload tilbyr utleie av lastbanker fra 0,5kW i 230V til flere MW i 400V og krafttransformatorer for TGBT (General Low Voltage Panel) og TGHT (General High Voltage Panel) tester. Disse lastbankene brukes til \u00e5 validere korrekt drift av et elektrisk skap, dets kontroll og dets sikkerhetssystem.<\/p>\n<p>Disse testene kan finne sted i laboratorier, i produksjonsanlegg for elektriske paneler, for kvalifiserings- og sertifiseringstester, eller til og med for forebyggende vedlikehold.<\/p>\n<\/div><div ><a class=\"fusion-button button-flat fusion-button-default-size button-default fusion-button-default button-1 fusion-button-default-span fusion-button-default-type\" target=\"_self\" href=\"https:\/\/rentaload.com\/no\/laste-bank-produkter\/resistive\/\"><span class=\"fusion-button-text awb-button__text awb-button__text--default\">Oppdage<\/span><\/a><\/div><\/div><\/div><div class=\"fusion-layout-column fusion_builder_column fusion-builder-column-1 fusion_builder_column_1_2 1_2 fusion-flex-column\" style=\"--awb-bg-size:cover;--awb-width-large:50%;--awb-margin-top-large:0px;--awb-spacing-right-large:3.84%;--awb-margin-bottom-large:20px;--awb-spacing-left-large:3.84%;--awb-width-medium:100%;--awb-spacing-right-medium:1.92%;--awb-spacing-left-medium:1.92%;--awb-width-small:100%;--awb-spacing-right-small:1.92%;--awb-spacing-left-small:1.92%;\"><div class=\"fusion-column-wrapper fusion-flex-justify-content-flex-start fusion-content-layout-column\"><div class=\"fusion-image-element \" style=\"--awb-caption-title-font-family:var(--h2_typography-font-family);--awb-caption-title-font-weight:var(--h2_typography-font-weight);--awb-caption-title-font-style:var(--h2_typography-font-style);--awb-caption-title-size:var(--h2_typography-font-size);--awb-caption-title-transform:var(--h2_typography-text-transform);--awb-caption-title-line-height:var(--h2_typography-line-height);--awb-caption-title-letter-spacing:var(--h2_typography-letter-spacing);\"><span class=\" fusion-imageframe imageframe-none imageframe-1 hover-type-none\"><img decoding=\"async\" width=\"601\" height=\"495\" title=\"connection_box_test_loadbank_electrical_load_hire-rental\" src=\"https:\/\/rentaload.com\/wp-content\/uploads\/2018\/03\/connection_box_test_loadbank_electrical_load_hire-rental.png\" alt class=\"img-responsive wp-image-17370\" srcset=\"https:\/\/rentaload.com\/wp-content\/uploads\/2018\/03\/connection_box_test_loadbank_electrical_load_hire-rental-200x165.png 200w, https:\/\/rentaload.com\/wp-content\/uploads\/2018\/03\/connection_box_test_loadbank_electrical_load_hire-rental-400x329.png 400w, https:\/\/rentaload.com\/wp-content\/uploads\/2018\/03\/connection_box_test_loadbank_electrical_load_hire-rental-600x494.png 600w, https:\/\/rentaload.com\/wp-content\/uploads\/2018\/03\/connection_box_test_loadbank_electrical_load_hire-rental.png 601w\" sizes=\"(max-width: 1024px) 100vw, (max-width: 640px) 100vw, 600px\" \/><\/span><\/div><\/div><\/div><\/div><\/div><div class=\"fusion-fullwidth fullwidth-box fusion-builder-row-2 fusion-flex-container nonhundred-percent-fullwidth non-hundred-percent-height-scrolling\" style=\"--awb-border-radius-top-left:0px;--awb-border-radius-top-right:0px;--awb-border-radius-bottom-right:0px;--awb-border-radius-bottom-left:0px;--awb-flex-wrap:wrap;\" ><div class=\"fusion-builder-row fusion-row fusion-flex-align-items-flex-start fusion-flex-content-wrap\" style=\"max-width:1144px;margin-left: calc(-4% \/ 2 );margin-right: calc(-4% \/ 2 );\"><div class=\"fusion-layout-column fusion_builder_column fusion-builder-column-2 fusion_builder_column_1_2 1_2 fusion-flex-column\" style=\"--awb-bg-size:cover;--awb-width-large:50%;--awb-margin-top-large:0px;--awb-spacing-right-large:3.84%;--awb-margin-bottom-large:20px;--awb-spacing-left-large:3.84%;--awb-width-medium:100%;--awb-spacing-right-medium:1.92%;--awb-spacing-left-medium:1.92%;--awb-width-small:100%;--awb-spacing-right-small:1.92%;--awb-spacing-left-small:1.92%;\"><div class=\"fusion-column-wrapper fusion-flex-justify-content-flex-start fusion-content-layout-column\"><div class=\"fusion-image-element \" style=\"--awb-caption-title-font-family:var(--h2_typography-font-family);--awb-caption-title-font-weight:var(--h2_typography-font-weight);--awb-caption-title-font-style:var(--h2_typography-font-style);--awb-caption-title-size:var(--h2_typography-font-size);--awb-caption-title-transform:var(--h2_typography-text-transform);--awb-caption-title-line-height:var(--h2_typography-line-height);--awb-caption-title-letter-spacing:var(--h2_typography-letter-spacing);\"><span class=\" fusion-imageframe imageframe-none imageframe-2 hover-type-none\"><img decoding=\"async\" width=\"597\" height=\"375\" title=\"banc de charge rackable connect\u00e9 delat t 10 recette data center\" src=\"https:\/\/rentaload.com\/wp-content\/uploads\/2018\/03\/banc-de-charge-rackable-connect\u00e9-delat-t-10-recette-data-center-1.jpg\" alt class=\"img-responsive wp-image-17333\" srcset=\"https:\/\/rentaload.com\/wp-content\/uploads\/2018\/03\/banc-de-charge-rackable-connect\u00e9-delat-t-10-recette-data-center-1-200x126.jpg 200w, https:\/\/rentaload.com\/wp-content\/uploads\/2018\/03\/banc-de-charge-rackable-connect\u00e9-delat-t-10-recette-data-center-1-400x251.jpg 400w, https:\/\/rentaload.com\/wp-content\/uploads\/2018\/03\/banc-de-charge-rackable-connect\u00e9-delat-t-10-recette-data-center-1.jpg 597w\" sizes=\"(max-width: 1024px) 100vw, (max-width: 640px) 100vw, 597px\" \/><\/span><\/div><div class=\"fusion-separator fusion-full-width-sep\" style=\"align-self: center;margin-left: auto;margin-right: auto;width:100%;\"><\/div><div class=\"fusion-text fusion-text-2\"><p style=\"text-align: center;\"><span style=\"color: #3366ff;\"><strong>Den tilkoblede lastbanken som gj\u00f8r testene dine smarte<\/strong><\/span><\/p>\n<\/div><div class=\"fusion-separator fusion-full-width-sep\" style=\"align-self: center;margin-left: auto;margin-right: auto;width:100%;\"><\/div><div class=\"fusion-text fusion-text-3\"><p style=\"text-align: center;\">Den tilkoblede rackbelastningsbanken med en effekt p\u00e5 7kW har dobbel str\u00f8mforsyning og har en delta T\u00b0 tilsvarende dataservere.<\/p>\n<\/div><div style=\"text-align:center;\"><a class=\"fusion-button button-flat fusion-button-default-size button-default fusion-button-default button-2 fusion-button-default-span fusion-button-default-type\" target=\"_self\" href=\"https:\/\/rentaload.com\/no\/laste-bank-produkter\/stativ-benk-kobler-7kw\/\"><i class=\"fa-file-text-o fas awb-button__icon awb-button__icon--default button-icon-left\" aria-hidden=\"true\"><\/i><span class=\"fusion-button-text awb-button__text awb-button__text--default\">Rack lastebank<\/span><\/a><\/div><\/div><\/div><div class=\"fusion-layout-column fusion_builder_column fusion-builder-column-3 fusion_builder_column_1_2 1_2 fusion-flex-column\" style=\"--awb-bg-size:cover;--awb-width-large:50%;--awb-margin-top-large:0px;--awb-spacing-right-large:3.84%;--awb-margin-bottom-large:20px;--awb-spacing-left-large:3.84%;--awb-width-medium:100%;--awb-spacing-right-medium:1.92%;--awb-spacing-left-medium:1.92%;--awb-width-small:100%;--awb-spacing-right-small:1.92%;--awb-spacing-left-small:1.92%;\"><div class=\"fusion-column-wrapper fusion-flex-justify-content-flex-start fusion-content-layout-column\"><div class=\"fusion-image-element \" style=\"--awb-caption-title-font-family:var(--h2_typography-font-family);--awb-caption-title-font-weight:var(--h2_typography-font-weight);--awb-caption-title-font-style:var(--h2_typography-font-style);--awb-caption-title-size:var(--h2_typography-font-size);--awb-caption-title-transform:var(--h2_typography-text-transform);--awb-caption-title-line-height:var(--h2_typography-line-height);--awb-caption-title-letter-spacing:var(--h2_typography-letter-spacing);\"><span class=\" fusion-imageframe imageframe-none imageframe-3 hover-type-none\"><img decoding=\"async\" width=\"1200\" height=\"753\" title=\"recette data center banc de charge connect\u00e9 location\" src=\"https:\/\/rentaload.com\/wp-content\/uploads\/2018\/03\/recette-data-center-banc-de-charge-connect\u00e9-location.png\" alt class=\"img-responsive wp-image-17331\" srcset=\"https:\/\/rentaload.com\/wp-content\/uploads\/2018\/03\/recette-data-center-banc-de-charge-connect\u00e9-location-200x126.png 200w, https:\/\/rentaload.com\/wp-content\/uploads\/2018\/03\/recette-data-center-banc-de-charge-connect\u00e9-location-400x251.png 400w, https:\/\/rentaload.com\/wp-content\/uploads\/2018\/03\/recette-data-center-banc-de-charge-connect\u00e9-location-600x377.png 600w, https:\/\/rentaload.com\/wp-content\/uploads\/2018\/03\/recette-data-center-banc-de-charge-connect\u00e9-location-800x502.png 800w, https:\/\/rentaload.com\/wp-content\/uploads\/2018\/03\/recette-data-center-banc-de-charge-connect\u00e9-location.png 1200w\" sizes=\"(max-width: 1024px) 100vw, (max-width: 640px) 100vw, 600px\" \/><\/span><\/div><div class=\"fusion-separator fusion-full-width-sep\" style=\"align-self: center;margin-left: auto;margin-right: auto;width:100%;\"><\/div><div class=\"fusion-text fusion-text-4\"><p style=\"text-align: center;\"><strong><span style=\"color: #3366ff;\">Rentalab, datasenterets testoverv\u00e5kingsprogramvare<\/span><\/strong><\/p>\n<\/div><div class=\"fusion-separator fusion-full-width-sep\" style=\"align-self: center;margin-left: auto;margin-right: auto;width:100%;\"><\/div><div class=\"fusion-text fusion-text-5\"><p style=\"text-align: center;\">Rentalab-verkt\u00f8yet lar deg kontrollere opptil 200 lastbanker samtidig, for \u00e5 hente elektrisk og termisk informasjon fra rommet ditt og generere testrapporter.<\/p>\n<\/div><div style=\"text-align:center;\"><a class=\"fusion-button button-flat fusion-button-default-size button-default fusion-button-default button-3 fusion-button-default-span fusion-button-default-type\" target=\"_self\" href=\"https:\/\/rentaload.com\/no\/service\/\"><i class=\"fa-desktop fas awb-button__icon awb-button__icon--default button-icon-left\" aria-hidden=\"true\"><\/i><span class=\"fusion-button-text awb-button__text awb-button__text--default\">V\u00e5rt overv\u00e5kingsverkt\u00f8y<\/span><\/a><\/div><\/div><\/div><\/div><\/div><\/p>\n","protected":false},"excerpt":{"rendered":"","protected":false},"author":3,"featured_media":0,"parent":28861,"menu_order":0,"comment_status":"closed","ping_status":"closed","template":"100-width.php","meta":{"footnotes":""},"class_list":["post-28894","page","type-page","status-publish","hentry"],"yoast_head":"<!-- This site is optimized with the Yoast SEO plugin v27.4 - https:\/\/yoast.com\/product\/yoast-seo-wordpress\/ -->\n<title>nettstedsnavn : Last bankapplikasjoner: Rentaload og TGHT-tester<\/title>\n<meta name=\"description\" content=\"Lei belastningsbanker for \u00e5 validere korrekt drift av et elektrisk skap (TGBT og TGHT), dets kontroll og dets sikkerhetssystem.\" \/>\n<meta name=\"robots\" content=\"index, follow, max-snippet:-1, max-image-preview:large, max-video-preview:-1\" \/>\n<link rel=\"canonical\" href=\"https:\/\/rentaload.com\/no\/bruk-last-bank\/test-test-elektrisk-nettverk-panel\/\" \/>\n<meta property=\"og:locale\" content=\"nb_NO\" \/>\n<meta property=\"og:type\" content=\"article\" \/>\n<meta property=\"og:title\" content=\"nettstedsnavn : Last bankapplikasjoner: Rentaload og TGHT-tester\" \/>\n<meta property=\"og:description\" content=\"Lei belastningsbanker for \u00e5 validere korrekt drift av et elektrisk skap (TGBT og TGHT), dets kontroll og dets sikkerhetssystem.\" \/>\n<meta property=\"og:url\" content=\"https:\/\/rentaload.com\/no\/bruk-last-bank\/test-test-elektrisk-nettverk-panel\/\" \/>\n<meta property=\"og:site_name\" content=\"Rentaload\" \/>\n<meta property=\"article:modified_time\" content=\"2022-07-26T02:04:38+00:00\" \/>\n<meta name=\"twitter:card\" content=\"summary_large_image\" \/>\n<meta name=\"twitter:label1\" content=\"Ansl. lesetid\" \/>\n\t<meta name=\"twitter:data1\" content=\"7 minutter\" \/>\n<script type=\"application\/ld+json\" class=\"yoast-schema-graph\">{\"@context\":\"https:\\\/\\\/schema.org\",\"@graph\":[{\"@type\":\"WebPage\",\"@id\":\"https:\\\/\\\/rentaload.com\\\/no\\\/bruk-last-bank\\\/test-test-elektrisk-nettverk-panel\\\/\",\"url\":\"https:\\\/\\\/rentaload.com\\\/no\\\/bruk-last-bank\\\/test-test-elektrisk-nettverk-panel\\\/\",\"name\":\"nettstedsnavn : Last bankapplikasjoner: Rentaload og TGHT-tester\",\"isPartOf\":{\"@id\":\"https:\\\/\\\/rentaload.com\\\/no\\\/#website\"},\"datePublished\":\"2018-03-06T13:30:24+00:00\",\"dateModified\":\"2022-07-26T02:04:38+00:00\",\"description\":\"Lei belastningsbanker for \u00e5 validere korrekt drift av et elektrisk skap (TGBT og TGHT), dets kontroll og dets sikkerhetssystem.\",\"breadcrumb\":{\"@id\":\"https:\\\/\\\/rentaload.com\\\/no\\\/bruk-last-bank\\\/test-test-elektrisk-nettverk-panel\\\/#breadcrumb\"},\"inLanguage\":\"nb-NO\",\"potentialAction\":[{\"@type\":\"ReadAction\",\"target\":[\"https:\\\/\\\/rentaload.com\\\/no\\\/bruk-last-bank\\\/test-test-elektrisk-nettverk-panel\\\/\"]}]},{\"@type\":\"BreadcrumbList\",\"@id\":\"https:\\\/\\\/rentaload.com\\\/no\\\/bruk-last-bank\\\/test-test-elektrisk-nettverk-panel\\\/#breadcrumb\",\"itemListElement\":[{\"@type\":\"ListItem\",\"position\":1,\"name\":\"L\u00f8sninger\",\"item\":\"https:\\\/\\\/rentaload.com\\\/no\\\/bruk-last-bank\\\/\"},{\"@type\":\"ListItem\",\"position\":2,\"name\":\"Elektrisk nettverk panel test\"}]},{\"@type\":\"WebSite\",\"@id\":\"https:\\\/\\\/rentaload.com\\\/no\\\/#website\",\"url\":\"https:\\\/\\\/rentaload.com\\\/no\\\/\",\"name\":\"Rentaload\",\"description\":\"Load bank hire - location banc de charge - Lastbank vermietung\",\"publisher\":{\"@id\":\"https:\\\/\\\/rentaload.com\\\/no\\\/#organization\"},\"potentialAction\":[{\"@type\":\"SearchAction\",\"target\":{\"@type\":\"EntryPoint\",\"urlTemplate\":\"https:\\\/\\\/rentaload.com\\\/no\\\/?s={search_term_string}\"},\"query-input\":{\"@type\":\"PropertyValueSpecification\",\"valueRequired\":true,\"valueName\":\"search_term_string\"}}],\"inLanguage\":\"nb-NO\"},{\"@type\":\"Organization\",\"@id\":\"https:\\\/\\\/rentaload.com\\\/no\\\/#organization\",\"name\":\"Rentaload\",\"url\":\"https:\\\/\\\/rentaload.com\\\/no\\\/\",\"logo\":{\"@type\":\"ImageObject\",\"inLanguage\":\"nb-NO\",\"@id\":\"https:\\\/\\\/rentaload.com\\\/no\\\/#\\\/schema\\\/logo\\\/image\\\/\",\"url\":\"https:\\\/\\\/rentaload.com\\\/wp-content\\\/uploads\\\/2018\\\/03\\\/rentaload-logo-location-banc-de-charge-test-louer-1.png\",\"contentUrl\":\"https:\\\/\\\/rentaload.com\\\/wp-content\\\/uploads\\\/2018\\\/03\\\/rentaload-logo-location-banc-de-charge-test-louer-1.png\",\"width\":470,\"height\":100,\"caption\":\"Rentaload\"},\"image\":{\"@id\":\"https:\\\/\\\/rentaload.com\\\/no\\\/#\\\/schema\\\/logo\\\/image\\\/\"}}]}<\/script>\n<!-- \/ Yoast SEO plugin. -->","yoast_head_json":{"title":"nettstedsnavn : Last bankapplikasjoner: Rentaload og TGHT-tester","description":"Lei belastningsbanker for \u00e5 validere korrekt drift av et elektrisk skap (TGBT og TGHT), dets kontroll og dets sikkerhetssystem.","robots":{"index":"index","follow":"follow","max-snippet":"max-snippet:-1","max-image-preview":"max-image-preview:large","max-video-preview":"max-video-preview:-1"},"canonical":"https:\/\/rentaload.com\/no\/bruk-last-bank\/test-test-elektrisk-nettverk-panel\/","og_locale":"nb_NO","og_type":"article","og_title":"nettstedsnavn : Last bankapplikasjoner: Rentaload og TGHT-tester","og_description":"Lei belastningsbanker for \u00e5 validere korrekt drift av et elektrisk skap (TGBT og TGHT), dets kontroll og dets sikkerhetssystem.","og_url":"https:\/\/rentaload.com\/no\/bruk-last-bank\/test-test-elektrisk-nettverk-panel\/","og_site_name":"Rentaload","article_modified_time":"2022-07-26T02:04:38+00:00","twitter_card":"summary_large_image","twitter_misc":{"Ansl. lesetid":"7 minutter"},"schema":{"@context":"https:\/\/schema.org","@graph":[{"@type":"WebPage","@id":"https:\/\/rentaload.com\/no\/bruk-last-bank\/test-test-elektrisk-nettverk-panel\/","url":"https:\/\/rentaload.com\/no\/bruk-last-bank\/test-test-elektrisk-nettverk-panel\/","name":"nettstedsnavn : Last bankapplikasjoner: Rentaload og TGHT-tester","isPartOf":{"@id":"https:\/\/rentaload.com\/no\/#website"},"datePublished":"2018-03-06T13:30:24+00:00","dateModified":"2022-07-26T02:04:38+00:00","description":"Lei belastningsbanker for \u00e5 validere korrekt drift av et elektrisk skap (TGBT og TGHT), dets kontroll og dets sikkerhetssystem.","breadcrumb":{"@id":"https:\/\/rentaload.com\/no\/bruk-last-bank\/test-test-elektrisk-nettverk-panel\/#breadcrumb"},"inLanguage":"nb-NO","potentialAction":[{"@type":"ReadAction","target":["https:\/\/rentaload.com\/no\/bruk-last-bank\/test-test-elektrisk-nettverk-panel\/"]}]},{"@type":"BreadcrumbList","@id":"https:\/\/rentaload.com\/no\/bruk-last-bank\/test-test-elektrisk-nettverk-panel\/#breadcrumb","itemListElement":[{"@type":"ListItem","position":1,"name":"L\u00f8sninger","item":"https:\/\/rentaload.com\/no\/bruk-last-bank\/"},{"@type":"ListItem","position":2,"name":"Elektrisk nettverk panel test"}]},{"@type":"WebSite","@id":"https:\/\/rentaload.com\/no\/#website","url":"https:\/\/rentaload.com\/no\/","name":"Rentaload","description":"Load bank hire - location banc de charge - Lastbank vermietung","publisher":{"@id":"https:\/\/rentaload.com\/no\/#organization"},"potentialAction":[{"@type":"SearchAction","target":{"@type":"EntryPoint","urlTemplate":"https:\/\/rentaload.com\/no\/?s={search_term_string}"},"query-input":{"@type":"PropertyValueSpecification","valueRequired":true,"valueName":"search_term_string"}}],"inLanguage":"nb-NO"},{"@type":"Organization","@id":"https:\/\/rentaload.com\/no\/#organization","name":"Rentaload","url":"https:\/\/rentaload.com\/no\/","logo":{"@type":"ImageObject","inLanguage":"nb-NO","@id":"https:\/\/rentaload.com\/no\/#\/schema\/logo\/image\/","url":"https:\/\/rentaload.com\/wp-content\/uploads\/2018\/03\/rentaload-logo-location-banc-de-charge-test-louer-1.png","contentUrl":"https:\/\/rentaload.com\/wp-content\/uploads\/2018\/03\/rentaload-logo-location-banc-de-charge-test-louer-1.png","width":470,"height":100,"caption":"Rentaload"},"image":{"@id":"https:\/\/rentaload.com\/no\/#\/schema\/logo\/image\/"}}]}},"_links":{"self":[{"href":"https:\/\/rentaload.com\/no\/wp-json\/wp\/v2\/pages\/28894","targetHints":{"allow":["GET"]}}],"collection":[{"href":"https:\/\/rentaload.com\/no\/wp-json\/wp\/v2\/pages"}],"about":[{"href":"https:\/\/rentaload.com\/no\/wp-json\/wp\/v2\/types\/page"}],"author":[{"embeddable":true,"href":"https:\/\/rentaload.com\/no\/wp-json\/wp\/v2\/users\/3"}],"replies":[{"embeddable":true,"href":"https:\/\/rentaload.com\/no\/wp-json\/wp\/v2\/comments?post=28894"}],"version-history":[{"count":5,"href":"https:\/\/rentaload.com\/no\/wp-json\/wp\/v2\/pages\/28894\/revisions"}],"predecessor-version":[{"id":35406,"href":"https:\/\/rentaload.com\/no\/wp-json\/wp\/v2\/pages\/28894\/revisions\/35406"}],"up":[{"embeddable":true,"href":"https:\/\/rentaload.com\/no\/wp-json\/wp\/v2\/pages\/28861"}],"wp:attachment":[{"href":"https:\/\/rentaload.com\/no\/wp-json\/wp\/v2\/media?parent=28894"}],"curies":[{"name":"wp","href":"https:\/\/api.w.org\/{rel}","templated":true}]}}