{"id":29039,"date":"2022-03-21T00:06:06","date_gmt":"2022-03-20T23:06:06","guid":{"rendered":"https:\/\/rentaload.com\/miniserie\/"},"modified":"2022-07-04T00:35:03","modified_gmt":"2022-07-03T22:35:03","slug":"miniserie","status":"publish","type":"page","link":"https:\/\/rentaload.com\/no\/miniserie\/","title":{"rendered":"Mini idriftsettingsserie"},"content":{"rendered":"<p><div class=\"fusion-fullwidth fullwidth-box fusion-builder-row-1 fusion-flex-container nonhundred-percent-fullwidth non-hundred-percent-height-scrolling ctnr-top-h1\" style=\"--awb-border-radius-top-left:0px;--awb-border-radius-top-right:0px;--awb-border-radius-bottom-right:0px;--awb-border-radius-bottom-left:0px;--awb-flex-wrap:wrap;\" ><div class=\"fusion-builder-row fusion-row fusion-flex-align-items-flex-start fusion-flex-justify-content-center fusion-flex-content-wrap\" style=\"max-width:1144px;margin-left: calc(-4% \/ 2 );margin-right: calc(-4% \/ 2 );\"><div class=\"fusion-layout-column fusion_builder_column fusion-builder-column-0 fusion_builder_column_1_2 1_2 fusion-flex-column col-inside\" style=\"--awb-bg-size:cover;--awb-width-large:50%;--awb-margin-top-large:0px;--awb-spacing-right-large:3.84%;--awb-margin-bottom-large:20px;--awb-spacing-left-large:3.84%;--awb-width-medium:100%;--awb-order-medium:0;--awb-spacing-right-medium:1.92%;--awb-spacing-left-medium:1.92%;--awb-width-small:100%;--awb-order-small:0;--awb-spacing-right-small:1.92%;--awb-spacing-left-small:1.92%;\"><div class=\"fusion-column-wrapper fusion-column-has-shadow fusion-flex-justify-content-flex-start fusion-content-layout-column\"><div class=\"fusion-title title fusion-title-1 fusion-sep-none fusion-title-text fusion-title-size-one\" style=\"--awb-margin-top-small:0px;--awb-margin-right-small:0px;--awb-margin-bottom-small:20px;--awb-margin-left-small:0px;\"><h1 class=\"fusion-title-heading title-heading-left\" style=\"margin:0;\">Miniserie<\/h1><\/div><div class=\"fusion-text fusion-text-1\" style=\"--awb-text-transform:none;\"><p>Oppdag v\u00e5r nettminiserie om igangkj\u00f8ring<\/p>\n<\/div><div ><a class=\"fusion-button button-flat fusion-button-default-size button-default fusion-button-default button-1 fusion-button-default-span fusion-button-default-type\" target=\"_self\" href=\"https:\/\/rentaload.com\/no\/kontakt\/\"><span class=\"fusion-button-text awb-button__text awb-button__text--default\">KONTAKT OSS<\/span><\/a><\/div><\/div><\/div><div class=\"fusion-layout-column fusion_builder_column fusion-builder-column-1 fusion_builder_column_1_2 1_2 fusion-flex-column col-img\" style=\"--awb-bg-size:cover;--awb-width-large:50%;--awb-margin-top-large:0px;--awb-spacing-right-large:3.84%;--awb-margin-bottom-large:20px;--awb-spacing-left-large:3.84%;--awb-width-medium:100%;--awb-order-medium:0;--awb-spacing-right-medium:1.92%;--awb-spacing-left-medium:1.92%;--awb-width-small:100%;--awb-order-small:0;--awb-spacing-right-small:1.92%;--awb-spacing-left-small:1.92%;\"><div class=\"fusion-column-wrapper fusion-column-has-shadow fusion-flex-justify-content-flex-start fusion-content-layout-column\"><\/div><\/div><\/div><\/div><div class=\"fusion-fullwidth fullwidth-box fusion-builder-row-2 fusion-flex-container nonhundred-percent-fullwidth non-hundred-percent-height-scrolling ctnr-ressources\" style=\"--awb-border-radius-top-left:0px;--awb-border-radius-top-right:0px;--awb-border-radius-bottom-right:0px;--awb-border-radius-bottom-left:0px;--awb-flex-wrap:wrap;\" ><div class=\"fusion-builder-row fusion-row fusion-flex-align-items-flex-start fusion-flex-justify-content-center fusion-flex-content-wrap\" style=\"max-width:1144px;margin-left: calc(-4% \/ 2 );margin-right: calc(-4% \/ 2 );\"><div class=\"fusion-layout-column fusion_builder_column fusion-builder-column-2 fusion_builder_column_1_2 1_2 fusion-flex-column fusion-flex-align-self-stretch col-inside\" style=\"--awb-bg-size:cover;--awb-width-large:50%;--awb-margin-top-large:0px;--awb-spacing-right-large:3.84%;--awb-margin-bottom-large:20px;--awb-spacing-left-large:3.84%;--awb-width-medium:100%;--awb-order-medium:0;--awb-spacing-right-medium:1.92%;--awb-spacing-left-medium:1.92%;--awb-width-small:100%;--awb-order-small:0;--awb-spacing-right-small:1.92%;--awb-spacing-left-small:1.92%;\"><div class=\"fusion-column-wrapper fusion-column-has-shadow fusion-flex-justify-content-flex-start fusion-content-layout-column\"><iframe width=\"100%\" height=\"315\" src=\"https:\/\/www.youtube-nocookie.com\/embed\/4kYK4dviCog\" title=\"YouTube videospiller\" frameborder=\"0\" allow=\"accelerometer; autoplay; clipboard-write; encrypted-media; gyroscope; picture-in-picture\" allowfullscreen=\"\"><\/iframe><\/div><\/div><div class=\"fusion-layout-column fusion_builder_column fusion-builder-column-3 fusion_builder_column_1_2 1_2 fusion-flex-column fusion-flex-align-self-stretch col-inside\" style=\"--awb-bg-size:cover;--awb-width-large:50%;--awb-margin-top-large:0px;--awb-spacing-right-large:3.84%;--awb-margin-bottom-large:20px;--awb-spacing-left-large:3.84%;--awb-width-medium:100%;--awb-order-medium:0;--awb-spacing-right-medium:1.92%;--awb-spacing-left-medium:1.92%;--awb-width-small:100%;--awb-order-small:0;--awb-spacing-right-small:1.92%;--awb-spacing-left-small:1.92%;\"><div class=\"fusion-column-wrapper fusion-column-has-shadow fusion-flex-justify-content-flex-start fusion-content-layout-column\"><iframe width=\"100%\" height=\"315\" src=\"https:\/\/www.youtube-nocookie.com\/embed\/yT6FJo7_VJs\" title=\"YouTube videospiller\" frameborder=\"0\" allow=\"accelerometer; autoplay; clipboard-write; encrypted-media; gyroscope; picture-in-picture\" allowfullscreen=\"\"><\/iframe><\/div><\/div><div class=\"fusion-layout-column fusion_builder_column fusion-builder-column-4 fusion_builder_column_1_2 1_2 fusion-flex-column fusion-flex-align-self-stretch col-inside\" style=\"--awb-bg-size:cover;--awb-width-large:50%;--awb-margin-top-large:0px;--awb-spacing-right-large:3.84%;--awb-margin-bottom-large:20px;--awb-spacing-left-large:3.84%;--awb-width-medium:100%;--awb-order-medium:0;--awb-spacing-right-medium:1.92%;--awb-spacing-left-medium:1.92%;--awb-width-small:100%;--awb-order-small:0;--awb-spacing-right-small:1.92%;--awb-spacing-left-small:1.92%;\"><div class=\"fusion-column-wrapper fusion-column-has-shadow fusion-flex-justify-content-flex-start fusion-content-layout-column\"><iframe width=\"100%\" height=\"315\" src=\"https:\/\/www.youtube-nocookie.com\/embed\/Tu1NG3VLLYk\" title=\"YouTube videospiller\" frameborder=\"0\" allow=\"accelerometer; autoplay; clipboard-write; encrypted-media; gyroscope; picture-in-picture\" allowfullscreen=\"\"><\/iframe><\/div><\/div><div class=\"fusion-layout-column fusion_builder_column fusion-builder-column-5 fusion_builder_column_1_2 1_2 fusion-flex-column fusion-flex-align-self-stretch col-inside\" style=\"--awb-bg-size:cover;--awb-width-large:50%;--awb-margin-top-large:0px;--awb-spacing-right-large:3.84%;--awb-margin-bottom-large:20px;--awb-spacing-left-large:3.84%;--awb-width-medium:100%;--awb-order-medium:0;--awb-spacing-right-medium:1.92%;--awb-spacing-left-medium:1.92%;--awb-width-small:100%;--awb-order-small:0;--awb-spacing-right-small:1.92%;--awb-spacing-left-small:1.92%;\"><div class=\"fusion-column-wrapper fusion-column-has-shadow fusion-flex-justify-content-flex-start fusion-content-layout-column\"><iframe width=\"100%\" height=\"315\" src=\"https:\/\/www.youtube-nocookie.com\/embed\/iSolWrLn488\" title=\"YouTube videospiller\" frameborder=\"0\" allow=\"accelerometer; autoplay; clipboard-write; encrypted-media; gyroscope; picture-in-picture\" allowfullscreen=\"\"><\/iframe><\/div><\/div><div class=\"fusion-layout-column fusion_builder_column fusion-builder-column-6 fusion_builder_column_1_2 1_2 fusion-flex-column fusion-flex-align-self-stretch col-inside\" style=\"--awb-bg-size:cover;--awb-width-large:50%;--awb-margin-top-large:0px;--awb-spacing-right-large:3.84%;--awb-margin-bottom-large:20px;--awb-spacing-left-large:3.84%;--awb-width-medium:100%;--awb-order-medium:0;--awb-spacing-right-medium:1.92%;--awb-spacing-left-medium:1.92%;--awb-width-small:100%;--awb-order-small:0;--awb-spacing-right-small:1.92%;--awb-spacing-left-small:1.92%;\"><div class=\"fusion-column-wrapper fusion-column-has-shadow fusion-flex-justify-content-flex-start fusion-content-layout-column\"><iframe width=\"100%\" height=\"315\" src=\"https:\/\/www.youtube-nocookie.com\/embed\/ZGJnFXYJHBA\" title=\"YouTube videospiller\" frameborder=\"0\" allow=\"accelerometer; autoplay; clipboard-write; encrypted-media; gyroscope; picture-in-picture\" allowfullscreen=\"\"><\/iframe><\/div><\/div><\/div><\/div><\/p>\n","protected":false},"excerpt":{"rendered":"","protected":false},"author":5,"featured_media":0,"parent":0,"menu_order":0,"comment_status":"closed","ping_status":"closed","template":"","meta":{"footnotes":""},"class_list":["post-29039","page","type-page","status-publish","hentry"],"yoast_head":"<!-- This site is optimized with the Yoast SEO plugin v27.5 - https:\/\/yoast.com\/product\/yoast-seo-wordpress\/ -->\n<title>Rentaload Mini idriftsettingsserie -<\/title>\n<meta name=\"description\" content=\"Oppdag de siste nyhetene v\u00e5re, attester fra v\u00e5re kunder, noen casestudier for \u00e5 bedre forst\u00e5 virksomheten v\u00e5r. Last ogs\u00e5 ned v\u00e5r hvitbok eller v\u00e5r veiledning om igangkj\u00f8ring... En seksjon dedikert til alle ressursene v\u00e5re!\" \/>\n<meta name=\"robots\" content=\"index, follow, max-snippet:-1, max-image-preview:large, max-video-preview:-1\" \/>\n<link rel=\"canonical\" href=\"https:\/\/rentaload.com\/no\/miniserie\/\" \/>\n<meta property=\"og:locale\" content=\"nb_NO\" \/>\n<meta property=\"og:type\" content=\"article\" \/>\n<meta property=\"og:title\" content=\"Rentaload Mini idriftsettingsserie -\" \/>\n<meta property=\"og:description\" content=\"Oppdag de siste nyhetene v\u00e5re, attester fra v\u00e5re kunder, noen casestudier for \u00e5 bedre forst\u00e5 virksomheten v\u00e5r. Last ogs\u00e5 ned v\u00e5r hvitbok eller v\u00e5r veiledning om igangkj\u00f8ring... En seksjon dedikert til alle ressursene v\u00e5re!\" \/>\n<meta property=\"og:url\" content=\"https:\/\/rentaload.com\/no\/miniserie\/\" \/>\n<meta property=\"og:site_name\" content=\"Rentaload\" \/>\n<meta property=\"article:modified_time\" content=\"2022-07-03T22:35:03+00:00\" \/>\n<meta name=\"twitter:card\" content=\"summary_large_image\" \/>\n<meta name=\"twitter:label1\" content=\"Ansl. lesetid\" \/>\n\t<meta name=\"twitter:data1\" content=\"16 minutter\" \/>\n<script type=\"application\/ld+json\" class=\"yoast-schema-graph\">{\"@context\":\"https:\\\/\\\/schema.org\",\"@graph\":[{\"@type\":\"WebPage\",\"@id\":\"https:\\\/\\\/rentaload.com\\\/no\\\/miniserie\\\/\",\"url\":\"https:\\\/\\\/rentaload.com\\\/no\\\/miniserie\\\/\",\"name\":\"Rentaload Mini idriftsettingsserie -\",\"isPartOf\":{\"@id\":\"https:\\\/\\\/rentaload.com\\\/no\\\/#website\"},\"datePublished\":\"2022-03-20T23:06:06+00:00\",\"dateModified\":\"2022-07-03T22:35:03+00:00\",\"description\":\"Oppdag de siste nyhetene v\u00e5re, attester fra v\u00e5re kunder, noen casestudier for \u00e5 bedre forst\u00e5 virksomheten v\u00e5r. Last ogs\u00e5 ned v\u00e5r hvitbok eller v\u00e5r veiledning om igangkj\u00f8ring... En seksjon dedikert til alle ressursene v\u00e5re!\",\"inLanguage\":\"nb-NO\",\"potentialAction\":[{\"@type\":\"ReadAction\",\"target\":[\"https:\\\/\\\/rentaload.com\\\/no\\\/miniserie\\\/\"]}]},{\"@type\":\"WebSite\",\"@id\":\"https:\\\/\\\/rentaload.com\\\/no\\\/#website\",\"url\":\"https:\\\/\\\/rentaload.com\\\/no\\\/\",\"name\":\"Rentaload\",\"description\":\"Load bank hire - location banc de charge - Lastbank vermietung\",\"publisher\":{\"@id\":\"https:\\\/\\\/rentaload.com\\\/no\\\/#organization\"},\"potentialAction\":[{\"@type\":\"SearchAction\",\"target\":{\"@type\":\"EntryPoint\",\"urlTemplate\":\"https:\\\/\\\/rentaload.com\\\/no\\\/?s={search_term_string}\"},\"query-input\":{\"@type\":\"PropertyValueSpecification\",\"valueRequired\":true,\"valueName\":\"search_term_string\"}}],\"inLanguage\":\"nb-NO\"},{\"@type\":\"Organization\",\"@id\":\"https:\\\/\\\/rentaload.com\\\/no\\\/#organization\",\"name\":\"Rentaload\",\"url\":\"https:\\\/\\\/rentaload.com\\\/no\\\/\",\"logo\":{\"@type\":\"ImageObject\",\"inLanguage\":\"nb-NO\",\"@id\":\"https:\\\/\\\/rentaload.com\\\/no\\\/#\\\/schema\\\/logo\\\/image\\\/\",\"url\":\"https:\\\/\\\/rentaload.com\\\/wp-content\\\/uploads\\\/2018\\\/03\\\/rentaload-logo-location-banc-de-charge-test-louer-1.png\",\"contentUrl\":\"https:\\\/\\\/rentaload.com\\\/wp-content\\\/uploads\\\/2018\\\/03\\\/rentaload-logo-location-banc-de-charge-test-louer-1.png\",\"width\":470,\"height\":100,\"caption\":\"Rentaload\"},\"image\":{\"@id\":\"https:\\\/\\\/rentaload.com\\\/no\\\/#\\\/schema\\\/logo\\\/image\\\/\"}}]}<\/script>\n<!-- \/ Yoast SEO plugin. -->","yoast_head_json":{"title":"Rentaload Mini idriftsettingsserie -","description":"Oppdag de siste nyhetene v\u00e5re, attester fra v\u00e5re kunder, noen casestudier for \u00e5 bedre forst\u00e5 virksomheten v\u00e5r. Last ogs\u00e5 ned v\u00e5r hvitbok eller v\u00e5r veiledning om igangkj\u00f8ring... En seksjon dedikert til alle ressursene v\u00e5re!","robots":{"index":"index","follow":"follow","max-snippet":"max-snippet:-1","max-image-preview":"max-image-preview:large","max-video-preview":"max-video-preview:-1"},"canonical":"https:\/\/rentaload.com\/no\/miniserie\/","og_locale":"nb_NO","og_type":"article","og_title":"Rentaload Mini idriftsettingsserie -","og_description":"Oppdag de siste nyhetene v\u00e5re, attester fra v\u00e5re kunder, noen casestudier for \u00e5 bedre forst\u00e5 virksomheten v\u00e5r. Last ogs\u00e5 ned v\u00e5r hvitbok eller v\u00e5r veiledning om igangkj\u00f8ring... En seksjon dedikert til alle ressursene v\u00e5re!","og_url":"https:\/\/rentaload.com\/no\/miniserie\/","og_site_name":"Rentaload","article_modified_time":"2022-07-03T22:35:03+00:00","twitter_card":"summary_large_image","twitter_misc":{"Ansl. lesetid":"16 minutter"},"schema":{"@context":"https:\/\/schema.org","@graph":[{"@type":"WebPage","@id":"https:\/\/rentaload.com\/no\/miniserie\/","url":"https:\/\/rentaload.com\/no\/miniserie\/","name":"Rentaload Mini idriftsettingsserie -","isPartOf":{"@id":"https:\/\/rentaload.com\/no\/#website"},"datePublished":"2022-03-20T23:06:06+00:00","dateModified":"2022-07-03T22:35:03+00:00","description":"Oppdag de siste nyhetene v\u00e5re, attester fra v\u00e5re kunder, noen casestudier for \u00e5 bedre forst\u00e5 virksomheten v\u00e5r. Last ogs\u00e5 ned v\u00e5r hvitbok eller v\u00e5r veiledning om igangkj\u00f8ring... En seksjon dedikert til alle ressursene v\u00e5re!","inLanguage":"nb-NO","potentialAction":[{"@type":"ReadAction","target":["https:\/\/rentaload.com\/no\/miniserie\/"]}]},{"@type":"WebSite","@id":"https:\/\/rentaload.com\/no\/#website","url":"https:\/\/rentaload.com\/no\/","name":"Rentaload","description":"Load bank hire - location banc de charge - Lastbank vermietung","publisher":{"@id":"https:\/\/rentaload.com\/no\/#organization"},"potentialAction":[{"@type":"SearchAction","target":{"@type":"EntryPoint","urlTemplate":"https:\/\/rentaload.com\/no\/?s={search_term_string}"},"query-input":{"@type":"PropertyValueSpecification","valueRequired":true,"valueName":"search_term_string"}}],"inLanguage":"nb-NO"},{"@type":"Organization","@id":"https:\/\/rentaload.com\/no\/#organization","name":"Rentaload","url":"https:\/\/rentaload.com\/no\/","logo":{"@type":"ImageObject","inLanguage":"nb-NO","@id":"https:\/\/rentaload.com\/no\/#\/schema\/logo\/image\/","url":"https:\/\/rentaload.com\/wp-content\/uploads\/2018\/03\/rentaload-logo-location-banc-de-charge-test-louer-1.png","contentUrl":"https:\/\/rentaload.com\/wp-content\/uploads\/2018\/03\/rentaload-logo-location-banc-de-charge-test-louer-1.png","width":470,"height":100,"caption":"Rentaload"},"image":{"@id":"https:\/\/rentaload.com\/no\/#\/schema\/logo\/image\/"}}]}},"_links":{"self":[{"href":"https:\/\/rentaload.com\/no\/wp-json\/wp\/v2\/pages\/29039","targetHints":{"allow":["GET"]}}],"collection":[{"href":"https:\/\/rentaload.com\/no\/wp-json\/wp\/v2\/pages"}],"about":[{"href":"https:\/\/rentaload.com\/no\/wp-json\/wp\/v2\/types\/page"}],"author":[{"embeddable":true,"href":"https:\/\/rentaload.com\/no\/wp-json\/wp\/v2\/users\/5"}],"replies":[{"embeddable":true,"href":"https:\/\/rentaload.com\/no\/wp-json\/wp\/v2\/comments?post=29039"}],"version-history":[{"count":3,"href":"https:\/\/rentaload.com\/no\/wp-json\/wp\/v2\/pages\/29039\/revisions"}],"predecessor-version":[{"id":31518,"href":"https:\/\/rentaload.com\/no\/wp-json\/wp\/v2\/pages\/29039\/revisions\/31518"}],"wp:attachment":[{"href":"https:\/\/rentaload.com\/no\/wp-json\/wp\/v2\/media?parent=29039"}],"curies":[{"name":"wp","href":"https:\/\/api.w.org\/{rel}","templated":true}]}}