{"id":29097,"date":"2020-06-08T20:51:26","date_gmt":"2020-06-08T18:51:26","guid":{"rendered":"https:\/\/rentaload.com\/personvernerklaering\/"},"modified":"2022-06-01T04:45:42","modified_gmt":"2022-06-01T02:45:42","slug":"personvernerklaering","status":"publish","type":"page","link":"https:\/\/rentaload.com\/no\/personvernerklaering\/","title":{"rendered":"Personvernerkl\u00e6ring"},"content":{"rendered":"<div class=\"fusion-fullwidth fullwidth-box fusion-builder-row-1 fusion-flex-container nonhundred-percent-fullwidth non-hundred-percent-height-scrolling lp\" style=\"--awb-border-radius-top-left:0px;--awb-border-radius-top-right:0px;--awb-border-radius-bottom-right:0px;--awb-border-radius-bottom-left:0px;--awb-padding-bottom:30px;--awb-background-color:#ffffff;--awb-flex-wrap:wrap;\" ><div class=\"fusion-builder-row fusion-row fusion-flex-align-items-flex-start fusion-flex-content-wrap\" style=\"max-width:calc( 1100px + 0px );margin-left: calc(-0px \/ 2 );margin-right: calc(-0px \/ 2 );\"><div class=\"fusion-layout-column fusion_builder_column fusion-builder-column-0 fusion_builder_column_1_1 1_1 fusion-flex-column fusion-flex-align-self-flex-start fusion-column-no-min-height\" style=\"--awb-bg-color:#ffffff;--awb-bg-color-hover:#ffffff;--awb-bg-size:cover;--awb-width-large:100%;--awb-margin-top-large:0px;--awb-spacing-right-large:0px;--awb-margin-bottom-large:20px;--awb-spacing-left-large:0px;--awb-width-medium:100%;--awb-spacing-right-medium:0px;--awb-spacing-left-medium:0px;--awb-width-small:100%;--awb-spacing-right-small:0px;--awb-spacing-left-small:0px;\"><div class=\"fusion-column-wrapper fusion-column-has-shadow fusion-flex-justify-content-flex-start fusion-content-layout-column\"><div class=\"fusion-text fusion-text-1\"><h1 class=\"text-left\">Personvernerkl\u00e6ring og informasjonskapsler<\/h1>\n<\/div><\/div><\/div><div class=\"fusion-layout-column fusion_builder_column fusion-builder-column-1 fusion_builder_column_1_1 1_1 fusion-flex-column\" style=\"--awb-bg-size:cover;--awb-width-large:100%;--awb-margin-top-large:0px;--awb-spacing-right-large:0px;--awb-margin-bottom-large:20px;--awb-spacing-left-large:0px;--awb-width-medium:100%;--awb-spacing-right-medium:0px;--awb-spacing-left-medium:0px;--awb-width-small:100%;--awb-spacing-right-small:0px;--awb-spacing-left-small:0px;\"><div class=\"fusion-column-wrapper fusion-column-has-shadow fusion-flex-justify-content-center fusion-content-layout-column\"><div class=\"fusion-text fusion-text-2\"><p>Denne personvernerkl\u00e6ringen definerer og informerer deg om hvordan Rentaload, som behandlingsansvarlig, bruker og beskytter informasjonen du overf\u00f8rer n\u00e5r du bruker nettstedet newrentaload.kinsta.cloud (heretter kalt &laquo;nettstedet&raquo;).<\/p>\n<p>Denne personvernerkl\u00e6ringen kan endres eller suppleres n\u00e5r som helst av Rentaload. Datoen for oppdateringen vil da bli spesifisert. Disse endringene er bindende for deg s\u00e5 snart de er lagt ut p\u00e5 nettet, og vi anbefaler deg \u00e5 konsultere dem regelmessig.<\/p>\n<p>Ved \u00e5 bruke nettstedet samtykker du uttrykkelig til v\u00e5r personvernpolicy, hvorav du erkl\u00e6rer at du har lest den perfekt.<\/p>\n<p><strong>1. Innsamlet informasjon<\/strong><\/p>\n<p>Rentaload samler inn personopplysninger om deg n\u00e5r du ber om et tilbud eller bruker kontaktskjemaene v\u00e5re. Informasjonen som samles inn er ditt etternavn, fornavn, e-postadresse og telefonnummer.<br \/>\nTil slutt mottar og registrerer vi automatisk informasjon fra datamaskinen og nettleseren din, inkludert din IP-adresse, n\u00e5r du bes\u00f8ker nettstedet.<\/p>\n<p><strong>2. Form\u00e5l med \u00e5 samle informasjon<\/strong><\/p>\n<p>All informasjon vi samler inn fra deg brukes til \u00e5:<\/p>\n<p>\u2022 Kontakt deg via e-post eller telefon, spesielt i forbindelse med h\u00e5ndteringen av dine bestillinger eller sende deg viktig informasjon om nettstedet, som for eksempel endring av v\u00e5re betingelser og retningslinjer,<br \/>\n\u2022 Informere deg om produkter, programmer, tjenester og kampanjer som sannsynligvis vil interessere deg, med forbehold om forh\u00e5ndsgodkjenning,<br \/>\n\u2022 Forbedre ytelsen til nettstedet v\u00e5rt,<br \/>\n\u2022 Tilpass opplevelsen din p\u00e5 nettstedet og m\u00f8te dine individuelle behov<\/p>\n<p>Denne behandlingen er n\u00f8dvendig for \u00e5 oppfylle v\u00e5re kontraktsmessige forpliktelser og er basert p\u00e5 v\u00e5r legitime interesse i \u00e5 forbedre tjenestene v\u00e5re og forst\u00e5 forventningene til brukere av nettstedet.<\/p>\n<p><strong>3. Holdbarhet<\/strong><br \/>\nHvis du legger igjen en kommentar, beholdes kommentaren og dens metadata p\u00e5 ubestemt tid. Dette gjenkjenner og godkjenner automatisk etterf\u00f8lgende kommentarer i stedet for \u00e5 la dem st\u00e5 i modereringsk\u00f8en. Hvis du legger igjen en kommentar p\u00e5 siden v\u00e5r, vil du bli tilbudt \u00e5 lagre navn, e-postadresse og nettside i informasjonskapsler. Dette er kun for din komfort, slik at du ikke trenger \u00e5 skrive inn denne informasjonen hvis du legger igjen en kommentar senere. Disse informasjonskapslene utl\u00f8per etter ett \u00e5r.<\/p>\n<p>Hvis du g\u00e5r til p\u00e5loggingssiden, opprettes en midlertidig informasjonskapsel for \u00e5 avgj\u00f8re om nettleseren din godtar informasjonskapsler. Den inneholder ingen personlige data og vil bli slettet automatisk n\u00e5r du lukker nettleseren.<\/p>\n<p>N\u00e5r du logger inn, vil vi sette en rekke informasjonskapsler for \u00e5 lagre p\u00e5loggingsdetaljer og skjermpreferanser. Levetiden til en tilkoblingsinformasjonskapsel er to dager, den for en skjermalternativinformasjonskapsel er ett \u00e5r. Hvis du krysser av for &laquo;Husk meg&raquo;, vil p\u00e5loggingsinformasjonskapselen din bli lagret i to uker. Hvis du logger ut av kontoen din, vil p\u00e5loggingsinformasjonskapselen bli slettet.<\/p>\n<p>Ved \u00e5 redigere eller publisere et innlegg, vil en ekstra informasjonskapsel lagres i nettleseren din. Denne informasjonskapselen inkluderer ingen personopplysninger. Den viser bare ID-en til innlegget du nettopp redigerte. Den utl\u00f8per etter \u00e9n dag.<\/p>\n<p>For brukere som registrerer seg p\u00e5 nettstedet v\u00e5rt (hvis mulig), lagrer vi ogs\u00e5 personopplysningene som er angitt i profilen deres. Alle brukere kan se, endre eller slette sin personlige informasjon n\u00e5r som helst (bortsett fra deres brukernavn\u00b7is). Omr\u00e5deadministratorer kan ogs\u00e5 se og redigere denne informasjonen.<\/p>\n<p>Rentaload beholder kun personopplysninger i den tiden som er n\u00f8dvendig for operasjonene de ble samlet inn for.<br \/>\nS\u00e6rlig :<br \/>\n\u2022 Informasjon som er lagret i brukerens terminaler (informasjonskapsler) eller andre elementer som brukes til \u00e5 identifisere brukere og tillate brukersporbarhet, oppbevares i tolv m\u00e5neder.<br \/>\n\u2022 Prospektdata, dvs. personer som har opprettet en konto p\u00e5 nettstedet uten \u00e5 foreta et kj\u00f8p, oppbevares i en periode p\u00e5 to \u00e5r fra innsamlingen eller prospektets siste tilknytning til nettstedet. De kan n\u00e5r som helst bestemme seg for \u00e5 slette eller endre dataene sine hvis de \u00f8nsker det ved \u00e5 kontakte Rentaload direkte.<\/p>\n<p><strong>4. Konfidensialitet<\/strong><\/p>\n<p>Rentaload er den eneste eieren av informasjonen som samles inn p\u00e5 nettstedet. Din personlige informasjon vil ikke bli solgt, utvekslet, overf\u00f8rt eller gitt til et annet selskap for kommersielle form\u00e5l, uten ditt samtykke.<\/p>\n<p>Disse dataene kan imidlertid overlates til underleverand\u00f8rer for korrekt utf\u00f8relse av bestillinger eller til tredjeparter som er ansvarlige for administrasjonen og\/eller driften av nettstedet, som p\u00e5 ingen m\u00e5te er autorisert til \u00e5 bruke dem til andre form\u00e5l enn det strengt tatt av deres oppdrag eller \u00e5 selge, utveksle eller overf\u00f8re dataene dine til tredjeparter.<\/p>\n<p>Dataene dine kan ogs\u00e5 deles med tredjeparter, bare innenfor de autoriserte grensene (a) under gjeldende lover, (b) for \u00e5 overholde juridisk prosess, (c) \u00e5 svare p\u00e5 foresp\u00f8rsler fra myndigheter og offentlige myndigheter selv n\u00e5r disse befinner seg utenfor ditt bostedsland, (d) for \u00e5 sikre samsvar med v\u00e5re vilk\u00e5r og betingelser for salg og bruk, (e) for \u00e5 beskytte v\u00e5re rettigheter og interesser og rettighetene til andre personer eller brukere av nettstedet.<\/p>\n<p>Dine ikke-nominative data, dvs. data som ikke tillater din identifikasjon, kan muligens gis til tredjeparter for statistikk, markedsf\u00f8ring eller reklameform\u00e5l. Artikler p\u00e5 dette nettstedet kan inneholde innebygd innhold (f.eks. videoer, bilder, artikler osv.). Innhold som er innebygd fra andre nettsteder, oppf\u00f8rer seg p\u00e5 samme m\u00e5te som om den bes\u00f8kende var p\u00e5 det andre nettstedet. Disse nettstedene kan samle inn data om deg, bruke informasjonskapsler, bygge inn tredjeparts sporingsverkt\u00f8y, spore interaksjonene dine med dette innebygde innholdet hvis du har en konto koblet til nettstedet deres.<\/p>\n<div class=\"fusion-privacy-element fusion-privacy-element-1\"><div class=\"fusion-privacy-form-intro\"><\/p>\n<p>Vi gir deg valget om du vil godta innholdet i disse tredjepartsapplikasjonene eller ikke. Alt du trenger \u00e5 gj\u00f8re er \u00e5 fjerne merket for boksene nedenfor og ingen data fra disse tredjepartene vil da bli akseptert. Du kan revurdere avgj\u00f8relsen din n\u00e5r som helst ved \u00e5 merke av eller fjerne merket for boksene nedenfor og klikke p\u00e5 oppdateringsknappen.<\/p>\n<p>\n<\/div><form id=\"fusion-privacy-form-1\" method=\"post\" class=\"fusion-privacy-form fusion-privacy-form-floated\"><ul><li><label for=\"youtube\"><input name=\"consents[]\" type=\"checkbox\" value=\"youtube\"  id=\"youtube\">YouTube<\/label><\/li><li><label for=\"gmaps\"><input name=\"consents[]\" type=\"checkbox\" value=\"gmaps\" checked id=\"gmaps\">Google Maps<\/label><\/li><li><label for=\"tracking\"><input name=\"consents[]\" type=\"checkbox\" value=\"tracking\" checked id=\"tracking\">Tracking Cookies<\/label><\/li><\/ul><input type=\"hidden\" name=\"_wp_http_referer\" value=\"\/no\/wp-json\/wp\/v2\/pages\/29097\" \/><input type=\"hidden\" name=\"privacyformid\" value=\"1\"><input type=\"hidden\" name=\"consents[]\" value=\"consent\"><input class=\"fusion-button fusion-button-default fusion-button-default-size\" type=\"submit\" value=\"Update\" ><input type=\"hidden\" id=\"fusion_privacy_nonce\" name=\"fusion_privacy_nonce\" value=\"27811df553\" \/><input type=\"hidden\" name=\"_wp_http_referer\" value=\"\/no\/wp-json\/wp\/v2\/pages\/29097\" \/><\/form><\/div>\n<p><strong>5. Beskyttelse av informasjon<\/strong><\/p>\n<p>Vi implementerer en rekke sikkerhetstiltak for \u00e5 opprettholde sikkerheten til din personlige informasjon. Vi bruker state-of-the-art kryptering for \u00e5 beskytte sensitiv informasjon som overf\u00f8res p\u00e5 nettet. Vi beskytter ogs\u00e5 informasjonen din offline. Kun ansatte som trenger \u00e5 utf\u00f8re en bestemt jobb (for eksempel fakturering eller kundeservice) har tilgang til personlig identifiserbar informasjon.<\/p>\n<p>Vi sikrer at enhver tjenesteleverand\u00f8r eller underleverand\u00f8r som vi kan bruke i forbindelse med innsamling og behandling av dataene du kommuniserer til oss, gir tilstrekkelige garantier n\u00e5r det gjelder konfidensialitet, bruk og databeskyttelse.<\/p>\n<p><strong>6. Rett til innsyn, retting og innsigelse<\/strong><\/p>\n<p>Du har rett til tilgang, begrensning, retting, sletting og motstand mot bruken av dine personlige data som overf\u00f8res til nettstedet.<\/p>\n<p>Enhver foresp\u00f8rsel om dette m\u00e5 adresseres til sidekontroll\u00f8ren ved \u00e5 sende en e-post til contact@rentaload.com<\/p>\n<p>Gitt v\u00e5r forpliktelse til sikkerhet og konfidensialitet i behandlingen av personopplysninger, m\u00e5 enhver foresp\u00f8rsel v\u00e6re ledsaget av en fotokopi eller en skanning av ditt identitetsdokument (identitetskort, pass, f\u00f8rerkort).<\/p>\n<p>Vi vil svare deg innen maksimalt \u00e9n m\u00e5ned etter mottak av foresp\u00f8rselen din.<\/p>\n<p>For \u00e5 hjelpe deg med prosedyrene dine har CNIL utviklet modellbrev som lar deg be om:<\/p>\n<p>\u2013 Tilgang til personopplysninger:<br \/>\nhttps:\/\/www.cnil.fr\/fr\/modele\/courrier\/exercer-son-droit-dacces<\/p>\n<p>\u2013 Retting, oppdatering, blokkering eller sletting av dine personopplysninger:<br \/>\nhttps:\/\/www.cnil.fr\/fr\/modele\/courrier\/rectifier-des-donnees-inexactes-obsoletes-ou-perimees<\/p>\n<p>\u2013 Motstand mot behandling av dine personopplysninger av en legitim grunn eller n\u00e5r dataene dine brukes til kommersielle prospekteringsform\u00e5l:<br \/>\nhttps:\/\/www.cnil.fr\/fr\/modele\/courrier\/supprimer-des-informations-vous-concernant-dun-site-internet<\/p>\n<p><strong>7. Retningslinjer for informasjonskapsler<\/strong><\/p>\n<p>N\u00e5r du kobler til nettstedet, kan Rentaload g\u00e5 videre til implementeringen av en informasjonskapsel p\u00e5 harddisken til terminalen din for \u00e5 garantere deg en jevn og optimal navigering p\u00e5 nettstedet. &laquo;Cookies&raquo; (ogs\u00e5 kalt &laquo;tilkoblingsinformasjonskapsler&raquo;) lar oss gjenkjenne datamaskinen, nettbrettet eller mobiltelefonen din med det form\u00e5l \u00e5 tilpasse tjenestene vi tilbyr deg gjennom nettstedet.<\/p>\n<p>For \u00e5 informere deg om dette, vises et banner nederst p\u00e5 skjermen n\u00e5r du kobler til nettstedet. Du kan n\u00e5r som helst nekte \u00e5 deponere informasjonskapsler p\u00e5 terminalen din ved \u00e5 konfigurere nettleseren din. I et slikt tilfelle kan vi imidlertid ikke garantere at nettstedet fungerer optimalt, og vi kan ikke holdes ansvarlige for eventuelle konsekvenser knyttet til endring av navigasjonsbetingelsene dine p\u00e5 nettstedet som vil f\u00f8lge av ditt valg om \u00e5 nekte eller blokkere informasjonskapslene som er n\u00f8dvendige for dens riktige funksjon.<\/p>\n<p>For \u00e5 veilede deg i innstillingene dine har CNIL utviklet en side dedikert til kontroll av informasjonskapsler, som kan konsulteres via f\u00f8lgende lenke: https:\/\/www.cnil.fr\/fr\/cookies-les-outils-pour-les -\u00e5 mestre.<\/p>\n<p>Informasjonen som samles inn gjennom informasjonskapsler identifiserer deg ikke p\u00e5 noen m\u00e5te og er kun ment \u00e5 hjelpe oss med \u00e5 analysere og forbedre ytelsen til nettstedet.<\/p>\n<p>I samsvar med anbefalingene fra CNIL er informasjonskapslene som er strengt n\u00f8dvendige for driften av nettstedet ikke underlagt noen forpliktelser fra din side. P\u00e5 den annen side kreves din uttrykkelige samtykke f\u00f8r bruk av informasjonskapsler utstedt av tredjeparter, som er underlagt konfidensialitetspolicyene til sistnevnte, som kan konsulteres p\u00e5 deres nettsteder. Disse informasjonskapslene kan v\u00e6re informasjonskapsler for publikumsm\u00e5ling, reklameinformasjonskapsler eller informasjonskapsler for deling av sosiale nettverk.<\/p>\n<p><strong>8. Rettsmidler<\/strong><\/p>\n<p>Hvis du mener at vi ikke respekterer v\u00e5re forpliktelser med hensyn til innsamling og behandling av dine personopplysninger, kan du sende en klage til CNIL per post eller elektronisk via f\u00f8lgende lenke: https:\/\/www.cnil .fr\/fr \/klager\/internett.<\/p>\n<p>\u2013 juni 2020 \u2013<\/p>\n<\/div><\/div><\/div><\/div><\/div>\n","protected":false},"excerpt":{"rendered":"","protected":false},"author":3,"featured_media":0,"parent":0,"menu_order":0,"comment_status":"closed","ping_status":"open","template":"100-width.php","meta":{"footnotes":""},"class_list":["post-29097","page","type-page","status-publish","hentry"],"yoast_head":"<!-- This site is optimized with the Yoast SEO plugin v27.3 - https:\/\/yoast.com\/product\/yoast-seo-wordpress\/ -->\n<title>Rentaload: Juridisk merknad<\/title>\n<meta name=\"robots\" content=\"index, follow, max-snippet:-1, max-image-preview:large, max-video-preview:-1\" \/>\n<link rel=\"canonical\" href=\"https:\/\/rentaload.com\/no\/personvernerklaering\/\" \/>\n<meta property=\"og:locale\" content=\"nb_NO\" \/>\n<meta property=\"og:type\" content=\"article\" \/>\n<meta property=\"og:title\" content=\"Rentaload: Juridisk merknad\" \/>\n<meta property=\"og:url\" content=\"https:\/\/rentaload.com\/no\/personvernerklaering\/\" \/>\n<meta property=\"og:site_name\" content=\"Rentaload\" \/>\n<meta property=\"article:modified_time\" content=\"2022-06-01T02:45:42+00:00\" \/>\n<meta name=\"twitter:card\" content=\"summary_large_image\" \/>\n<meta name=\"twitter:label1\" content=\"Ansl. lesetid\" \/>\n\t<meta name=\"twitter:data1\" content=\"10 minutter\" \/>\n<script type=\"application\/ld+json\" class=\"yoast-schema-graph\">{\"@context\":\"https:\\\/\\\/schema.org\",\"@graph\":[{\"@type\":\"WebPage\",\"@id\":\"https:\\\/\\\/rentaload.com\\\/no\\\/personvernerklaering\\\/\",\"url\":\"https:\\\/\\\/rentaload.com\\\/no\\\/personvernerklaering\\\/\",\"name\":\"Rentaload: Juridisk merknad\",\"isPartOf\":{\"@id\":\"https:\\\/\\\/rentaload.com\\\/no\\\/#website\"},\"datePublished\":\"2020-06-08T18:51:26+00:00\",\"dateModified\":\"2022-06-01T02:45:42+00:00\",\"inLanguage\":\"nb-NO\",\"potentialAction\":[{\"@type\":\"ReadAction\",\"target\":[\"https:\\\/\\\/rentaload.com\\\/no\\\/personvernerklaering\\\/\"]}]},{\"@type\":\"WebSite\",\"@id\":\"https:\\\/\\\/rentaload.com\\\/no\\\/#website\",\"url\":\"https:\\\/\\\/rentaload.com\\\/no\\\/\",\"name\":\"Rentaload\",\"description\":\"Load bank hire - location banc de charge - Lastbank vermietung\",\"publisher\":{\"@id\":\"https:\\\/\\\/rentaload.com\\\/no\\\/#organization\"},\"potentialAction\":[{\"@type\":\"SearchAction\",\"target\":{\"@type\":\"EntryPoint\",\"urlTemplate\":\"https:\\\/\\\/rentaload.com\\\/no\\\/?s={search_term_string}\"},\"query-input\":{\"@type\":\"PropertyValueSpecification\",\"valueRequired\":true,\"valueName\":\"search_term_string\"}}],\"inLanguage\":\"nb-NO\"},{\"@type\":\"Organization\",\"@id\":\"https:\\\/\\\/rentaload.com\\\/no\\\/#organization\",\"name\":\"Rentaload\",\"url\":\"https:\\\/\\\/rentaload.com\\\/no\\\/\",\"logo\":{\"@type\":\"ImageObject\",\"inLanguage\":\"nb-NO\",\"@id\":\"https:\\\/\\\/rentaload.com\\\/no\\\/#\\\/schema\\\/logo\\\/image\\\/\",\"url\":\"https:\\\/\\\/rentaload.com\\\/wp-content\\\/uploads\\\/2018\\\/03\\\/rentaload-logo-location-banc-de-charge-test-louer-1.png\",\"contentUrl\":\"https:\\\/\\\/rentaload.com\\\/wp-content\\\/uploads\\\/2018\\\/03\\\/rentaload-logo-location-banc-de-charge-test-louer-1.png\",\"width\":470,\"height\":100,\"caption\":\"Rentaload\"},\"image\":{\"@id\":\"https:\\\/\\\/rentaload.com\\\/no\\\/#\\\/schema\\\/logo\\\/image\\\/\"}}]}<\/script>\n<!-- \/ Yoast SEO plugin. -->","yoast_head_json":{"title":"Rentaload: Juridisk merknad","robots":{"index":"index","follow":"follow","max-snippet":"max-snippet:-1","max-image-preview":"max-image-preview:large","max-video-preview":"max-video-preview:-1"},"canonical":"https:\/\/rentaload.com\/no\/personvernerklaering\/","og_locale":"nb_NO","og_type":"article","og_title":"Rentaload: Juridisk merknad","og_url":"https:\/\/rentaload.com\/no\/personvernerklaering\/","og_site_name":"Rentaload","article_modified_time":"2022-06-01T02:45:42+00:00","twitter_card":"summary_large_image","twitter_misc":{"Ansl. lesetid":"10 minutter"},"schema":{"@context":"https:\/\/schema.org","@graph":[{"@type":"WebPage","@id":"https:\/\/rentaload.com\/no\/personvernerklaering\/","url":"https:\/\/rentaload.com\/no\/personvernerklaering\/","name":"Rentaload: Juridisk merknad","isPartOf":{"@id":"https:\/\/rentaload.com\/no\/#website"},"datePublished":"2020-06-08T18:51:26+00:00","dateModified":"2022-06-01T02:45:42+00:00","inLanguage":"nb-NO","potentialAction":[{"@type":"ReadAction","target":["https:\/\/rentaload.com\/no\/personvernerklaering\/"]}]},{"@type":"WebSite","@id":"https:\/\/rentaload.com\/no\/#website","url":"https:\/\/rentaload.com\/no\/","name":"Rentaload","description":"Load bank hire - location banc de charge - Lastbank vermietung","publisher":{"@id":"https:\/\/rentaload.com\/no\/#organization"},"potentialAction":[{"@type":"SearchAction","target":{"@type":"EntryPoint","urlTemplate":"https:\/\/rentaload.com\/no\/?s={search_term_string}"},"query-input":{"@type":"PropertyValueSpecification","valueRequired":true,"valueName":"search_term_string"}}],"inLanguage":"nb-NO"},{"@type":"Organization","@id":"https:\/\/rentaload.com\/no\/#organization","name":"Rentaload","url":"https:\/\/rentaload.com\/no\/","logo":{"@type":"ImageObject","inLanguage":"nb-NO","@id":"https:\/\/rentaload.com\/no\/#\/schema\/logo\/image\/","url":"https:\/\/rentaload.com\/wp-content\/uploads\/2018\/03\/rentaload-logo-location-banc-de-charge-test-louer-1.png","contentUrl":"https:\/\/rentaload.com\/wp-content\/uploads\/2018\/03\/rentaload-logo-location-banc-de-charge-test-louer-1.png","width":470,"height":100,"caption":"Rentaload"},"image":{"@id":"https:\/\/rentaload.com\/no\/#\/schema\/logo\/image\/"}}]}},"_links":{"self":[{"href":"https:\/\/rentaload.com\/no\/wp-json\/wp\/v2\/pages\/29097","targetHints":{"allow":["GET"]}}],"collection":[{"href":"https:\/\/rentaload.com\/no\/wp-json\/wp\/v2\/pages"}],"about":[{"href":"https:\/\/rentaload.com\/no\/wp-json\/wp\/v2\/types\/page"}],"author":[{"embeddable":true,"href":"https:\/\/rentaload.com\/no\/wp-json\/wp\/v2\/users\/3"}],"replies":[{"embeddable":true,"href":"https:\/\/rentaload.com\/no\/wp-json\/wp\/v2\/comments?post=29097"}],"version-history":[{"count":1,"href":"https:\/\/rentaload.com\/no\/wp-json\/wp\/v2\/pages\/29097\/revisions"}],"predecessor-version":[{"id":29108,"href":"https:\/\/rentaload.com\/no\/wp-json\/wp\/v2\/pages\/29097\/revisions\/29108"}],"wp:attachment":[{"href":"https:\/\/rentaload.com\/no\/wp-json\/wp\/v2\/media?parent=29097"}],"curies":[{"name":"wp","href":"https:\/\/api.w.org\/{rel}","templated":true}]}}