{"id":37983,"date":"2018-03-05T15:30:13","date_gmt":"2018-03-05T14:30:13","guid":{"rendered":"https:\/\/rentaload.com\/armia\/"},"modified":"2023-03-10T16:42:51","modified_gmt":"2023-03-10T15:42:51","slug":"armia","status":"publish","type":"page","link":"https:\/\/rentaload.com\/pl\/aplikacje-bank-test\/armia\/","title":{"rendered":"Armia"},"content":{"rendered":"<div class=\"fusion-fullwidth fullwidth-box fusion-builder-row-1 fusion-flex-container nonhundred-percent-fullwidth non-hundred-percent-height-scrolling ctnr-top-h1\" style=\"--awb-border-radius-top-left:0px;--awb-border-radius-top-right:0px;--awb-border-radius-bottom-right:0px;--awb-border-radius-bottom-left:0px;--awb-flex-wrap:wrap;\" ><div class=\"fusion-builder-row fusion-row fusion-flex-align-items-flex-start fusion-flex-justify-content-center fusion-flex-content-wrap\" style=\"max-width:1144px;margin-left: calc(-4% \/ 2 );margin-right: calc(-4% \/ 2 );\"><div class=\"fusion-layout-column fusion_builder_column fusion-builder-column-0 fusion_builder_column_1_2 1_2 fusion-flex-column col-inside\" style=\"--awb-bg-size:cover;--awb-width-large:50%;--awb-margin-top-large:0px;--awb-spacing-right-large:3.84%;--awb-margin-bottom-large:20px;--awb-spacing-left-large:3.84%;--awb-width-medium:100%;--awb-order-medium:0;--awb-spacing-right-medium:1.92%;--awb-spacing-left-medium:1.92%;--awb-width-small:100%;--awb-order-small:0;--awb-spacing-right-small:1.92%;--awb-spacing-left-small:1.92%;\"><div class=\"fusion-column-wrapper fusion-column-has-shadow fusion-flex-justify-content-flex-start fusion-content-layout-column\"><div class=\"fusion-title title fusion-title-1 fusion-sep-none fusion-title-text fusion-title-size-one\" style=\"--awb-margin-top-small:0px;--awb-margin-right-small:0px;--awb-margin-bottom-small:20px;--awb-margin-left-small:0px;\"><h1 class=\"fusion-title-heading title-heading-left\" style=\"margin:0;\">Armia<\/h1><\/div><div class=\"fusion-text fusion-text-1\"><h3>Zasada bezpiecze\u0144stwa urz\u0105dze\u0144 i utrzymania warunk\u00f3w<\/h3>\n<p>Podczas kampanii wojskowych lub \u0107wicze\u0144, armie i ich strategiczny sprz\u0119t mog\u0105 by\u0107 rozmieszczone na teatrach dzia\u0142a\u0144 w kraju lub za granic\u0105: generatory s\u0105 krytycznym sprz\u0119tem, kt\u00f3ry mo\u017ce zapewni\u0107 energi\u0119 dla oboz\u00f3w bazowych. Grupy te musz\u0105 by\u0107 regularnie testowane podczas przechowywania lub przed wys\u0142aniem w teren. Wa\u017cne jest, aby przetestowa\u0107 je w warunkach operacyjnych. Bank obci\u0105\u017ce\u0144 jest najbezpieczniejszym sposobem na przeprowadzenie tego typu testu.<\/p>\n<h3>Rodzaje zastosowa\u0144 uzbrojonej baterii akumulator\u00f3w<\/h3>\n<ul>\n<li>Badanie poprawno\u015bci dzia\u0142ania agregatu pr\u0105dotw\u00f3rczego<\/li>\n<li>Badanie silnik\u00f3w w lotnictwie i aeronautyce (cz\u0119stotliwo\u015b\u0107 400 Hz)<\/li>\n<li>R\u00f3\u017cne testy sprz\u0119tu<\/li>\n<\/ul>\n<\/div><div ><a class=\"fusion-button button-flat fusion-button-default-size button-default fusion-button-default button-1 fusion-button-default-span fusion-button-default-type\" target=\"_self\" href=\"https:\/\/rentaload.com\/fr\/contact\/\"><span class=\"fusion-button-text awb-button__text awb-button__text--default\">KONTAKT<\/span><\/a><\/div><\/div><\/div><div class=\"fusion-layout-column fusion_builder_column fusion-builder-column-1 fusion_builder_column_1_2 1_2 fusion-flex-column col-img\" style=\"--awb-bg-size:cover;--awb-width-large:50%;--awb-margin-top-large:0px;--awb-spacing-right-large:3.84%;--awb-margin-bottom-large:20px;--awb-spacing-left-large:3.84%;--awb-width-medium:100%;--awb-order-medium:0;--awb-spacing-right-medium:1.92%;--awb-spacing-left-medium:1.92%;--awb-width-small:100%;--awb-order-small:0;--awb-spacing-right-small:1.92%;--awb-spacing-left-small:1.92%;\"><div class=\"fusion-column-wrapper fusion-column-has-shadow fusion-flex-justify-content-flex-start fusion-content-layout-column\"><div class=\"fusion-image-element \" style=\"text-align:center;--awb-caption-title-font-family:var(--h2_typography-font-family);--awb-caption-title-font-weight:var(--h2_typography-font-weight);--awb-caption-title-font-style:var(--h2_typography-font-style);--awb-caption-title-size:var(--h2_typography-font-size);--awb-caption-title-transform:var(--h2_typography-text-transform);--awb-caption-title-line-height:var(--h2_typography-line-height);--awb-caption-title-letter-spacing:var(--h2_typography-letter-spacing);\"><span class=\" fusion-imageframe imageframe-none imageframe-1 hover-type-none\"><img alt=\"Armia_loadbank_generator\u00f3w-generator_test_rozruchu\" title=\"Armia_loadbank_generator\u00f3w-generator_test_rozruchu\" class=\"img-responsive wp-image-46200\"\/><\/span><\/div><\/div><\/div><\/div><\/div>\n","protected":false},"excerpt":{"rendered":"","protected":false},"author":3,"featured_media":0,"parent":37991,"menu_order":0,"comment_status":"closed","ping_status":"closed","template":"","meta":{"footnotes":""},"class_list":["post-37983","page","type-page","status-publish","hentry"],"yoast_head":"<!-- This site is optimized with the Yoast SEO plugin v27.4 - https:\/\/yoast.com\/product\/yoast-seo-wordpress\/ -->\n<title>Rentaload : Nasze zastosowania : Banki \u0142adunkowe dla wojska<\/title>\n<meta name=\"description\" content=\"Urz\u0105dzenia musz\u0105 by\u0107 regularnie testowane podczas przechowywania lub przed wys\u0142aniem w teren, przy u\u017cyciu bank\u00f3w obci\u0105\u017ce\u0144\" \/>\n<meta name=\"robots\" content=\"index, follow, max-snippet:-1, max-image-preview:large, max-video-preview:-1\" \/>\n<link rel=\"canonical\" href=\"https:\/\/rentaload.com\/pl\/aplikacje-bank-test\/armia\/\" \/>\n<meta property=\"og:locale\" content=\"pl_PL\" \/>\n<meta property=\"og:type\" content=\"article\" \/>\n<meta property=\"og:title\" content=\"Rentaload : Nasze zastosowania : Banki \u0142adunkowe dla wojska\" \/>\n<meta property=\"og:description\" content=\"Urz\u0105dzenia musz\u0105 by\u0107 regularnie testowane podczas przechowywania lub przed wys\u0142aniem w teren, przy u\u017cyciu bank\u00f3w obci\u0105\u017ce\u0144\" \/>\n<meta property=\"og:url\" content=\"https:\/\/rentaload.com\/pl\/aplikacje-bank-test\/armia\/\" \/>\n<meta property=\"og:site_name\" content=\"Rentaload\" \/>\n<meta property=\"article:modified_time\" content=\"2023-03-10T15:42:51+00:00\" \/>\n<meta name=\"twitter:card\" content=\"summary_large_image\" \/>\n<meta name=\"twitter:label1\" content=\"Szacowany czas czytania\" \/>\n\t<meta name=\"twitter:data1\" content=\"8 minut\" \/>\n<script type=\"application\/ld+json\" class=\"yoast-schema-graph\">{\"@context\":\"https:\\\/\\\/schema.org\",\"@graph\":[{\"@type\":\"WebPage\",\"@id\":\"https:\\\/\\\/rentaload.com\\\/pl\\\/aplikacje-bank-test\\\/armia\\\/\",\"url\":\"https:\\\/\\\/rentaload.com\\\/pl\\\/aplikacje-bank-test\\\/armia\\\/\",\"name\":\"Rentaload : Nasze zastosowania : Banki \u0142adunkowe dla wojska\",\"isPartOf\":{\"@id\":\"https:\\\/\\\/rentaload.com\\\/pl\\\/#website\"},\"datePublished\":\"2018-03-05T14:30:13+00:00\",\"dateModified\":\"2023-03-10T15:42:51+00:00\",\"description\":\"Urz\u0105dzenia musz\u0105 by\u0107 regularnie testowane podczas przechowywania lub przed wys\u0142aniem w teren, przy u\u017cyciu bank\u00f3w obci\u0105\u017ce\u0144\",\"inLanguage\":\"pl-PL\",\"potentialAction\":[{\"@type\":\"ReadAction\",\"target\":[\"https:\\\/\\\/rentaload.com\\\/pl\\\/aplikacje-bank-test\\\/armia\\\/\"]}]},{\"@type\":\"WebSite\",\"@id\":\"https:\\\/\\\/rentaload.com\\\/pl\\\/#website\",\"url\":\"https:\\\/\\\/rentaload.com\\\/pl\\\/\",\"name\":\"Rentaload\",\"description\":\"Load bank hire - location banc de charge - Lastbank vermietung\",\"publisher\":{\"@id\":\"https:\\\/\\\/rentaload.com\\\/pl\\\/#organization\"},\"potentialAction\":[{\"@type\":\"SearchAction\",\"target\":{\"@type\":\"EntryPoint\",\"urlTemplate\":\"https:\\\/\\\/rentaload.com\\\/pl\\\/?s={search_term_string}\"},\"query-input\":{\"@type\":\"PropertyValueSpecification\",\"valueRequired\":true,\"valueName\":\"search_term_string\"}}],\"inLanguage\":\"pl-PL\"},{\"@type\":\"Organization\",\"@id\":\"https:\\\/\\\/rentaload.com\\\/pl\\\/#organization\",\"name\":\"Rentaload\",\"url\":\"https:\\\/\\\/rentaload.com\\\/pl\\\/\",\"logo\":{\"@type\":\"ImageObject\",\"inLanguage\":\"pl-PL\",\"@id\":\"https:\\\/\\\/rentaload.com\\\/pl\\\/#\\\/schema\\\/logo\\\/image\\\/\",\"url\":\"https:\\\/\\\/rentaload.com\\\/wp-content\\\/uploads\\\/2018\\\/03\\\/rentaload-logo-location-banc-de-charge-test-louer-1.png\",\"contentUrl\":\"https:\\\/\\\/rentaload.com\\\/wp-content\\\/uploads\\\/2018\\\/03\\\/rentaload-logo-location-banc-de-charge-test-louer-1.png\",\"width\":470,\"height\":100,\"caption\":\"Rentaload\"},\"image\":{\"@id\":\"https:\\\/\\\/rentaload.com\\\/pl\\\/#\\\/schema\\\/logo\\\/image\\\/\"}}]}<\/script>\n<!-- \/ Yoast SEO plugin. -->","yoast_head_json":{"title":"Rentaload : Nasze zastosowania : Banki \u0142adunkowe dla wojska","description":"Urz\u0105dzenia musz\u0105 by\u0107 regularnie testowane podczas przechowywania lub przed wys\u0142aniem w teren, przy u\u017cyciu bank\u00f3w obci\u0105\u017ce\u0144","robots":{"index":"index","follow":"follow","max-snippet":"max-snippet:-1","max-image-preview":"max-image-preview:large","max-video-preview":"max-video-preview:-1"},"canonical":"https:\/\/rentaload.com\/pl\/aplikacje-bank-test\/armia\/","og_locale":"pl_PL","og_type":"article","og_title":"Rentaload : Nasze zastosowania : Banki \u0142adunkowe dla wojska","og_description":"Urz\u0105dzenia musz\u0105 by\u0107 regularnie testowane podczas przechowywania lub przed wys\u0142aniem w teren, przy u\u017cyciu bank\u00f3w obci\u0105\u017ce\u0144","og_url":"https:\/\/rentaload.com\/pl\/aplikacje-bank-test\/armia\/","og_site_name":"Rentaload","article_modified_time":"2023-03-10T15:42:51+00:00","twitter_card":"summary_large_image","twitter_misc":{"Szacowany czas czytania":"8 minut"},"schema":{"@context":"https:\/\/schema.org","@graph":[{"@type":"WebPage","@id":"https:\/\/rentaload.com\/pl\/aplikacje-bank-test\/armia\/","url":"https:\/\/rentaload.com\/pl\/aplikacje-bank-test\/armia\/","name":"Rentaload : Nasze zastosowania : Banki \u0142adunkowe dla wojska","isPartOf":{"@id":"https:\/\/rentaload.com\/pl\/#website"},"datePublished":"2018-03-05T14:30:13+00:00","dateModified":"2023-03-10T15:42:51+00:00","description":"Urz\u0105dzenia musz\u0105 by\u0107 regularnie testowane podczas przechowywania lub przed wys\u0142aniem w teren, przy u\u017cyciu bank\u00f3w obci\u0105\u017ce\u0144","inLanguage":"pl-PL","potentialAction":[{"@type":"ReadAction","target":["https:\/\/rentaload.com\/pl\/aplikacje-bank-test\/armia\/"]}]},{"@type":"WebSite","@id":"https:\/\/rentaload.com\/pl\/#website","url":"https:\/\/rentaload.com\/pl\/","name":"Rentaload","description":"Load bank hire - location banc de charge - Lastbank vermietung","publisher":{"@id":"https:\/\/rentaload.com\/pl\/#organization"},"potentialAction":[{"@type":"SearchAction","target":{"@type":"EntryPoint","urlTemplate":"https:\/\/rentaload.com\/pl\/?s={search_term_string}"},"query-input":{"@type":"PropertyValueSpecification","valueRequired":true,"valueName":"search_term_string"}}],"inLanguage":"pl-PL"},{"@type":"Organization","@id":"https:\/\/rentaload.com\/pl\/#organization","name":"Rentaload","url":"https:\/\/rentaload.com\/pl\/","logo":{"@type":"ImageObject","inLanguage":"pl-PL","@id":"https:\/\/rentaload.com\/pl\/#\/schema\/logo\/image\/","url":"https:\/\/rentaload.com\/wp-content\/uploads\/2018\/03\/rentaload-logo-location-banc-de-charge-test-louer-1.png","contentUrl":"https:\/\/rentaload.com\/wp-content\/uploads\/2018\/03\/rentaload-logo-location-banc-de-charge-test-louer-1.png","width":470,"height":100,"caption":"Rentaload"},"image":{"@id":"https:\/\/rentaload.com\/pl\/#\/schema\/logo\/image\/"}}]}},"_links":{"self":[{"href":"https:\/\/rentaload.com\/pl\/wp-json\/wp\/v2\/pages\/37983","targetHints":{"allow":["GET"]}}],"collection":[{"href":"https:\/\/rentaload.com\/pl\/wp-json\/wp\/v2\/pages"}],"about":[{"href":"https:\/\/rentaload.com\/pl\/wp-json\/wp\/v2\/types\/page"}],"author":[{"embeddable":true,"href":"https:\/\/rentaload.com\/pl\/wp-json\/wp\/v2\/users\/3"}],"replies":[{"embeddable":true,"href":"https:\/\/rentaload.com\/pl\/wp-json\/wp\/v2\/comments?post=37983"}],"version-history":[{"count":2,"href":"https:\/\/rentaload.com\/pl\/wp-json\/wp\/v2\/pages\/37983\/revisions"}],"predecessor-version":[{"id":37985,"href":"https:\/\/rentaload.com\/pl\/wp-json\/wp\/v2\/pages\/37983\/revisions\/37985"}],"up":[{"embeddable":true,"href":"https:\/\/rentaload.com\/pl\/wp-json\/wp\/v2\/pages\/37991"}],"wp:attachment":[{"href":"https:\/\/rentaload.com\/pl\/wp-json\/wp\/v2\/media?parent=37983"}],"curies":[{"name":"wp","href":"https:\/\/api.w.org\/{rel}","templated":true}]}}