{"id":37998,"date":"2018-03-05T15:31:36","date_gmt":"2018-03-05T14:31:36","guid":{"rendered":"https:\/\/rentaload.com\/aplikacje-bank-test\/konstruktor-paneli\/"},"modified":"2023-03-10T16:42:56","modified_gmt":"2023-03-10T15:42:56","slug":"konstruktor-paneli","status":"publish","type":"page","link":"https:\/\/rentaload.com\/pl\/aplikacje-bank-test\/konstruktor-paneli\/","title":{"rendered":"Tableautier i Laboratoria"},"content":{"rendered":"<div class=\"fusion-fullwidth fullwidth-box fusion-builder-row-1 fusion-flex-container nonhundred-percent-fullwidth non-hundred-percent-height-scrolling ctnr-top-h1\" style=\"--awb-border-radius-top-left:0px;--awb-border-radius-top-right:0px;--awb-border-radius-bottom-right:0px;--awb-border-radius-bottom-left:0px;--awb-flex-wrap:wrap;\" ><div class=\"fusion-builder-row fusion-row fusion-flex-align-items-flex-start fusion-flex-justify-content-center fusion-flex-content-wrap\" style=\"max-width:1144px;margin-left: calc(-4% \/ 2 );margin-right: calc(-4% \/ 2 );\"><div class=\"fusion-layout-column fusion_builder_column fusion-builder-column-0 fusion_builder_column_1_2 1_2 fusion-flex-column col-inside\" style=\"--awb-bg-size:cover;--awb-width-large:50%;--awb-margin-top-large:0px;--awb-spacing-right-large:3.84%;--awb-margin-bottom-large:20px;--awb-spacing-left-large:3.84%;--awb-width-medium:100%;--awb-order-medium:0;--awb-spacing-right-medium:1.92%;--awb-spacing-left-medium:1.92%;--awb-width-small:100%;--awb-order-small:0;--awb-spacing-right-small:1.92%;--awb-spacing-left-small:1.92%;\"><div class=\"fusion-column-wrapper fusion-column-has-shadow fusion-flex-justify-content-flex-start fusion-content-layout-column\"><div class=\"fusion-title title fusion-title-1 fusion-sep-none fusion-title-text fusion-title-size-one\" style=\"--awb-margin-top-small:0px;--awb-margin-right-small:0px;--awb-margin-bottom-small:20px;--awb-margin-left-small:0px;\"><h1 class=\"fusion-title-heading title-heading-left\" style=\"margin:0;\">Konstruktor laboratori\u00f3w i paneli<\/h1><\/div><div class=\"fusion-text fusion-text-1\"><h3>Zasada bezpiecze\u0144stwa urz\u0105dze\u0144 i ich testowanie<\/h3>\n<p>Podczas pod\u0142\u0105czania szaf elektrycznych i ich monta\u017cu, profesjonali\u015bci w \u015bwiecie elektrycznym (konstruktorzy paneli, instalatorzy, dystrybutorzy i producenci sprz\u0119tu elektrycznego, producenci maszyn specjalnych, integratorzy i instalatorzy energii odnawialnych itp.) musz\u0105 regularnie upewnia\u0107 si\u0119, \u017ce ich schematy elektryczne s\u0105 prawid\u0142owo zwymiarowane. Bank obci\u0105\u017ce\u0144 jest \u015brodkiem do testowania urz\u0105dze\u0144 przed ich pod\u0142\u0105czeniem lub podczas faz konserwacji lub renowacji.<\/p>\n<h3>Rodzaje zastosowa\u0144 panelowej bazy danych<\/h3>\n<ul>\n<li>Testowanie sieci g\u0142\u00f3wnej przed pod\u0142\u0105czeniem<\/li>\n<li>Bank obci\u0105\u017ce\u0144 do testowania generatora awaryjnego<\/li>\n<li>R\u00f3\u017cne testy urz\u0105dze\u0144 elektrycznych<\/li>\n<\/ul>\n<\/div><div ><a class=\"fusion-button button-flat fusion-button-default-size button-default fusion-button-default button-1 fusion-button-default-span fusion-button-default-type\" target=\"_self\" href=\"https:\/\/rentaload.com\/fr\/contact\/\"><span class=\"fusion-button-text awb-button__text awb-button__text--default\">KONTAKT<\/span><\/a><\/div><\/div><\/div><div class=\"fusion-layout-column fusion_builder_column fusion-builder-column-1 fusion_builder_column_1_2 1_2 fusion-flex-column col-img\" style=\"--awb-bg-size:cover;--awb-width-large:50%;--awb-margin-top-large:0px;--awb-spacing-right-large:3.84%;--awb-margin-bottom-large:20px;--awb-spacing-left-large:3.84%;--awb-width-medium:100%;--awb-order-medium:0;--awb-spacing-right-medium:1.92%;--awb-spacing-left-medium:1.92%;--awb-width-small:100%;--awb-order-small:0;--awb-spacing-right-small:1.92%;--awb-spacing-left-small:1.92%;\"><div class=\"fusion-column-wrapper fusion-column-has-shadow fusion-flex-justify-content-flex-start fusion-content-layout-column\"><div class=\"fusion-image-element \" style=\"text-align:center;--awb-caption-title-font-family:var(--h2_typography-font-family);--awb-caption-title-font-weight:var(--h2_typography-font-weight);--awb-caption-title-font-style:var(--h2_typography-font-style);--awb-caption-title-size:var(--h2_typography-font-size);--awb-caption-title-transform:var(--h2_typography-text-transform);--awb-caption-title-line-height:var(--h2_typography-line-height);--awb-caption-title-letter-spacing:var(--h2_typography-letter-spacing);\"><span class=\" fusion-imageframe imageframe-none imageframe-1 hover-type-none\"><img decoding=\"async\" width=\"600\" height=\"495\" title=\"Laboeatoire_test_electrique_banc_de_charge_louer_r\u00e9sistif_inductif\" src=\"https:\/\/rentaload.com\/wp-content\/uploads\/2018\/03\/Laboeatoire_test_electrique_banc_de_charge_louer_r\u00e9sistif_inductif-600x495.png\" alt class=\"img-responsive wp-image-38455\" srcset=\"https:\/\/rentaload.com\/wp-content\/uploads\/2018\/03\/Laboeatoire_test_electrique_banc_de_charge_louer_r\u00e9sistif_inductif-200x165.png 200w, https:\/\/rentaload.com\/wp-content\/uploads\/2018\/03\/Laboeatoire_test_electrique_banc_de_charge_louer_r\u00e9sistif_inductif-400x330.png 400w, https:\/\/rentaload.com\/wp-content\/uploads\/2018\/03\/Laboeatoire_test_electrique_banc_de_charge_louer_r\u00e9sistif_inductif-600x495.png 600w, https:\/\/rentaload.com\/wp-content\/uploads\/2018\/03\/Laboeatoire_test_electrique_banc_de_charge_louer_r\u00e9sistif_inductif.png 604w\" sizes=\"(max-width: 1024px) 100vw, (max-width: 640px) 100vw, 600px\" \/><\/span><\/div><\/div><\/div><\/div><\/div>\n","protected":false},"excerpt":{"rendered":"","protected":false},"author":3,"featured_media":0,"parent":37991,"menu_order":0,"comment_status":"closed","ping_status":"closed","template":"","meta":{"footnotes":""},"class_list":["post-37998","page","type-page","status-publish","hentry"],"yoast_head":"<!-- This site is optimized with the Yoast SEO plugin v27.4 - https:\/\/yoast.com\/product\/yoast-seo-wordpress\/ -->\n<title>Rentaload : Zastosowania banku obci\u0105\u017cenia : Test TGBTt<\/title>\n<meta name=\"description\" content=\"Bank obci\u0105\u017ce\u0144 jest \u015brodkiem do testowania urz\u0105dze\u0144 przed ich pod\u0142\u0105czeniem lub podczas faz konserwacji lub renowacji.\" \/>\n<meta name=\"robots\" content=\"index, follow, max-snippet:-1, max-image-preview:large, max-video-preview:-1\" \/>\n<link rel=\"canonical\" href=\"https:\/\/rentaload.com\/pl\/aplikacje-bank-test\/konstruktor-paneli\/\" \/>\n<meta property=\"og:locale\" content=\"pl_PL\" \/>\n<meta property=\"og:type\" content=\"article\" \/>\n<meta property=\"og:title\" content=\"Rentaload : Zastosowania banku obci\u0105\u017cenia : Test TGBTt\" \/>\n<meta property=\"og:description\" content=\"Bank obci\u0105\u017ce\u0144 jest \u015brodkiem do testowania urz\u0105dze\u0144 przed ich pod\u0142\u0105czeniem lub podczas faz konserwacji lub renowacji.\" \/>\n<meta property=\"og:url\" content=\"https:\/\/rentaload.com\/pl\/aplikacje-bank-test\/konstruktor-paneli\/\" \/>\n<meta property=\"og:site_name\" content=\"Rentaload\" \/>\n<meta property=\"article:modified_time\" content=\"2023-03-10T15:42:56+00:00\" \/>\n<meta name=\"twitter:card\" content=\"summary_large_image\" \/>\n<meta name=\"twitter:label1\" content=\"Szacowany czas czytania\" \/>\n\t<meta name=\"twitter:data1\" content=\"8 minut\" \/>\n<script type=\"application\/ld+json\" class=\"yoast-schema-graph\">{\"@context\":\"https:\\\/\\\/schema.org\",\"@graph\":[{\"@type\":\"WebPage\",\"@id\":\"https:\\\/\\\/rentaload.com\\\/pl\\\/aplikacje-bank-test\\\/konstruktor-paneli\\\/\",\"url\":\"https:\\\/\\\/rentaload.com\\\/pl\\\/aplikacje-bank-test\\\/konstruktor-paneli\\\/\",\"name\":\"Rentaload : Zastosowania banku obci\u0105\u017cenia : Test TGBTt\",\"isPartOf\":{\"@id\":\"https:\\\/\\\/rentaload.com\\\/pl\\\/#website\"},\"datePublished\":\"2018-03-05T14:31:36+00:00\",\"dateModified\":\"2023-03-10T15:42:56+00:00\",\"description\":\"Bank obci\u0105\u017ce\u0144 jest \u015brodkiem do testowania urz\u0105dze\u0144 przed ich pod\u0142\u0105czeniem lub podczas faz konserwacji lub renowacji.\",\"breadcrumb\":{\"@id\":\"https:\\\/\\\/rentaload.com\\\/pl\\\/aplikacje-bank-test\\\/konstruktor-paneli\\\/#breadcrumb\"},\"inLanguage\":\"pl-PL\",\"potentialAction\":[{\"@type\":\"ReadAction\",\"target\":[\"https:\\\/\\\/rentaload.com\\\/pl\\\/aplikacje-bank-test\\\/konstruktor-paneli\\\/\"]}]},{\"@type\":\"BreadcrumbList\",\"@id\":\"https:\\\/\\\/rentaload.com\\\/pl\\\/aplikacje-bank-test\\\/konstruktor-paneli\\\/#breadcrumb\",\"itemListElement\":[{\"@type\":\"ListItem\",\"position\":1,\"name\":\"Sektory\",\"item\":\"https:\\\/\\\/rentaload.com\\\/pl\\\/aplikacje-bank-test\\\/\"},{\"@type\":\"ListItem\",\"position\":2,\"name\":\"Tableautier i Laboratoria\"}]},{\"@type\":\"WebSite\",\"@id\":\"https:\\\/\\\/rentaload.com\\\/pl\\\/#website\",\"url\":\"https:\\\/\\\/rentaload.com\\\/pl\\\/\",\"name\":\"Rentaload\",\"description\":\"Load bank hire - location banc de charge - Lastbank vermietung\",\"publisher\":{\"@id\":\"https:\\\/\\\/rentaload.com\\\/pl\\\/#organization\"},\"potentialAction\":[{\"@type\":\"SearchAction\",\"target\":{\"@type\":\"EntryPoint\",\"urlTemplate\":\"https:\\\/\\\/rentaload.com\\\/pl\\\/?s={search_term_string}\"},\"query-input\":{\"@type\":\"PropertyValueSpecification\",\"valueRequired\":true,\"valueName\":\"search_term_string\"}}],\"inLanguage\":\"pl-PL\"},{\"@type\":\"Organization\",\"@id\":\"https:\\\/\\\/rentaload.com\\\/pl\\\/#organization\",\"name\":\"Rentaload\",\"url\":\"https:\\\/\\\/rentaload.com\\\/pl\\\/\",\"logo\":{\"@type\":\"ImageObject\",\"inLanguage\":\"pl-PL\",\"@id\":\"https:\\\/\\\/rentaload.com\\\/pl\\\/#\\\/schema\\\/logo\\\/image\\\/\",\"url\":\"https:\\\/\\\/rentaload.com\\\/wp-content\\\/uploads\\\/2018\\\/03\\\/rentaload-logo-location-banc-de-charge-test-louer-1.png\",\"contentUrl\":\"https:\\\/\\\/rentaload.com\\\/wp-content\\\/uploads\\\/2018\\\/03\\\/rentaload-logo-location-banc-de-charge-test-louer-1.png\",\"width\":470,\"height\":100,\"caption\":\"Rentaload\"},\"image\":{\"@id\":\"https:\\\/\\\/rentaload.com\\\/pl\\\/#\\\/schema\\\/logo\\\/image\\\/\"}}]}<\/script>\n<!-- \/ Yoast SEO plugin. -->","yoast_head_json":{"title":"Rentaload : Zastosowania banku obci\u0105\u017cenia : Test TGBTt","description":"Bank obci\u0105\u017ce\u0144 jest \u015brodkiem do testowania urz\u0105dze\u0144 przed ich pod\u0142\u0105czeniem lub podczas faz konserwacji lub renowacji.","robots":{"index":"index","follow":"follow","max-snippet":"max-snippet:-1","max-image-preview":"max-image-preview:large","max-video-preview":"max-video-preview:-1"},"canonical":"https:\/\/rentaload.com\/pl\/aplikacje-bank-test\/konstruktor-paneli\/","og_locale":"pl_PL","og_type":"article","og_title":"Rentaload : Zastosowania banku obci\u0105\u017cenia : Test TGBTt","og_description":"Bank obci\u0105\u017ce\u0144 jest \u015brodkiem do testowania urz\u0105dze\u0144 przed ich pod\u0142\u0105czeniem lub podczas faz konserwacji lub renowacji.","og_url":"https:\/\/rentaload.com\/pl\/aplikacje-bank-test\/konstruktor-paneli\/","og_site_name":"Rentaload","article_modified_time":"2023-03-10T15:42:56+00:00","twitter_card":"summary_large_image","twitter_misc":{"Szacowany czas czytania":"8 minut"},"schema":{"@context":"https:\/\/schema.org","@graph":[{"@type":"WebPage","@id":"https:\/\/rentaload.com\/pl\/aplikacje-bank-test\/konstruktor-paneli\/","url":"https:\/\/rentaload.com\/pl\/aplikacje-bank-test\/konstruktor-paneli\/","name":"Rentaload : Zastosowania banku obci\u0105\u017cenia : Test TGBTt","isPartOf":{"@id":"https:\/\/rentaload.com\/pl\/#website"},"datePublished":"2018-03-05T14:31:36+00:00","dateModified":"2023-03-10T15:42:56+00:00","description":"Bank obci\u0105\u017ce\u0144 jest \u015brodkiem do testowania urz\u0105dze\u0144 przed ich pod\u0142\u0105czeniem lub podczas faz konserwacji lub renowacji.","breadcrumb":{"@id":"https:\/\/rentaload.com\/pl\/aplikacje-bank-test\/konstruktor-paneli\/#breadcrumb"},"inLanguage":"pl-PL","potentialAction":[{"@type":"ReadAction","target":["https:\/\/rentaload.com\/pl\/aplikacje-bank-test\/konstruktor-paneli\/"]}]},{"@type":"BreadcrumbList","@id":"https:\/\/rentaload.com\/pl\/aplikacje-bank-test\/konstruktor-paneli\/#breadcrumb","itemListElement":[{"@type":"ListItem","position":1,"name":"Sektory","item":"https:\/\/rentaload.com\/pl\/aplikacje-bank-test\/"},{"@type":"ListItem","position":2,"name":"Tableautier i Laboratoria"}]},{"@type":"WebSite","@id":"https:\/\/rentaload.com\/pl\/#website","url":"https:\/\/rentaload.com\/pl\/","name":"Rentaload","description":"Load bank hire - location banc de charge - Lastbank vermietung","publisher":{"@id":"https:\/\/rentaload.com\/pl\/#organization"},"potentialAction":[{"@type":"SearchAction","target":{"@type":"EntryPoint","urlTemplate":"https:\/\/rentaload.com\/pl\/?s={search_term_string}"},"query-input":{"@type":"PropertyValueSpecification","valueRequired":true,"valueName":"search_term_string"}}],"inLanguage":"pl-PL"},{"@type":"Organization","@id":"https:\/\/rentaload.com\/pl\/#organization","name":"Rentaload","url":"https:\/\/rentaload.com\/pl\/","logo":{"@type":"ImageObject","inLanguage":"pl-PL","@id":"https:\/\/rentaload.com\/pl\/#\/schema\/logo\/image\/","url":"https:\/\/rentaload.com\/wp-content\/uploads\/2018\/03\/rentaload-logo-location-banc-de-charge-test-louer-1.png","contentUrl":"https:\/\/rentaload.com\/wp-content\/uploads\/2018\/03\/rentaload-logo-location-banc-de-charge-test-louer-1.png","width":470,"height":100,"caption":"Rentaload"},"image":{"@id":"https:\/\/rentaload.com\/pl\/#\/schema\/logo\/image\/"}}]}},"_links":{"self":[{"href":"https:\/\/rentaload.com\/pl\/wp-json\/wp\/v2\/pages\/37998","targetHints":{"allow":["GET"]}}],"collection":[{"href":"https:\/\/rentaload.com\/pl\/wp-json\/wp\/v2\/pages"}],"about":[{"href":"https:\/\/rentaload.com\/pl\/wp-json\/wp\/v2\/types\/page"}],"author":[{"embeddable":true,"href":"https:\/\/rentaload.com\/pl\/wp-json\/wp\/v2\/users\/3"}],"replies":[{"embeddable":true,"href":"https:\/\/rentaload.com\/pl\/wp-json\/wp\/v2\/comments?post=37998"}],"version-history":[{"count":2,"href":"https:\/\/rentaload.com\/pl\/wp-json\/wp\/v2\/pages\/37998\/revisions"}],"predecessor-version":[{"id":38001,"href":"https:\/\/rentaload.com\/pl\/wp-json\/wp\/v2\/pages\/37998\/revisions\/38001"}],"up":[{"embeddable":true,"href":"https:\/\/rentaload.com\/pl\/wp-json\/wp\/v2\/pages\/37991"}],"wp:attachment":[{"href":"https:\/\/rentaload.com\/pl\/wp-json\/wp\/v2\/media?parent=37998"}],"curies":[{"name":"wp","href":"https:\/\/api.w.org\/{rel}","templated":true}]}}