{"id":38127,"date":"2018-03-06T14:30:24","date_gmt":"2018-03-06T13:30:24","guid":{"rendered":"https:\/\/rentaload.com\/use-charge-bench\/test-esej-elektryczny-tablica-sieci\/"},"modified":"2023-03-10T16:44:58","modified_gmt":"2023-03-10T15:44:58","slug":"test-esej-elektryczny-tablica-sieci","status":"publish","type":"page","link":"https:\/\/rentaload.com\/pl\/use-charge-bench\/test-esej-elektryczny-tablica-sieci\/","title":{"rendered":"Badanie panelu sieci elektrycznej"},"content":{"rendered":"<p><div class=\"fusion-fullwidth fullwidth-box fusion-builder-row-1 fusion-flex-container nonhundred-percent-fullwidth non-hundred-percent-height-scrolling\" style=\"--awb-border-radius-top-left:0px;--awb-border-radius-top-right:0px;--awb-border-radius-bottom-right:0px;--awb-border-radius-bottom-left:0px;--awb-flex-wrap:wrap;\" ><div class=\"fusion-builder-row fusion-row fusion-flex-align-items-flex-start fusion-flex-content-wrap\" style=\"max-width:1144px;margin-left: calc(-4% \/ 2 );margin-right: calc(-4% \/ 2 );\"><div class=\"fusion-layout-column fusion_builder_column fusion-builder-column-0 fusion_builder_column_1_2 1_2 fusion-flex-column\" style=\"--awb-bg-size:cover;--awb-width-large:50%;--awb-margin-top-large:0px;--awb-spacing-right-large:3.84%;--awb-margin-bottom-large:20px;--awb-spacing-left-large:3.84%;--awb-width-medium:100%;--awb-spacing-right-medium:1.92%;--awb-spacing-left-medium:1.92%;--awb-width-small:100%;--awb-spacing-right-small:1.92%;--awb-spacing-left-small:1.92%;\"><div class=\"fusion-column-wrapper fusion-flex-justify-content-flex-start fusion-content-layout-column\"><div class=\"fusion-text fusion-text-1\"><h2><span style=\"color: #ff6600;\">Bank obci\u0105\u017ce\u0144 dla test\u00f3w LV i HVDC<\/span><\/h2>\n<p>Rentaload oferuje banki obci\u0105\u017ce\u0144 od 0,5kW przy 230V do kilku MW przy 400V oraz transformatory mocy do badania rozdzielnic niskiego napi\u0119cia i rozdzielnic wysokiego napi\u0119cia. Te banki obci\u0105\u017ce\u0144 s\u0142u\u017c\u0105 do walidacji prawid\u0142owego dzia\u0142ania szafy elektrycznej, jej systemu sterowania i systemu bezpiecze\u0144stwa.<\/p>\n<p>Testy te mog\u0105 odbywa\u0107 si\u0119 w laboratoriach, w zak\u0142adach produkcyjnych rozdzielnic, w ramach test\u00f3w kwalifikacyjnych i certyfikacyjnych, a nawet w ramach konserwacji zapobiegawczej.<\/p>\n<\/div><div ><a class=\"fusion-button button-flat fusion-button-default-size button-default fusion-button-default button-1 fusion-button-default-span fusion-button-default-type\" target=\"_self\" href=\"https:\/\/rentaload.com\/fr\/produits-banc-de-charge\/resistif\/\"><span class=\"fusion-button-text awb-button__text awb-button__text--default\">Odkryj<\/span><\/a><\/div><\/div><\/div><div class=\"fusion-layout-column fusion_builder_column fusion-builder-column-1 fusion_builder_column_1_2 1_2 fusion-flex-column\" style=\"--awb-bg-size:cover;--awb-width-large:50%;--awb-margin-top-large:0px;--awb-spacing-right-large:3.84%;--awb-margin-bottom-large:20px;--awb-spacing-left-large:3.84%;--awb-width-medium:100%;--awb-spacing-right-medium:1.92%;--awb-spacing-left-medium:1.92%;--awb-width-small:100%;--awb-spacing-right-small:1.92%;--awb-spacing-left-small:1.92%;\"><div class=\"fusion-column-wrapper fusion-flex-justify-content-flex-start fusion-content-layout-column\"><div class=\"fusion-image-element \" style=\"--awb-caption-title-font-family:var(--h2_typography-font-family);--awb-caption-title-font-weight:var(--h2_typography-font-weight);--awb-caption-title-font-style:var(--h2_typography-font-style);--awb-caption-title-size:var(--h2_typography-font-size);--awb-caption-title-transform:var(--h2_typography-text-transform);--awb-caption-title-line-height:var(--h2_typography-line-height);--awb-caption-title-letter-spacing:var(--h2_typography-letter-spacing);\"><span class=\" fusion-imageframe imageframe-none imageframe-1 hover-type-none\"><img alt=\"connection_box_test_loadbank_elektryczny_load_hire-rental\" title=\"connection_box_test_loadbank_elektryczny_load_hire-rental\" class=\"img-responsive wp-image-46165\"\/><\/span><\/div><\/div><\/div><\/div><\/div><div class=\"fusion-fullwidth fullwidth-box fusion-builder-row-2 fusion-flex-container nonhundred-percent-fullwidth non-hundred-percent-height-scrolling\" style=\"--awb-border-radius-top-left:0px;--awb-border-radius-top-right:0px;--awb-border-radius-bottom-right:0px;--awb-border-radius-bottom-left:0px;--awb-flex-wrap:wrap;\" ><div class=\"fusion-builder-row fusion-row fusion-flex-align-items-flex-start fusion-flex-content-wrap\" style=\"max-width:1144px;margin-left: calc(-4% \/ 2 );margin-right: calc(-4% \/ 2 );\"><div class=\"fusion-layout-column fusion_builder_column fusion-builder-column-2 fusion_builder_column_1_2 1_2 fusion-flex-column\" style=\"--awb-bg-size:cover;--awb-width-large:50%;--awb-margin-top-large:0px;--awb-spacing-right-large:3.84%;--awb-margin-bottom-large:20px;--awb-spacing-left-large:3.84%;--awb-width-medium:100%;--awb-spacing-right-medium:1.92%;--awb-spacing-left-medium:1.92%;--awb-width-small:100%;--awb-spacing-right-small:1.92%;--awb-spacing-left-small:1.92%;\"><div class=\"fusion-column-wrapper fusion-flex-justify-content-flex-start fusion-content-layout-column\"><div class=\"fusion-image-element \" style=\"--awb-caption-title-font-family:var(--h2_typography-font-family);--awb-caption-title-font-weight:var(--h2_typography-font-weight);--awb-caption-title-font-style:var(--h2_typography-font-style);--awb-caption-title-size:var(--h2_typography-font-size);--awb-caption-title-transform:var(--h2_typography-text-transform);--awb-caption-title-line-height:var(--h2_typography-line-height);--awb-caption-title-letter-spacing:var(--h2_typography-letter-spacing);\"><span class=\" fusion-imageframe imageframe-none imageframe-2 hover-type-none\"><img decoding=\"async\" width=\"597\" height=\"375\" title=\"banc de charge rackable connect\u00e9 delat t 10 recette data center\" src=\"https:\/\/rentaload.com\/wp-content\/uploads\/2018\/03\/banc-de-charge-rackable-connect\u00e9-delat-t-10-recette-data-center-1.jpg\" alt class=\"img-responsive wp-image-38109\" srcset=\"https:\/\/rentaload.com\/wp-content\/uploads\/2018\/03\/banc-de-charge-rackable-connect\u00e9-delat-t-10-recette-data-center-1-200x126.jpg 200w, https:\/\/rentaload.com\/wp-content\/uploads\/2018\/03\/banc-de-charge-rackable-connect\u00e9-delat-t-10-recette-data-center-1-400x251.jpg 400w, https:\/\/rentaload.com\/wp-content\/uploads\/2018\/03\/banc-de-charge-rackable-connect\u00e9-delat-t-10-recette-data-center-1.jpg 597w\" sizes=\"(max-width: 1024px) 100vw, (max-width: 640px) 100vw, 597px\" \/><\/span><\/div><div class=\"fusion-separator fusion-full-width-sep\" style=\"align-self: center;margin-left: auto;margin-right: auto;width:100%;\"><\/div><div class=\"fusion-text fusion-text-2\"><p style=\"text-align: center;\"><span style=\"color: #3366ff;\"><strong>Pod\u0142\u0105czony bank obci\u0105\u017ce\u0144, kt\u00f3ry sprawi, \u017ce Twoje testy b\u0119d\u0105 inteligentne<\/strong><\/span><\/p>\n<\/div><div class=\"fusion-separator fusion-full-width-sep\" style=\"align-self: center;margin-left: auto;margin-right: auto;width:100%;\"><\/div><div class=\"fusion-text fusion-text-3\"><p style=\"text-align: center;\">Pod\u0142\u0105czony bank obci\u0105\u017cenia w szafie rack o mocy 7kW ma podw\u00f3jne zasilanie i posiada delt\u0119 T\u00b0 odpowiadaj\u0105c\u0105 serwerom komputerowym.<\/p>\n<\/div><div style=\"text-align:center;\"><a class=\"fusion-button button-flat fusion-button-default-size button-default fusion-button-default button-2 fusion-button-default-span fusion-button-default-type\" target=\"_self\" href=\"https:\/\/rentaload.com\/fr\/produits-banc-de-charge\/banc-rackable-connecte-7kw\/\"><i class=\"fa-file-text-o fas awb-button__icon awb-button__icon--default button-icon-left\" aria-hidden=\"true\"><\/i><span class=\"fusion-button-text awb-button__text awb-button__text--default\">Bank obci\u0105\u017ce\u0144 montowany na stojaku<\/span><\/a><\/div><\/div><\/div><div class=\"fusion-layout-column fusion_builder_column fusion-builder-column-3 fusion_builder_column_1_2 1_2 fusion-flex-column\" style=\"--awb-bg-size:cover;--awb-width-large:50%;--awb-margin-top-large:0px;--awb-spacing-right-large:3.84%;--awb-margin-bottom-large:20px;--awb-spacing-left-large:3.84%;--awb-width-medium:100%;--awb-spacing-right-medium:1.92%;--awb-spacing-left-medium:1.92%;--awb-width-small:100%;--awb-spacing-right-small:1.92%;--awb-spacing-left-small:1.92%;\"><div class=\"fusion-column-wrapper fusion-flex-justify-content-flex-start fusion-content-layout-column\"><div class=\"fusion-image-element \" style=\"--awb-caption-title-font-family:var(--h2_typography-font-family);--awb-caption-title-font-weight:var(--h2_typography-font-weight);--awb-caption-title-font-style:var(--h2_typography-font-style);--awb-caption-title-size:var(--h2_typography-font-size);--awb-caption-title-transform:var(--h2_typography-text-transform);--awb-caption-title-line-height:var(--h2_typography-line-height);--awb-caption-title-letter-spacing:var(--h2_typography-letter-spacing);\"><span class=\" fusion-imageframe imageframe-none imageframe-3 hover-type-none\"><img decoding=\"async\" width=\"1200\" height=\"753\" title=\"recette data center banc de charge connect\u00e9 location\" src=\"https:\/\/rentaload.com\/wp-content\/uploads\/2018\/03\/recette-data-center-banc-de-charge-connect\u00e9-location.png\" alt class=\"img-responsive wp-image-38107\" srcset=\"https:\/\/rentaload.com\/wp-content\/uploads\/2018\/03\/recette-data-center-banc-de-charge-connect\u00e9-location-200x126.png 200w, https:\/\/rentaload.com\/wp-content\/uploads\/2018\/03\/recette-data-center-banc-de-charge-connect\u00e9-location-400x251.png 400w, https:\/\/rentaload.com\/wp-content\/uploads\/2018\/03\/recette-data-center-banc-de-charge-connect\u00e9-location-600x377.png 600w, https:\/\/rentaload.com\/wp-content\/uploads\/2018\/03\/recette-data-center-banc-de-charge-connect\u00e9-location-800x502.png 800w, https:\/\/rentaload.com\/wp-content\/uploads\/2018\/03\/recette-data-center-banc-de-charge-connect\u00e9-location.png 1200w\" sizes=\"(max-width: 1024px) 100vw, (max-width: 640px) 100vw, 600px\" \/><\/span><\/div><div class=\"fusion-separator fusion-full-width-sep\" style=\"align-self: center;margin-left: auto;margin-right: auto;width:100%;\"><\/div><div class=\"fusion-text fusion-text-4\"><p style=\"text-align: center;\"><strong><span style=\"color: #3366ff;\">Rentalab, oprogramowanie do monitorowania test\u00f3w centrum danych<\/span><\/strong><\/p>\n<\/div><div class=\"fusion-separator fusion-full-width-sep\" style=\"align-self: center;margin-left: auto;margin-right: auto;width:100%;\"><\/div><div class=\"fusion-text fusion-text-5\"><p style=\"text-align: center;\">Narz\u0119dzie Rentalab pozwala na jednoczesne kontrolowanie do 200 loadbank\u00f3w, pobieranie informacji elektrycznych i termicznych z pomieszczenia oraz generowanie raport\u00f3w z test\u00f3w.<\/p>\n<\/div><div style=\"text-align:center;\"><a class=\"fusion-button button-flat fusion-button-default-size button-default fusion-button-default button-3 fusion-button-default-span fusion-button-default-type\" target=\"_self\" href=\"https:\/\/rentaload.com\/pl\/serwis\/\"><i class=\"fa-desktop fas awb-button__icon awb-button__icon--default button-icon-left\" aria-hidden=\"true\"><\/i><span class=\"fusion-button-text awb-button__text awb-button__text--default\">Nasze narz\u0119dzie do monitorowania<\/span><\/a><\/div><\/div><\/div><\/div><\/div><\/p>\n","protected":false},"excerpt":{"rendered":"","protected":false},"author":3,"featured_media":0,"parent":37986,"menu_order":0,"comment_status":"closed","ping_status":"closed","template":"100-width.php","meta":{"footnotes":""},"class_list":["post-38127","page","type-page","status-publish","hentry"],"yoast_head":"<!-- This site is optimized with the Yoast SEO plugin v27.4 - https:\/\/yoast.com\/product\/yoast-seo-wordpress\/ -->\n<title>Rentaload: Zastosowanie banku obci\u0105\u017cenia: testy LV i HVDC<\/title>\n<meta name=\"description\" content=\"Wynajem loadbank\u00f3w do walidacji poprawno\u015bci dzia\u0142ania szafy elektrycznej (LV i HVLR), jej systemu sterowania i systemu bezpiecze\u0144stwa.\" \/>\n<meta name=\"robots\" content=\"index, follow, max-snippet:-1, max-image-preview:large, max-video-preview:-1\" \/>\n<link rel=\"canonical\" href=\"https:\/\/rentaload.com\/pl\/use-charge-bench\/test-esej-elektryczny-tablica-sieci\/\" \/>\n<meta property=\"og:locale\" content=\"pl_PL\" \/>\n<meta property=\"og:type\" content=\"article\" \/>\n<meta property=\"og:title\" content=\"Rentaload: Zastosowanie banku obci\u0105\u017cenia: testy LV i HVDC\" \/>\n<meta property=\"og:description\" content=\"Wynajem loadbank\u00f3w do walidacji poprawno\u015bci dzia\u0142ania szafy elektrycznej (LV i HVLR), jej systemu sterowania i systemu bezpiecze\u0144stwa.\" \/>\n<meta property=\"og:url\" content=\"https:\/\/rentaload.com\/pl\/use-charge-bench\/test-esej-elektryczny-tablica-sieci\/\" \/>\n<meta property=\"og:site_name\" content=\"Rentaload\" \/>\n<meta property=\"article:modified_time\" content=\"2023-03-10T15:44:58+00:00\" \/>\n<meta name=\"twitter:card\" content=\"summary_large_image\" \/>\n<meta name=\"twitter:label1\" content=\"Szacowany czas czytania\" \/>\n\t<meta name=\"twitter:data1\" content=\"7 minut\" \/>\n<script type=\"application\/ld+json\" class=\"yoast-schema-graph\">{\"@context\":\"https:\\\/\\\/schema.org\",\"@graph\":[{\"@type\":\"WebPage\",\"@id\":\"https:\\\/\\\/rentaload.com\\\/pl\\\/use-charge-bench\\\/test-esej-elektryczny-tablica-sieci\\\/\",\"url\":\"https:\\\/\\\/rentaload.com\\\/pl\\\/use-charge-bench\\\/test-esej-elektryczny-tablica-sieci\\\/\",\"name\":\"Rentaload: Zastosowanie banku obci\u0105\u017cenia: testy LV i HVDC\",\"isPartOf\":{\"@id\":\"https:\\\/\\\/rentaload.com\\\/pl\\\/#website\"},\"datePublished\":\"2018-03-06T13:30:24+00:00\",\"dateModified\":\"2023-03-10T15:44:58+00:00\",\"description\":\"Wynajem loadbank\u00f3w do walidacji poprawno\u015bci dzia\u0142ania szafy elektrycznej (LV i HVLR), jej systemu sterowania i systemu bezpiecze\u0144stwa.\",\"breadcrumb\":{\"@id\":\"https:\\\/\\\/rentaload.com\\\/pl\\\/use-charge-bench\\\/test-esej-elektryczny-tablica-sieci\\\/#breadcrumb\"},\"inLanguage\":\"pl-PL\",\"potentialAction\":[{\"@type\":\"ReadAction\",\"target\":[\"https:\\\/\\\/rentaload.com\\\/pl\\\/use-charge-bench\\\/test-esej-elektryczny-tablica-sieci\\\/\"]}]},{\"@type\":\"BreadcrumbList\",\"@id\":\"https:\\\/\\\/rentaload.com\\\/pl\\\/use-charge-bench\\\/test-esej-elektryczny-tablica-sieci\\\/#breadcrumb\",\"itemListElement\":[{\"@type\":\"ListItem\",\"position\":1,\"name\":\"Rozwi\u0105zania\",\"item\":\"https:\\\/\\\/rentaload.com\\\/pl\\\/use-charge-bench\\\/\"},{\"@type\":\"ListItem\",\"position\":2,\"name\":\"Badanie panelu sieci elektrycznej\"}]},{\"@type\":\"WebSite\",\"@id\":\"https:\\\/\\\/rentaload.com\\\/pl\\\/#website\",\"url\":\"https:\\\/\\\/rentaload.com\\\/pl\\\/\",\"name\":\"Rentaload\",\"description\":\"Load bank hire - location banc de charge - Lastbank vermietung\",\"publisher\":{\"@id\":\"https:\\\/\\\/rentaload.com\\\/pl\\\/#organization\"},\"potentialAction\":[{\"@type\":\"SearchAction\",\"target\":{\"@type\":\"EntryPoint\",\"urlTemplate\":\"https:\\\/\\\/rentaload.com\\\/pl\\\/?s={search_term_string}\"},\"query-input\":{\"@type\":\"PropertyValueSpecification\",\"valueRequired\":true,\"valueName\":\"search_term_string\"}}],\"inLanguage\":\"pl-PL\"},{\"@type\":\"Organization\",\"@id\":\"https:\\\/\\\/rentaload.com\\\/pl\\\/#organization\",\"name\":\"Rentaload\",\"url\":\"https:\\\/\\\/rentaload.com\\\/pl\\\/\",\"logo\":{\"@type\":\"ImageObject\",\"inLanguage\":\"pl-PL\",\"@id\":\"https:\\\/\\\/rentaload.com\\\/pl\\\/#\\\/schema\\\/logo\\\/image\\\/\",\"url\":\"https:\\\/\\\/rentaload.com\\\/wp-content\\\/uploads\\\/2018\\\/03\\\/rentaload-logo-location-banc-de-charge-test-louer-1.png\",\"contentUrl\":\"https:\\\/\\\/rentaload.com\\\/wp-content\\\/uploads\\\/2018\\\/03\\\/rentaload-logo-location-banc-de-charge-test-louer-1.png\",\"width\":470,\"height\":100,\"caption\":\"Rentaload\"},\"image\":{\"@id\":\"https:\\\/\\\/rentaload.com\\\/pl\\\/#\\\/schema\\\/logo\\\/image\\\/\"}}]}<\/script>\n<!-- \/ Yoast SEO plugin. -->","yoast_head_json":{"title":"Rentaload: Zastosowanie banku obci\u0105\u017cenia: testy LV i HVDC","description":"Wynajem loadbank\u00f3w do walidacji poprawno\u015bci dzia\u0142ania szafy elektrycznej (LV i HVLR), jej systemu sterowania i systemu bezpiecze\u0144stwa.","robots":{"index":"index","follow":"follow","max-snippet":"max-snippet:-1","max-image-preview":"max-image-preview:large","max-video-preview":"max-video-preview:-1"},"canonical":"https:\/\/rentaload.com\/pl\/use-charge-bench\/test-esej-elektryczny-tablica-sieci\/","og_locale":"pl_PL","og_type":"article","og_title":"Rentaload: Zastosowanie banku obci\u0105\u017cenia: testy LV i HVDC","og_description":"Wynajem loadbank\u00f3w do walidacji poprawno\u015bci dzia\u0142ania szafy elektrycznej (LV i HVLR), jej systemu sterowania i systemu bezpiecze\u0144stwa.","og_url":"https:\/\/rentaload.com\/pl\/use-charge-bench\/test-esej-elektryczny-tablica-sieci\/","og_site_name":"Rentaload","article_modified_time":"2023-03-10T15:44:58+00:00","twitter_card":"summary_large_image","twitter_misc":{"Szacowany czas czytania":"7 minut"},"schema":{"@context":"https:\/\/schema.org","@graph":[{"@type":"WebPage","@id":"https:\/\/rentaload.com\/pl\/use-charge-bench\/test-esej-elektryczny-tablica-sieci\/","url":"https:\/\/rentaload.com\/pl\/use-charge-bench\/test-esej-elektryczny-tablica-sieci\/","name":"Rentaload: Zastosowanie banku obci\u0105\u017cenia: testy LV i HVDC","isPartOf":{"@id":"https:\/\/rentaload.com\/pl\/#website"},"datePublished":"2018-03-06T13:30:24+00:00","dateModified":"2023-03-10T15:44:58+00:00","description":"Wynajem loadbank\u00f3w do walidacji poprawno\u015bci dzia\u0142ania szafy elektrycznej (LV i HVLR), jej systemu sterowania i systemu bezpiecze\u0144stwa.","breadcrumb":{"@id":"https:\/\/rentaload.com\/pl\/use-charge-bench\/test-esej-elektryczny-tablica-sieci\/#breadcrumb"},"inLanguage":"pl-PL","potentialAction":[{"@type":"ReadAction","target":["https:\/\/rentaload.com\/pl\/use-charge-bench\/test-esej-elektryczny-tablica-sieci\/"]}]},{"@type":"BreadcrumbList","@id":"https:\/\/rentaload.com\/pl\/use-charge-bench\/test-esej-elektryczny-tablica-sieci\/#breadcrumb","itemListElement":[{"@type":"ListItem","position":1,"name":"Rozwi\u0105zania","item":"https:\/\/rentaload.com\/pl\/use-charge-bench\/"},{"@type":"ListItem","position":2,"name":"Badanie panelu sieci elektrycznej"}]},{"@type":"WebSite","@id":"https:\/\/rentaload.com\/pl\/#website","url":"https:\/\/rentaload.com\/pl\/","name":"Rentaload","description":"Load bank hire - location banc de charge - Lastbank vermietung","publisher":{"@id":"https:\/\/rentaload.com\/pl\/#organization"},"potentialAction":[{"@type":"SearchAction","target":{"@type":"EntryPoint","urlTemplate":"https:\/\/rentaload.com\/pl\/?s={search_term_string}"},"query-input":{"@type":"PropertyValueSpecification","valueRequired":true,"valueName":"search_term_string"}}],"inLanguage":"pl-PL"},{"@type":"Organization","@id":"https:\/\/rentaload.com\/pl\/#organization","name":"Rentaload","url":"https:\/\/rentaload.com\/pl\/","logo":{"@type":"ImageObject","inLanguage":"pl-PL","@id":"https:\/\/rentaload.com\/pl\/#\/schema\/logo\/image\/","url":"https:\/\/rentaload.com\/wp-content\/uploads\/2018\/03\/rentaload-logo-location-banc-de-charge-test-louer-1.png","contentUrl":"https:\/\/rentaload.com\/wp-content\/uploads\/2018\/03\/rentaload-logo-location-banc-de-charge-test-louer-1.png","width":470,"height":100,"caption":"Rentaload"},"image":{"@id":"https:\/\/rentaload.com\/pl\/#\/schema\/logo\/image\/"}}]}},"_links":{"self":[{"href":"https:\/\/rentaload.com\/pl\/wp-json\/wp\/v2\/pages\/38127","targetHints":{"allow":["GET"]}}],"collection":[{"href":"https:\/\/rentaload.com\/pl\/wp-json\/wp\/v2\/pages"}],"about":[{"href":"https:\/\/rentaload.com\/pl\/wp-json\/wp\/v2\/types\/page"}],"author":[{"embeddable":true,"href":"https:\/\/rentaload.com\/pl\/wp-json\/wp\/v2\/users\/3"}],"replies":[{"embeddable":true,"href":"https:\/\/rentaload.com\/pl\/wp-json\/wp\/v2\/comments?post=38127"}],"version-history":[{"count":2,"href":"https:\/\/rentaload.com\/pl\/wp-json\/wp\/v2\/pages\/38127\/revisions"}],"predecessor-version":[{"id":38135,"href":"https:\/\/rentaload.com\/pl\/wp-json\/wp\/v2\/pages\/38127\/revisions\/38135"}],"up":[{"embeddable":true,"href":"https:\/\/rentaload.com\/pl\/wp-json\/wp\/v2\/pages\/37986"}],"wp:attachment":[{"href":"https:\/\/rentaload.com\/pl\/wp-json\/wp\/v2\/media?parent=38127"}],"curies":[{"name":"wp","href":"https:\/\/api.w.org\/{rel}","templated":true}]}}