{"id":38146,"date":"2018-03-06T14:58:01","date_gmt":"2018-03-06T13:58:01","guid":{"rendered":"https:\/\/rentaload.com\/noty-prawne\/"},"modified":"2023-03-10T16:45:02","modified_gmt":"2023-03-10T15:45:02","slug":"noty-prawne","status":"publish","type":"page","link":"https:\/\/rentaload.com\/pl\/noty-prawne\/","title":{"rendered":"Informacje prawne"},"content":{"rendered":"<div class=\"fusion-fullwidth fullwidth-box fusion-builder-row-1 fusion-flex-container nonhundred-percent-fullwidth non-hundred-percent-height-scrolling\" style=\"--awb-border-radius-top-left:0px;--awb-border-radius-top-right:0px;--awb-border-radius-bottom-right:0px;--awb-border-radius-bottom-left:0px;--awb-flex-wrap:wrap;\" ><div class=\"fusion-builder-row fusion-row fusion-flex-align-items-stretch fusion-flex-content-wrap\" style=\"max-width:1144px;margin-left: calc(-4% \/ 2 );margin-right: calc(-4% \/ 2 );\"><div class=\"fusion-layout-column fusion_builder_column fusion-builder-column-0 fusion_builder_column_1_1 1_1 fusion-flex-column\" style=\"--awb-bg-size:cover;--awb-width-large:100%;--awb-margin-top-large:0px;--awb-spacing-right-large:1.92%;--awb-margin-bottom-large:20px;--awb-spacing-left-large:1.92%;--awb-width-medium:100%;--awb-spacing-right-medium:1.92%;--awb-spacing-left-medium:1.92%;--awb-width-small:100%;--awb-spacing-right-small:1.92%;--awb-spacing-left-small:1.92%;\"><div class=\"fusion-column-wrapper fusion-flex-justify-content-flex-start fusion-content-layout-column\"><div class=\"fusion-text fusion-text-1\" style=\"--awb-text-transform:none;\"><h2>1. Prezentacja strony internetowej :<\/h2>\n<p>Zgodnie z postanowieniami artyku\u0142\u00f3w 6-III i 19 ustawy nr 2004-575 z dnia 21 czerwca 2004 r. o zaufaniu w gospodarce cyfrowej, znanej jako L.C.E.N., zwracamy uwag\u0119 u\u017cytkownik\u00f3w i odwiedzaj\u0105cych stron\u0119: rentaload.com na nast\u0119puj\u0105ce informacje:<br \/>\nInformacje prawne :<br \/>\nNazwa firmy: RENTALOAD<br \/>\nZnak towarowy Rentaload zarejestrowany w INPI, w\u0142asno\u015b\u0107 firmy Rentaload<br \/>\nAdres: 353 rue de la chapelle, 69400 GLEIZE &#8211; Francja<br \/>\nSYRENA: 818 118 358<br \/>\nAdres e-mail: contact@rentaload.com<\/p>\n<p>Osob\u0105 odpowiedzialn\u0105 za publikacj\u0119 jest: Pierre-Luc BARBE<\/p>\n<p>Tw\u00f3rc\u0105 strony jest <a href=\"https:\/\/adesio.co\/\" rel=\"nofollow\">agencja internetowa Adesio<\/a><br \/>\nWebmasterem jest: Adesio<br \/>\nKontakt z Webmasterem: info@adesio.co<br \/>\nGospodarzem strony jest: Kinsta<\/p>\n<h2>2. Opis \u015bwiadczonych us\u0142ug :<\/h2>\n<p>Celem strony internetowej rentaload.com jest dostarczenie informacji o dzia\u0142alno\u015bci firmy.<br \/>\nW\u0142a\u015bciciel strony stara si\u0119, aby informacje na stronie rentaload.com by\u0142y jak najbardziej dok\u0142adne. Nie mo\u017ce jednak ponosi\u0107 odpowiedzialno\u015bci za braki, nie\u015bcis\u0142o\u015bci i niedoci\u0105gni\u0119cia w aktualizacji, niezale\u017cnie od tego, czy wynikaj\u0105 one z jego winy, czy z winy partner\u00f3w zewn\u0119trznych, kt\u00f3rzy dostarczaj\u0105 mu te informacje.<br \/>\nWszystkie informacje podane na stronie internetowej rentaload.com maj\u0105 charakter orientacyjny, nie s\u0105 wyczerpuj\u0105ce i mog\u0105 ulec zmianie. S\u0105 one podawane z zastrze\u017ceniem wszelkich zmian, kt\u00f3re zosta\u0142y wprowadzone od momentu umieszczenia ich w Internecie.<\/p>\n<h2>3. W\u0142asno\u015b\u0107 intelektualna i fa\u0142szerstwo :<\/h2>\n<p>W\u0142a\u015bciciel strony jest w\u0142a\u015bcicielem praw w\u0142asno\u015bci intelektualnej lub posiada prawa do wykorzystania wszystkich element\u00f3w dost\u0119pnych na stronie, w szczeg\u00f3lno\u015bci tekst\u00f3w, obraz\u00f3w, grafik, logo, ikon, d\u017awi\u0119k\u00f3w, oprogramowania&#8230;<br \/>\nJakakolwiek reprodukcja, reprezentacja, modyfikacja, publikacja, ca\u0142kowita lub cz\u0119\u015bciowa adaptacja element\u00f3w strony, niezale\u017cnie od zastosowanych \u015brodk\u00f3w lub procesu, jest zabroniona, z wyj\u0105tkiem wcze\u015bniejszego pisemnego upowa\u017cnienia na adres e-mail: contact@rentaload.com.<br \/>\nKa\u017cde nieuprawnione wykorzystanie strony lub kt\u00f3regokolwiek z element\u00f3w na niej zawartych zostanie uznane za naruszenie i b\u0119dzie \u015bcigane zgodnie z przepisami artyku\u0142\u00f3w L.335-2 i nast\u0119pnych kodeksu w\u0142asno\u015bci intelektualnej.<\/p>\n<h2>4. Hiper\u0142\u0105cza i pliki cookie :<\/h2>\n<p>Strona rentaload.com zawiera szereg hiper\u0142\u0105czy do innych stron (partner\u00f3w, informacji &#8230;) utworzonych za zgod\u0105 w\u0142a\u015bciciela strony. W\u0142a\u015bciciel strony nie ma jednak mo\u017cliwo\u015bci sprawdzenia zawarto\u015bci odwiedzanych w ten spos\u00f3b stron i tym samym zrzeka si\u0119 wszelkiej odpowiedzialno\u015bci za ewentualne ryzyko zwi\u0105zane z nielegalnymi tre\u015bciami.<br \/>\nU\u017cytkownik jest informowany, \u017ce podczas jego wizyt na stronie internetowej rentaload.com, jeden lub wi\u0119cej plik\u00f3w cookie mo\u017ce by\u0107 automatycznie zainstalowanych na jego komputerze. Cookie to ma\u0142y plik, kt\u00f3ry nie pozwala na identyfikacj\u0119 u\u017cytkownika, ale zapisuje informacje zwi\u0105zane z nawigacj\u0105 komputera na stronie. Uzyskane w ten spos\u00f3b dane maj\u0105 na celu u\u0142atwienie p\u00f3\u017aniejszej nawigacji na stronie, a tak\u017ce maj\u0105 umo\u017cliwi\u0107 r\u00f3\u017cne miary cz\u0119sto\u015bci wyst\u0119powania.<br \/>\nU\u017cytkownik mo\u017ce ustawi\u0107 swoj\u0105 przegl\u0105dark\u0119 tak, aby informowa\u0142a go o obecno\u015bci plik\u00f3w cookies, a w razie potrzeby odmawia\u0142a ich przyjmowania, co zosta\u0142o opisane pod adresem: www.cnil.fr<br \/>\nOdmowa instalacji pliku cookie mo\u017ce uniemo\u017cliwi\u0107 dost\u0119p do niekt\u00f3rych us\u0142ug. U\u017cytkownik mo\u017ce jednak skonfigurowa\u0107 sw\u00f3j komputer w nast\u0119puj\u0105cy spos\u00f3b, aby odm\u00f3wi\u0107 instalacji plik\u00f3w cookie.<\/p>\n<h2>5. Ochrona mienia i os\u00f3b &#8211; zarz\u0105dzanie danymi osobowymi :<\/h2>\n<p>U\u017cytkownik: u\u017cytkownik Internetu \u0142\u0105cz\u0105cy si\u0119 i korzystaj\u0105cy z wy\u017cej wymienionej strony: rentaload.com<br \/>\nWe Francji dane osobowe s\u0105 chronione ustaw\u0105 nr 78-87 z 6 stycznia 1978 r., ustaw\u0105 nr 2004-801 z 6 sierpnia 2004 r., art. L. 226-13 kodeksu karnego oraz dyrektyw\u0105 europejsk\u0105 z 24 pa\u017adziernika 1995 r.<br \/>\nNa stronie rentaload.com w\u0142a\u015bciciel strony zbiera dane osobowe u\u017cytkownika tylko na potrzeb\u0119 okre\u015blonych us\u0142ug oferowanych przez stron\u0119 rentaload.com. U\u017cytkownik podaje te informacje z pe\u0142n\u0105 \u015bwiadomo\u015bci\u0105, w szczeg\u00f3lno\u015bci gdy sam je wprowadza. U\u017cytkownik strony internetowej rentaload.com jest nast\u0119pnie informowany, czy jest zobowi\u0105zany do podania tych informacji, czy te\u017c nie.<br \/>\nZgodnie z postanowieniami art. 38 i nast\u0119pnych ustawy 78-17 z dnia 6 stycznia 1978 r. dotycz\u0105cej technologii informacyjnej, plik\u00f3w i wolno\u015bci, wszyscy u\u017cytkownicy maj\u0105 prawo dost\u0119pu, sprostowania, usuni\u0119cia i sprzeciwu wobec danych osobowych ich dotycz\u0105cych. Aby skorzysta\u0107 z tego prawa, prze\u015blij swoje \u017c\u0105danie do rentaload.com za po\u015brednictwem poczty elektronicznej lub wysy\u0142aj\u0105c pisemne i podpisane \u017c\u0105danie, do kt\u00f3rego do\u0142\u0105czono kopi\u0119 dokumentu to\u017csamo\u015bci z podpisem posiadacza dokumentu, okre\u015blaj\u0105c adres, na kt\u00f3ry nale\u017cy wys\u0142a\u0107 odpowied\u017a.<br \/>\n\u017badne dane osobowe u\u017cytkownika strony rentaload.com nie s\u0105 publikowane bez jego wiedzy, wymieniane, przekazywane, cedowane lub sprzedawane na jakimkolwiek no\u015bniku osobom trzecim. Tylko hipoteza o zakupie strony rentaload.com od w\u0142a\u015bciciela strony i jego praw pozwoli\u0142aby na przekazanie wspomnianych informacji ewentualnemu nabywcy, kt\u00f3ry z kolei by\u0142by zwi\u0105zany tym samym obowi\u0105zkiem zachowania i modyfikacji danych w odniesieniu do u\u017cytkownika strony rentaload.com.<\/p>\n<\/div><\/div><\/div><\/div><\/div>\n","protected":false},"excerpt":{"rendered":"","protected":false},"author":3,"featured_media":0,"parent":0,"menu_order":0,"comment_status":"closed","ping_status":"closed","template":"100-width.php","meta":{"footnotes":""},"class_list":["post-38146","page","type-page","status-publish","hentry"],"yoast_head":"<!-- This site is optimized with the Yoast SEO plugin v27.3 - https:\/\/yoast.com\/product\/yoast-seo-wordpress\/ -->\n<title>Rentaload : Nota prawna<\/title>\n<meta name=\"robots\" content=\"index, follow, max-snippet:-1, max-image-preview:large, max-video-preview:-1\" \/>\n<link rel=\"canonical\" href=\"https:\/\/rentaload.com\/pl\/noty-prawne\/\" \/>\n<meta property=\"og:locale\" content=\"pl_PL\" \/>\n<meta property=\"og:type\" content=\"article\" \/>\n<meta property=\"og:title\" content=\"Rentaload : Nota prawna\" \/>\n<meta property=\"og:url\" content=\"https:\/\/rentaload.com\/pl\/noty-prawne\/\" \/>\n<meta property=\"og:site_name\" content=\"Rentaload\" \/>\n<meta property=\"article:modified_time\" content=\"2023-03-10T15:45:02+00:00\" \/>\n<meta name=\"twitter:card\" content=\"summary_large_image\" \/>\n<meta name=\"twitter:label1\" content=\"Szacowany czas czytania\" \/>\n\t<meta name=\"twitter:data1\" content=\"6 minut\" \/>\n<script type=\"application\/ld+json\" class=\"yoast-schema-graph\">{\"@context\":\"https:\\\/\\\/schema.org\",\"@graph\":[{\"@type\":\"WebPage\",\"@id\":\"https:\\\/\\\/rentaload.com\\\/pl\\\/noty-prawne\\\/\",\"url\":\"https:\\\/\\\/rentaload.com\\\/pl\\\/noty-prawne\\\/\",\"name\":\"Rentaload : Nota prawna\",\"isPartOf\":{\"@id\":\"https:\\\/\\\/rentaload.com\\\/pl\\\/#website\"},\"datePublished\":\"2018-03-06T13:58:01+00:00\",\"dateModified\":\"2023-03-10T15:45:02+00:00\",\"inLanguage\":\"pl-PL\",\"potentialAction\":[{\"@type\":\"ReadAction\",\"target\":[\"https:\\\/\\\/rentaload.com\\\/pl\\\/noty-prawne\\\/\"]}]},{\"@type\":\"WebSite\",\"@id\":\"https:\\\/\\\/rentaload.com\\\/pl\\\/#website\",\"url\":\"https:\\\/\\\/rentaload.com\\\/pl\\\/\",\"name\":\"Rentaload\",\"description\":\"Load bank hire - location banc de charge - Lastbank vermietung\",\"publisher\":{\"@id\":\"https:\\\/\\\/rentaload.com\\\/pl\\\/#organization\"},\"potentialAction\":[{\"@type\":\"SearchAction\",\"target\":{\"@type\":\"EntryPoint\",\"urlTemplate\":\"https:\\\/\\\/rentaload.com\\\/pl\\\/?s={search_term_string}\"},\"query-input\":{\"@type\":\"PropertyValueSpecification\",\"valueRequired\":true,\"valueName\":\"search_term_string\"}}],\"inLanguage\":\"pl-PL\"},{\"@type\":\"Organization\",\"@id\":\"https:\\\/\\\/rentaload.com\\\/pl\\\/#organization\",\"name\":\"Rentaload\",\"url\":\"https:\\\/\\\/rentaload.com\\\/pl\\\/\",\"logo\":{\"@type\":\"ImageObject\",\"inLanguage\":\"pl-PL\",\"@id\":\"https:\\\/\\\/rentaload.com\\\/pl\\\/#\\\/schema\\\/logo\\\/image\\\/\",\"url\":\"https:\\\/\\\/rentaload.com\\\/wp-content\\\/uploads\\\/2018\\\/03\\\/rentaload-logo-location-banc-de-charge-test-louer-1.png\",\"contentUrl\":\"https:\\\/\\\/rentaload.com\\\/wp-content\\\/uploads\\\/2018\\\/03\\\/rentaload-logo-location-banc-de-charge-test-louer-1.png\",\"width\":470,\"height\":100,\"caption\":\"Rentaload\"},\"image\":{\"@id\":\"https:\\\/\\\/rentaload.com\\\/pl\\\/#\\\/schema\\\/logo\\\/image\\\/\"}}]}<\/script>\n<!-- \/ Yoast SEO plugin. -->","yoast_head_json":{"title":"Rentaload : Nota prawna","robots":{"index":"index","follow":"follow","max-snippet":"max-snippet:-1","max-image-preview":"max-image-preview:large","max-video-preview":"max-video-preview:-1"},"canonical":"https:\/\/rentaload.com\/pl\/noty-prawne\/","og_locale":"pl_PL","og_type":"article","og_title":"Rentaload : Nota prawna","og_url":"https:\/\/rentaload.com\/pl\/noty-prawne\/","og_site_name":"Rentaload","article_modified_time":"2023-03-10T15:45:02+00:00","twitter_card":"summary_large_image","twitter_misc":{"Szacowany czas czytania":"6 minut"},"schema":{"@context":"https:\/\/schema.org","@graph":[{"@type":"WebPage","@id":"https:\/\/rentaload.com\/pl\/noty-prawne\/","url":"https:\/\/rentaload.com\/pl\/noty-prawne\/","name":"Rentaload : Nota prawna","isPartOf":{"@id":"https:\/\/rentaload.com\/pl\/#website"},"datePublished":"2018-03-06T13:58:01+00:00","dateModified":"2023-03-10T15:45:02+00:00","inLanguage":"pl-PL","potentialAction":[{"@type":"ReadAction","target":["https:\/\/rentaload.com\/pl\/noty-prawne\/"]}]},{"@type":"WebSite","@id":"https:\/\/rentaload.com\/pl\/#website","url":"https:\/\/rentaload.com\/pl\/","name":"Rentaload","description":"Load bank hire - location banc de charge - Lastbank vermietung","publisher":{"@id":"https:\/\/rentaload.com\/pl\/#organization"},"potentialAction":[{"@type":"SearchAction","target":{"@type":"EntryPoint","urlTemplate":"https:\/\/rentaload.com\/pl\/?s={search_term_string}"},"query-input":{"@type":"PropertyValueSpecification","valueRequired":true,"valueName":"search_term_string"}}],"inLanguage":"pl-PL"},{"@type":"Organization","@id":"https:\/\/rentaload.com\/pl\/#organization","name":"Rentaload","url":"https:\/\/rentaload.com\/pl\/","logo":{"@type":"ImageObject","inLanguage":"pl-PL","@id":"https:\/\/rentaload.com\/pl\/#\/schema\/logo\/image\/","url":"https:\/\/rentaload.com\/wp-content\/uploads\/2018\/03\/rentaload-logo-location-banc-de-charge-test-louer-1.png","contentUrl":"https:\/\/rentaload.com\/wp-content\/uploads\/2018\/03\/rentaload-logo-location-banc-de-charge-test-louer-1.png","width":470,"height":100,"caption":"Rentaload"},"image":{"@id":"https:\/\/rentaload.com\/pl\/#\/schema\/logo\/image\/"}}]}},"_links":{"self":[{"href":"https:\/\/rentaload.com\/pl\/wp-json\/wp\/v2\/pages\/38146","targetHints":{"allow":["GET"]}}],"collection":[{"href":"https:\/\/rentaload.com\/pl\/wp-json\/wp\/v2\/pages"}],"about":[{"href":"https:\/\/rentaload.com\/pl\/wp-json\/wp\/v2\/types\/page"}],"author":[{"embeddable":true,"href":"https:\/\/rentaload.com\/pl\/wp-json\/wp\/v2\/users\/3"}],"replies":[{"embeddable":true,"href":"https:\/\/rentaload.com\/pl\/wp-json\/wp\/v2\/comments?post=38146"}],"version-history":[{"count":2,"href":"https:\/\/rentaload.com\/pl\/wp-json\/wp\/v2\/pages\/38146\/revisions"}],"predecessor-version":[{"id":38148,"href":"https:\/\/rentaload.com\/pl\/wp-json\/wp\/v2\/pages\/38146\/revisions\/38148"}],"wp:attachment":[{"href":"https:\/\/rentaload.com\/pl\/wp-json\/wp\/v2\/media?parent=38146"}],"curies":[{"name":"wp","href":"https:\/\/api.w.org\/{rel}","templated":true}]}}