{"id":38228,"date":"2020-06-08T20:51:26","date_gmt":"2020-06-08T18:51:26","guid":{"rendered":"https:\/\/rentaload.com\/polityka-prywatnosci\/"},"modified":"2023-03-10T16:45:26","modified_gmt":"2023-03-10T15:45:26","slug":"polityka-prywatnosci","status":"publish","type":"page","link":"https:\/\/rentaload.com\/pl\/polityka-prywatnosci\/","title":{"rendered":"Polityka prywatno\u015bci"},"content":{"rendered":"<div class=\"fusion-fullwidth fullwidth-box fusion-builder-row-1 fusion-flex-container nonhundred-percent-fullwidth non-hundred-percent-height-scrolling lp\" style=\"--awb-border-radius-top-left:0px;--awb-border-radius-top-right:0px;--awb-border-radius-bottom-right:0px;--awb-border-radius-bottom-left:0px;--awb-padding-bottom:30px;--awb-background-color:#ffffff;--awb-flex-wrap:wrap;\" ><div class=\"fusion-builder-row fusion-row fusion-flex-align-items-flex-start fusion-flex-content-wrap\" style=\"max-width:calc( 1100px + 0px );margin-left: calc(-0px \/ 2 );margin-right: calc(-0px \/ 2 );\"><div class=\"fusion-layout-column fusion_builder_column fusion-builder-column-0 fusion_builder_column_1_1 1_1 fusion-flex-column fusion-flex-align-self-flex-start fusion-column-no-min-height\" style=\"--awb-bg-color:#ffffff;--awb-bg-color-hover:#ffffff;--awb-bg-size:cover;--awb-width-large:100%;--awb-margin-top-large:0px;--awb-spacing-right-large:0px;--awb-margin-bottom-large:20px;--awb-spacing-left-large:0px;--awb-width-medium:100%;--awb-spacing-right-medium:0px;--awb-spacing-left-medium:0px;--awb-width-small:100%;--awb-spacing-right-small:0px;--awb-spacing-left-small:0px;\"><div class=\"fusion-column-wrapper fusion-column-has-shadow fusion-flex-justify-content-flex-start fusion-content-layout-column\"><div class=\"fusion-text fusion-text-1\"><h1 class=\"text-left\">Polityka prywatno\u015bci i pliki cookies<\/h1>\n<\/div><\/div><\/div><div class=\"fusion-layout-column fusion_builder_column fusion-builder-column-1 fusion_builder_column_1_1 1_1 fusion-flex-column\" style=\"--awb-bg-size:cover;--awb-width-large:100%;--awb-margin-top-large:0px;--awb-spacing-right-large:0px;--awb-margin-bottom-large:20px;--awb-spacing-left-large:0px;--awb-width-medium:100%;--awb-spacing-right-medium:0px;--awb-spacing-left-medium:0px;--awb-width-small:100%;--awb-spacing-right-small:0px;--awb-spacing-left-small:0px;\"><div class=\"fusion-column-wrapper fusion-column-has-shadow fusion-flex-justify-content-center fusion-content-layout-column\"><div class=\"fusion-text fusion-text-2\"><p>Niniejsza polityka prywatno\u015bci okre\u015bla i informuje o tym, jak Rentaload, jako administrator danych, wykorzystuje i chroni wszelkie informacje, kt\u00f3re podajesz podczas korzystania ze strony internetowej newrentaload.kinsta.cloud (&#8222;Strona&#8221;).<\/p>\n<p>Niniejsza polityka prywatno\u015bci mo\u017ce zosta\u0107 zmieniona lub uzupe\u0142niona przez Rentaload w dowolnym momencie. Data jego aktualizacji b\u0119dzie w\u00f3wczas wyra\u017anie okre\u015blona. Zmiany te s\u0105 dla Pa\u0144stwa wi\u0105\u017c\u0105ce od momentu ich zamieszczenia w Internecie i zalecamy regularne zapoznawanie si\u0119 z nimi.<\/p>\n<p>Korzystaj\u0105c z Serwisu, wyra\u017casz wyra\u017an\u0105 zgod\u0119 na nasz\u0105 polityk\u0119 prywatno\u015bci, kt\u00f3rej o\u015bwiadczasz, \u017ce jeste\u015b w pe\u0142ni \u015bwiadomy.<\/p>\n<p><strong>1. Zebrane informacje<\/strong><\/p>\n<p>Rentaload zbiera dane osobowe o Tobie, gdy prosisz o wycen\u0119 lub korzystasz z naszych formularzy kontaktowych. Zbierane informacje to nazwisko, imi\u0119, adres e-mail i numer telefonu.<br \/>\nWreszcie, automatycznie otrzymujemy i zapisujemy informacje z Twojego komputera i przegl\u0105darki, w tym Tw\u00f3j adres IP, kiedy odwiedzasz Stron\u0119.<\/p>\n<p><strong>2. Cele gromadzenia informacji<\/strong><\/p>\n<p>Wszystkie informacje, kt\u00f3re zbieramy od Ciebie s\u0105 wykorzystywane do :<\/p>\n<p>&#8211; Aby skontaktowa\u0107 si\u0119 z Tob\u0105 za po\u015brednictwem poczty elektronicznej lub telefonu, w szczeg\u00f3lno\u015bci w celu realizacji Twoich zam\u00f3wie\u0144 lub przes\u0142ania Ci wa\u017cnych informacji dotycz\u0105cych Strony, takich jak zmiany naszych warunk\u00f3w i zasad,<br \/>\n&#8211; W celu informowania Pa\u0144stwa o produktach, programach, us\u0142ugach i promocjach, kt\u00f3re mog\u0105 by\u0107 dla Pa\u0144stwa interesuj\u0105ce, pod warunkiem uzyskania Pa\u0144stwa uprzedniej zgody,<br \/>\n&#8211; Aby poprawi\u0107 wydajno\u015b\u0107 naszej Strony,<br \/>\n&#8211; Aby spersonalizowa\u0107 Twoje do\u015bwiadczenie na Stronie i spe\u0142ni\u0107 Twoje indywidualne potrzeby<\/p>\n<p>Przetwarzanie to jest niezb\u0119dne do wykonania naszych zobowi\u0105za\u0144 umownych i wynika z naszego uzasadnionego interesu polegaj\u0105cego na ulepszaniu naszych us\u0142ug i zrozumieniu oczekiwa\u0144 u\u017cytkownik\u00f3w Strony.<\/p>\n<p><strong>3. Czas przechowywania<\/strong><br \/>\nJe\u015bli zostawisz komentarz, komentarz i jego metadane s\u0105 przechowywane przez czas nieokre\u015blony. Dzi\u0119ki temu kolejne komentarze b\u0119d\u0105 automatycznie rozpoznawane i zatwierdzane, zamiast pozostawa\u0107 w kolejce do moderacji. Je\u015bli zostawisz komentarz na naszej stronie, otrzymasz mo\u017cliwo\u015b\u0107 zapisania swojego imienia, adresu e-mail i strony internetowej w plikach cookies. Jest to tylko dla Twojej wygody, aby\u015b nie musia\u0142 wpisywa\u0107 tych informacji, je\u015bli p\u00f3\u017aniej zostawisz kolejny komentarz. Te pliki cookie trac\u0105 wa\u017cno\u015b\u0107 po up\u0142ywie jednego roku.<\/p>\n<p>Je\u015bli przejdziesz na stron\u0119 logowania, zostanie ustawiony tymczasowy plik cookie w celu okre\u015blenia, czy Twoja przegl\u0105darka akceptuje pliki cookie. Nie zawiera ona \u017cadnych danych osobowych i zostanie usuni\u0119ta automatycznie po zamkni\u0119ciu przegl\u0105darki.<\/p>\n<p>Po zalogowaniu si\u0119 ustawiamy kilka plik\u00f3w cookie w celu przechowywania informacji o logowaniu i preferencji ekranowych. Czas \u017cycia pliku cookie dotycz\u0105cego po\u0142\u0105czenia wynosi dwa dni, czas \u017cycia pliku cookie dotycz\u0105cego opcji ekranu wynosi jeden rok. Je\u015bli zaznaczysz opcj\u0119 &#8222;Zapami\u0119taj mnie&#8221;, Tw\u00f3j plik cookie z logowaniem b\u0119dzie przechowywany przez dwa tygodnie. Je\u015bli wylogujesz si\u0119 ze swojego konta, plik cookie logowania zostanie usuni\u0119ty.<\/p>\n<p>Edytuj\u0105c lub publikuj\u0105c publikacj\u0119, w przegl\u0105darce u\u017cytkownika zostanie zapisany dodatkowy plik cookie. Ten plik cookie nie zawiera \u017cadnych danych osobowych. Wskazuje on po prostu identyfikator publikacji, kt\u00f3r\u0105 w\u0142a\u015bnie zmodyfikowa\u0142e\u015b. Wygasa on po jednym dniu.<\/p>\n<p>W przypadku u\u017cytkownik\u00f3w, kt\u00f3rzy rejestruj\u0105 si\u0119 na naszej stronie (je\u015bli to mo\u017cliwe), przechowujemy r\u00f3wnie\u017c dane osobowe wskazane w ich profilu. Wszyscy u\u017cytkownicy mog\u0105 w ka\u017cdej chwili przegl\u0105da\u0107, zmienia\u0107 lub usuwa\u0107 swoje dane osobowe (z wyj\u0105tkiem nazwy u\u017cytkownika). Kierownicy witryn mog\u0105 r\u00f3wnie\u017c przegl\u0105da\u0107 i modyfikowa\u0107 te informacje.<\/p>\n<p>Rentaload przechowuje dane osobowe tylko tak d\u0142ugo, jak jest to konieczne do cel\u00f3w, dla kt\u00f3rych zosta\u0142y zebrane.<br \/>\nW szczeg\u00f3lno\u015bci:<br \/>\n&#8211; Informacje przechowywane w terminalu u\u017cytkownik\u00f3w (pliki cookies) lub jakiekolwiek inne elementy s\u0142u\u017c\u0105ce identyfikacji u\u017cytkownik\u00f3w i umo\u017cliwiaj\u0105ce ich \u015bledzenie s\u0105 przechowywane przez dwana\u015bcie miesi\u0119cy.<br \/>\n&#8211; Dane prospekt\u00f3w, czyli dane os\u00f3b, kt\u00f3re za\u0142o\u017cy\u0142y konto na Stronie bez dokonania zakupu, s\u0105 przechowywane przez okres dw\u00f3ch lat od daty ich zebrania lub ostatniego po\u0142\u0105czenia ze Stron\u0105 prospekt\u00f3w. W ka\u017cdej chwili mog\u0105 zdecydowa\u0107 o usuni\u0119ciu lub modyfikacji swoich danych, je\u015bli sobie tego \u017cycz\u0105, kontaktuj\u0105c si\u0119 bezpo\u015brednio z Rentaload.<\/p>\n<p><strong>4. Prywatno\u015b\u0107<\/strong><\/p>\n<p>Rentaload jest jedynym w\u0142a\u015bcicielem informacji zebranych na stronie. Twoje dane osobowe nie b\u0119d\u0105 sprzedawane, wymieniane, przenoszone lub przekazywane innej firmie w celach komercyjnych bez Twojej zgody.<\/p>\n<p>Dane te mog\u0105 jednak zosta\u0107 powierzone podwykonawcom w celu prawid\u0142owej realizacji z\u0142o\u017conych zam\u00f3wie\u0144 lub osobom trzecim odpowiedzialnym za zarz\u0105dzanie i\/lub funkcjonowanie Strony, kt\u00f3re w \u017cadnym wypadku nie s\u0105 upowa\u017cnione do wykorzystywania ich do cel\u00f3w wykraczaj\u0105cych poza \u015bcis\u0142y zakres ich misji ani do sprzeda\u017cy, wymiany lub przekazywania Pa\u0144stwa danych osobom trzecim.<\/p>\n<p>Twoje dane mog\u0105 by\u0107 r\u00f3wnie\u017c udost\u0119pniane osobom trzecim, ale tylko w zakresie dozwolonym (a) zgodnie z obowi\u0105zuj\u0105cym prawem , (b) w celu spe\u0142nienia procedur prawnych, (c) w celu odpowiedzi na \u017c\u0105dania organ\u00f3w rz\u0105dowych i publicznych, nawet je\u015bli znajduj\u0105 si\u0119 one poza krajem zamieszkania u\u017cytkownika, (d) w celu zapewnienia zgodno\u015bci z naszymi warunkami sprzeda\u017cy i u\u017cytkowania, (e) w celu ochrony naszych praw i interes\u00f3w oraz praw i interes\u00f3w innych os\u00f3b lub u\u017cytkownik\u00f3w Strony.<\/p>\n<p>Twoje dane bezimienne, czyli takie, kt\u00f3re nie pozwalaj\u0105 na Twoj\u0105 identyfikacj\u0119, mog\u0105 by\u0107 przekazywane osobom trzecim w celach statystycznych, marketingowych lub reklamowych. Artyku\u0142y na tej stronie mog\u0105 zawiera\u0107 osadzone tre\u015bci (np. filmy, obrazy, artyku\u0142y&#8230;). Tre\u015bci osadzone z innych witryn zachowuj\u0105 si\u0119 tak samo, jakby odwiedzaj\u0105cy znajdowa\u0142 si\u0119 na tej innej witrynie. Te strony internetowe mog\u0105 zbiera\u0107 dane o Tobie, u\u017cywa\u0107 plik\u00f3w cookie, osadza\u0107 narz\u0119dzia \u015bledzenia stron trzecich, \u015bledzi\u0107 Twoje interakcje z tymi osadzonymi tre\u015bciami, je\u015bli masz zalogowane konto na ich stronie internetowej.<\/p>\n<div class=\"fusion-privacy-element fusion-privacy-element-1\"><div class=\"fusion-privacy-form-intro\"><\/p>\n<p>Dajemy Ci wyb\u00f3r, czy chcesz akceptowa\u0107 tre\u015bci z tych aplikacji stron trzecich. Aby to zrobi\u0107, wystarczy odznaczy\u0107 poni\u017csze pola, a \u017cadne dane od tych os\u00f3b trzecich nie b\u0119d\u0105 akceptowane. W ka\u017cdej chwili mo\u017cesz cofn\u0105\u0107 swoj\u0105 decyzj\u0119, zaznaczaj\u0105c lub odznaczaj\u0105c poni\u017csze pola i klikaj\u0105c na przycisk aktualizacji.<\/p>\n<p>\n<\/div><form id=\"fusion-privacy-form-1\" method=\"post\" class=\"fusion-privacy-form fusion-privacy-form-floated\"><ul><li><label for=\"youtube\"><input name=\"consents[]\" type=\"checkbox\" value=\"youtube\"  id=\"youtube\">YouTube<\/label><\/li><li><label for=\"gmaps\"><input name=\"consents[]\" type=\"checkbox\" value=\"gmaps\" checked id=\"gmaps\">Google Maps<\/label><\/li><li><label for=\"tracking\"><input name=\"consents[]\" type=\"checkbox\" value=\"tracking\" checked id=\"tracking\">Tracking Cookies<\/label><\/li><\/ul><input type=\"hidden\" name=\"_wp_http_referer\" value=\"\/pl\/wp-json\/wp\/v2\/pages\/38228\" \/><input type=\"hidden\" name=\"privacyformid\" value=\"1\"><input type=\"hidden\" name=\"consents[]\" value=\"consent\"><input class=\"fusion-button fusion-button-default fusion-button-default-size\" type=\"submit\" value=\"Update\" ><input type=\"hidden\" id=\"fusion_privacy_nonce\" name=\"fusion_privacy_nonce\" value=\"99617693c4\" \/><input type=\"hidden\" name=\"_wp_http_referer\" value=\"\/pl\/wp-json\/wp\/v2\/pages\/38228\" \/><\/form><\/div>\n<p><strong>5. Ochrona informacji<\/strong><\/p>\n<p>Stosujemy r\u00f3\u017cne \u015brodki bezpiecze\u0144stwa, aby zapewni\u0107 bezpiecze\u0144stwo danych osobowych. Stosujemy najnowocze\u015bniejsze szyfrowanie w celu ochrony poufnych informacji przesy\u0142anych online. Chronimy Twoje informacje r\u00f3wnie\u017c w trybie offline. Dost\u0119p do danych osobowych maj\u0105 tylko pracownicy, kt\u00f3rzy musz\u0105 wykonywa\u0107 okre\u015blon\u0105 prac\u0119 (np. rozliczenia lub obs\u0142uga klienta).<\/p>\n<p>Zapewniamy, \u017ce ka\u017cdy dostawca us\u0142ug lub podwykonawca, z kt\u00f3rego mo\u017cemy korzysta\u0107 w celu gromadzenia i przetwarzania danych, kt\u00f3re nam przekazujesz, posiada odpowiednie zabezpieczenia w zakresie poufno\u015bci, wykorzystania i ochrony danych.<\/p>\n<p><strong>6. Prawo dost\u0119pu, sprostowania i sprzeciwu<\/strong><\/p>\n<p>Masz prawo do dost\u0119pu, ograniczenia, sprostowania, usuni\u0119cia i sprzeciwu wobec wykorzystania Twoich danych osobowych przekazanych do Serwisu.<\/p>\n<p>Wszelkie takie \u017c\u0105dania nale\u017cy kierowa\u0107 do administratora danych Strony poprzez wys\u0142anie wiadomo\u015bci e-mail na adres contact@rentaload.com.<\/p>\n<p>Bior\u0105c pod uwag\u0119 nasz obowi\u0105zek bezpiecze\u0144stwa i poufno\u015bci przy przetwarzaniu danych osobowych, do ka\u017cdego wniosku nale\u017cy do\u0142\u0105czy\u0107 kserokopi\u0119 lub skan dokumentu to\u017csamo\u015bci (dow\u00f3d osobisty, paszport, prawo jazdy).<\/p>\n<p>Odpowiemy w ci\u0105gu jednego miesi\u0105ca od otrzymania Twojego wniosku.<\/p>\n<p>Aby pom\u00f3c Pa\u0144stwu w procedurach, CNIL opracowa\u0142a wzory pism pozwalaj\u0105ce na z\u0142o\u017cenie wniosku o :<\/p>\n<p>&#8211; Dost\u0119p do danych osobowych:<br \/>\nhttps:\/\/www.cnil.fr\/fr\/modele\/courrier\/exercer-son-droit-dacces<\/p>\n<p>&#8211; Sprostowanie, aktualizacja, zablokowanie lub usuni\u0119cie Twoich danych osobowych:<br \/>\nhttps:\/\/www.cnil.fr\/fr\/modele\/courrier\/rectifier-des-donnees-inexactes-obsoletes-ou-perimees<\/p>\n<p>&#8211; Sprzeciw wobec przetwarzania Twoich danych osobowych z uzasadnionego powodu lub gdy Twoje dane s\u0105 wykorzystywane do cel\u00f3w prospekcji handlowej:<br \/>\nhttps:\/\/www.cnil.fr\/fr\/modele\/courrier\/supprimer-des-informations-vous-concernant-dun-site-internet<\/p>\n<p><strong>7. Polityka dotycz\u0105ca stosowania plik\u00f3w cookies<\/strong><\/p>\n<p>Kiedy \u0142\u0105czysz si\u0119 z witryn\u0105, Rentaload mo\u017ce umie\u015bci\u0107 plik cookie na dysku twardym Twojego komputera, aby zapewni\u0107 Ci jak najsprawniejsze przegl\u0105danie strony. Pliki &#8222;cookies&#8221; pozwalaj\u0105 nam rozpozna\u0107 Pa\u0144stwa komputer, tablet lub telefon kom\u00f3rkowy w celu spersonalizowania us\u0142ug, kt\u00f3re oferujemy Pa\u0144stwu za po\u015brednictwem Strony.<\/p>\n<p>Aby poinformowa\u0107 Ci\u0119 o tym, w momencie po\u0142\u0105czenia z Witryn\u0105 na dole Twojego ekranu pojawia si\u0119 baner. W ka\u017cdej chwili mo\u017cesz odm\u00f3wi\u0107 deponowania plik\u00f3w cookies na swoim terminalu, konfiguruj\u0105c swoj\u0105 przegl\u0105dark\u0119 internetow\u0105. W takim przypadku nie mo\u017cemy jednak zagwarantowa\u0107 optymalnego funkcjonowania Strony i nie ponosimy odpowiedzialno\u015bci za jakiekolwiek konsekwencje zwi\u0105zane ze zmian\u0105 warunk\u00f3w przegl\u0105dania Strony przez u\u017cytkownika, kt\u00f3re wynika\u0142yby z jego decyzji o odrzuceniu lub zablokowaniu plik\u00f3w cookies niezb\u0119dnych do jej prawid\u0142owego funkcjonowania.<\/p>\n<p>Aby pom\u00f3c Ci w ustawieniach, CNIL opracowa\u0142 stron\u0119 po\u015bwi\u0119con\u0105 kontroli plik\u00f3w cookie, z kt\u00f3r\u0105 mo\u017cna zapozna\u0107 si\u0119 pod nast\u0119puj\u0105cym linkiem: https:\/\/www.cnil.fr\/fr\/cookies-les-outils-pour-les-maitriser.<\/p>\n<p>Informacje zebrane za pomoc\u0105 plik\u00f3w cookie nie identyfikuj\u0105 u\u017cytkownika z imienia i nazwiska i s\u0105 wykorzystywane wy\u0142\u0105cznie w celu umo\u017cliwienia nam analizy i poprawy dzia\u0142ania Strony.<\/p>\n<p>Zgodnie z zaleceniami CNIL, pliki cookies \u015bci\u015ble niezb\u0119dne do funkcjonowania Serwisu nie podlegaj\u0105 \u017cadnym wcze\u015bniejszym zobowi\u0105zaniom ze strony u\u017cytkownika. Jednak\u017ce przed zastosowaniem plik\u00f3w cookie wydawanych przez osoby trzecie wymagana jest wyra\u017ana zgoda u\u017cytkownika, kt\u00f3ra podlega ich polityce prywatno\u015bci, z kt\u00f3r\u0105 mo\u017cna zapozna\u0107 si\u0119 na ich stronach internetowych. Te pliki cookie mog\u0105 by\u0107 plikami cookie do pomiaru widowni, plikami cookie do reklam lub plikami cookie do udost\u0119pniania w sieciach spo\u0142eczno\u015bciowych.<\/p>\n<p><strong>8. Regres<\/strong><\/p>\n<p>Je\u015bli uwa\u017casz, \u017ce nie wype\u0142niamy naszych obowi\u0105zk\u00f3w w zakresie gromadzenia i przetwarzania Twoich danych osobowych, mo\u017cesz z\u0142o\u017cy\u0107 skarg\u0119 do CNIL poczt\u0105 lub elektronicznie za po\u015brednictwem nast\u0119puj\u0105cego linku: https:\/\/www.cnil.fr\/fr\/plaintes\/internet.<\/p>\n<p>&#8211; Czerwiec 2020 -.<\/p>\n<\/div><\/div><\/div><\/div><\/div>\n","protected":false},"excerpt":{"rendered":"","protected":false},"author":3,"featured_media":0,"parent":0,"menu_order":0,"comment_status":"closed","ping_status":"open","template":"100-width.php","meta":{"footnotes":""},"class_list":["post-38228","page","type-page","status-publish","hentry"],"yoast_head":"<!-- This site is optimized with the Yoast SEO plugin v27.4 - https:\/\/yoast.com\/product\/yoast-seo-wordpress\/ -->\n<title>Rentaload : Nota prawna<\/title>\n<meta name=\"robots\" content=\"index, follow, max-snippet:-1, max-image-preview:large, max-video-preview:-1\" \/>\n<link rel=\"canonical\" href=\"https:\/\/rentaload.com\/pl\/polityka-prywatnosci\/\" \/>\n<meta property=\"og:locale\" content=\"pl_PL\" \/>\n<meta property=\"og:type\" content=\"article\" \/>\n<meta property=\"og:title\" content=\"Rentaload : Nota prawna\" \/>\n<meta property=\"og:url\" content=\"https:\/\/rentaload.com\/pl\/polityka-prywatnosci\/\" \/>\n<meta property=\"og:site_name\" content=\"Rentaload\" \/>\n<meta property=\"article:modified_time\" content=\"2023-03-10T15:45:26+00:00\" \/>\n<meta name=\"twitter:card\" content=\"summary_large_image\" \/>\n<meta name=\"twitter:label1\" content=\"Szacowany czas czytania\" \/>\n\t<meta name=\"twitter:data1\" content=\"10 minut\" \/>\n<script type=\"application\/ld+json\" class=\"yoast-schema-graph\">{\"@context\":\"https:\\\/\\\/schema.org\",\"@graph\":[{\"@type\":\"WebPage\",\"@id\":\"https:\\\/\\\/rentaload.com\\\/pl\\\/polityka-prywatnosci\\\/\",\"url\":\"https:\\\/\\\/rentaload.com\\\/pl\\\/polityka-prywatnosci\\\/\",\"name\":\"Rentaload : Nota prawna\",\"isPartOf\":{\"@id\":\"https:\\\/\\\/rentaload.com\\\/pl\\\/#website\"},\"datePublished\":\"2020-06-08T18:51:26+00:00\",\"dateModified\":\"2023-03-10T15:45:26+00:00\",\"inLanguage\":\"pl-PL\",\"potentialAction\":[{\"@type\":\"ReadAction\",\"target\":[\"https:\\\/\\\/rentaload.com\\\/pl\\\/polityka-prywatnosci\\\/\"]}]},{\"@type\":\"WebSite\",\"@id\":\"https:\\\/\\\/rentaload.com\\\/pl\\\/#website\",\"url\":\"https:\\\/\\\/rentaload.com\\\/pl\\\/\",\"name\":\"Rentaload\",\"description\":\"Load bank hire - location banc de charge - Lastbank vermietung\",\"publisher\":{\"@id\":\"https:\\\/\\\/rentaload.com\\\/pl\\\/#organization\"},\"potentialAction\":[{\"@type\":\"SearchAction\",\"target\":{\"@type\":\"EntryPoint\",\"urlTemplate\":\"https:\\\/\\\/rentaload.com\\\/pl\\\/?s={search_term_string}\"},\"query-input\":{\"@type\":\"PropertyValueSpecification\",\"valueRequired\":true,\"valueName\":\"search_term_string\"}}],\"inLanguage\":\"pl-PL\"},{\"@type\":\"Organization\",\"@id\":\"https:\\\/\\\/rentaload.com\\\/pl\\\/#organization\",\"name\":\"Rentaload\",\"url\":\"https:\\\/\\\/rentaload.com\\\/pl\\\/\",\"logo\":{\"@type\":\"ImageObject\",\"inLanguage\":\"pl-PL\",\"@id\":\"https:\\\/\\\/rentaload.com\\\/pl\\\/#\\\/schema\\\/logo\\\/image\\\/\",\"url\":\"https:\\\/\\\/rentaload.com\\\/wp-content\\\/uploads\\\/2018\\\/03\\\/rentaload-logo-location-banc-de-charge-test-louer-1.png\",\"contentUrl\":\"https:\\\/\\\/rentaload.com\\\/wp-content\\\/uploads\\\/2018\\\/03\\\/rentaload-logo-location-banc-de-charge-test-louer-1.png\",\"width\":470,\"height\":100,\"caption\":\"Rentaload\"},\"image\":{\"@id\":\"https:\\\/\\\/rentaload.com\\\/pl\\\/#\\\/schema\\\/logo\\\/image\\\/\"}}]}<\/script>\n<!-- \/ Yoast SEO plugin. -->","yoast_head_json":{"title":"Rentaload : Nota prawna","robots":{"index":"index","follow":"follow","max-snippet":"max-snippet:-1","max-image-preview":"max-image-preview:large","max-video-preview":"max-video-preview:-1"},"canonical":"https:\/\/rentaload.com\/pl\/polityka-prywatnosci\/","og_locale":"pl_PL","og_type":"article","og_title":"Rentaload : Nota prawna","og_url":"https:\/\/rentaload.com\/pl\/polityka-prywatnosci\/","og_site_name":"Rentaload","article_modified_time":"2023-03-10T15:45:26+00:00","twitter_card":"summary_large_image","twitter_misc":{"Szacowany czas czytania":"10 minut"},"schema":{"@context":"https:\/\/schema.org","@graph":[{"@type":"WebPage","@id":"https:\/\/rentaload.com\/pl\/polityka-prywatnosci\/","url":"https:\/\/rentaload.com\/pl\/polityka-prywatnosci\/","name":"Rentaload : Nota prawna","isPartOf":{"@id":"https:\/\/rentaload.com\/pl\/#website"},"datePublished":"2020-06-08T18:51:26+00:00","dateModified":"2023-03-10T15:45:26+00:00","inLanguage":"pl-PL","potentialAction":[{"@type":"ReadAction","target":["https:\/\/rentaload.com\/pl\/polityka-prywatnosci\/"]}]},{"@type":"WebSite","@id":"https:\/\/rentaload.com\/pl\/#website","url":"https:\/\/rentaload.com\/pl\/","name":"Rentaload","description":"Load bank hire - location banc de charge - Lastbank vermietung","publisher":{"@id":"https:\/\/rentaload.com\/pl\/#organization"},"potentialAction":[{"@type":"SearchAction","target":{"@type":"EntryPoint","urlTemplate":"https:\/\/rentaload.com\/pl\/?s={search_term_string}"},"query-input":{"@type":"PropertyValueSpecification","valueRequired":true,"valueName":"search_term_string"}}],"inLanguage":"pl-PL"},{"@type":"Organization","@id":"https:\/\/rentaload.com\/pl\/#organization","name":"Rentaload","url":"https:\/\/rentaload.com\/pl\/","logo":{"@type":"ImageObject","inLanguage":"pl-PL","@id":"https:\/\/rentaload.com\/pl\/#\/schema\/logo\/image\/","url":"https:\/\/rentaload.com\/wp-content\/uploads\/2018\/03\/rentaload-logo-location-banc-de-charge-test-louer-1.png","contentUrl":"https:\/\/rentaload.com\/wp-content\/uploads\/2018\/03\/rentaload-logo-location-banc-de-charge-test-louer-1.png","width":470,"height":100,"caption":"Rentaload"},"image":{"@id":"https:\/\/rentaload.com\/pl\/#\/schema\/logo\/image\/"}}]}},"_links":{"self":[{"href":"https:\/\/rentaload.com\/pl\/wp-json\/wp\/v2\/pages\/38228","targetHints":{"allow":["GET"]}}],"collection":[{"href":"https:\/\/rentaload.com\/pl\/wp-json\/wp\/v2\/pages"}],"about":[{"href":"https:\/\/rentaload.com\/pl\/wp-json\/wp\/v2\/types\/page"}],"author":[{"embeddable":true,"href":"https:\/\/rentaload.com\/pl\/wp-json\/wp\/v2\/users\/3"}],"replies":[{"embeddable":true,"href":"https:\/\/rentaload.com\/pl\/wp-json\/wp\/v2\/comments?post=38228"}],"version-history":[{"count":2,"href":"https:\/\/rentaload.com\/pl\/wp-json\/wp\/v2\/pages\/38228\/revisions"}],"predecessor-version":[{"id":38230,"href":"https:\/\/rentaload.com\/pl\/wp-json\/wp\/v2\/pages\/38228\/revisions\/38230"}],"wp:attachment":[{"href":"https:\/\/rentaload.com\/pl\/wp-json\/wp\/v2\/media?parent=38228"}],"curies":[{"name":"wp","href":"https:\/\/api.w.org\/{rel}","templated":true}]}}